{"id":631,"date":"2022-10-22T14:52:34","date_gmt":"2022-10-22T17:52:34","guid":{"rendered":"https:\/\/promocaododia.com.br\/site\/?post_type=product&#038;p=631"},"modified":"2022-10-22T14:55:04","modified_gmt":"2022-10-22T17:55:04","slug":"sabao-liquido-omo-lavagem-perfeita-3l","status":"publish","type":"product","link":"https:\/\/promocaododia.com.br\/site\/produto\/sabao-liquido-omo-lavagem-perfeita-3l\/","title":{"rendered":"Sab\u00e3o L\u00edquido Omo Lavagem Perfeita &#8211; 3L"},"content":{"rendered":"<p>Imbat\u00edvel na limpeza e cuida do meio ambiente. 10x melhor no poder e no cuidado.\u2022 Remove as manchas na primeira lavagem. Espuma de alta performance. Cuida das cores e dos tecidos. Perfume exclusivo que dura muito. OMO Lavanda tem um cheirinho que dura muito e foi criado exclusivamente para o Norte e o Nordeste! Seu perfume exclusivo de lavanda dura at\u00e9 14 dias e \u00e9 ideal para um momento de tranquilidade e de relaxamento. Sua f\u00f3rmula foi desenvolvido para ser utilizado na m\u00e1quina e no tanque. Al\u00e9m disso, n\u00e3o deixa res\u00edduos que danificam as roupas, remove manchas de primeira, elimina o mau odor e cuidando das cores e dos tecidos. Imbat\u00edvel na limpeza , cuida do meio ambiente, pois sua f\u00f3rmula cont\u00e9m ativo biodegrad\u00e1vel, al\u00e9m de economizar \u00e1gua, uma vez que precisa de apenas 1 enx\u00e1gue. Apenas uma tampa3 lava uma m\u00e1quina cheia. O pl\u00e1stico da sua garrafa \u00e9 feita de outras garrafas e \u00e9 100% recicl\u00e1vel, fa\u00e7a o descarte consciente. Quando voc\u00ea escolhe OMO, voc\u00ea escolhe um mundo melhor. Juntos, sOMOs a transforma\u00e7\u00e3o positiva para o meio ambiente. Seu uso \u00e9 recomendado por Brastemp e Consul. Para saber mais sobre a linha de produtos OMO, OMO Tira Manchas e OMO Desinfetantes. Mantenha o produto fora do alcance de crian\u00e7as e dos animais dom\u00e9sticos. Leia o r\u00f3tulo antes de usar o produto.<\/p>\n","protected":false},"excerpt":{"rendered":"<p>Imbat\u00edvel na limpeza e cuida do meio ambiente. 10x melhor no poder e no cuidado.\u2022 Remove as manchas na primeira lavagem. Espuma de alta performance. Cuida das cores e dos tecidos. Perfume exclusivo que dura muito. OMO Lavanda tem um cheirinho que dura muito e foi criado exclusivamente para o Norte e o Nordeste! Seu perfume exclusivo de lavanda dura at\u00e9 14 dias e \u00e9 ideal para um momento de tranquilidade e de relaxamento. Sua f\u00f3rmula foi desenvolvido para ser utilizado na m\u00e1quina e no tanque. Al\u00e9m disso, n\u00e3o deixa res\u00edduos que danificam as roupas, remove manchas de primeira, elimina o mau odor e cuidando das cores e dos tecidos. Imbat\u00edvel na limpeza , cuida do meio ambiente, pois sua f\u00f3rmula cont\u00e9m ativo biodegrad\u00e1vel, al\u00e9m de economizar \u00e1gua, uma vez que precisa de apenas 1 enx\u00e1gue. Apenas uma tampa3 lava uma m\u00e1quina cheia. O pl\u00e1stico da sua garrafa \u00e9 feita de outras garrafas e \u00e9 100% recicl\u00e1vel, fa\u00e7a o descarte consciente. Quando voc\u00ea escolhe OMO, voc\u00ea escolhe um mundo melhor. Juntos, sOMOs a transforma\u00e7\u00e3o positiva para o meio ambiente. Seu uso \u00e9 recomendado por Brastemp e Consul. Para saber mais sobre a linha de produtos OMO, OMO Tira Manchas e OMO Desinfetantes. Mantenha o produto fora do alcance de crian\u00e7as e dos animais dom\u00e9sticos. Leia o r\u00f3tulo antes de usar o produto.<\/p>\n","protected":false},"featured_media":634,"template":"","meta":{"_uag_custom_page_level_css":"","site-sidebar-layout":"default","site-content-layout":"default","ast-site-content-layout":"default","site-content-style":"default","site-sidebar-style":"default","ast-global-header-display":"","ast-banner-title-visibility":"","ast-main-header-display":"","ast-hfb-above-header-display":"","ast-hfb-below-header-display":"","ast-hfb-mobile-header-display":"","site-post-title":"","ast-breadcrumbs-content":"","ast-featured-img":"","footer-sml-layout":"","theme-transparent-header-meta":"default","adv-header-id-meta":"","stick-header-meta":"","header-above-stick-meta":"","header-main-stick-meta":"","header-below-stick-meta":"","astra-migrate-meta-layouts":"default","ast-page-background-enabled":"default","ast-page-background-meta":{"desktop":{"background-color":"","background-image":"","background-repeat":"repeat","background-position":"center center","background-size":"auto","background-attachment":"scroll","background-type":"","background-media":"","overlay-type":"","overlay-color":"","overlay-opacity":"","overlay-gradient":""},"tablet":{"background-color":"","background-image":"","background-repeat":"repeat","background-position":"center center","background-size":"auto","background-attachment":"scroll","background-type":"","background-media":"","overlay-type":"","overlay-color":"","overlay-opacity":"","overlay-gradient":""},"mobile":{"background-color":"","background-image":"","background-repeat":"repeat","background-position":"center center","background-size":"auto","background-attachment":"scroll","background-type":"","background-media":"","overlay-type":"","overlay-color":"","overlay-opacity":"","overlay-gradient":""}},"ast-content-background-meta":{"desktop":{"background-color":"var(--ast-global-color-5)","background-image":"","background-repeat":"repeat","background-position":"center center","background-size":"auto","background-attachment":"scroll","background-type":"","background-media":"","overlay-type":"","overlay-color":"","overlay-opacity":"","overlay-gradient":""},"tablet":{"background-color":"var(--ast-global-color-5)","background-image":"","background-repeat":"repeat","background-position":"center center","background-size":"auto","background-attachment":"scroll","background-type":"","background-media":"","overlay-type":"","overlay-color":"","overlay-opacity":"","overlay-gradient":""},"mobile":{"background-color":"var(--ast-global-color-5)","background-image":"","background-repeat":"repeat","background-position":"center center","background-size":"auto","background-attachment":"scroll","background-type":"","background-media":"","overlay-type":"","overlay-color":"","overlay-opacity":"","overlay-gradient":""}}},"product_brand":[],"product_cat":[93,84],"product_tag":[],"class_list":{"0":"post-631","1":"product","2":"type-product","3":"status-publish","4":"has-post-thumbnail","6":"product_cat-limpeza","7":"product_cat-mercado","8":"desktop-align-center","9":"tablet-align-left","10":"mobile-align-center","12":"first","13":"instock","14":"sale","15":"shipping-taxable","16":"product-type-external"},"uagb_featured_image_src":{"full":["https:\/\/promocaododia.com.br\/site\/wp-content\/uploads\/2022\/10\/Sabao-Liquido-Omo-Lavagem-Perfeita-3L-1.jpg",600,600,false],"thumbnail":["https:\/\/promocaododia.com.br\/site\/wp-content\/uploads\/2022\/10\/Sabao-Liquido-Omo-Lavagem-Perfeita-3L-1-150x150.jpg",150,150,true],"medium":["https:\/\/promocaododia.com.br\/site\/wp-content\/uploads\/2022\/10\/Sabao-Liquido-Omo-Lavagem-Perfeita-3L-1-300x300.jpg",300,300,true],"medium_large":["https:\/\/promocaododia.com.br\/site\/wp-content\/uploads\/2022\/10\/Sabao-Liquido-Omo-Lavagem-Perfeita-3L-1.jpg",600,600,false],"large":["https:\/\/promocaododia.com.br\/site\/wp-content\/uploads\/2022\/10\/Sabao-Liquido-Omo-Lavagem-Perfeita-3L-1.jpg",600,600,false],"1536x1536":["https:\/\/promocaododia.com.br\/site\/wp-content\/uploads\/2022\/10\/Sabao-Liquido-Omo-Lavagem-Perfeita-3L-1.jpg",600,600,false],"2048x2048":["https:\/\/promocaododia.com.br\/site\/wp-content\/uploads\/2022\/10\/Sabao-Liquido-Omo-Lavagem-Perfeita-3L-1.jpg",600,600,false],"woocommerce_thumbnail":["https:\/\/promocaododia.com.br\/site\/wp-content\/uploads\/2022\/10\/Sabao-Liquido-Omo-Lavagem-Perfeita-3L-1-250x250.jpg",250,250,true],"woocommerce_single":["https:\/\/promocaododia.com.br\/site\/wp-content\/uploads\/2022\/10\/Sabao-Liquido-Omo-Lavagem-Perfeita-3L-1-250x250.jpg",250,250,true],"woocommerce_gallery_thumbnail":["https:\/\/promocaododia.com.br\/site\/wp-content\/uploads\/2022\/10\/Sabao-Liquido-Omo-Lavagem-Perfeita-3L-1-100x100.jpg",100,100,true]},"uagb_author_info":{"display_name":"danilo.gbr","author_link":"https:\/\/promocaododia.com.br\/site\/author\/"},"uagb_comment_info":0,"uagb_excerpt":"Imbat\u00edvel na limpeza e cuida do meio ambiente. 10x melhor no poder e no cuidado.\u2022 Remove as manchas na primeira lavagem. Espuma de alta performance. Cuida das cores e dos tecidos. Perfume exclusivo que dura muito. OMO Lavanda tem um cheirinho que dura muito e foi criado exclusivamente para o Norte e o Nordeste! Seu&hellip;","_links":{"self":[{"href":"https:\/\/promocaododia.com.br\/site\/wp-json\/wp\/v2\/product\/631","targetHints":{"allow":["GET"]}}],"collection":[{"href":"https:\/\/promocaododia.com.br\/site\/wp-json\/wp\/v2\/product"}],"about":[{"href":"https:\/\/promocaododia.com.br\/site\/wp-json\/wp\/v2\/types\/product"}],"wp:featuredmedia":[{"embeddable":true,"href":"https:\/\/promocaododia.com.br\/site\/wp-json\/wp\/v2\/media\/634"}],"wp:attachment":[{"href":"https:\/\/promocaododia.com.br\/site\/wp-json\/wp\/v2\/media?parent=631"}],"wp:term":[{"taxonomy":"product_brand","embeddable":true,"href":"https:\/\/promocaododia.com.br\/site\/wp-json\/wp\/v2\/product_brand?post=631"},{"taxonomy":"product_cat","embeddable":true,"href":"https:\/\/promocaododia.com.br\/site\/wp-json\/wp\/v2\/product_cat?post=631"},{"taxonomy":"product_tag","embeddable":true,"href":"https:\/\/promocaododia.com.br\/site\/wp-json\/wp\/v2\/product_tag?post=631"}],"curies":[{"name":"wp","href":"https:\/\/api.w.org\/{rel}","templated":true}]}}