{"id":635,"date":"2022-10-22T15:00:18","date_gmt":"2022-10-22T18:00:18","guid":{"rendered":"https:\/\/promocaododia.com.br\/site\/?post_type=product&#038;p=635"},"modified":"2022-10-22T15:00:18","modified_gmt":"2022-10-22T18:00:18","slug":"cerveja-brahma-duplo-malte-puro-malte-12-unidades-lata-350ml","status":"publish","type":"product","link":"https:\/\/promocaododia.com.br\/site\/produto\/cerveja-brahma-duplo-malte-puro-malte-12-unidades-lata-350ml\/","title":{"rendered":"Cerveja Brahma Duplo Malte Puro Malte &#8211; 12 Unidades Lata 350ml"},"content":{"rendered":"<p>A Brahma apresenta para os apaixonados por cerveja curtirem os melhores momentos, uma combina\u00e7\u00e3o surpreendente com vers\u00e3o Duplo Malte, 350ml, de origem brasileira. A bebida une os maltes Pilsner e Munich que d\u00e3o leveza e sabor, resultando numa cerveja clara e com espuma cremosa. Brahma Duplo Malte possui dois tipos de malte, uma combina\u00e7\u00e3o surpreendente entre a leveza do Malte Pilsen \u200be o sabor do Malte Munich: equil\u00edbrio perfeito entre sabor e refresc\u00e2ncia. Temos uma cerveja puro malte dourada e com aquela espuma cremosa que voc\u00ea j\u00e1 ama. A \u00fanica com Brahmosidade. Brahmosidade \u00e9 a cremosidade que s\u00f3 a Brahma Duplo Malte tem! Ingredientes: \u00c1gua, Malte, L\u00fapulo. Alerg\u00eanicos: Cont\u00e9m cevada e gl\u00faten. Harmoniza\u00e7\u00e3o: Amendoim, Croquete de Carne, Batata frita e \u00e9 claro, com um maravilhoso churrasco! Na caixa cont\u00e9m 12 unidades.<\/p>\n","protected":false},"excerpt":{"rendered":"<p>A Brahma apresenta para os apaixonados por cerveja curtirem os melhores momentos, uma combina\u00e7\u00e3o surpreendente com vers\u00e3o Duplo Malte, 350ml, de origem brasileira. A bebida une os maltes Pilsner e Munich que d\u00e3o leveza e sabor, resultando numa cerveja clara e com espuma cremosa. Brahma Duplo Malte possui dois tipos de malte, uma combina\u00e7\u00e3o surpreendente entre a leveza do Malte Pilsen \u200be o sabor do Malte Munich: equil\u00edbrio perfeito entre sabor e refresc\u00e2ncia. Temos uma cerveja puro malte dourada e com aquela espuma cremosa que voc\u00ea j\u00e1 ama. A \u00fanica com Brahmosidade. Brahmosidade \u00e9 a cremosidade que s\u00f3 a Brahma Duplo Malte tem! Ingredientes: \u00c1gua, Malte, L\u00fapulo. Alerg\u00eanicos: Cont\u00e9m cevada e gl\u00faten. Harmoniza\u00e7\u00e3o: Amendoim, Croquete de Carne, Batata frita e \u00e9 claro, com um maravilhoso churrasco! Na caixa cont\u00e9m 12 unidades.<\/p>\n","protected":false},"featured_media":636,"template":"","meta":{"_uag_custom_page_level_css":"","site-sidebar-layout":"default","site-content-layout":"default","ast-site-content-layout":"default","site-content-style":"default","site-sidebar-style":"default","ast-global-header-display":"","ast-banner-title-visibility":"","ast-main-header-display":"","ast-hfb-above-header-display":"","ast-hfb-below-header-display":"","ast-hfb-mobile-header-display":"","site-post-title":"","ast-breadcrumbs-content":"","ast-featured-img":"","footer-sml-layout":"","theme-transparent-header-meta":"default","adv-header-id-meta":"","stick-header-meta":"","header-above-stick-meta":"","header-main-stick-meta":"","header-below-stick-meta":"","astra-migrate-meta-layouts":"default","ast-page-background-enabled":"default","ast-page-background-meta":{"desktop":{"background-color":"","background-image":"","background-repeat":"repeat","background-position":"center center","background-size":"auto","background-attachment":"scroll","background-type":"","background-media":"","overlay-type":"","overlay-color":"","overlay-opacity":"","overlay-gradient":""},"tablet":{"background-color":"","background-image":"","background-repeat":"repeat","background-position":"center center","background-size":"auto","background-attachment":"scroll","background-type":"","background-media":"","overlay-type":"","overlay-color":"","overlay-opacity":"","overlay-gradient":""},"mobile":{"background-color":"","background-image":"","background-repeat":"repeat","background-position":"center center","background-size":"auto","background-attachment":"scroll","background-type":"","background-media":"","overlay-type":"","overlay-color":"","overlay-opacity":"","overlay-gradient":""}},"ast-content-background-meta":{"desktop":{"background-color":"var(--ast-global-color-5)","background-image":"","background-repeat":"repeat","background-position":"center center","background-size":"auto","background-attachment":"scroll","background-type":"","background-media":"","overlay-type":"","overlay-color":"","overlay-opacity":"","overlay-gradient":""},"tablet":{"background-color":"var(--ast-global-color-5)","background-image":"","background-repeat":"repeat","background-position":"center center","background-size":"auto","background-attachment":"scroll","background-type":"","background-media":"","overlay-type":"","overlay-color":"","overlay-opacity":"","overlay-gradient":""},"mobile":{"background-color":"var(--ast-global-color-5)","background-image":"","background-repeat":"repeat","background-position":"center center","background-size":"auto","background-attachment":"scroll","background-type":"","background-media":"","overlay-type":"","overlay-color":"","overlay-opacity":"","overlay-gradient":""}}},"product_brand":[],"product_cat":[56,94],"product_tag":[96,95,98,97],"class_list":{"0":"post-635","1":"product","2":"type-product","3":"status-publish","4":"has-post-thumbnail","6":"product_cat-bebidas","7":"product_cat-cerveja","8":"product_tag-bebidas","9":"product_tag-cerveja","10":"product_tag-churrasco","11":"product_tag-festa","12":"desktop-align-center","13":"tablet-align-left","14":"mobile-align-center","16":"first","17":"instock","18":"sale","19":"shipping-taxable","20":"product-type-external"},"uagb_featured_image_src":{"full":["https:\/\/promocaododia.com.br\/site\/wp-content\/uploads\/2022\/10\/Cerveja-Brahma-Duplo-Malte-Puro-Malte-12-Unidades-Lata-350ml.jpg",600,600,false],"thumbnail":["https:\/\/promocaododia.com.br\/site\/wp-content\/uploads\/2022\/10\/Cerveja-Brahma-Duplo-Malte-Puro-Malte-12-Unidades-Lata-350ml-150x150.jpg",150,150,true],"medium":["https:\/\/promocaododia.com.br\/site\/wp-content\/uploads\/2022\/10\/Cerveja-Brahma-Duplo-Malte-Puro-Malte-12-Unidades-Lata-350ml-300x300.jpg",300,300,true],"medium_large":["https:\/\/promocaododia.com.br\/site\/wp-content\/uploads\/2022\/10\/Cerveja-Brahma-Duplo-Malte-Puro-Malte-12-Unidades-Lata-350ml.jpg",600,600,false],"large":["https:\/\/promocaododia.com.br\/site\/wp-content\/uploads\/2022\/10\/Cerveja-Brahma-Duplo-Malte-Puro-Malte-12-Unidades-Lata-350ml.jpg",600,600,false],"1536x1536":["https:\/\/promocaododia.com.br\/site\/wp-content\/uploads\/2022\/10\/Cerveja-Brahma-Duplo-Malte-Puro-Malte-12-Unidades-Lata-350ml.jpg",600,600,false],"2048x2048":["https:\/\/promocaododia.com.br\/site\/wp-content\/uploads\/2022\/10\/Cerveja-Brahma-Duplo-Malte-Puro-Malte-12-Unidades-Lata-350ml.jpg",600,600,false],"woocommerce_thumbnail":["https:\/\/promocaododia.com.br\/site\/wp-content\/uploads\/2022\/10\/Cerveja-Brahma-Duplo-Malte-Puro-Malte-12-Unidades-Lata-350ml-250x250.jpg",250,250,true],"woocommerce_single":["https:\/\/promocaododia.com.br\/site\/wp-content\/uploads\/2022\/10\/Cerveja-Brahma-Duplo-Malte-Puro-Malte-12-Unidades-Lata-350ml-250x250.jpg",250,250,true],"woocommerce_gallery_thumbnail":["https:\/\/promocaododia.com.br\/site\/wp-content\/uploads\/2022\/10\/Cerveja-Brahma-Duplo-Malte-Puro-Malte-12-Unidades-Lata-350ml-100x100.jpg",100,100,true]},"uagb_author_info":{"display_name":"danilo.gbr","author_link":"https:\/\/promocaododia.com.br\/site\/author\/"},"uagb_comment_info":0,"uagb_excerpt":"A Brahma apresenta para os apaixonados por cerveja curtirem os melhores momentos, uma combina\u00e7\u00e3o surpreendente com vers\u00e3o Duplo Malte, 350ml, de origem brasileira. A bebida une os maltes Pilsner e Munich que d\u00e3o leveza e sabor, resultando numa cerveja clara e com espuma cremosa. Brahma Duplo Malte possui dois tipos de malte, uma combina\u00e7\u00e3o surpreendente&hellip;","_links":{"self":[{"href":"https:\/\/promocaododia.com.br\/site\/wp-json\/wp\/v2\/product\/635","targetHints":{"allow":["GET"]}}],"collection":[{"href":"https:\/\/promocaododia.com.br\/site\/wp-json\/wp\/v2\/product"}],"about":[{"href":"https:\/\/promocaododia.com.br\/site\/wp-json\/wp\/v2\/types\/product"}],"wp:featuredmedia":[{"embeddable":true,"href":"https:\/\/promocaododia.com.br\/site\/wp-json\/wp\/v2\/media\/636"}],"wp:attachment":[{"href":"https:\/\/promocaododia.com.br\/site\/wp-json\/wp\/v2\/media?parent=635"}],"wp:term":[{"taxonomy":"product_brand","embeddable":true,"href":"https:\/\/promocaododia.com.br\/site\/wp-json\/wp\/v2\/product_brand?post=635"},{"taxonomy":"product_cat","embeddable":true,"href":"https:\/\/promocaododia.com.br\/site\/wp-json\/wp\/v2\/product_cat?post=635"},{"taxonomy":"product_tag","embeddable":true,"href":"https:\/\/promocaododia.com.br\/site\/wp-json\/wp\/v2\/product_tag?post=635"}],"curies":[{"name":"wp","href":"https:\/\/api.w.org\/{rel}","templated":true}]}}