{"id":637,"date":"2022-10-22T15:06:53","date_gmt":"2022-10-22T18:06:53","guid":{"rendered":"https:\/\/promocaododia.com.br\/site\/?post_type=product&#038;p=637"},"modified":"2022-10-22T15:16:07","modified_gmt":"2022-10-22T18:16:07","slug":"smartphone-samsung-galaxy-a03-core-32gb-preto-octa-core-2gb-ram-65-cam-8mp-selfie-5mp","status":"publish","type":"product","link":"https:\/\/promocaododia.com.br\/site\/produto\/smartphone-samsung-galaxy-a03-core-32gb-preto-octa-core-2gb-ram-65-cam-8mp-selfie-5mp\/","title":{"rendered":"Smartphone Samsung Galaxy A03 Core 32GB Preto &#8211; Octa-Core 2GB RAM 6,5\u201d C\u00e2m. 8MP + Selfie 5MP"},"content":{"rendered":"<p>O smartphone Galaxy A03 Core da Samsung \u00e9 dual chip com tecnologia 4G e vem na cor preto. Amplie o seu \u00e2ngulo de vis\u00e3o com o display infinito de 6,5&#8243; e veja o que voc\u00ea tem perdido. Gra\u00e7as \u00e0 tecnologia HD+, seu conte\u00fado di\u00e1rio aparece mais n\u00edtido, v\u00edvido, amplo e claro. O padr\u00e3o met\u00e1lico acrescenta estilo e chama a aten\u00e7\u00e3o, combina curvas suaves com novas cores e design de textura polida. A c\u00e2mera selfie tem 5MP, possui 2GB de mem\u00f3ria RAM, processamento Octa-core e 32GB mem\u00f3ria interna para guardar seus arquivos e os aplicativos de sua prefer\u00eancia. Para completar, a c\u00e2mera principal tem 8MP para voc\u00ea capturar fotos claras, n\u00edtidas dos seus momentos favoritos, aproveite todo o dia com uma bateria que n\u00e3o te deixa na m\u00e3o, a capacidade de 5.000mAh permite que voc\u00ea continue realizando as suas tarefas por mais tempo.<\/p>\n","protected":false},"excerpt":{"rendered":"<p>O smartphone Galaxy A03 Core da Samsung \u00e9 dual chip com tecnologia 4G e vem na cor preto. Amplie o seu \u00e2ngulo de vis\u00e3o com o display infinito de 6,5&#8243; e veja o que voc\u00ea tem perdido. Gra\u00e7as \u00e0 tecnologia HD+, seu conte\u00fado di\u00e1rio aparece mais n\u00edtido, v\u00edvido, amplo e claro. O padr\u00e3o met\u00e1lico acrescenta estilo e chama a aten\u00e7\u00e3o, combina curvas suaves com novas cores e design de textura polida. A c\u00e2mera selfie tem 5MP, possui 2GB de mem\u00f3ria RAM, processamento Octa-core e 32GB mem\u00f3ria interna para guardar seus arquivos e os aplicativos de sua prefer\u00eancia. Para completar, a c\u00e2mera principal tem 8MP para voc\u00ea capturar fotos claras, n\u00edtidas dos seus momentos favoritos, aproveite todo o dia com uma bateria que n\u00e3o te deixa na m\u00e3o, a capacidade de 5.000mAh permite que voc\u00ea continue realizando as suas tarefas por mais tempo.<\/p>\n","protected":false},"featured_media":641,"template":"","meta":{"_uag_custom_page_level_css":"","site-sidebar-layout":"default","site-content-layout":"default","ast-site-content-layout":"default","site-content-style":"default","site-sidebar-style":"default","ast-global-header-display":"","ast-banner-title-visibility":"","ast-main-header-display":"","ast-hfb-above-header-display":"","ast-hfb-below-header-display":"","ast-hfb-mobile-header-display":"","site-post-title":"","ast-breadcrumbs-content":"","ast-featured-img":"","footer-sml-layout":"","theme-transparent-header-meta":"default","adv-header-id-meta":"","stick-header-meta":"","header-above-stick-meta":"","header-main-stick-meta":"","header-below-stick-meta":"","astra-migrate-meta-layouts":"default","ast-page-background-enabled":"default","ast-page-background-meta":{"desktop":{"background-color":"","background-image":"","background-repeat":"repeat","background-position":"center center","background-size":"auto","background-attachment":"scroll","background-type":"","background-media":"","overlay-type":"","overlay-color":"","overlay-opacity":"","overlay-gradient":""},"tablet":{"background-color":"","background-image":"","background-repeat":"repeat","background-position":"center center","background-size":"auto","background-attachment":"scroll","background-type":"","background-media":"","overlay-type":"","overlay-color":"","overlay-opacity":"","overlay-gradient":""},"mobile":{"background-color":"","background-image":"","background-repeat":"repeat","background-position":"center center","background-size":"auto","background-attachment":"scroll","background-type":"","background-media":"","overlay-type":"","overlay-color":"","overlay-opacity":"","overlay-gradient":""}},"ast-content-background-meta":{"desktop":{"background-color":"var(--ast-global-color-5)","background-image":"","background-repeat":"repeat","background-position":"center center","background-size":"auto","background-attachment":"scroll","background-type":"","background-media":"","overlay-type":"","overlay-color":"","overlay-opacity":"","overlay-gradient":""},"tablet":{"background-color":"var(--ast-global-color-5)","background-image":"","background-repeat":"repeat","background-position":"center center","background-size":"auto","background-attachment":"scroll","background-type":"","background-media":"","overlay-type":"","overlay-color":"","overlay-opacity":"","overlay-gradient":""},"mobile":{"background-color":"var(--ast-global-color-5)","background-image":"","background-repeat":"repeat","background-position":"center center","background-size":"auto","background-attachment":"scroll","background-type":"","background-media":"","overlay-type":"","overlay-color":"","overlay-opacity":"","overlay-gradient":""}}},"product_brand":[],"product_cat":[23,35],"product_tag":[91,89,88,90],"class_list":{"0":"post-637","1":"product","2":"type-product","3":"status-publish","4":"has-post-thumbnail","6":"product_cat-celulares-e-tablets","7":"product_cat-smartphone","8":"product_tag-celular","9":"product_tag-samsung","10":"product_tag-samsung-galaxy","11":"product_tag-smartphone","12":"desktop-align-center","13":"tablet-align-left","14":"mobile-align-center","16":"first","17":"instock","18":"sale","19":"shipping-taxable","20":"product-type-external"},"uagb_featured_image_src":{"full":["https:\/\/promocaododia.com.br\/site\/wp-content\/uploads\/2022\/10\/Smartphone-Samsung-Galaxy-A03-Core-32GB-Preto-Octa-Core-2GB-RAM-65-Cam.-8MP-Selfie-5MP.jpg",600,600,false],"thumbnail":["https:\/\/promocaododia.com.br\/site\/wp-content\/uploads\/2022\/10\/Smartphone-Samsung-Galaxy-A03-Core-32GB-Preto-Octa-Core-2GB-RAM-65-Cam.-8MP-Selfie-5MP-150x150.jpg",150,150,true],"medium":["https:\/\/promocaododia.com.br\/site\/wp-content\/uploads\/2022\/10\/Smartphone-Samsung-Galaxy-A03-Core-32GB-Preto-Octa-Core-2GB-RAM-65-Cam.-8MP-Selfie-5MP-300x300.jpg",300,300,true],"medium_large":["https:\/\/promocaododia.com.br\/site\/wp-content\/uploads\/2022\/10\/Smartphone-Samsung-Galaxy-A03-Core-32GB-Preto-Octa-Core-2GB-RAM-65-Cam.-8MP-Selfie-5MP.jpg",600,600,false],"large":["https:\/\/promocaododia.com.br\/site\/wp-content\/uploads\/2022\/10\/Smartphone-Samsung-Galaxy-A03-Core-32GB-Preto-Octa-Core-2GB-RAM-65-Cam.-8MP-Selfie-5MP.jpg",600,600,false],"1536x1536":["https:\/\/promocaododia.com.br\/site\/wp-content\/uploads\/2022\/10\/Smartphone-Samsung-Galaxy-A03-Core-32GB-Preto-Octa-Core-2GB-RAM-65-Cam.-8MP-Selfie-5MP.jpg",600,600,false],"2048x2048":["https:\/\/promocaododia.com.br\/site\/wp-content\/uploads\/2022\/10\/Smartphone-Samsung-Galaxy-A03-Core-32GB-Preto-Octa-Core-2GB-RAM-65-Cam.-8MP-Selfie-5MP.jpg",600,600,false],"woocommerce_thumbnail":["https:\/\/promocaododia.com.br\/site\/wp-content\/uploads\/2022\/10\/Smartphone-Samsung-Galaxy-A03-Core-32GB-Preto-Octa-Core-2GB-RAM-65-Cam.-8MP-Selfie-5MP-250x250.jpg",250,250,true],"woocommerce_single":["https:\/\/promocaododia.com.br\/site\/wp-content\/uploads\/2022\/10\/Smartphone-Samsung-Galaxy-A03-Core-32GB-Preto-Octa-Core-2GB-RAM-65-Cam.-8MP-Selfie-5MP-250x250.jpg",250,250,true],"woocommerce_gallery_thumbnail":["https:\/\/promocaododia.com.br\/site\/wp-content\/uploads\/2022\/10\/Smartphone-Samsung-Galaxy-A03-Core-32GB-Preto-Octa-Core-2GB-RAM-65-Cam.-8MP-Selfie-5MP-100x100.jpg",100,100,true]},"uagb_author_info":{"display_name":"danilo.gbr","author_link":"https:\/\/promocaododia.com.br\/site\/author\/"},"uagb_comment_info":0,"uagb_excerpt":"O smartphone Galaxy A03 Core da Samsung \u00e9 dual chip com tecnologia 4G e vem na cor preto. Amplie o seu \u00e2ngulo de vis\u00e3o com o display infinito de 6,5&#8243; e veja o que voc\u00ea tem perdido. Gra\u00e7as \u00e0 tecnologia HD+, seu conte\u00fado di\u00e1rio aparece mais n\u00edtido, v\u00edvido, amplo e claro. O padr\u00e3o met\u00e1lico acrescenta&hellip;","_links":{"self":[{"href":"https:\/\/promocaododia.com.br\/site\/wp-json\/wp\/v2\/product\/637","targetHints":{"allow":["GET"]}}],"collection":[{"href":"https:\/\/promocaododia.com.br\/site\/wp-json\/wp\/v2\/product"}],"about":[{"href":"https:\/\/promocaododia.com.br\/site\/wp-json\/wp\/v2\/types\/product"}],"wp:featuredmedia":[{"embeddable":true,"href":"https:\/\/promocaododia.com.br\/site\/wp-json\/wp\/v2\/media\/641"}],"wp:attachment":[{"href":"https:\/\/promocaododia.com.br\/site\/wp-json\/wp\/v2\/media?parent=637"}],"wp:term":[{"taxonomy":"product_brand","embeddable":true,"href":"https:\/\/promocaododia.com.br\/site\/wp-json\/wp\/v2\/product_brand?post=637"},{"taxonomy":"product_cat","embeddable":true,"href":"https:\/\/promocaododia.com.br\/site\/wp-json\/wp\/v2\/product_cat?post=637"},{"taxonomy":"product_tag","embeddable":true,"href":"https:\/\/promocaododia.com.br\/site\/wp-json\/wp\/v2\/product_tag?post=637"}],"curies":[{"name":"wp","href":"https:\/\/api.w.org\/{rel}","templated":true}]}}