{"id":642,"date":"2022-10-22T15:20:31","date_gmt":"2022-10-22T18:20:31","guid":{"rendered":"https:\/\/promocaododia.com.br\/site\/?post_type=product&#038;p=642"},"modified":"2022-10-22T15:20:31","modified_gmt":"2022-10-22T18:20:31","slug":"smart-tv-32-hd-led-tcl-s615-va-60hz-android-wi-fi-e-bluetooth-google-assistente-2-hdmi","status":"publish","type":"product","link":"https:\/\/promocaododia.com.br\/site\/produto\/smart-tv-32-hd-led-tcl-s615-va-60hz-android-wi-fi-e-bluetooth-google-assistente-2-hdmi\/","title":{"rendered":"Smart TV 32\u201d HD LED TCL S615 VA 60Hz &#8211; Android Wi-Fi e Bluetooth Google Assistente 2 HDMI"},"content":{"rendered":"<p>A Smart TV S615 da TCL vem com tela LED HD de 32&#8243; e painel VA, o que proporciona um novo jeito de ver TV. Seus filmes e jogos ter\u00e3o muito mais qualidade! Ela vem com conectividade Wi-Fi e Bluetooth para que voc\u00ea conecte seu smartphone, teclado ou mouse para digitar e navegar com facilidade ou ainda amplificar suas m\u00fasicas. O controle remoto da S615 vem com comando de voz do Google Assistente para facilitar sua busca por filmes e s\u00e9ries! Al\u00e9m disso, voc\u00ea possui as 2 entradas HDMI, 1 USB, 1 RF para TV aberta, 1 Sa\u00edda de \u00c1udio, 1 entrada LAN e 1 entrada AV, tudo para que voc\u00ea conecte aparelhos eletr\u00f4nicos diversos.<\/p>\n","protected":false},"excerpt":{"rendered":"<p>A Smart TV S615 da TCL vem com tela LED HD de 32&#8243; e painel VA, o que proporciona um novo jeito de ver TV. Seus filmes e jogos ter\u00e3o muito mais qualidade! Ela vem com conectividade Wi-Fi e Bluetooth para que voc\u00ea conecte seu smartphone, teclado ou mouse para digitar e navegar com facilidade ou ainda amplificar suas m\u00fasicas. O controle remoto da S615 vem com comando de voz do Google Assistente para facilitar sua busca por filmes e s\u00e9ries! Al\u00e9m disso, voc\u00ea possui as 2 entradas HDMI, 1 USB, 1 RF para TV aberta, 1 Sa\u00edda de \u00c1udio, 1 entrada LAN e 1 entrada AV, tudo para que voc\u00ea conecte aparelhos eletr\u00f4nicos diversos.<\/p>\n","protected":false},"featured_media":643,"template":"","meta":{"_uag_custom_page_level_css":"","site-sidebar-layout":"default","site-content-layout":"default","ast-site-content-layout":"default","site-content-style":"default","site-sidebar-style":"default","ast-global-header-display":"","ast-banner-title-visibility":"","ast-main-header-display":"","ast-hfb-above-header-display":"","ast-hfb-below-header-display":"","ast-hfb-mobile-header-display":"","site-post-title":"","ast-breadcrumbs-content":"","ast-featured-img":"","footer-sml-layout":"","theme-transparent-header-meta":"default","adv-header-id-meta":"","stick-header-meta":"","header-above-stick-meta":"","header-main-stick-meta":"","header-below-stick-meta":"","astra-migrate-meta-layouts":"default","ast-page-background-enabled":"default","ast-page-background-meta":{"desktop":{"background-color":"","background-image":"","background-repeat":"repeat","background-position":"center center","background-size":"auto","background-attachment":"scroll","background-type":"","background-media":"","overlay-type":"","overlay-color":"","overlay-opacity":"","overlay-gradient":""},"tablet":{"background-color":"","background-image":"","background-repeat":"repeat","background-position":"center center","background-size":"auto","background-attachment":"scroll","background-type":"","background-media":"","overlay-type":"","overlay-color":"","overlay-opacity":"","overlay-gradient":""},"mobile":{"background-color":"","background-image":"","background-repeat":"repeat","background-position":"center center","background-size":"auto","background-attachment":"scroll","background-type":"","background-media":"","overlay-type":"","overlay-color":"","overlay-opacity":"","overlay-gradient":""}},"ast-content-background-meta":{"desktop":{"background-color":"var(--ast-global-color-5)","background-image":"","background-repeat":"repeat","background-position":"center center","background-size":"auto","background-attachment":"scroll","background-type":"","background-media":"","overlay-type":"","overlay-color":"","overlay-opacity":"","overlay-gradient":""},"tablet":{"background-color":"var(--ast-global-color-5)","background-image":"","background-repeat":"repeat","background-position":"center center","background-size":"auto","background-attachment":"scroll","background-type":"","background-media":"","overlay-type":"","overlay-color":"","overlay-opacity":"","overlay-gradient":""},"mobile":{"background-color":"var(--ast-global-color-5)","background-image":"","background-repeat":"repeat","background-position":"center center","background-size":"auto","background-attachment":"scroll","background-type":"","background-media":"","overlay-type":"","overlay-color":"","overlay-opacity":"","overlay-gradient":""}}},"product_brand":[],"product_cat":[38,25,76],"product_tag":[],"class_list":{"0":"post-642","1":"product","2":"type-product","3":"status-publish","4":"has-post-thumbnail","6":"product_cat-eletronicos","7":"product_cat-smart-tv","8":"product_cat-tv-e-video","9":"desktop-align-center","10":"tablet-align-left","11":"mobile-align-center","13":"first","14":"instock","15":"sale","16":"shipping-taxable","17":"product-type-external"},"uagb_featured_image_src":{"full":["https:\/\/promocaododia.com.br\/site\/wp-content\/uploads\/2022\/10\/Smart-TV-32-HD-LED-TCL-S615-VA-60Hz-Android-Wi-Fi-e-Bluetooth-Google-Assistente-2-HDMI.jpg",600,600,false],"thumbnail":["https:\/\/promocaododia.com.br\/site\/wp-content\/uploads\/2022\/10\/Smart-TV-32-HD-LED-TCL-S615-VA-60Hz-Android-Wi-Fi-e-Bluetooth-Google-Assistente-2-HDMI-150x150.jpg",150,150,true],"medium":["https:\/\/promocaododia.com.br\/site\/wp-content\/uploads\/2022\/10\/Smart-TV-32-HD-LED-TCL-S615-VA-60Hz-Android-Wi-Fi-e-Bluetooth-Google-Assistente-2-HDMI-300x300.jpg",300,300,true],"medium_large":["https:\/\/promocaododia.com.br\/site\/wp-content\/uploads\/2022\/10\/Smart-TV-32-HD-LED-TCL-S615-VA-60Hz-Android-Wi-Fi-e-Bluetooth-Google-Assistente-2-HDMI.jpg",600,600,false],"large":["https:\/\/promocaododia.com.br\/site\/wp-content\/uploads\/2022\/10\/Smart-TV-32-HD-LED-TCL-S615-VA-60Hz-Android-Wi-Fi-e-Bluetooth-Google-Assistente-2-HDMI.jpg",600,600,false],"1536x1536":["https:\/\/promocaododia.com.br\/site\/wp-content\/uploads\/2022\/10\/Smart-TV-32-HD-LED-TCL-S615-VA-60Hz-Android-Wi-Fi-e-Bluetooth-Google-Assistente-2-HDMI.jpg",600,600,false],"2048x2048":["https:\/\/promocaododia.com.br\/site\/wp-content\/uploads\/2022\/10\/Smart-TV-32-HD-LED-TCL-S615-VA-60Hz-Android-Wi-Fi-e-Bluetooth-Google-Assistente-2-HDMI.jpg",600,600,false],"woocommerce_thumbnail":["https:\/\/promocaododia.com.br\/site\/wp-content\/uploads\/2022\/10\/Smart-TV-32-HD-LED-TCL-S615-VA-60Hz-Android-Wi-Fi-e-Bluetooth-Google-Assistente-2-HDMI-250x250.jpg",250,250,true],"woocommerce_single":["https:\/\/promocaododia.com.br\/site\/wp-content\/uploads\/2022\/10\/Smart-TV-32-HD-LED-TCL-S615-VA-60Hz-Android-Wi-Fi-e-Bluetooth-Google-Assistente-2-HDMI-250x250.jpg",250,250,true],"woocommerce_gallery_thumbnail":["https:\/\/promocaododia.com.br\/site\/wp-content\/uploads\/2022\/10\/Smart-TV-32-HD-LED-TCL-S615-VA-60Hz-Android-Wi-Fi-e-Bluetooth-Google-Assistente-2-HDMI-100x100.jpg",100,100,true]},"uagb_author_info":{"display_name":"danilo.gbr","author_link":"https:\/\/promocaododia.com.br\/site\/author\/"},"uagb_comment_info":0,"uagb_excerpt":"A Smart TV S615 da TCL vem com tela LED HD de 32&#8243; e painel VA, o que proporciona um novo jeito de ver TV. Seus filmes e jogos ter\u00e3o muito mais qualidade! Ela vem com conectividade Wi-Fi e Bluetooth para que voc\u00ea conecte seu smartphone, teclado ou mouse para digitar e navegar com facilidade&hellip;","_links":{"self":[{"href":"https:\/\/promocaododia.com.br\/site\/wp-json\/wp\/v2\/product\/642","targetHints":{"allow":["GET"]}}],"collection":[{"href":"https:\/\/promocaododia.com.br\/site\/wp-json\/wp\/v2\/product"}],"about":[{"href":"https:\/\/promocaododia.com.br\/site\/wp-json\/wp\/v2\/types\/product"}],"wp:featuredmedia":[{"embeddable":true,"href":"https:\/\/promocaododia.com.br\/site\/wp-json\/wp\/v2\/media\/643"}],"wp:attachment":[{"href":"https:\/\/promocaododia.com.br\/site\/wp-json\/wp\/v2\/media?parent=642"}],"wp:term":[{"taxonomy":"product_brand","embeddable":true,"href":"https:\/\/promocaododia.com.br\/site\/wp-json\/wp\/v2\/product_brand?post=642"},{"taxonomy":"product_cat","embeddable":true,"href":"https:\/\/promocaododia.com.br\/site\/wp-json\/wp\/v2\/product_cat?post=642"},{"taxonomy":"product_tag","embeddable":true,"href":"https:\/\/promocaododia.com.br\/site\/wp-json\/wp\/v2\/product_tag?post=642"}],"curies":[{"name":"wp","href":"https:\/\/api.w.org\/{rel}","templated":true}]}}