{"id":670,"date":"2022-10-22T20:49:54","date_gmt":"2022-10-22T23:49:54","guid":{"rendered":"https:\/\/promocaododia.com.br\/site\/?post_type=product&#038;p=670"},"modified":"2022-10-22T20:49:55","modified_gmt":"2022-10-22T23:49:55","slug":"primer-labial-mac-prep-prime-mac","status":"publish","type":"product","link":"https:\/\/promocaododia.com.br\/site\/produto\/primer-labial-mac-prep-prime-mac\/","title":{"rendered":"Primer Labial MAC &#8211; Prep + Prime &#8211; MAC"},"content":{"rendered":"<p>O Primer Labial Prep + Primer de MAC Cosmetics \u00e9 uma base incolor de batom que adiciona uma ligeira hidrata\u00e7\u00e3o, suaviza e refina. \u00c9 Uma Base incolor para ser usada debaixo do batom. Adiciona uma ligeira hidrata\u00e7\u00e3o, suaviza e refina os l\u00e1bios. Melhora a apar\u00eancia dos produtos labiais aplicados em seguida. Benef\u00edcios: \u2022 Reduz a penetra\u00e7\u00e3o do batom nas linhas finas em torno da boca \u2022 Confere hidrata\u00e7\u00e3o de longa dura\u00e7\u00e3o \u2022 Sem fragr\u00e2ncia \u2022 N\u00e3o cont\u00e9m \u00d3leo \u2022 Testado por Dermatologista Modo de Usar: \u2022 Aplique uma fina camada do Primer Labial sobre os l\u00e1bios, incluindo os cantos. \u2022 Em seguida, aplique o batom. \u2022 Se desejar, delineie os l\u00e1bios . Sobre a MAC Cosmetics: MAC Cosmetics celebra a diversidade e a individualidade: Todas as Idades, Todas as Ra\u00e7as, Todos os G\u00eaneros &#8230; Uma marca de maquiagem profissional estabelecendo tend\u00eancias no backstage das semanas da moda ao redor do mundo. Hoje, a MAC Cosmetics significa tantas coisas para os seus milh\u00f5es de f\u00e3s em todos os cantos do planeta, mas um fen\u00f4meno global de beleza tem que ter come\u00e7ado em algum lugar.<\/p>\n","protected":false},"excerpt":{"rendered":"<p>O Primer Labial Prep + Primer de MAC Cosmetics \u00e9 uma base incolor de batom que adiciona uma ligeira hidrata\u00e7\u00e3o, suaviza e refina. \u00c9 Uma Base incolor para ser usada debaixo do batom. Adiciona uma ligeira hidrata\u00e7\u00e3o, suaviza e refina os l\u00e1bios. Melhora a apar\u00eancia dos produtos labiais aplicados em seguida. Benef\u00edcios: \u2022 Reduz a penetra\u00e7\u00e3o do batom nas linhas finas em torno da boca \u2022 Confere hidrata\u00e7\u00e3o de longa dura\u00e7\u00e3o \u2022 Sem fragr\u00e2ncia \u2022 N\u00e3o cont\u00e9m \u00d3leo \u2022 Testado por Dermatologista Modo de Usar: \u2022 Aplique uma fina camada do Primer Labial sobre os l\u00e1bios, incluindo os cantos. \u2022 Em seguida, aplique o batom. \u2022 Se desejar, delineie os l\u00e1bios . Sobre a MAC Cosmetics: MAC Cosmetics celebra a diversidade e a individualidade: Todas as Idades, Todas as Ra\u00e7as, Todos os G\u00eaneros &#8230; Uma marca de maquiagem profissional estabelecendo tend\u00eancias no backstage das semanas da moda ao redor do mundo. Hoje, a MAC Cosmetics significa tantas coisas para os seus milh\u00f5es de f\u00e3s em todos os cantos do planeta, mas um fen\u00f4meno global de beleza tem que ter come\u00e7ado em algum lugar.<\/p>\n","protected":false},"featured_media":671,"template":"","meta":{"_uag_custom_page_level_css":"","site-sidebar-layout":"default","site-content-layout":"default","ast-site-content-layout":"default","site-content-style":"default","site-sidebar-style":"default","ast-global-header-display":"","ast-banner-title-visibility":"","ast-main-header-display":"","ast-hfb-above-header-display":"","ast-hfb-below-header-display":"","ast-hfb-mobile-header-display":"","site-post-title":"","ast-breadcrumbs-content":"","ast-featured-img":"","footer-sml-layout":"","theme-transparent-header-meta":"default","adv-header-id-meta":"","stick-header-meta":"","header-above-stick-meta":"","header-main-stick-meta":"","header-below-stick-meta":"","astra-migrate-meta-layouts":"default","ast-page-background-enabled":"default","ast-page-background-meta":{"desktop":{"background-color":"","background-image":"","background-repeat":"repeat","background-position":"center center","background-size":"auto","background-attachment":"scroll","background-type":"","background-media":"","overlay-type":"","overlay-color":"","overlay-opacity":"","overlay-gradient":""},"tablet":{"background-color":"","background-image":"","background-repeat":"repeat","background-position":"center center","background-size":"auto","background-attachment":"scroll","background-type":"","background-media":"","overlay-type":"","overlay-color":"","overlay-opacity":"","overlay-gradient":""},"mobile":{"background-color":"","background-image":"","background-repeat":"repeat","background-position":"center center","background-size":"auto","background-attachment":"scroll","background-type":"","background-media":"","overlay-type":"","overlay-color":"","overlay-opacity":"","overlay-gradient":""}},"ast-content-background-meta":{"desktop":{"background-color":"var(--ast-global-color-5)","background-image":"","background-repeat":"repeat","background-position":"center center","background-size":"auto","background-attachment":"scroll","background-type":"","background-media":"","overlay-type":"","overlay-color":"","overlay-opacity":"","overlay-gradient":""},"tablet":{"background-color":"var(--ast-global-color-5)","background-image":"","background-repeat":"repeat","background-position":"center center","background-size":"auto","background-attachment":"scroll","background-type":"","background-media":"","overlay-type":"","overlay-color":"","overlay-opacity":"","overlay-gradient":""},"mobile":{"background-color":"var(--ast-global-color-5)","background-image":"","background-repeat":"repeat","background-position":"center center","background-size":"auto","background-attachment":"scroll","background-type":"","background-media":"","overlay-type":"","overlay-color":"","overlay-opacity":"","overlay-gradient":""}}},"product_brand":[],"product_cat":[33,48],"product_tag":[100,102,99,101,103],"class_list":{"0":"post-670","1":"product","2":"type-product","3":"status-publish","4":"has-post-thumbnail","6":"product_cat-beleza-e-perfumaria","7":"product_cat-maquiagem","8":"product_tag-beleza","9":"product_tag-labial","10":"product_tag-maquiagem","11":"product_tag-mulher","12":"product_tag-primer","13":"desktop-align-center","14":"tablet-align-left","15":"mobile-align-center","17":"first","18":"instock","19":"sale","20":"shipping-taxable","21":"product-type-external"},"uagb_featured_image_src":{"full":["https:\/\/promocaododia.com.br\/site\/wp-content\/uploads\/2022\/10\/Primer-Labial-MAC-Prep-Prime-MAC.jpg",600,600,false],"thumbnail":["https:\/\/promocaododia.com.br\/site\/wp-content\/uploads\/2022\/10\/Primer-Labial-MAC-Prep-Prime-MAC-150x150.jpg",150,150,true],"medium":["https:\/\/promocaododia.com.br\/site\/wp-content\/uploads\/2022\/10\/Primer-Labial-MAC-Prep-Prime-MAC-300x300.jpg",300,300,true],"medium_large":["https:\/\/promocaododia.com.br\/site\/wp-content\/uploads\/2022\/10\/Primer-Labial-MAC-Prep-Prime-MAC.jpg",600,600,false],"large":["https:\/\/promocaododia.com.br\/site\/wp-content\/uploads\/2022\/10\/Primer-Labial-MAC-Prep-Prime-MAC.jpg",600,600,false],"1536x1536":["https:\/\/promocaododia.com.br\/site\/wp-content\/uploads\/2022\/10\/Primer-Labial-MAC-Prep-Prime-MAC.jpg",600,600,false],"2048x2048":["https:\/\/promocaododia.com.br\/site\/wp-content\/uploads\/2022\/10\/Primer-Labial-MAC-Prep-Prime-MAC.jpg",600,600,false],"woocommerce_thumbnail":["https:\/\/promocaododia.com.br\/site\/wp-content\/uploads\/2022\/10\/Primer-Labial-MAC-Prep-Prime-MAC-250x250.jpg",250,250,true],"woocommerce_single":["https:\/\/promocaododia.com.br\/site\/wp-content\/uploads\/2022\/10\/Primer-Labial-MAC-Prep-Prime-MAC-250x250.jpg",250,250,true],"woocommerce_gallery_thumbnail":["https:\/\/promocaododia.com.br\/site\/wp-content\/uploads\/2022\/10\/Primer-Labial-MAC-Prep-Prime-MAC-100x100.jpg",100,100,true]},"uagb_author_info":{"display_name":"danilo.gbr","author_link":"https:\/\/promocaododia.com.br\/site\/author\/"},"uagb_comment_info":0,"uagb_excerpt":"O Primer Labial Prep + Primer de MAC Cosmetics \u00e9 uma base incolor de batom que adiciona uma ligeira hidrata\u00e7\u00e3o, suaviza e refina. \u00c9 Uma Base incolor para ser usada debaixo do batom. Adiciona uma ligeira hidrata\u00e7\u00e3o, suaviza e refina os l\u00e1bios. Melhora a apar\u00eancia dos produtos labiais aplicados em seguida. Benef\u00edcios: \u2022 Reduz a&hellip;","_links":{"self":[{"href":"https:\/\/promocaododia.com.br\/site\/wp-json\/wp\/v2\/product\/670","targetHints":{"allow":["GET"]}}],"collection":[{"href":"https:\/\/promocaododia.com.br\/site\/wp-json\/wp\/v2\/product"}],"about":[{"href":"https:\/\/promocaododia.com.br\/site\/wp-json\/wp\/v2\/types\/product"}],"wp:featuredmedia":[{"embeddable":true,"href":"https:\/\/promocaododia.com.br\/site\/wp-json\/wp\/v2\/media\/671"}],"wp:attachment":[{"href":"https:\/\/promocaododia.com.br\/site\/wp-json\/wp\/v2\/media?parent=670"}],"wp:term":[{"taxonomy":"product_brand","embeddable":true,"href":"https:\/\/promocaododia.com.br\/site\/wp-json\/wp\/v2\/product_brand?post=670"},{"taxonomy":"product_cat","embeddable":true,"href":"https:\/\/promocaododia.com.br\/site\/wp-json\/wp\/v2\/product_cat?post=670"},{"taxonomy":"product_tag","embeddable":true,"href":"https:\/\/promocaododia.com.br\/site\/wp-json\/wp\/v2\/product_tag?post=670"}],"curies":[{"name":"wp","href":"https:\/\/api.w.org\/{rel}","templated":true}]}}