{"id":733,"date":"2022-10-23T11:49:22","date_gmt":"2022-10-23T14:49:22","guid":{"rendered":"https:\/\/promocaododia.com.br\/site\/?post_type=product&#038;p=733"},"modified":"2022-10-23T11:49:22","modified_gmt":"2022-10-23T14:49:22","slug":"kit-2-tenis-caminhada-masculino-calce-facil-relogio-carteira-dan-shoes","status":"publish","type":"product","link":"https:\/\/promocaododia.com.br\/site\/produto\/kit-2-tenis-caminhada-masculino-calce-facil-relogio-carteira-dan-shoes\/","title":{"rendered":"Kit 2 T\u00eanis Caminhada Masculino Calce F\u00e1cil + Rel\u00f3gio + Carteira &#8211; DAN SHOES"},"content":{"rendered":"<p>O Kit T\u00eanis Esportivo da Dan Shoes \u00e9 a escolha ideal para quem busca qualidade e conforto. Confeccionado em material N\u00e1ilon com forro em tecido, imprime leveza e estilo. Seu fechamento em calce f\u00e1cil com ajuste em cadar\u00e7o. Possui palmilha macia em EVA e solado em PVC expandido proporcionando firmeza e seguran\u00e7a ao caminhar. Acompanha Rel\u00f3gio moderno com ajuste em fivela, e Carteira confeccionada em material de alta qualidade com divis\u00f3ria para cart\u00e3o e dinheiro. Vers\u00e1til, este conjunto \u00e9 ideal para voc\u00ea!<\/p>\n<p>ESPECIFICA\u00c7\u00d5ES T\u00c9CNICAS<br \/>\nIndicado para: Dia a Dia<br \/>\nKit composto por: 2 Pares de t\u00eanis+1 Rel\u00f3gio+1 Carteira<br \/>\nPor que escolhemos: O Kit T\u00eanis unido a carteira e um rel\u00f3gio s\u00e3o itens indispens\u00e1veis para compor o guarda roupa masculino<\/p>\n<p>Nome do Produto 1: T\u00eanis Masculino<br \/>\nConfeccionado em N\u00e1ilon, possui solado PVC Expandido e fechamento calce f\u00e1cil em el\u00e1stico.<\/p>\n<p>Nome do Produto 2: Rel\u00f3gio<br \/>\nRel\u00f3gio em metal com Pulseira ajust\u00e1vel.<\/p>\n<p>Nome do Produto 3: Carteira<br \/>\nConfeccionada em material tecnol\u00f3gico, possui porta cart\u00e3o e reparti\u00e7\u00e3o para acess\u00f3rios.<\/p>\n","protected":false},"excerpt":{"rendered":"<p>O Kit T\u00eanis Esportivo da Dan Shoes \u00e9 a escolha ideal para quem busca qualidade e conforto. Confeccionado em material N\u00e1ilon com forro em tecido, imprime leveza e estilo. Seu fechamento em calce f\u00e1cil com ajuste em cadar\u00e7o. Possui palmilha macia em EVA e solado em PVC expandido proporcionando firmeza e seguran\u00e7a ao caminhar. Acompanha Rel\u00f3gio moderno com ajuste em fivela, e Carteira confeccionada em material de alta qualidade com divis\u00f3ria para cart\u00e3o e dinheiro. Vers\u00e1til, este conjunto \u00e9 ideal para voc\u00ea! ESPECIFICA\u00c7\u00d5ES T\u00c9CNICAS Indicado para: Dia a Dia Kit composto por: 2 Pares de t\u00eanis+1 Rel\u00f3gio+1 Carteira Por que escolhemos: O Kit T\u00eanis unido a carteira e um rel\u00f3gio s\u00e3o itens indispens\u00e1veis para compor o guarda roupa masculino Nome do Produto 1: T\u00eanis Masculino Confeccionado em N\u00e1ilon, possui solado PVC Expandido e fechamento calce f\u00e1cil em el\u00e1stico. Nome do Produto 2: Rel\u00f3gio Rel\u00f3gio em metal com Pulseira ajust\u00e1vel. Nome do Produto 3: Carteira Confeccionada em material tecnol\u00f3gico, possui porta cart\u00e3o e reparti\u00e7\u00e3o para acess\u00f3rios.<\/p>\n","protected":false},"featured_media":734,"template":"","meta":{"_uag_custom_page_level_css":"","site-sidebar-layout":"default","site-content-layout":"default","ast-site-content-layout":"default","site-content-style":"default","site-sidebar-style":"default","ast-global-header-display":"","ast-banner-title-visibility":"","ast-main-header-display":"","ast-hfb-above-header-display":"","ast-hfb-below-header-display":"","ast-hfb-mobile-header-display":"","site-post-title":"","ast-breadcrumbs-content":"","ast-featured-img":"","footer-sml-layout":"","theme-transparent-header-meta":"default","adv-header-id-meta":"","stick-header-meta":"","header-above-stick-meta":"","header-main-stick-meta":"","header-below-stick-meta":"","astra-migrate-meta-layouts":"default","ast-page-background-enabled":"default","ast-page-background-meta":{"desktop":{"background-color":"","background-image":"","background-repeat":"repeat","background-position":"center center","background-size":"auto","background-attachment":"scroll","background-type":"","background-media":"","overlay-type":"","overlay-color":"","overlay-opacity":"","overlay-gradient":""},"tablet":{"background-color":"","background-image":"","background-repeat":"repeat","background-position":"center center","background-size":"auto","background-attachment":"scroll","background-type":"","background-media":"","overlay-type":"","overlay-color":"","overlay-opacity":"","overlay-gradient":""},"mobile":{"background-color":"","background-image":"","background-repeat":"repeat","background-position":"center center","background-size":"auto","background-attachment":"scroll","background-type":"","background-media":"","overlay-type":"","overlay-color":"","overlay-opacity":"","overlay-gradient":""}},"ast-content-background-meta":{"desktop":{"background-color":"var(--ast-global-color-5)","background-image":"","background-repeat":"repeat","background-position":"center center","background-size":"auto","background-attachment":"scroll","background-type":"","background-media":"","overlay-type":"","overlay-color":"","overlay-opacity":"","overlay-gradient":""},"tablet":{"background-color":"var(--ast-global-color-5)","background-image":"","background-repeat":"repeat","background-position":"center center","background-size":"auto","background-attachment":"scroll","background-type":"","background-media":"","overlay-type":"","overlay-color":"","overlay-opacity":"","overlay-gradient":""},"mobile":{"background-color":"var(--ast-global-color-5)","background-image":"","background-repeat":"repeat","background-position":"center center","background-size":"auto","background-attachment":"scroll","background-type":"","background-media":"","overlay-type":"","overlay-color":"","overlay-opacity":"","overlay-gradient":""}}},"product_brand":[],"product_cat":[77,31,30],"product_tag":[120,78,124,122,119,121,123],"class_list":{"0":"post-733","1":"product","2":"type-product","3":"status-publish","4":"has-post-thumbnail","6":"product_cat-calcados","7":"product_cat-masculina","8":"product_cat-moda","9":"product_tag-calcado","10":"product_tag-calcado-masculino","11":"product_tag-caminhada","12":"product_tag-carteira","13":"product_tag-kit","14":"product_tag-masculino","15":"product_tag-relogio","16":"desktop-align-center","17":"tablet-align-left","18":"mobile-align-center","20":"first","21":"instock","22":"sale","23":"shipping-taxable","24":"product-type-external"},"uagb_featured_image_src":{"full":["https:\/\/promocaododia.com.br\/site\/wp-content\/uploads\/2022\/10\/Kit-2-Tenis-Caminhada-Masculino-Calce-FacilRelogioCarteira-DAN-SHOES.jpg",600,600,false],"thumbnail":["https:\/\/promocaododia.com.br\/site\/wp-content\/uploads\/2022\/10\/Kit-2-Tenis-Caminhada-Masculino-Calce-FacilRelogioCarteira-DAN-SHOES-150x150.jpg",150,150,true],"medium":["https:\/\/promocaododia.com.br\/site\/wp-content\/uploads\/2022\/10\/Kit-2-Tenis-Caminhada-Masculino-Calce-FacilRelogioCarteira-DAN-SHOES-300x300.jpg",300,300,true],"medium_large":["https:\/\/promocaododia.com.br\/site\/wp-content\/uploads\/2022\/10\/Kit-2-Tenis-Caminhada-Masculino-Calce-FacilRelogioCarteira-DAN-SHOES.jpg",600,600,false],"large":["https:\/\/promocaododia.com.br\/site\/wp-content\/uploads\/2022\/10\/Kit-2-Tenis-Caminhada-Masculino-Calce-FacilRelogioCarteira-DAN-SHOES.jpg",600,600,false],"1536x1536":["https:\/\/promocaododia.com.br\/site\/wp-content\/uploads\/2022\/10\/Kit-2-Tenis-Caminhada-Masculino-Calce-FacilRelogioCarteira-DAN-SHOES.jpg",600,600,false],"2048x2048":["https:\/\/promocaododia.com.br\/site\/wp-content\/uploads\/2022\/10\/Kit-2-Tenis-Caminhada-Masculino-Calce-FacilRelogioCarteira-DAN-SHOES.jpg",600,600,false],"woocommerce_thumbnail":["https:\/\/promocaododia.com.br\/site\/wp-content\/uploads\/2022\/10\/Kit-2-Tenis-Caminhada-Masculino-Calce-FacilRelogioCarteira-DAN-SHOES-250x250.jpg",250,250,true],"woocommerce_single":["https:\/\/promocaododia.com.br\/site\/wp-content\/uploads\/2022\/10\/Kit-2-Tenis-Caminhada-Masculino-Calce-FacilRelogioCarteira-DAN-SHOES-250x250.jpg",250,250,true],"woocommerce_gallery_thumbnail":["https:\/\/promocaododia.com.br\/site\/wp-content\/uploads\/2022\/10\/Kit-2-Tenis-Caminhada-Masculino-Calce-FacilRelogioCarteira-DAN-SHOES-100x100.jpg",100,100,true]},"uagb_author_info":{"display_name":"danilo.gbr","author_link":"https:\/\/promocaododia.com.br\/site\/author\/"},"uagb_comment_info":0,"uagb_excerpt":"O Kit T\u00eanis Esportivo da Dan Shoes \u00e9 a escolha ideal para quem busca qualidade e conforto. Confeccionado em material N\u00e1ilon com forro em tecido, imprime leveza e estilo. Seu fechamento em calce f\u00e1cil com ajuste em cadar\u00e7o. Possui palmilha macia em EVA e solado em PVC expandido proporcionando firmeza e seguran\u00e7a ao caminhar. Acompanha&hellip;","_links":{"self":[{"href":"https:\/\/promocaododia.com.br\/site\/wp-json\/wp\/v2\/product\/733","targetHints":{"allow":["GET"]}}],"collection":[{"href":"https:\/\/promocaododia.com.br\/site\/wp-json\/wp\/v2\/product"}],"about":[{"href":"https:\/\/promocaododia.com.br\/site\/wp-json\/wp\/v2\/types\/product"}],"wp:featuredmedia":[{"embeddable":true,"href":"https:\/\/promocaododia.com.br\/site\/wp-json\/wp\/v2\/media\/734"}],"wp:attachment":[{"href":"https:\/\/promocaododia.com.br\/site\/wp-json\/wp\/v2\/media?parent=733"}],"wp:term":[{"taxonomy":"product_brand","embeddable":true,"href":"https:\/\/promocaododia.com.br\/site\/wp-json\/wp\/v2\/product_brand?post=733"},{"taxonomy":"product_cat","embeddable":true,"href":"https:\/\/promocaododia.com.br\/site\/wp-json\/wp\/v2\/product_cat?post=733"},{"taxonomy":"product_tag","embeddable":true,"href":"https:\/\/promocaododia.com.br\/site\/wp-json\/wp\/v2\/product_tag?post=733"}],"curies":[{"name":"wp","href":"https:\/\/api.w.org\/{rel}","templated":true}]}}