{"id":735,"date":"2022-10-23T17:41:37","date_gmt":"2022-10-23T20:41:37","guid":{"rendered":"https:\/\/promocaododia.com.br\/site\/?post_type=product&#038;p=735"},"modified":"2022-10-23T17:41:38","modified_gmt":"2022-10-23T20:41:38","slug":"smart-tv-50-crystal-4k-samsung-50au7700-wi-fi-bluetooth-hdr-alexa-built-in-3-hdmi-1-usb","status":"publish","type":"product","link":"https:\/\/promocaododia.com.br\/site\/produto\/smart-tv-50-crystal-4k-samsung-50au7700-wi-fi-bluetooth-hdr-alexa-built-in-3-hdmi-1-usb\/","title":{"rendered":"Smart TV 50\u201d Crystal 4K Samsung 50AU7700 &#8211; Wi-Fi Bluetooth HDR Alexa Built in 3 HDMI 1 USB"},"content":{"rendered":"<p>Se voc\u00ea procura uma TV para assistir filmes, s\u00e9ries, novelas e at\u00e9 mesmo jogar seus games favoritos com a melhor qualidade poss\u00edvel, a Smart TV UN50AU7700GXZD da Samsung \u00e9 o modelo ideal para a sua casa! Ela possui tela de 50&#8243; Crystal 4K com painel VA, oferecendo cores vivas e imagens impressionantes de qualquer \u00e2ngulo. As bordas super finas aumentam ainda mais o campo de vis\u00e3o e destacam apenas as imagens que voc\u00ea quer ver. A Tv Samsung crystal 50&#8243; seu design elegante contribui para deixar o ambiente mais organizado, pois conta com canaletas exclusivas para organizar e esconder os fios. O sistema operacional Tizen traz mais praticidade e permite comandar a TV por voz atrav\u00e9s de assistentes integrados como Bixby, Alexa e Google Assistant. Um dos grandes destaques deste modelo \u00e9 o controle remoto \u00fanico desenvolvido pela Samsung. Com ele voc\u00ea pode controlar todos os aparelhos compat\u00edveis conectados a TV e acessar aplicativos com um \u00fanico bot\u00e3o de atalho. Al\u00e9m disso, esta smart TV oferece outras vantagens como entradas HDMI e USB, conectividades wi-fi e bluetooth e embalagem reutiliz\u00e1vel. Aproveite ao m\u00e1ximo os melhores jogos do Mundial!<\/p>\n","protected":false},"excerpt":{"rendered":"<p>Se voc\u00ea procura uma TV para assistir filmes, s\u00e9ries, novelas e at\u00e9 mesmo jogar seus games favoritos com a melhor qualidade poss\u00edvel, a Smart TV UN50AU7700GXZD da Samsung \u00e9 o modelo ideal para a sua casa! Ela possui tela de 50&#8243; Crystal 4K com painel VA, oferecendo cores vivas e imagens impressionantes de qualquer \u00e2ngulo. As bordas super finas aumentam ainda mais o campo de vis\u00e3o e destacam apenas as imagens que voc\u00ea quer ver. A Tv Samsung crystal 50&#8243; seu design elegante contribui para deixar o ambiente mais organizado, pois conta com canaletas exclusivas para organizar e esconder os fios. O sistema operacional Tizen traz mais praticidade e permite comandar a TV por voz atrav\u00e9s de assistentes integrados como Bixby, Alexa e Google Assistant. Um dos grandes destaques deste modelo \u00e9 o controle remoto \u00fanico desenvolvido pela Samsung. Com ele voc\u00ea pode controlar todos os aparelhos compat\u00edveis conectados a TV e acessar aplicativos com um \u00fanico bot\u00e3o de atalho. Al\u00e9m disso, esta smart TV oferece outras vantagens como entradas HDMI e USB, conectividades wi-fi e bluetooth e embalagem reutiliz\u00e1vel. Aproveite ao m\u00e1ximo os melhores jogos do Mundial!<\/p>\n","protected":false},"featured_media":737,"template":"","meta":{"_uag_custom_page_level_css":"","site-sidebar-layout":"default","site-content-layout":"default","ast-site-content-layout":"default","site-content-style":"default","site-sidebar-style":"default","ast-global-header-display":"","ast-banner-title-visibility":"","ast-main-header-display":"","ast-hfb-above-header-display":"","ast-hfb-below-header-display":"","ast-hfb-mobile-header-display":"","site-post-title":"","ast-breadcrumbs-content":"","ast-featured-img":"","footer-sml-layout":"","theme-transparent-header-meta":"default","adv-header-id-meta":"","stick-header-meta":"","header-above-stick-meta":"","header-main-stick-meta":"","header-below-stick-meta":"","astra-migrate-meta-layouts":"default","ast-page-background-enabled":"default","ast-page-background-meta":{"desktop":{"background-color":"","background-image":"","background-repeat":"repeat","background-position":"center center","background-size":"auto","background-attachment":"scroll","background-type":"","background-media":"","overlay-type":"","overlay-color":"","overlay-opacity":"","overlay-gradient":""},"tablet":{"background-color":"","background-image":"","background-repeat":"repeat","background-position":"center center","background-size":"auto","background-attachment":"scroll","background-type":"","background-media":"","overlay-type":"","overlay-color":"","overlay-opacity":"","overlay-gradient":""},"mobile":{"background-color":"","background-image":"","background-repeat":"repeat","background-position":"center center","background-size":"auto","background-attachment":"scroll","background-type":"","background-media":"","overlay-type":"","overlay-color":"","overlay-opacity":"","overlay-gradient":""}},"ast-content-background-meta":{"desktop":{"background-color":"var(--ast-global-color-5)","background-image":"","background-repeat":"repeat","background-position":"center center","background-size":"auto","background-attachment":"scroll","background-type":"","background-media":"","overlay-type":"","overlay-color":"","overlay-opacity":"","overlay-gradient":""},"tablet":{"background-color":"var(--ast-global-color-5)","background-image":"","background-repeat":"repeat","background-position":"center center","background-size":"auto","background-attachment":"scroll","background-type":"","background-media":"","overlay-type":"","overlay-color":"","overlay-opacity":"","overlay-gradient":""},"mobile":{"background-color":"var(--ast-global-color-5)","background-image":"","background-repeat":"repeat","background-position":"center center","background-size":"auto","background-attachment":"scroll","background-type":"","background-media":"","overlay-type":"","overlay-color":"","overlay-opacity":"","overlay-gradient":""}}},"product_brand":[],"product_cat":[38,25,76],"product_tag":[129,131,89,125,127,126,130,128],"class_list":{"0":"post-735","1":"product","2":"type-product","3":"status-publish","4":"has-post-thumbnail","6":"product_cat-eletronicos","7":"product_cat-smart-tv","8":"product_cat-tv-e-video","9":"product_tag-4k","10":"product_tag-alexa","11":"product_tag-samsung","12":"product_tag-smart-tv","13":"product_tag-televisao","14":"product_tag-tv","15":"product_tag-tv-50","16":"product_tag-uhd","17":"desktop-align-center","18":"tablet-align-left","19":"mobile-align-center","21":"first","22":"instock","23":"sale","24":"shipping-taxable","25":"product-type-external"},"uagb_featured_image_src":{"full":["https:\/\/promocaododia.com.br\/site\/wp-content\/uploads\/2022\/10\/Smart-TV-50-Crystal-4K-Samsung-50AU7700-Wi-Fi-Bluetooth-HDR-Alexa-Built-in-3-HDMI-1-USB.jpg",600,600,false],"thumbnail":["https:\/\/promocaododia.com.br\/site\/wp-content\/uploads\/2022\/10\/Smart-TV-50-Crystal-4K-Samsung-50AU7700-Wi-Fi-Bluetooth-HDR-Alexa-Built-in-3-HDMI-1-USB-150x150.jpg",150,150,true],"medium":["https:\/\/promocaododia.com.br\/site\/wp-content\/uploads\/2022\/10\/Smart-TV-50-Crystal-4K-Samsung-50AU7700-Wi-Fi-Bluetooth-HDR-Alexa-Built-in-3-HDMI-1-USB-300x300.jpg",300,300,true],"medium_large":["https:\/\/promocaododia.com.br\/site\/wp-content\/uploads\/2022\/10\/Smart-TV-50-Crystal-4K-Samsung-50AU7700-Wi-Fi-Bluetooth-HDR-Alexa-Built-in-3-HDMI-1-USB.jpg",600,600,false],"large":["https:\/\/promocaododia.com.br\/site\/wp-content\/uploads\/2022\/10\/Smart-TV-50-Crystal-4K-Samsung-50AU7700-Wi-Fi-Bluetooth-HDR-Alexa-Built-in-3-HDMI-1-USB.jpg",600,600,false],"1536x1536":["https:\/\/promocaododia.com.br\/site\/wp-content\/uploads\/2022\/10\/Smart-TV-50-Crystal-4K-Samsung-50AU7700-Wi-Fi-Bluetooth-HDR-Alexa-Built-in-3-HDMI-1-USB.jpg",600,600,false],"2048x2048":["https:\/\/promocaododia.com.br\/site\/wp-content\/uploads\/2022\/10\/Smart-TV-50-Crystal-4K-Samsung-50AU7700-Wi-Fi-Bluetooth-HDR-Alexa-Built-in-3-HDMI-1-USB.jpg",600,600,false],"woocommerce_thumbnail":["https:\/\/promocaododia.com.br\/site\/wp-content\/uploads\/2022\/10\/Smart-TV-50-Crystal-4K-Samsung-50AU7700-Wi-Fi-Bluetooth-HDR-Alexa-Built-in-3-HDMI-1-USB-250x250.jpg",250,250,true],"woocommerce_single":["https:\/\/promocaododia.com.br\/site\/wp-content\/uploads\/2022\/10\/Smart-TV-50-Crystal-4K-Samsung-50AU7700-Wi-Fi-Bluetooth-HDR-Alexa-Built-in-3-HDMI-1-USB-250x250.jpg",250,250,true],"woocommerce_gallery_thumbnail":["https:\/\/promocaododia.com.br\/site\/wp-content\/uploads\/2022\/10\/Smart-TV-50-Crystal-4K-Samsung-50AU7700-Wi-Fi-Bluetooth-HDR-Alexa-Built-in-3-HDMI-1-USB-100x100.jpg",100,100,true]},"uagb_author_info":{"display_name":"danilo.gbr","author_link":"https:\/\/promocaododia.com.br\/site\/author\/"},"uagb_comment_info":0,"uagb_excerpt":"Se voc\u00ea procura uma TV para assistir filmes, s\u00e9ries, novelas e at\u00e9 mesmo jogar seus games favoritos com a melhor qualidade poss\u00edvel, a Smart TV UN50AU7700GXZD da Samsung \u00e9 o modelo ideal para a sua casa! Ela possui tela de 50&#8243; Crystal 4K com painel VA, oferecendo cores vivas e imagens impressionantes de qualquer \u00e2ngulo.&hellip;","_links":{"self":[{"href":"https:\/\/promocaododia.com.br\/site\/wp-json\/wp\/v2\/product\/735","targetHints":{"allow":["GET"]}}],"collection":[{"href":"https:\/\/promocaododia.com.br\/site\/wp-json\/wp\/v2\/product"}],"about":[{"href":"https:\/\/promocaododia.com.br\/site\/wp-json\/wp\/v2\/types\/product"}],"wp:featuredmedia":[{"embeddable":true,"href":"https:\/\/promocaododia.com.br\/site\/wp-json\/wp\/v2\/media\/737"}],"wp:attachment":[{"href":"https:\/\/promocaododia.com.br\/site\/wp-json\/wp\/v2\/media?parent=735"}],"wp:term":[{"taxonomy":"product_brand","embeddable":true,"href":"https:\/\/promocaododia.com.br\/site\/wp-json\/wp\/v2\/product_brand?post=735"},{"taxonomy":"product_cat","embeddable":true,"href":"https:\/\/promocaododia.com.br\/site\/wp-json\/wp\/v2\/product_cat?post=735"},{"taxonomy":"product_tag","embeddable":true,"href":"https:\/\/promocaododia.com.br\/site\/wp-json\/wp\/v2\/product_tag?post=735"}],"curies":[{"name":"wp","href":"https:\/\/api.w.org\/{rel}","templated":true}]}}