{"id":740,"date":"2022-10-23T18:11:57","date_gmt":"2022-10-23T21:11:57","guid":{"rendered":"https:\/\/promocaododia.com.br\/site\/?post_type=product&#038;p=740"},"modified":"2022-10-23T18:14:55","modified_gmt":"2022-10-23T21:14:55","slug":"panela-eletrica-de-pressao-mondial-digital-master-cooker-pe-41-3l-vermelha","status":"publish","type":"product","link":"https:\/\/promocaododia.com.br\/site\/produto\/panela-eletrica-de-pressao-mondial-digital-master-cooker-pe-41-3l-vermelha\/","title":{"rendered":"Panela El\u00e9trica de Press\u00e3o Mondial Digital Master Cooker PE-41 3L &#8211; Vermelha"},"content":{"rendered":"<div class=\"css-1tv6bwe ekyoabl1\">\n<section id=\"product-description-title\" class=\"accordion css-1pzlr85 e1uc2v351\">\n<div class=\"css-1j0qyxp e1uc2v350\">\n<div class=\"content css-9th5i ekyoabl0\">\n<div>\n<div>\n<div class=\"back6b\">\n<article class=\"texto\">\n<h6>Moderna e funcional<\/h6>\n<p class=\"branco\">Com design moderno e sofisticado, a\u00a0<strong>panela Master Cooker PE-41<\/strong>\u00a0possui um\u00a0<strong>painel digital<\/strong>\u00a0altamente intuitivo, que apresenta\u00a0<strong>14 fun\u00e7\u00f5es pr\u00e9-programadas<\/strong>. Basta selecionar a receita que deseja preparar para que o equipamento realize o processo com efici\u00eancia.<\/p>\n<\/article>\n<\/div>\n<div class=\"back5\"><img decoding=\"async\" class=\"imagem3\" title=\"Mais autonomia para voc\u00ea\" src=\"https:\/\/www.casasbahia-imagens.com.br\/html\/conteudo-produto\/73\/55015423\/imagens\/panela_3.png\" alt=\"Panela de Press\u00e3o El\u00e9trica Mondial Master Cooker PE41\" \/><\/div>\n<div class=\"back6\">\n<article class=\"texto\">\n<h6>Seguran\u00e7a e praticidade<\/h6>\n<p class=\"branco\">Pr\u00e1tica e segura, a\u00a0<strong>panela de press\u00e3o Master Cooker PE-41<\/strong>\u00a0possui recursos e utens\u00edlios que s\u00e3o essenciais para um correto manuseio. Como, por exemplo, tampa com al\u00e7a ergon\u00f4mica, colher e copo medidor.<\/p>\n<\/article>\n<\/div>\n<\/div>\n<div id=\"product-description\">\n<p>Cozinhar vai ficar ainda mais f\u00e1cil e divertido usando a incr\u00edvel\u00a0<strong>Panela El\u00e9trica de Press\u00e3o Mondial Digital Master Cooker PE-41<\/strong>!<\/p>\n<p>Com um design moderno e sofisticado, a <strong>Panela El\u00e9trica de Press\u00e3o Mondial Digital Master Cooker PE-41<\/strong>\u00a0conta com um display digital e 14 fun\u00e7\u00f5es program\u00e1veis que v\u00e3o facilitar o preparo das suas receitas. Feita em a\u00e7o inox vermelho, conta com a fun\u00e7\u00e3o timer que permite programar o funcionamento com at\u00e9 24h de anteced\u00eancia.<\/p>\n<p>A\u00a0<strong>Panela El\u00e9trica de Press\u00e3o Mondial Digital Master Cooker PE-41<\/strong>\u00a0garante tamb\u00e9m muita seguran\u00e7a durante o seu uso, pois conta com tampa al\u00e7a ergon\u00f4mica, t\u00e9rmica e com trava, evitando que aconte\u00e7a algum acidente durante o preparo das suas receitas.<\/p>\n<p>Para lavar tamb\u00e9m \u00e9 muito f\u00e1cil, pois a cuba interna \u00e9 remov\u00edvel e antiaderente, podendo at\u00e9 ser colocada na m\u00e1quina de lavar lou\u00e7as. Ah! Ainda acompanha colher e copo medidor.<\/p>\n<\/div>\n<\/div>\n<\/div>\n<\/div>\n<\/section>\n<\/div>\n<div class=\"css-8dk3vg e1uoxrcw0\">\n<section id=\"product-detail-accordion-0\" class=\"accordion css-1pzlr85 e1uc2v351\">\n<h2 class=\"name\">Caracter\u00edsticas<\/h2>\n<div class=\"css-1705oe6 eym5xli0\"><\/div>\n<div class=\"css-1j0qyxp e1uc2v350\">\n<div id=\"product-detail-list-0\" class=\"css-5yiy0m e10iop990\">\n<div class=\"content\"><span class=\"content--name\">Antiaquecimento externo<\/span><span class=\"content--value\">N\u00e3o<\/span><\/div>\n<div class=\"content\"><span class=\"content--name\">Caracter\u00edsticas Gerais<\/span><span class=\"content--value\">&#8211; Ideal para cozinhar feij\u00e3o, arroz, sopa, carnes e muito mais &#8211; Maior praticidade e rapidez no preparo dos alimentos &#8211; Display digital com 14 fun\u00e7\u00f5es program\u00e1veis &#8211; Acompanha colher e copo medidor &#8211; Fun\u00e7\u00e3o Timer: permite agendar para at\u00e9 24 horas o cozimento do alimento desejado &#8211; Cuba remov\u00edvel e antiaderente &#8211; Tampa com al\u00e7a ergon\u00f4mica <\/span><\/div>\n<div class=\"content\"><span class=\"content--name\">L\u00e2mpada piloto<\/span><span class=\"content--value\">Sim<\/span><\/div>\n<div class=\"content\"><span class=\"content--name\">Porta-fio<\/span><span class=\"content--value\">N\u00e3o<\/span><\/div>\n<div class=\"content\"><span class=\"content--name\">Desligamento autom\u00e1tico<\/span><span class=\"content--value\">sim<\/span><\/div>\n<\/div>\n<\/div>\n<\/section>\n<section id=\"product-detail-accordion-1\" class=\"accordion css-1pzlr85 e1uc2v351\">\n<h2 class=\"name\">Especifica\u00e7\u00f5es T\u00e9cnicas<\/h2>\n<div class=\"css-1705oe6 eym5xli0\"><\/div>\n<div class=\"css-1j0qyxp e1uc2v350\">\n<div id=\"product-detail-list-1\" class=\"css-5yiy0m e10iop990\">\n<div class=\"content\"><span class=\"content--name\">Consumo de energia (kW\/h)<\/span><span class=\"content--value\">0,7Kw\/h<\/span><\/div>\n<div class=\"content\"><span class=\"content--name\">Capacidade (litros)<\/span><span class=\"content--value\">3 Litros<\/span><\/div>\n<div class=\"content\"><span class=\"content--name\">Pot\u00eancia (W)<\/span><span class=\"content--value\">700W<\/span><\/div>\n<div class=\"content\"><span class=\"content--name\">Tens\u00e3o\/Voltagem <\/span><span class=\"content--value\">&#8211; 110V &#8211; 220V<\/span><\/div>\n<div class=\"content\"><span class=\"content--name\">Conte\u00fado da Embalagem<\/span><span class=\"content--value\">&#8211; 1 Panela El\u00e9trica de Press\u00e3o Mondial Digital Master Cooker PE-41 3L &#8211; Vermelha &#8211; 1 Manual de Instru\u00e7\u00f5es<\/span><\/div>\n<div class=\"content\"><span class=\"content--name\">Cor<\/span><span class=\"content--value\">Vermelho<\/span><\/div>\n<div class=\"content\"><span class=\"content--name\">Garantia<\/span><span class=\"content--value\">12 meses<\/span><\/div>\n<div class=\"content\"><span class=\"content--name\">Observa\u00e7\u00f5es<\/span><span class=\"content--value\">1.Para instala\u00e7\u00e3o, funcionalidades, manuten\u00e7\u00e3o e cuidados espec\u00edficos consulte o manual do produto. 2. Escolha a op\u00e7\u00e3o de voltagem do produto: 110V ou 220V. &#8211; Devido \u00e0s constantes evolu\u00e7\u00f5es tecnol\u00f3gicas, o produto poder\u00e1 ser atualizado apresentando pequenas altera\u00e7\u00f5es sem pr\u00e9vio aviso.<\/span><\/div>\n<div class=\"content\"><span class=\"content--name\">Tipo de Tomada<\/span><span class=\"content--value\">10A (4mm)<\/span><\/div>\n<div class=\"content\"><span class=\"content--name\">Tipo de Plugue<\/span><span class=\"content--value\">3 Pinos<\/span><\/div>\n<div class=\"content\"><span class=\"content--name\">Entrega do Produto<\/span><span class=\"content--value\">&#8211; Todas as instru\u00e7\u00f5es, manuais e pe\u00e7as necess\u00e1rias para a montagem s\u00e3o fornecidas junto com o produto &#8211; n\u00e3o nos responsabilizamos pela instala\u00e7\u00e3o\/montagem<\/span><\/div>\n<\/div>\n<\/div>\n<\/section>\n<section id=\"product-detail-accordion-2\" class=\"accordion css-1pzlr85 e1uc2v351\">\n<h2><\/h2>\n<h2 class=\"name\">Dimens\u00f5es<\/h2>\n<div class=\"css-1705oe6 eym5xli0\"><span class=\"content--name\" style=\"font-size: 16px;\">Altura<\/span><span class=\"content--value\" style=\"font-size: 16px;\">31,30 cm<\/span><\/div>\n<div class=\"css-1j0qyxp e1uc2v350\">\n<div id=\"product-detail-list-2\" class=\"css-5yiy0m e10iop990\">\n<div class=\"content\"><span class=\"content--name\">Largura<\/span><span class=\"content--value\">28,80 cm<\/span><\/div>\n<div class=\"content\"><span class=\"content--name\">Profundidade<\/span><span class=\"content--value\">26,50 cm<\/span><\/div>\n<div class=\"content\"><span class=\"content--name\">Peso<\/span><span class=\"content--value\">3,20 kg<\/span><\/div>\n<\/div>\n<\/div>\n<\/section>\n<section id=\"product-detail-accordion-3\" class=\"accordion css-1pzlr85 e1uc2v351\">\n<h2><\/h2>\n<h2 class=\"name\">Contato Mondial<\/h2>\n<div class=\"css-1705oe6 eym5xli0\"><span class=\"content--name\" style=\"font-size: 16px;\">Telefone <\/span><span class=\"content--value\" style=\"font-size: 16px;\">0800-55 03 93<\/span><\/div>\n<div class=\"css-1j0qyxp e1uc2v350\">\n<div id=\"product-detail-list-3\" class=\"css-5yiy0m e10iop990\">\n<div class=\"content\"><span class=\"content--name\">E-mail\/Site<\/span><span class=\"content--value\">sac@emondial.com https:\/\/atendimento.emondial.com.br\/sac\/<\/span><\/div>\n<\/div>\n<\/div>\n<\/section>\n<\/div>\n","protected":false},"excerpt":{"rendered":"<p>Moderna e funcional Com design moderno e sofisticado, a\u00a0panela Master Cooker PE-41\u00a0possui um\u00a0painel digital\u00a0altamente intuitivo, que apresenta\u00a014 fun\u00e7\u00f5es pr\u00e9-programadas. Basta selecionar a receita que deseja preparar para que o equipamento realize o processo com efici\u00eancia. Seguran\u00e7a e praticidade Pr\u00e1tica e segura, a\u00a0panela de press\u00e3o Master Cooker PE-41\u00a0possui recursos e utens\u00edlios que s\u00e3o essenciais para um correto manuseio. Como, por exemplo, tampa com al\u00e7a ergon\u00f4mica, colher e copo medidor. Cozinhar vai ficar ainda mais f\u00e1cil e divertido usando a incr\u00edvel\u00a0Panela El\u00e9trica de Press\u00e3o Mondial Digital Master Cooker PE-41! Com um design moderno e sofisticado, a Panela El\u00e9trica de Press\u00e3o Mondial Digital Master Cooker PE-41\u00a0conta com um display digital e 14 fun\u00e7\u00f5es program\u00e1veis que v\u00e3o facilitar o preparo das suas receitas. Feita em a\u00e7o inox vermelho, conta com a fun\u00e7\u00e3o timer que permite programar o funcionamento com at\u00e9 24h de anteced\u00eancia. A\u00a0Panela El\u00e9trica de Press\u00e3o Mondial Digital Master Cooker PE-41\u00a0garante tamb\u00e9m muita seguran\u00e7a durante o seu uso, pois conta com tampa al\u00e7a ergon\u00f4mica, t\u00e9rmica e com trava, evitando que aconte\u00e7a algum acidente durante o preparo das suas receitas. Para lavar tamb\u00e9m \u00e9 muito f\u00e1cil, pois a cuba interna \u00e9 remov\u00edvel e antiaderente, podendo at\u00e9 ser colocada na m\u00e1quina de lavar lou\u00e7as. Ah! Ainda acompanha colher e copo medidor. Caracter\u00edsticas Antiaquecimento externoN\u00e3o Caracter\u00edsticas Gerais&#8211; Ideal para cozinhar feij\u00e3o, arroz, sopa, carnes e muito mais &#8211; Maior praticidade e rapidez no preparo dos alimentos &#8211; Display digital com 14 fun\u00e7\u00f5es program\u00e1veis &#8211; Acompanha colher e copo medidor &#8211; Fun\u00e7\u00e3o Timer: permite agendar para at\u00e9 24 horas o cozimento do alimento desejado &#8211; Cuba remov\u00edvel e antiaderente &#8211; Tampa com al\u00e7a ergon\u00f4mica L\u00e2mpada pilotoSim Porta-fioN\u00e3o Desligamento autom\u00e1ticosim Especifica\u00e7\u00f5es T\u00e9cnicas Consumo de energia (kW\/h)0,7Kw\/h Capacidade (litros)3 Litros Pot\u00eancia (W)700W Tens\u00e3o\/Voltagem &#8211; 110V &#8211; 220V Conte\u00fado da Embalagem&#8211; 1 Panela El\u00e9trica de Press\u00e3o Mondial Digital Master Cooker PE-41 3L &#8211; Vermelha &#8211; 1 Manual de Instru\u00e7\u00f5es CorVermelho Garantia12 meses Observa\u00e7\u00f5es1.Para instala\u00e7\u00e3o, funcionalidades, manuten\u00e7\u00e3o e cuidados espec\u00edficos consulte o manual do produto. 2. Escolha a op\u00e7\u00e3o de voltagem do produto: 110V ou 220V. &#8211; Devido \u00e0s constantes evolu\u00e7\u00f5es tecnol\u00f3gicas, o produto poder\u00e1 ser atualizado apresentando pequenas altera\u00e7\u00f5es sem pr\u00e9vio aviso. Tipo de Tomada10A (4mm) Tipo de Plugue3 Pinos Entrega do Produto&#8211; Todas as instru\u00e7\u00f5es, manuais e pe\u00e7as necess\u00e1rias para a montagem s\u00e3o fornecidas junto com o produto &#8211; n\u00e3o nos responsabilizamos pela instala\u00e7\u00e3o\/montagem Dimens\u00f5es Altura31,30 cm Largura28,80 cm Profundidade26,50 cm Peso3,20 kg Contato Mondial Telefone 0800-55 03 93 E-mail\/Sitesac@emondial.com https:\/\/atendimento.emondial.com.br\/sac\/<\/p>\n","protected":false},"featured_media":741,"template":"","meta":{"_uag_custom_page_level_css":"","site-sidebar-layout":"default","site-content-layout":"default","ast-site-content-layout":"default","site-content-style":"default","site-sidebar-style":"default","ast-global-header-display":"","ast-banner-title-visibility":"","ast-main-header-display":"","ast-hfb-above-header-display":"","ast-hfb-below-header-display":"","ast-hfb-mobile-header-display":"","site-post-title":"","ast-breadcrumbs-content":"","ast-featured-img":"","footer-sml-layout":"","theme-transparent-header-meta":"default","adv-header-id-meta":"","stick-header-meta":"","header-above-stick-meta":"","header-main-stick-meta":"","header-below-stick-meta":"","astra-migrate-meta-layouts":"default","ast-page-background-enabled":"default","ast-page-background-meta":{"desktop":{"background-color":"","background-image":"","background-repeat":"repeat","background-position":"center center","background-size":"auto","background-attachment":"scroll","background-type":"","background-media":"","overlay-type":"","overlay-color":"","overlay-opacity":"","overlay-gradient":""},"tablet":{"background-color":"","background-image":"","background-repeat":"repeat","background-position":"center center","background-size":"auto","background-attachment":"scroll","background-type":"","background-media":"","overlay-type":"","overlay-color":"","overlay-opacity":"","overlay-gradient":""},"mobile":{"background-color":"","background-image":"","background-repeat":"repeat","background-position":"center center","background-size":"auto","background-attachment":"scroll","background-type":"","background-media":"","overlay-type":"","overlay-color":"","overlay-opacity":"","overlay-gradient":""}},"ast-content-background-meta":{"desktop":{"background-color":"var(--ast-global-color-5)","background-image":"","background-repeat":"repeat","background-position":"center center","background-size":"auto","background-attachment":"scroll","background-type":"","background-media":"","overlay-type":"","overlay-color":"","overlay-opacity":"","overlay-gradient":""},"tablet":{"background-color":"var(--ast-global-color-5)","background-image":"","background-repeat":"repeat","background-position":"center center","background-size":"auto","background-attachment":"scroll","background-type":"","background-media":"","overlay-type":"","overlay-color":"","overlay-opacity":"","overlay-gradient":""},"mobile":{"background-color":"var(--ast-global-color-5)","background-image":"","background-repeat":"repeat","background-position":"center center","background-size":"auto","background-attachment":"scroll","background-type":"","background-media":"","overlay-type":"","overlay-color":"","overlay-opacity":"","overlay-gradient":""}}},"product_brand":[],"product_cat":[28,134],"product_tag":[139,138,136,137,135],"class_list":{"0":"post-740","1":"product","2":"type-product","3":"status-publish","4":"has-post-thumbnail","6":"product_cat-eletrodomesticos","7":"product_cat-panela-eletrica","8":"product_tag-master-cooker-red","9":"product_tag-mondial","10":"product_tag-panela-de-pressao","11":"product_tag-panela-de-pressao-eletrica","12":"product_tag-panela-eletrica","13":"desktop-align-center","14":"tablet-align-left","15":"mobile-align-center","17":"first","18":"instock","19":"sale","20":"shipping-taxable","21":"product-type-external"},"uagb_featured_image_src":{"full":["https:\/\/promocaododia.com.br\/site\/wp-content\/uploads\/2022\/10\/Panela-Eletrica-de-Pressao-Mondial-Digital-Master-Cooker-PE-41-3L-Vermelha.jpg",600,600,false],"thumbnail":["https:\/\/promocaododia.com.br\/site\/wp-content\/uploads\/2022\/10\/Panela-Eletrica-de-Pressao-Mondial-Digital-Master-Cooker-PE-41-3L-Vermelha-150x150.jpg",150,150,true],"medium":["https:\/\/promocaododia.com.br\/site\/wp-content\/uploads\/2022\/10\/Panela-Eletrica-de-Pressao-Mondial-Digital-Master-Cooker-PE-41-3L-Vermelha-300x300.jpg",300,300,true],"medium_large":["https:\/\/promocaododia.com.br\/site\/wp-content\/uploads\/2022\/10\/Panela-Eletrica-de-Pressao-Mondial-Digital-Master-Cooker-PE-41-3L-Vermelha.jpg",600,600,false],"large":["https:\/\/promocaododia.com.br\/site\/wp-content\/uploads\/2022\/10\/Panela-Eletrica-de-Pressao-Mondial-Digital-Master-Cooker-PE-41-3L-Vermelha.jpg",600,600,false],"1536x1536":["https:\/\/promocaododia.com.br\/site\/wp-content\/uploads\/2022\/10\/Panela-Eletrica-de-Pressao-Mondial-Digital-Master-Cooker-PE-41-3L-Vermelha.jpg",600,600,false],"2048x2048":["https:\/\/promocaododia.com.br\/site\/wp-content\/uploads\/2022\/10\/Panela-Eletrica-de-Pressao-Mondial-Digital-Master-Cooker-PE-41-3L-Vermelha.jpg",600,600,false],"woocommerce_thumbnail":["https:\/\/promocaododia.com.br\/site\/wp-content\/uploads\/2022\/10\/Panela-Eletrica-de-Pressao-Mondial-Digital-Master-Cooker-PE-41-3L-Vermelha-250x250.jpg",250,250,true],"woocommerce_single":["https:\/\/promocaododia.com.br\/site\/wp-content\/uploads\/2022\/10\/Panela-Eletrica-de-Pressao-Mondial-Digital-Master-Cooker-PE-41-3L-Vermelha-250x250.jpg",250,250,true],"woocommerce_gallery_thumbnail":["https:\/\/promocaododia.com.br\/site\/wp-content\/uploads\/2022\/10\/Panela-Eletrica-de-Pressao-Mondial-Digital-Master-Cooker-PE-41-3L-Vermelha-100x100.jpg",100,100,true]},"uagb_author_info":{"display_name":"danilo.gbr","author_link":"https:\/\/promocaododia.com.br\/site\/author\/"},"uagb_comment_info":0,"uagb_excerpt":"Moderna e funcional Com design moderno e sofisticado, a\u00a0panela Master Cooker PE-41\u00a0possui um\u00a0painel digital\u00a0altamente intuitivo, que apresenta\u00a014 fun\u00e7\u00f5es pr\u00e9-programadas. Basta selecionar a receita que deseja preparar para que o equipamento realize o processo com efici\u00eancia. Seguran\u00e7a e praticidade Pr\u00e1tica e segura, a\u00a0panela de press\u00e3o Master Cooker PE-41\u00a0possui recursos e utens\u00edlios que s\u00e3o essenciais para um&hellip;","_links":{"self":[{"href":"https:\/\/promocaododia.com.br\/site\/wp-json\/wp\/v2\/product\/740","targetHints":{"allow":["GET"]}}],"collection":[{"href":"https:\/\/promocaododia.com.br\/site\/wp-json\/wp\/v2\/product"}],"about":[{"href":"https:\/\/promocaododia.com.br\/site\/wp-json\/wp\/v2\/types\/product"}],"wp:featuredmedia":[{"embeddable":true,"href":"https:\/\/promocaododia.com.br\/site\/wp-json\/wp\/v2\/media\/741"}],"wp:attachment":[{"href":"https:\/\/promocaododia.com.br\/site\/wp-json\/wp\/v2\/media?parent=740"}],"wp:term":[{"taxonomy":"product_brand","embeddable":true,"href":"https:\/\/promocaododia.com.br\/site\/wp-json\/wp\/v2\/product_brand?post=740"},{"taxonomy":"product_cat","embeddable":true,"href":"https:\/\/promocaododia.com.br\/site\/wp-json\/wp\/v2\/product_cat?post=740"},{"taxonomy":"product_tag","embeddable":true,"href":"https:\/\/promocaododia.com.br\/site\/wp-json\/wp\/v2\/product_tag?post=740"}],"curies":[{"name":"wp","href":"https:\/\/api.w.org\/{rel}","templated":true}]}}