{"id":742,"date":"2022-10-23T18:23:29","date_gmt":"2022-10-23T21:23:29","guid":{"rendered":"https:\/\/promocaododia.com.br\/site\/?post_type=product&#038;p=742"},"modified":"2022-10-23T18:23:58","modified_gmt":"2022-10-23T21:23:58","slug":"smartphone-motorola-moto-g22-azul-128gb-4gb-ram-tela-de-6-5-camera-traseira-quadrupla-android-12-processador-octa-core-2-3-ghz","status":"publish","type":"product","link":"https:\/\/promocaododia.com.br\/site\/produto\/smartphone-motorola-moto-g22-azul-128gb-4gb-ram-tela-de-6-5-camera-traseira-quadrupla-android-12-processador-octa-core-2-3-ghz\/","title":{"rendered":"Smartphone Motorola Moto G22 Azul 128GB 4GB RAM Tela de 6.5\u201d C\u00e2mera Traseira Qu\u00e1drupla Android 12 Processador Octa Core 2.3 GHz"},"content":{"rendered":"<div>\n<div id=\"product-special-content-partner\">\n<div class=\"css-hnatnh\" data-component=\"special-content\" data-version=\"0.0.1-35\">\n<div class=\"css-1wb3f7s\">\n<div>\n<div id=\"pd-details\">\n<div class=\"pd-image-full\">\n<p><img fetchpriority=\"high\" decoding=\"async\" title=\"\" src=\"https:\/\/www.casasbahia-imagens.com.br\/html\/conteudo-produto\/38\/55043423\/imagens\/smartphone-motorola-moto-g22_01.jpg\" alt=\"\" width=\"990\" height=\"77\" \/><img decoding=\"async\" title=\"\" src=\"https:\/\/www.casasbahia-imagens.com.br\/html\/conteudo-produto\/38\/55043423\/imagens\/smartphone-motorola-moto-g22_02.jpg\" alt=\"\" width=\"990\" height=\"76\" \/><img decoding=\"async\" title=\"\" src=\"https:\/\/www.casasbahia-imagens.com.br\/html\/conteudo-produto\/38\/55043423\/imagens\/smartphone-motorola-moto-g22_03.jpg\" alt=\"\" width=\"990\" height=\"77\" \/><img loading=\"lazy\" decoding=\"async\" title=\"\" src=\"https:\/\/www.casasbahia-imagens.com.br\/html\/conteudo-produto\/38\/55043423\/imagens\/smartphone-motorola-moto-g22_04.jpg\" alt=\"\" width=\"990\" height=\"77\" \/><img loading=\"lazy\" decoding=\"async\" title=\"\" src=\"https:\/\/www.casasbahia-imagens.com.br\/html\/conteudo-produto\/38\/55043423\/imagens\/smartphone-motorola-moto-g22_05.jpg\" alt=\"\" width=\"990\" height=\"76\" \/><img loading=\"lazy\" decoding=\"async\" title=\"\" src=\"https:\/\/www.casasbahia-imagens.com.br\/html\/conteudo-produto\/38\/55043423\/imagens\/smartphone-motorola-moto-g22_06.jpg\" alt=\"\" width=\"990\" height=\"77\" \/><img loading=\"lazy\" decoding=\"async\" title=\"\" src=\"https:\/\/www.casasbahia-imagens.com.br\/html\/conteudo-produto\/38\/55043423\/imagens\/smartphone-motorola-moto-g22_07.jpg\" alt=\"\" width=\"990\" height=\"77\" \/><img loading=\"lazy\" decoding=\"async\" title=\"\" src=\"https:\/\/www.casasbahia-imagens.com.br\/html\/conteudo-produto\/38\/55043423\/imagens\/smartphone-motorola-moto-g22_08.jpg\" alt=\"\" width=\"990\" height=\"76\" \/><img loading=\"lazy\" decoding=\"async\" title=\"\" src=\"https:\/\/www.casasbahia-imagens.com.br\/html\/conteudo-produto\/38\/55043423\/imagens\/smartphone-motorola-moto-g22_09.jpg\" alt=\"\" width=\"990\" height=\"77\" \/><img loading=\"lazy\" decoding=\"async\" title=\"\" src=\"https:\/\/www.casasbahia-imagens.com.br\/html\/conteudo-produto\/38\/55043423\/imagens\/smartphone-motorola-moto-g22_10.jpg\" alt=\"\" width=\"990\" height=\"77\" \/><img loading=\"lazy\" decoding=\"async\" title=\"\" src=\"https:\/\/www.casasbahia-imagens.com.br\/html\/conteudo-produto\/38\/55043423\/imagens\/smartphone-motorola-moto-g22_11.jpg\" alt=\"\" width=\"990\" height=\"76\" \/><img loading=\"lazy\" decoding=\"async\" title=\"\" src=\"https:\/\/www.casasbahia-imagens.com.br\/html\/conteudo-produto\/38\/55043423\/imagens\/smartphone-motorola-moto-g22_12.jpg\" alt=\"\" width=\"990\" height=\"77\" \/><img loading=\"lazy\" decoding=\"async\" title=\"\" src=\"https:\/\/www.casasbahia-imagens.com.br\/html\/conteudo-produto\/38\/55043423\/imagens\/smartphone-motorola-moto-g22_13.jpg\" alt=\"\" width=\"990\" height=\"77\" \/><img loading=\"lazy\" decoding=\"async\" title=\"\" src=\"https:\/\/www.casasbahia-imagens.com.br\/html\/conteudo-produto\/38\/55043423\/imagens\/smartphone-motorola-moto-g22_14.jpg\" alt=\"\" width=\"990\" height=\"76\" \/><img loading=\"lazy\" decoding=\"async\" title=\"\" src=\"https:\/\/www.casasbahia-imagens.com.br\/html\/conteudo-produto\/38\/55043423\/imagens\/smartphone-motorola-moto-g22_15.jpg\" alt=\"\" width=\"990\" height=\"77\" \/><img loading=\"lazy\" decoding=\"async\" title=\"\" src=\"https:\/\/www.casasbahia-imagens.com.br\/html\/conteudo-produto\/38\/55043423\/imagens\/smartphone-motorola-moto-g22_16.jpg\" alt=\"\" width=\"990\" height=\"77\" \/><img loading=\"lazy\" decoding=\"async\" title=\"\" src=\"https:\/\/www.casasbahia-imagens.com.br\/html\/conteudo-produto\/38\/55043423\/imagens\/smartphone-motorola-moto-g22_17.jpg\" alt=\"\" width=\"990\" height=\"76\" \/><img loading=\"lazy\" decoding=\"async\" title=\"\" src=\"https:\/\/www.casasbahia-imagens.com.br\/html\/conteudo-produto\/38\/55043423\/imagens\/smartphone-motorola-moto-g22_18.jpg\" alt=\"\" width=\"990\" height=\"77\" \/><img loading=\"lazy\" decoding=\"async\" title=\"\" src=\"https:\/\/www.casasbahia-imagens.com.br\/html\/conteudo-produto\/38\/55043423\/imagens\/smartphone-motorola-moto-g22_19.jpg\" alt=\"\" width=\"990\" height=\"77\" \/><img loading=\"lazy\" decoding=\"async\" title=\"\" src=\"https:\/\/www.casasbahia-imagens.com.br\/html\/conteudo-produto\/38\/55043423\/imagens\/smartphone-motorola-moto-g22_20.jpg\" alt=\"\" width=\"990\" height=\"76\" \/><img loading=\"lazy\" decoding=\"async\" title=\"\" src=\"https:\/\/www.casasbahia-imagens.com.br\/html\/conteudo-produto\/38\/55043423\/imagens\/smartphone-motorola-moto-g22_21.jpg\" alt=\"\" width=\"990\" height=\"77\" \/><img loading=\"lazy\" decoding=\"async\" title=\"\" src=\"https:\/\/www.casasbahia-imagens.com.br\/html\/conteudo-produto\/38\/55043423\/imagens\/smartphone-motorola-moto-g22_22.jpg\" alt=\"\" width=\"990\" height=\"77\" \/><img loading=\"lazy\" decoding=\"async\" title=\"\" src=\"https:\/\/www.casasbahia-imagens.com.br\/html\/conteudo-produto\/38\/55043423\/imagens\/smartphone-motorola-moto-g22_23.jpg\" alt=\"\" width=\"990\" height=\"76\" \/><img loading=\"lazy\" decoding=\"async\" title=\"\" src=\"https:\/\/www.casasbahia-imagens.com.br\/html\/conteudo-produto\/38\/55043423\/imagens\/smartphone-motorola-moto-g22_24.jpg\" alt=\"\" width=\"990\" height=\"77\" \/><img loading=\"lazy\" decoding=\"async\" title=\"\" src=\"https:\/\/www.casasbahia-imagens.com.br\/html\/conteudo-produto\/38\/55043423\/imagens\/smartphone-motorola-moto-g22_25.jpg\" alt=\"\" width=\"990\" height=\"77\" \/><img loading=\"lazy\" decoding=\"async\" title=\"\" src=\"https:\/\/www.casasbahia-imagens.com.br\/html\/conteudo-produto\/38\/55043423\/imagens\/smartphone-motorola-moto-g22_26.jpg\" alt=\"\" width=\"990\" height=\"76\" \/><img loading=\"lazy\" decoding=\"async\" title=\"\" src=\"https:\/\/www.casasbahia-imagens.com.br\/html\/conteudo-produto\/38\/55043423\/imagens\/smartphone-motorola-moto-g22_27.jpg\" alt=\"\" width=\"990\" height=\"77\" \/><img loading=\"lazy\" decoding=\"async\" title=\"\" src=\"https:\/\/www.casasbahia-imagens.com.br\/html\/conteudo-produto\/38\/55043423\/imagens\/smartphone-motorola-moto-g22_28.jpg\" alt=\"\" width=\"990\" height=\"76\" \/><img loading=\"lazy\" decoding=\"async\" title=\"\" src=\"https:\/\/www.casasbahia-imagens.com.br\/html\/conteudo-produto\/38\/55043423\/imagens\/smartphone-motorola-moto-g22_29.jpg\" alt=\"\" width=\"990\" height=\"77\" \/><img loading=\"lazy\" decoding=\"async\" title=\"\" src=\"https:\/\/www.casasbahia-imagens.com.br\/html\/conteudo-produto\/38\/55043423\/imagens\/smartphone-motorola-moto-g22_30.jpg\" alt=\"\" width=\"990\" height=\"77\" \/><img loading=\"lazy\" decoding=\"async\" title=\"\" src=\"https:\/\/www.casasbahia-imagens.com.br\/html\/conteudo-produto\/38\/55043423\/imagens\/smartphone-motorola-moto-g22_31.jpg\" alt=\"\" width=\"990\" height=\"76\" \/><img loading=\"lazy\" decoding=\"async\" title=\"\" src=\"https:\/\/www.casasbahia-imagens.com.br\/html\/conteudo-produto\/38\/55043423\/imagens\/smartphone-motorola-moto-g22_32.jpg\" alt=\"\" width=\"990\" height=\"77\" \/><img loading=\"lazy\" decoding=\"async\" title=\"\" src=\"https:\/\/www.casasbahia-imagens.com.br\/html\/conteudo-produto\/38\/55043423\/imagens\/smartphone-motorola-moto-g22_33.jpg\" alt=\"\" width=\"990\" height=\"77\" \/><img loading=\"lazy\" decoding=\"async\" title=\"\" src=\"https:\/\/www.casasbahia-imagens.com.br\/html\/conteudo-produto\/38\/55043423\/imagens\/smartphone-motorola-moto-g22_34.jpg\" alt=\"\" width=\"990\" height=\"76\" \/><img loading=\"lazy\" decoding=\"async\" title=\"\" src=\"https:\/\/www.casasbahia-imagens.com.br\/html\/conteudo-produto\/38\/55043423\/imagens\/smartphone-motorola-moto-g22_35.jpg\" alt=\"\" width=\"990\" height=\"77\" \/><img loading=\"lazy\" decoding=\"async\" title=\"\" src=\"https:\/\/www.casasbahia-imagens.com.br\/html\/conteudo-produto\/38\/55043423\/imagens\/smartphone-motorola-moto-g22_36.jpg\" alt=\"\" width=\"990\" height=\"77\" \/><img loading=\"lazy\" decoding=\"async\" title=\"\" src=\"https:\/\/www.casasbahia-imagens.com.br\/html\/conteudo-produto\/38\/55043423\/imagens\/smartphone-motorola-moto-g22_37.jpg\" alt=\"\" width=\"990\" height=\"76\" \/><img loading=\"lazy\" decoding=\"async\" title=\"\" src=\"https:\/\/www.casasbahia-imagens.com.br\/html\/conteudo-produto\/38\/55043423\/imagens\/smartphone-motorola-moto-g22_38.jpg\" alt=\"\" width=\"990\" height=\"77\" \/><img loading=\"lazy\" decoding=\"async\" title=\"\" src=\"https:\/\/www.casasbahia-imagens.com.br\/html\/conteudo-produto\/38\/55043423\/imagens\/smartphone-motorola-moto-g22_39.jpg\" alt=\"\" width=\"990\" height=\"77\" \/><img loading=\"lazy\" decoding=\"async\" title=\"\" src=\"https:\/\/www.casasbahia-imagens.com.br\/html\/conteudo-produto\/38\/55043423\/imagens\/smartphone-motorola-moto-g22_40.jpg\" alt=\"\" width=\"990\" height=\"76\" \/><img loading=\"lazy\" decoding=\"async\" title=\"\" src=\"https:\/\/www.casasbahia-imagens.com.br\/html\/conteudo-produto\/38\/55043423\/imagens\/smartphone-motorola-moto-g22_41.jpg\" alt=\"\" width=\"990\" height=\"77\" \/><img loading=\"lazy\" decoding=\"async\" title=\"\" src=\"https:\/\/www.casasbahia-imagens.com.br\/html\/conteudo-produto\/38\/55043423\/imagens\/smartphone-motorola-moto-g22_42.jpg\" alt=\"\" width=\"990\" height=\"77\" \/><img loading=\"lazy\" decoding=\"async\" title=\"\" src=\"https:\/\/www.casasbahia-imagens.com.br\/html\/conteudo-produto\/38\/55043423\/imagens\/smartphone-motorola-moto-g22_43.jpg\" alt=\"\" width=\"990\" height=\"76\" \/><img loading=\"lazy\" decoding=\"async\" title=\"\" src=\"https:\/\/www.casasbahia-imagens.com.br\/html\/conteudo-produto\/38\/55043423\/imagens\/smartphone-motorola-moto-g22_44.jpg\" alt=\"\" width=\"990\" height=\"77\" \/><img loading=\"lazy\" decoding=\"async\" title=\"\" src=\"https:\/\/www.casasbahia-imagens.com.br\/html\/conteudo-produto\/38\/55043423\/imagens\/smartphone-motorola-moto-g22_45.jpg\" alt=\"\" width=\"990\" height=\"77\" \/><img loading=\"lazy\" decoding=\"async\" title=\"\" src=\"https:\/\/www.casasbahia-imagens.com.br\/html\/conteudo-produto\/38\/55043423\/imagens\/smartphone-motorola-moto-g22_46.jpg\" alt=\"\" width=\"990\" height=\"76\" \/><img loading=\"lazy\" decoding=\"async\" title=\"\" src=\"https:\/\/www.casasbahia-imagens.com.br\/html\/conteudo-produto\/38\/55043423\/imagens\/smartphone-motorola-moto-g22_47.jpg\" alt=\"\" width=\"990\" height=\"77\" \/><img loading=\"lazy\" decoding=\"async\" title=\"\" src=\"https:\/\/www.casasbahia-imagens.com.br\/html\/conteudo-produto\/38\/55043423\/imagens\/smartphone-motorola-moto-g22_48.jpg\" alt=\"\" width=\"990\" height=\"77\" \/><img loading=\"lazy\" decoding=\"async\" title=\"\" src=\"https:\/\/www.casasbahia-imagens.com.br\/html\/conteudo-produto\/38\/55043423\/imagens\/smartphone-motorola-moto-g22_49.jpg\" alt=\"\" width=\"990\" height=\"76\" \/><img loading=\"lazy\" decoding=\"async\" title=\"\" src=\"https:\/\/www.casasbahia-imagens.com.br\/html\/conteudo-produto\/38\/55043423\/imagens\/smartphone-motorola-moto-g22_50.jpg\" alt=\"\" width=\"990\" height=\"77\" \/><\/p>\n<\/div>\n<p><strong><em>Imagens meramente ilustrativas<\/em><\/strong><\/p>\n<\/div>\n<\/div>\n<\/div>\n<\/div>\n<\/div>\n<\/div>\n<div>\n<div id=\"product-description\">O Motorola Moto G22 possui sistema Quad C\u00e2mera avan\u00e7ado, tela Max Vision de alta resolu\u00e7\u00e3o e bateria de longa dura\u00e7\u00e3o. Tudo o que voc\u00ea sempre quis e muito mais. Tire fotos mais claras e n\u00edtidas em qualquer ilumina\u00e7\u00e3o e \u00e2ngulo, com um sistema de c\u00e2mera de 50 MP. Fa\u00e7a selfies incr\u00edveis tanto de dia quanto de noite com a c\u00e2mera frontal de 16 MP. N\u00e3o se preocupe com espa\u00e7o para armazenar suas fotos. O Moto G22 tem 128GB de espa\u00e7o interno e possibilidade de expandir at\u00e9 1TB com um cart\u00e3o Micro SD. Realize suas tarefas com agilidade e rode os seus aplicativos favoritos tranquilamente com processador Octa Core.<\/div>\n<\/div>\n","protected":false},"excerpt":{"rendered":"<p>Imagens meramente ilustrativas O Motorola Moto G22 possui sistema Quad C\u00e2mera avan\u00e7ado, tela Max Vision de alta resolu\u00e7\u00e3o e bateria de longa dura\u00e7\u00e3o. Tudo o que voc\u00ea sempre quis e muito mais. Tire fotos mais claras e n\u00edtidas em qualquer ilumina\u00e7\u00e3o e \u00e2ngulo, com um sistema de c\u00e2mera de 50 MP. Fa\u00e7a selfies incr\u00edveis tanto de dia quanto de noite com a c\u00e2mera frontal de 16 MP. N\u00e3o se preocupe com espa\u00e7o para armazenar suas fotos. O Moto G22 tem 128GB de espa\u00e7o interno e possibilidade de expandir at\u00e9 1TB com um cart\u00e3o Micro SD. Realize suas tarefas com agilidade e rode os seus aplicativos favoritos tranquilamente com processador Octa Core.<\/p>\n","protected":false},"featured_media":743,"template":"","meta":{"_uag_custom_page_level_css":"","site-sidebar-layout":"default","site-content-layout":"default","ast-site-content-layout":"default","site-content-style":"default","site-sidebar-style":"default","ast-global-header-display":"","ast-banner-title-visibility":"","ast-main-header-display":"","ast-hfb-above-header-display":"","ast-hfb-below-header-display":"","ast-hfb-mobile-header-display":"","site-post-title":"","ast-breadcrumbs-content":"","ast-featured-img":"","footer-sml-layout":"","theme-transparent-header-meta":"default","adv-header-id-meta":"","stick-header-meta":"","header-above-stick-meta":"","header-main-stick-meta":"","header-below-stick-meta":"","astra-migrate-meta-layouts":"default","ast-page-background-enabled":"default","ast-page-background-meta":{"desktop":{"background-color":"","background-image":"","background-repeat":"repeat","background-position":"center center","background-size":"auto","background-attachment":"scroll","background-type":"","background-media":"","overlay-type":"","overlay-color":"","overlay-opacity":"","overlay-gradient":""},"tablet":{"background-color":"","background-image":"","background-repeat":"repeat","background-position":"center center","background-size":"auto","background-attachment":"scroll","background-type":"","background-media":"","overlay-type":"","overlay-color":"","overlay-opacity":"","overlay-gradient":""},"mobile":{"background-color":"","background-image":"","background-repeat":"repeat","background-position":"center center","background-size":"auto","background-attachment":"scroll","background-type":"","background-media":"","overlay-type":"","overlay-color":"","overlay-opacity":"","overlay-gradient":""}},"ast-content-background-meta":{"desktop":{"background-color":"var(--ast-global-color-5)","background-image":"","background-repeat":"repeat","background-position":"center center","background-size":"auto","background-attachment":"scroll","background-type":"","background-media":"","overlay-type":"","overlay-color":"","overlay-opacity":"","overlay-gradient":""},"tablet":{"background-color":"var(--ast-global-color-5)","background-image":"","background-repeat":"repeat","background-position":"center center","background-size":"auto","background-attachment":"scroll","background-type":"","background-media":"","overlay-type":"","overlay-color":"","overlay-opacity":"","overlay-gradient":""},"mobile":{"background-color":"var(--ast-global-color-5)","background-image":"","background-repeat":"repeat","background-position":"center center","background-size":"auto","background-attachment":"scroll","background-type":"","background-media":"","overlay-type":"","overlay-color":"","overlay-opacity":"","overlay-gradient":""}}},"product_brand":[],"product_cat":[23,35],"product_tag":[143,91,141,142,140,90],"class_list":{"0":"post-742","1":"product","2":"type-product","3":"status-publish","4":"has-post-thumbnail","6":"product_cat-celulares-e-tablets","7":"product_cat-smartphone","8":"product_tag-android","9":"product_tag-celular","10":"product_tag-moto-g","11":"product_tag-moto-g22","12":"product_tag-motorola","13":"product_tag-smartphone","14":"desktop-align-center","15":"tablet-align-left","16":"mobile-align-center","18":"first","19":"instock","20":"sale","21":"shipping-taxable","22":"product-type-external"},"uagb_featured_image_src":{"full":["https:\/\/promocaododia.com.br\/site\/wp-content\/uploads\/2022\/10\/Smartphone-Motorola-Moto-G22-Azul-128GB-4GB-RAM-Tela-de-6.5-Camera-Traseira-Quadrupla-Android-12-Processador-Octa-Core-2.3-GHz.jpg",600,600,false],"thumbnail":["https:\/\/promocaododia.com.br\/site\/wp-content\/uploads\/2022\/10\/Smartphone-Motorola-Moto-G22-Azul-128GB-4GB-RAM-Tela-de-6.5-Camera-Traseira-Quadrupla-Android-12-Processador-Octa-Core-2.3-GHz-150x150.jpg",150,150,true],"medium":["https:\/\/promocaododia.com.br\/site\/wp-content\/uploads\/2022\/10\/Smartphone-Motorola-Moto-G22-Azul-128GB-4GB-RAM-Tela-de-6.5-Camera-Traseira-Quadrupla-Android-12-Processador-Octa-Core-2.3-GHz-300x300.jpg",300,300,true],"medium_large":["https:\/\/promocaododia.com.br\/site\/wp-content\/uploads\/2022\/10\/Smartphone-Motorola-Moto-G22-Azul-128GB-4GB-RAM-Tela-de-6.5-Camera-Traseira-Quadrupla-Android-12-Processador-Octa-Core-2.3-GHz.jpg",600,600,false],"large":["https:\/\/promocaododia.com.br\/site\/wp-content\/uploads\/2022\/10\/Smartphone-Motorola-Moto-G22-Azul-128GB-4GB-RAM-Tela-de-6.5-Camera-Traseira-Quadrupla-Android-12-Processador-Octa-Core-2.3-GHz.jpg",600,600,false],"1536x1536":["https:\/\/promocaododia.com.br\/site\/wp-content\/uploads\/2022\/10\/Smartphone-Motorola-Moto-G22-Azul-128GB-4GB-RAM-Tela-de-6.5-Camera-Traseira-Quadrupla-Android-12-Processador-Octa-Core-2.3-GHz.jpg",600,600,false],"2048x2048":["https:\/\/promocaododia.com.br\/site\/wp-content\/uploads\/2022\/10\/Smartphone-Motorola-Moto-G22-Azul-128GB-4GB-RAM-Tela-de-6.5-Camera-Traseira-Quadrupla-Android-12-Processador-Octa-Core-2.3-GHz.jpg",600,600,false],"woocommerce_thumbnail":["https:\/\/promocaododia.com.br\/site\/wp-content\/uploads\/2022\/10\/Smartphone-Motorola-Moto-G22-Azul-128GB-4GB-RAM-Tela-de-6.5-Camera-Traseira-Quadrupla-Android-12-Processador-Octa-Core-2.3-GHz-250x250.jpg",250,250,true],"woocommerce_single":["https:\/\/promocaododia.com.br\/site\/wp-content\/uploads\/2022\/10\/Smartphone-Motorola-Moto-G22-Azul-128GB-4GB-RAM-Tela-de-6.5-Camera-Traseira-Quadrupla-Android-12-Processador-Octa-Core-2.3-GHz-250x250.jpg",250,250,true],"woocommerce_gallery_thumbnail":["https:\/\/promocaododia.com.br\/site\/wp-content\/uploads\/2022\/10\/Smartphone-Motorola-Moto-G22-Azul-128GB-4GB-RAM-Tela-de-6.5-Camera-Traseira-Quadrupla-Android-12-Processador-Octa-Core-2.3-GHz-100x100.jpg",100,100,true]},"uagb_author_info":{"display_name":"danilo.gbr","author_link":"https:\/\/promocaododia.com.br\/site\/author\/"},"uagb_comment_info":0,"uagb_excerpt":"Imagens meramente ilustrativas O Motorola Moto G22 possui sistema Quad C\u00e2mera avan\u00e7ado, tela Max Vision de alta resolu\u00e7\u00e3o e bateria de longa dura\u00e7\u00e3o. Tudo o que voc\u00ea sempre quis e muito mais. Tire fotos mais claras e n\u00edtidas em qualquer ilumina\u00e7\u00e3o e \u00e2ngulo, com um sistema de c\u00e2mera de 50 MP. Fa\u00e7a selfies incr\u00edveis tanto&hellip;","_links":{"self":[{"href":"https:\/\/promocaododia.com.br\/site\/wp-json\/wp\/v2\/product\/742","targetHints":{"allow":["GET"]}}],"collection":[{"href":"https:\/\/promocaododia.com.br\/site\/wp-json\/wp\/v2\/product"}],"about":[{"href":"https:\/\/promocaododia.com.br\/site\/wp-json\/wp\/v2\/types\/product"}],"wp:featuredmedia":[{"embeddable":true,"href":"https:\/\/promocaododia.com.br\/site\/wp-json\/wp\/v2\/media\/743"}],"wp:attachment":[{"href":"https:\/\/promocaododia.com.br\/site\/wp-json\/wp\/v2\/media?parent=742"}],"wp:term":[{"taxonomy":"product_brand","embeddable":true,"href":"https:\/\/promocaododia.com.br\/site\/wp-json\/wp\/v2\/product_brand?post=742"},{"taxonomy":"product_cat","embeddable":true,"href":"https:\/\/promocaododia.com.br\/site\/wp-json\/wp\/v2\/product_cat?post=742"},{"taxonomy":"product_tag","embeddable":true,"href":"https:\/\/promocaododia.com.br\/site\/wp-json\/wp\/v2\/product_tag?post=742"}],"curies":[{"name":"wp","href":"https:\/\/api.w.org\/{rel}","templated":true}]}}