{"id":744,"date":"2022-10-23T18:32:39","date_gmt":"2022-10-23T21:32:39","guid":{"rendered":"https:\/\/promocaododia.com.br\/site\/?post_type=product&#038;p=744"},"modified":"2022-10-23T18:32:39","modified_gmt":"2022-10-23T21:32:39","slug":"elseve-hidra-hialuronico-kit-shampoo-condicionador-creme-de-pentear-mascara-creme-noturno-elseve","status":"publish","type":"product","link":"https:\/\/promocaododia.com.br\/site\/produto\/elseve-hidra-hialuronico-kit-shampoo-condicionador-creme-de-pentear-mascara-creme-noturno-elseve\/","title":{"rendered":"Els\u00e9ve Hidra Hialur\u00f4nico Kit &#8211; Shampoo + Condicionador + Creme de Pentear + M\u00e1scara + Creme Noturno &#8211; Elseve"},"content":{"rendered":"<table class=\"tab descricao\">\n<tbody>\n<tr class=\"attribute level1\">\n<td>O kit cont\u00e9m: 1 Shampoo Els\u00e9ve Hidra Hialur\u00f4nico &#8211; 400ml 1 Condicionador Els\u00e9ve Hidra Hialur\u00f4nico &#8211; 400ml 1 Creme para Pentear Els\u00e9ve Hidra Hialur\u00f4nico &#8211; 250ml 1 M\u00e1scara de Hidrata\u00e7\u00e3o Els\u00e9ve Hidra Hialur\u00f4nico &#8211; 300g 1 Creme de Hidrata\u00e7\u00e3o Noturna Els\u00e9ve Hidra Hialur\u00f4nico &#8211; 200ml Shampoo Els\u00e9ve Hidra Hialur\u00f4nico Preenche o cabelo com hidrata\u00e7\u00e3o profunda para um cabelo leve e solto. Cabelos Hidratados; Cabelos Saud\u00e1veis; Shampoo hidratante; Sem Frizz. Modo de Uso: Aplique nos cabelos molhados e massageie suavemente. Enx\u00e1gue. Repita a opera\u00e7\u00e3o se necess\u00e1rio. Benef\u00edcios \u2022 Limpeza Profunda; \u2022 Hidrata\u00e7\u00e3o; \u2022 Preenche a fibra capilar; \u2022 Cabelos Leves, soltos e Saud\u00e1veis. Condicionador Els\u00e9ve Hidra Hialur\u00f4nico: Hidrata profundamente, desembara\u00e7a e sela o cabelo. Para um cabelo leve e solto. Cabelos Hidratados; Cabelos Saud\u00e1veis; Condicionador Selador; Condicionador Hidratante; Sem Frizz. Modo de Uso: Aplique em todo o comprimento, at\u00e9 as pontas. Deixe o produto agir e enx\u00e1gue abundantemente. Benef\u00edcios \u2022 Hidrata\u00e7\u00e3o Profunda; \u2022 Controla o frizz; \u2022 Desembara\u00e7a os fios; \u2022 Sela as cut\u00edculas; \u2022 Maciez; \u2022 Cabelos Leves, soltos e Saud\u00e1veis. Creme para Pentear Els\u00e9ve Hidra Hialur\u00f4nico: Hidrata, protege e d\u00e1 brilho. 72 Horas de frizz controlado! Para um cabelo leve e solto. Cabelos Hidratados; Cabelos Saud\u00e1veis; Condicionador Selador; Condicionador Hidratante; Sem Frizz. Modo de Uso: Aplique sobre o cabelo \u00famido ou seco. N\u00e3o enx\u00e1gue e penteie como de costume. Benef\u00edcios \u2022 Hidrata\u00e7\u00e3o Profunda; \u2022 Elimina o frizz; \u2022 Desembara\u00e7a os fios; \u2022 Sela e previne contra pontas duplas; \u2022 Brilho intenso sem pesar; \u2022 Cabelos Leves, soltos e Saud\u00e1veis. M\u00e1scara de Hidrata\u00e7\u00e3o Els\u00e9ve Hidra Hialur\u00f4nico: Hidrata Profundamente, suaviza e d\u00e1 brilho. Para cabelos leves e soltos. Cabelos Hidratados; Cabelos Saud\u00e1veis; Condicionador Selador; Condicionador Hidratante; Sem Frizz Modo de Uso: Aplique nos fios lavados e \u00famidos e deixe agir por 5 minutos. Enx\u00e1gue bem. Benef\u00edcios \u2022 Hidrata\u00e7\u00e3o Profunda; \u2022 Elimina o frizz; \u2022 Desembara\u00e7a os fios; \u2022 Brilho intenso sem pesar; \u2022 Cabelos Leves, soltos e Saud\u00e1veis. Creme de Hidrata\u00e7\u00e3o Noturna Els\u00e9ve Hidro Hialur\u00f4nico: 4 vezes mais hidrata\u00e7\u00e3o e maciez sem pesar. Para cabelos leves e soltos. Cabelos Hidratados; Cabelos Saud\u00e1veis; Extermina Frizz; Sem Frizz; Alinhado; Creme noturno; Hidrata\u00e7\u00e3o Noturna. Modo de Uso: Aplique no comprimento e nas pontas do cabelo e deixe agir durante a noite. No dia seguinte, a lavagem do cabelo \u00e9 opcional. Benef\u00edcios: \u2022 Hidrata\u00e7\u00e3o Profunda; \u2022 Controla o frizz; \u2022 Desembara\u00e7a os fios; \u2022 Sela as cut\u00edculas; \u2022 Maciez.<\/td>\n<\/tr>\n<\/tbody>\n<\/table>\n","protected":false},"excerpt":{"rendered":"<p>O kit cont\u00e9m: 1 Shampoo Els\u00e9ve Hidra Hialur\u00f4nico &#8211; 400ml 1 Condicionador Els\u00e9ve Hidra Hialur\u00f4nico &#8211; 400ml 1 Creme para Pentear Els\u00e9ve Hidra Hialur\u00f4nico &#8211; 250ml 1 M\u00e1scara de Hidrata\u00e7\u00e3o Els\u00e9ve Hidra Hialur\u00f4nico &#8211; 300g 1 Creme de Hidrata\u00e7\u00e3o Noturna Els\u00e9ve Hidra Hialur\u00f4nico &#8211; 200ml Shampoo Els\u00e9ve Hidra Hialur\u00f4nico Preenche o cabelo com hidrata\u00e7\u00e3o profunda para um cabelo leve e solto. Cabelos Hidratados; Cabelos Saud\u00e1veis; Shampoo hidratante; Sem Frizz. Modo de Uso: Aplique nos cabelos molhados e massageie suavemente. Enx\u00e1gue. Repita a opera\u00e7\u00e3o se necess\u00e1rio. Benef\u00edcios \u2022 Limpeza Profunda; \u2022 Hidrata\u00e7\u00e3o; \u2022 Preenche a fibra capilar; \u2022 Cabelos Leves, soltos e Saud\u00e1veis. Condicionador Els\u00e9ve Hidra Hialur\u00f4nico: Hidrata profundamente, desembara\u00e7a e sela o cabelo. Para um cabelo leve e solto. Cabelos Hidratados; Cabelos Saud\u00e1veis; Condicionador Selador; Condicionador Hidratante; Sem Frizz. Modo de Uso: Aplique em todo o comprimento, at\u00e9 as pontas. Deixe o produto agir e enx\u00e1gue abundantemente. Benef\u00edcios \u2022 Hidrata\u00e7\u00e3o Profunda; \u2022 Controla o frizz; \u2022 Desembara\u00e7a os fios; \u2022 Sela as cut\u00edculas; \u2022 Maciez; \u2022 Cabelos Leves, soltos e Saud\u00e1veis. Creme para Pentear Els\u00e9ve Hidra Hialur\u00f4nico: Hidrata, protege e d\u00e1 brilho. 72 Horas de frizz controlado! Para um cabelo leve e solto. Cabelos Hidratados; Cabelos Saud\u00e1veis; Condicionador Selador; Condicionador Hidratante; Sem Frizz. Modo de Uso: Aplique sobre o cabelo \u00famido ou seco. N\u00e3o enx\u00e1gue e penteie como de costume. Benef\u00edcios \u2022 Hidrata\u00e7\u00e3o Profunda; \u2022 Elimina o frizz; \u2022 Desembara\u00e7a os fios; \u2022 Sela e previne contra pontas duplas; \u2022 Brilho intenso sem pesar; \u2022 Cabelos Leves, soltos e Saud\u00e1veis. M\u00e1scara de Hidrata\u00e7\u00e3o Els\u00e9ve Hidra Hialur\u00f4nico: Hidrata Profundamente, suaviza e d\u00e1 brilho. Para cabelos leves e soltos. Cabelos Hidratados; Cabelos Saud\u00e1veis; Condicionador Selador; Condicionador Hidratante; Sem Frizz Modo de Uso: Aplique nos fios lavados e \u00famidos e deixe agir por 5 minutos. Enx\u00e1gue bem. Benef\u00edcios \u2022 Hidrata\u00e7\u00e3o Profunda; \u2022 Elimina o frizz; \u2022 Desembara\u00e7a os fios; \u2022 Brilho intenso sem pesar; \u2022 Cabelos Leves, soltos e Saud\u00e1veis. Creme de Hidrata\u00e7\u00e3o Noturna Els\u00e9ve Hidro Hialur\u00f4nico: 4 vezes mais hidrata\u00e7\u00e3o e maciez sem pesar. Para cabelos leves e soltos. Cabelos Hidratados; Cabelos Saud\u00e1veis; Extermina Frizz; Sem Frizz; Alinhado; Creme noturno; Hidrata\u00e7\u00e3o Noturna. Modo de Uso: Aplique no comprimento e nas pontas do cabelo e deixe agir durante a noite. No dia seguinte, a lavagem do cabelo \u00e9 opcional. Benef\u00edcios: \u2022 Hidrata\u00e7\u00e3o Profunda; \u2022 Controla o frizz; \u2022 Desembara\u00e7a os fios; \u2022 Sela as cut\u00edculas; \u2022 Maciez.<\/p>\n","protected":false},"featured_media":745,"template":"","meta":{"_uag_custom_page_level_css":"","site-sidebar-layout":"default","site-content-layout":"default","ast-site-content-layout":"default","site-content-style":"default","site-sidebar-style":"default","ast-global-header-display":"","ast-banner-title-visibility":"","ast-main-header-display":"","ast-hfb-above-header-display":"","ast-hfb-below-header-display":"","ast-hfb-mobile-header-display":"","site-post-title":"","ast-breadcrumbs-content":"","ast-featured-img":"","footer-sml-layout":"","theme-transparent-header-meta":"default","adv-header-id-meta":"","stick-header-meta":"","header-above-stick-meta":"","header-main-stick-meta":"","header-below-stick-meta":"","astra-migrate-meta-layouts":"default","ast-page-background-enabled":"default","ast-page-background-meta":{"desktop":{"background-color":"","background-image":"","background-repeat":"repeat","background-position":"center center","background-size":"auto","background-attachment":"scroll","background-type":"","background-media":"","overlay-type":"","overlay-color":"","overlay-opacity":"","overlay-gradient":""},"tablet":{"background-color":"","background-image":"","background-repeat":"repeat","background-position":"center center","background-size":"auto","background-attachment":"scroll","background-type":"","background-media":"","overlay-type":"","overlay-color":"","overlay-opacity":"","overlay-gradient":""},"mobile":{"background-color":"","background-image":"","background-repeat":"repeat","background-position":"center center","background-size":"auto","background-attachment":"scroll","background-type":"","background-media":"","overlay-type":"","overlay-color":"","overlay-opacity":"","overlay-gradient":""}},"ast-content-background-meta":{"desktop":{"background-color":"var(--ast-global-color-5)","background-image":"","background-repeat":"repeat","background-position":"center center","background-size":"auto","background-attachment":"scroll","background-type":"","background-media":"","overlay-type":"","overlay-color":"","overlay-opacity":"","overlay-gradient":""},"tablet":{"background-color":"var(--ast-global-color-5)","background-image":"","background-repeat":"repeat","background-position":"center center","background-size":"auto","background-attachment":"scroll","background-type":"","background-media":"","overlay-type":"","overlay-color":"","overlay-opacity":"","overlay-gradient":""},"mobile":{"background-color":"var(--ast-global-color-5)","background-image":"","background-repeat":"repeat","background-position":"center center","background-size":"auto","background-attachment":"scroll","background-type":"","background-media":"","overlay-type":"","overlay-color":"","overlay-opacity":"","overlay-gradient":""}}},"product_brand":[],"product_cat":[33,144],"product_tag":[147,150,148,151,145,152,149,146],"class_list":{"0":"post-744","1":"product","2":"type-product","3":"status-publish","4":"has-post-thumbnail","6":"product_cat-beleza-e-perfumaria","7":"product_cat-higiene-pessoal","8":"product_tag-condicionador","9":"product_tag-creme-noturno","10":"product_tag-creme-para-pentear","11":"product_tag-elseve","12":"product_tag-higiene-pessoal","13":"product_tag-loreal","14":"product_tag-mascara","15":"product_tag-shampoo","16":"desktop-align-center","17":"tablet-align-left","18":"mobile-align-center","20":"first","21":"instock","22":"shipping-taxable","23":"product-type-external"},"uagb_featured_image_src":{"full":["https:\/\/promocaododia.com.br\/site\/wp-content\/uploads\/2022\/10\/Elseve-Hidra-Hialuronico-Kit-Shampoo-Condicionador-Creme-de-Pentear-Mascara-Creme-Noturno-Elseve.jpg",600,600,false],"thumbnail":["https:\/\/promocaododia.com.br\/site\/wp-content\/uploads\/2022\/10\/Elseve-Hidra-Hialuronico-Kit-Shampoo-Condicionador-Creme-de-Pentear-Mascara-Creme-Noturno-Elseve-150x150.jpg",150,150,true],"medium":["https:\/\/promocaododia.com.br\/site\/wp-content\/uploads\/2022\/10\/Elseve-Hidra-Hialuronico-Kit-Shampoo-Condicionador-Creme-de-Pentear-Mascara-Creme-Noturno-Elseve-300x300.jpg",300,300,true],"medium_large":["https:\/\/promocaododia.com.br\/site\/wp-content\/uploads\/2022\/10\/Elseve-Hidra-Hialuronico-Kit-Shampoo-Condicionador-Creme-de-Pentear-Mascara-Creme-Noturno-Elseve.jpg",600,600,false],"large":["https:\/\/promocaododia.com.br\/site\/wp-content\/uploads\/2022\/10\/Elseve-Hidra-Hialuronico-Kit-Shampoo-Condicionador-Creme-de-Pentear-Mascara-Creme-Noturno-Elseve.jpg",600,600,false],"1536x1536":["https:\/\/promocaododia.com.br\/site\/wp-content\/uploads\/2022\/10\/Elseve-Hidra-Hialuronico-Kit-Shampoo-Condicionador-Creme-de-Pentear-Mascara-Creme-Noturno-Elseve.jpg",600,600,false],"2048x2048":["https:\/\/promocaododia.com.br\/site\/wp-content\/uploads\/2022\/10\/Elseve-Hidra-Hialuronico-Kit-Shampoo-Condicionador-Creme-de-Pentear-Mascara-Creme-Noturno-Elseve.jpg",600,600,false],"woocommerce_thumbnail":["https:\/\/promocaododia.com.br\/site\/wp-content\/uploads\/2022\/10\/Elseve-Hidra-Hialuronico-Kit-Shampoo-Condicionador-Creme-de-Pentear-Mascara-Creme-Noturno-Elseve-250x250.jpg",250,250,true],"woocommerce_single":["https:\/\/promocaododia.com.br\/site\/wp-content\/uploads\/2022\/10\/Elseve-Hidra-Hialuronico-Kit-Shampoo-Condicionador-Creme-de-Pentear-Mascara-Creme-Noturno-Elseve-250x250.jpg",250,250,true],"woocommerce_gallery_thumbnail":["https:\/\/promocaododia.com.br\/site\/wp-content\/uploads\/2022\/10\/Elseve-Hidra-Hialuronico-Kit-Shampoo-Condicionador-Creme-de-Pentear-Mascara-Creme-Noturno-Elseve-100x100.jpg",100,100,true]},"uagb_author_info":{"display_name":"danilo.gbr","author_link":"https:\/\/promocaododia.com.br\/site\/author\/"},"uagb_comment_info":0,"uagb_excerpt":"O kit cont\u00e9m: 1 Shampoo Els\u00e9ve Hidra Hialur\u00f4nico &#8211; 400ml 1 Condicionador Els\u00e9ve Hidra Hialur\u00f4nico &#8211; 400ml 1 Creme para Pentear Els\u00e9ve Hidra Hialur\u00f4nico &#8211; 250ml 1 M\u00e1scara de Hidrata\u00e7\u00e3o Els\u00e9ve Hidra Hialur\u00f4nico &#8211; 300g 1 Creme de Hidrata\u00e7\u00e3o Noturna Els\u00e9ve Hidra Hialur\u00f4nico &#8211; 200ml Shampoo Els\u00e9ve Hidra Hialur\u00f4nico Preenche o cabelo com hidrata\u00e7\u00e3o profunda&hellip;","_links":{"self":[{"href":"https:\/\/promocaododia.com.br\/site\/wp-json\/wp\/v2\/product\/744","targetHints":{"allow":["GET"]}}],"collection":[{"href":"https:\/\/promocaododia.com.br\/site\/wp-json\/wp\/v2\/product"}],"about":[{"href":"https:\/\/promocaododia.com.br\/site\/wp-json\/wp\/v2\/types\/product"}],"wp:featuredmedia":[{"embeddable":true,"href":"https:\/\/promocaododia.com.br\/site\/wp-json\/wp\/v2\/media\/745"}],"wp:attachment":[{"href":"https:\/\/promocaododia.com.br\/site\/wp-json\/wp\/v2\/media?parent=744"}],"wp:term":[{"taxonomy":"product_brand","embeddable":true,"href":"https:\/\/promocaododia.com.br\/site\/wp-json\/wp\/v2\/product_brand?post=744"},{"taxonomy":"product_cat","embeddable":true,"href":"https:\/\/promocaododia.com.br\/site\/wp-json\/wp\/v2\/product_cat?post=744"},{"taxonomy":"product_tag","embeddable":true,"href":"https:\/\/promocaododia.com.br\/site\/wp-json\/wp\/v2\/product_tag?post=744"}],"curies":[{"name":"wp","href":"https:\/\/api.w.org\/{rel}","templated":true}]}}