{"id":753,"date":"2022-10-24T07:42:32","date_gmt":"2022-10-24T10:42:32","guid":{"rendered":"https:\/\/promocaododia.com.br\/site\/?post_type=product&#038;p=753"},"modified":"2022-10-24T07:47:24","modified_gmt":"2022-10-24T10:47:24","slug":"pilha-alcalina-aa-pequena-duracell-16-unidades","status":"publish","type":"product","link":"https:\/\/promocaododia.com.br\/site\/produto\/pilha-alcalina-aa-pequena-duracell-16-unidades\/","title":{"rendered":"Pilha Alcalina AA Pequena Duracell <\/BR>16 Unidades"},"content":{"rendered":"<p>Pilha Alcalina Duracell dura at\u00e9 10 vezes mais. Projetadas para fornecer aquela energia extra, a pilha MN1500B16 est\u00e1 dispon\u00edvel no tamanho AA. As pilhas B\u00e1sicas AA proporcionam energia confi\u00e1vel aos seus dispositivos do dia a dia, como brinquedos motorizados, lanternas, consoles de jogos port\u00e1teis, controles remotos, CD players, etc. E sabe o que eu achei bem legal?! O Econopack proporciona voc\u00ea comprar 16 pilhas com o melhor pre\u00e7o.<\/p>\n","protected":false},"excerpt":{"rendered":"<p>Pilha Alcalina Duracell dura at\u00e9 10 vezes mais. Projetadas para fornecer aquela energia extra, a pilha MN1500B16 est\u00e1 dispon\u00edvel no tamanho AA. As pilhas B\u00e1sicas AA proporcionam energia confi\u00e1vel aos seus dispositivos do dia a dia, como brinquedos motorizados, lanternas, consoles de jogos port\u00e1teis, controles remotos, CD players, etc. E sabe o que eu achei bem legal?! O Econopack proporciona voc\u00ea comprar 16 pilhas com o melhor pre\u00e7o.<\/p>\n","protected":false},"featured_media":754,"template":"","meta":{"_uag_custom_page_level_css":"","site-sidebar-layout":"default","site-content-layout":"default","ast-site-content-layout":"default","site-content-style":"default","site-sidebar-style":"default","ast-global-header-display":"","ast-banner-title-visibility":"","ast-main-header-display":"","ast-hfb-above-header-display":"","ast-hfb-below-header-display":"","ast-hfb-mobile-header-display":"","site-post-title":"","ast-breadcrumbs-content":"","ast-featured-img":"","footer-sml-layout":"","theme-transparent-header-meta":"default","adv-header-id-meta":"","stick-header-meta":"","header-above-stick-meta":"","header-main-stick-meta":"","header-below-stick-meta":"","astra-migrate-meta-layouts":"default","ast-page-background-enabled":"default","ast-page-background-meta":{"desktop":{"background-color":"","background-image":"","background-repeat":"repeat","background-position":"center center","background-size":"auto","background-attachment":"scroll","background-type":"","background-media":"","overlay-type":"","overlay-color":"","overlay-opacity":"","overlay-gradient":""},"tablet":{"background-color":"","background-image":"","background-repeat":"repeat","background-position":"center center","background-size":"auto","background-attachment":"scroll","background-type":"","background-media":"","overlay-type":"","overlay-color":"","overlay-opacity":"","overlay-gradient":""},"mobile":{"background-color":"","background-image":"","background-repeat":"repeat","background-position":"center center","background-size":"auto","background-attachment":"scroll","background-type":"","background-media":"","overlay-type":"","overlay-color":"","overlay-opacity":"","overlay-gradient":""}},"ast-content-background-meta":{"desktop":{"background-color":"var(--ast-global-color-5)","background-image":"","background-repeat":"repeat","background-position":"center center","background-size":"auto","background-attachment":"scroll","background-type":"","background-media":"","overlay-type":"","overlay-color":"","overlay-opacity":"","overlay-gradient":""},"tablet":{"background-color":"var(--ast-global-color-5)","background-image":"","background-repeat":"repeat","background-position":"center center","background-size":"auto","background-attachment":"scroll","background-type":"","background-media":"","overlay-type":"","overlay-color":"","overlay-opacity":"","overlay-gradient":""},"mobile":{"background-color":"var(--ast-global-color-5)","background-image":"","background-repeat":"repeat","background-position":"center center","background-size":"auto","background-attachment":"scroll","background-type":"","background-media":"","overlay-type":"","overlay-color":"","overlay-opacity":"","overlay-gradient":""}}},"product_brand":[],"product_cat":[153],"product_tag":[156,157,155,119,154],"class_list":{"0":"post-753","1":"product","2":"type-product","3":"status-publish","4":"has-post-thumbnail","6":"product_cat-casa-e-construcao","7":"product_tag-alcalina","8":"product_tag-bateria","9":"product_tag-duracell","10":"product_tag-kit","11":"product_tag-pilhas","12":"desktop-align-center","13":"tablet-align-left","14":"mobile-align-center","16":"first","17":"instock","18":"sale","19":"shipping-taxable","20":"product-type-external"},"uagb_featured_image_src":{"full":["https:\/\/promocaododia.com.br\/site\/wp-content\/uploads\/2022\/10\/Pilha-Alcalina-AA-Pequena-Duracell-16-Unidades.jpg",600,600,false],"thumbnail":["https:\/\/promocaododia.com.br\/site\/wp-content\/uploads\/2022\/10\/Pilha-Alcalina-AA-Pequena-Duracell-16-Unidades-150x150.jpg",150,150,true],"medium":["https:\/\/promocaododia.com.br\/site\/wp-content\/uploads\/2022\/10\/Pilha-Alcalina-AA-Pequena-Duracell-16-Unidades-300x300.jpg",300,300,true],"medium_large":["https:\/\/promocaododia.com.br\/site\/wp-content\/uploads\/2022\/10\/Pilha-Alcalina-AA-Pequena-Duracell-16-Unidades.jpg",600,600,false],"large":["https:\/\/promocaododia.com.br\/site\/wp-content\/uploads\/2022\/10\/Pilha-Alcalina-AA-Pequena-Duracell-16-Unidades.jpg",600,600,false],"1536x1536":["https:\/\/promocaododia.com.br\/site\/wp-content\/uploads\/2022\/10\/Pilha-Alcalina-AA-Pequena-Duracell-16-Unidades.jpg",600,600,false],"2048x2048":["https:\/\/promocaododia.com.br\/site\/wp-content\/uploads\/2022\/10\/Pilha-Alcalina-AA-Pequena-Duracell-16-Unidades.jpg",600,600,false],"woocommerce_thumbnail":["https:\/\/promocaododia.com.br\/site\/wp-content\/uploads\/2022\/10\/Pilha-Alcalina-AA-Pequena-Duracell-16-Unidades-250x250.jpg",250,250,true],"woocommerce_single":["https:\/\/promocaododia.com.br\/site\/wp-content\/uploads\/2022\/10\/Pilha-Alcalina-AA-Pequena-Duracell-16-Unidades-250x250.jpg",250,250,true],"woocommerce_gallery_thumbnail":["https:\/\/promocaododia.com.br\/site\/wp-content\/uploads\/2022\/10\/Pilha-Alcalina-AA-Pequena-Duracell-16-Unidades-100x100.jpg",100,100,true]},"uagb_author_info":{"display_name":"danilo.gbr","author_link":"https:\/\/promocaododia.com.br\/site\/author\/"},"uagb_comment_info":0,"uagb_excerpt":"Pilha Alcalina Duracell dura at\u00e9 10 vezes mais. Projetadas para fornecer aquela energia extra, a pilha MN1500B16 est\u00e1 dispon\u00edvel no tamanho AA. As pilhas B\u00e1sicas AA proporcionam energia confi\u00e1vel aos seus dispositivos do dia a dia, como brinquedos motorizados, lanternas, consoles de jogos port\u00e1teis, controles remotos, CD players, etc. E sabe o que eu achei&hellip;","_links":{"self":[{"href":"https:\/\/promocaododia.com.br\/site\/wp-json\/wp\/v2\/product\/753","targetHints":{"allow":["GET"]}}],"collection":[{"href":"https:\/\/promocaododia.com.br\/site\/wp-json\/wp\/v2\/product"}],"about":[{"href":"https:\/\/promocaododia.com.br\/site\/wp-json\/wp\/v2\/types\/product"}],"wp:featuredmedia":[{"embeddable":true,"href":"https:\/\/promocaododia.com.br\/site\/wp-json\/wp\/v2\/media\/754"}],"wp:attachment":[{"href":"https:\/\/promocaododia.com.br\/site\/wp-json\/wp\/v2\/media?parent=753"}],"wp:term":[{"taxonomy":"product_brand","embeddable":true,"href":"https:\/\/promocaododia.com.br\/site\/wp-json\/wp\/v2\/product_brand?post=753"},{"taxonomy":"product_cat","embeddable":true,"href":"https:\/\/promocaododia.com.br\/site\/wp-json\/wp\/v2\/product_cat?post=753"},{"taxonomy":"product_tag","embeddable":true,"href":"https:\/\/promocaododia.com.br\/site\/wp-json\/wp\/v2\/product_tag?post=753"}],"curies":[{"name":"wp","href":"https:\/\/api.w.org\/{rel}","templated":true}]}}