{"id":755,"date":"2022-10-24T07:52:47","date_gmt":"2022-10-24T10:52:47","guid":{"rendered":"https:\/\/promocaododia.com.br\/site\/?post_type=product&#038;p=755"},"modified":"2022-10-24T07:52:47","modified_gmt":"2022-10-24T10:52:47","slug":"notebook-acer-aspire-3-intel-core-i3-8gb-256gb-ssd-156-windows-11-a315-56-39up","status":"publish","type":"product","link":"https:\/\/promocaododia.com.br\/site\/produto\/notebook-acer-aspire-3-intel-core-i3-8gb-256gb-ssd-156-windows-11-a315-56-39up\/","title":{"rendered":"Notebook Acer Aspire 3 Intel Core i3 8GB 256GB SSD &#8211; 15,6\u201d Windows 11 A315-56-39UP"},"content":{"rendered":"<p>Desenvolvido para n\u00e3o deixar voc\u00ea parar, o notebook A315-56-39UP Acer Aspire 3 tem a tecnologia que acompanha seu estilo de vida. Equipado com o processador Intel Core i3 1005G1 de 10\u00ba gera\u00e7\u00e3o estudar, trabalhar e se divertir fica mais f\u00e1cil. Seu SSD com capacidade de 256GB, voc\u00ea pode ler e gravar arquivos muito mais r\u00e1pido do que em um HD tradicional. Ap\u00f3s pouco segundos da inicializa\u00e7\u00e3o do sistema operacional, voc\u00ea j\u00e1 tem acesso completo as funcionalidades do seu notebook. Com 8GB de mem\u00f3ria RAM, voc\u00ea ganha mais fluidez em suas a\u00e7\u00f5es no dia a dia. Assistir v\u00eddeos, filmes e s\u00e9ries ser\u00e1 como estar no cinema com a tela de 15,6\u201d HD. A tecnologia Acer ComfyView otimiza o conforto, refletindo menos luz e garantindo uma visualiza\u00e7\u00e3o mais confort\u00e1vel. Para completar vem com Windows 11 Home 64-bits.<\/p>\n","protected":false},"excerpt":{"rendered":"<p>Desenvolvido para n\u00e3o deixar voc\u00ea parar, o notebook A315-56-39UP Acer Aspire 3 tem a tecnologia que acompanha seu estilo de vida. Equipado com o processador Intel Core i3 1005G1 de 10\u00ba gera\u00e7\u00e3o estudar, trabalhar e se divertir fica mais f\u00e1cil. Seu SSD com capacidade de 256GB, voc\u00ea pode ler e gravar arquivos muito mais r\u00e1pido do que em um HD tradicional. Ap\u00f3s pouco segundos da inicializa\u00e7\u00e3o do sistema operacional, voc\u00ea j\u00e1 tem acesso completo as funcionalidades do seu notebook. Com 8GB de mem\u00f3ria RAM, voc\u00ea ganha mais fluidez em suas a\u00e7\u00f5es no dia a dia. Assistir v\u00eddeos, filmes e s\u00e9ries ser\u00e1 como estar no cinema com a tela de 15,6\u201d HD. A tecnologia Acer ComfyView otimiza o conforto, refletindo menos luz e garantindo uma visualiza\u00e7\u00e3o mais confort\u00e1vel. Para completar vem com Windows 11 Home 64-bits.<\/p>\n","protected":false},"featured_media":756,"template":"","meta":{"_uag_custom_page_level_css":"","site-sidebar-layout":"default","site-content-layout":"default","ast-site-content-layout":"default","site-content-style":"default","site-sidebar-style":"default","ast-global-header-display":"","ast-banner-title-visibility":"","ast-main-header-display":"","ast-hfb-above-header-display":"","ast-hfb-below-header-display":"","ast-hfb-mobile-header-display":"","site-post-title":"","ast-breadcrumbs-content":"","ast-featured-img":"","footer-sml-layout":"","theme-transparent-header-meta":"default","adv-header-id-meta":"","stick-header-meta":"","header-above-stick-meta":"","header-main-stick-meta":"","header-below-stick-meta":"","astra-migrate-meta-layouts":"default","ast-page-background-enabled":"default","ast-page-background-meta":{"desktop":{"background-color":"","background-image":"","background-repeat":"repeat","background-position":"center center","background-size":"auto","background-attachment":"scroll","background-type":"","background-media":"","overlay-type":"","overlay-color":"","overlay-opacity":"","overlay-gradient":""},"tablet":{"background-color":"","background-image":"","background-repeat":"repeat","background-position":"center center","background-size":"auto","background-attachment":"scroll","background-type":"","background-media":"","overlay-type":"","overlay-color":"","overlay-opacity":"","overlay-gradient":""},"mobile":{"background-color":"","background-image":"","background-repeat":"repeat","background-position":"center center","background-size":"auto","background-attachment":"scroll","background-type":"","background-media":"","overlay-type":"","overlay-color":"","overlay-opacity":"","overlay-gradient":""}},"ast-content-background-meta":{"desktop":{"background-color":"var(--ast-global-color-5)","background-image":"","background-repeat":"repeat","background-position":"center center","background-size":"auto","background-attachment":"scroll","background-type":"","background-media":"","overlay-type":"","overlay-color":"","overlay-opacity":"","overlay-gradient":""},"tablet":{"background-color":"var(--ast-global-color-5)","background-image":"","background-repeat":"repeat","background-position":"center center","background-size":"auto","background-attachment":"scroll","background-type":"","background-media":"","overlay-type":"","overlay-color":"","overlay-opacity":"","overlay-gradient":""},"mobile":{"background-color":"var(--ast-global-color-5)","background-image":"","background-repeat":"repeat","background-position":"center center","background-size":"auto","background-attachment":"scroll","background-type":"","background-media":"","overlay-type":"","overlay-color":"","overlay-opacity":"","overlay-gradient":""}}},"product_brand":[],"product_cat":[75,62],"product_tag":[158,159,161,162,160,164,163],"class_list":{"0":"post-755","1":"product","2":"type-product","3":"status-publish","4":"has-post-thumbnail","6":"product_cat-informatica-e-acessorios","7":"product_cat-notebook","8":"product_tag-acer","9":"product_tag-aspire","10":"product_tag-core-i3","11":"product_tag-i3","12":"product_tag-intel","13":"product_tag-windows","14":"product_tag-windows-11","15":"desktop-align-center","16":"tablet-align-left","17":"mobile-align-center","19":"first","20":"instock","21":"sale","22":"shipping-taxable","23":"product-type-external"},"uagb_featured_image_src":{"full":["https:\/\/promocaododia.com.br\/site\/wp-content\/uploads\/2022\/10\/Notebook-Acer-Aspire-3-Intel-Core-i3-8GB-256GB-SSD-156-Windows-11-A315-56-39UP.jpg",600,600,false],"thumbnail":["https:\/\/promocaododia.com.br\/site\/wp-content\/uploads\/2022\/10\/Notebook-Acer-Aspire-3-Intel-Core-i3-8GB-256GB-SSD-156-Windows-11-A315-56-39UP-150x150.jpg",150,150,true],"medium":["https:\/\/promocaododia.com.br\/site\/wp-content\/uploads\/2022\/10\/Notebook-Acer-Aspire-3-Intel-Core-i3-8GB-256GB-SSD-156-Windows-11-A315-56-39UP-300x300.jpg",300,300,true],"medium_large":["https:\/\/promocaododia.com.br\/site\/wp-content\/uploads\/2022\/10\/Notebook-Acer-Aspire-3-Intel-Core-i3-8GB-256GB-SSD-156-Windows-11-A315-56-39UP.jpg",600,600,false],"large":["https:\/\/promocaododia.com.br\/site\/wp-content\/uploads\/2022\/10\/Notebook-Acer-Aspire-3-Intel-Core-i3-8GB-256GB-SSD-156-Windows-11-A315-56-39UP.jpg",600,600,false],"1536x1536":["https:\/\/promocaododia.com.br\/site\/wp-content\/uploads\/2022\/10\/Notebook-Acer-Aspire-3-Intel-Core-i3-8GB-256GB-SSD-156-Windows-11-A315-56-39UP.jpg",600,600,false],"2048x2048":["https:\/\/promocaododia.com.br\/site\/wp-content\/uploads\/2022\/10\/Notebook-Acer-Aspire-3-Intel-Core-i3-8GB-256GB-SSD-156-Windows-11-A315-56-39UP.jpg",600,600,false],"woocommerce_thumbnail":["https:\/\/promocaododia.com.br\/site\/wp-content\/uploads\/2022\/10\/Notebook-Acer-Aspire-3-Intel-Core-i3-8GB-256GB-SSD-156-Windows-11-A315-56-39UP-250x250.jpg",250,250,true],"woocommerce_single":["https:\/\/promocaododia.com.br\/site\/wp-content\/uploads\/2022\/10\/Notebook-Acer-Aspire-3-Intel-Core-i3-8GB-256GB-SSD-156-Windows-11-A315-56-39UP-250x250.jpg",250,250,true],"woocommerce_gallery_thumbnail":["https:\/\/promocaododia.com.br\/site\/wp-content\/uploads\/2022\/10\/Notebook-Acer-Aspire-3-Intel-Core-i3-8GB-256GB-SSD-156-Windows-11-A315-56-39UP-100x100.jpg",100,100,true]},"uagb_author_info":{"display_name":"danilo.gbr","author_link":"https:\/\/promocaododia.com.br\/site\/author\/"},"uagb_comment_info":0,"uagb_excerpt":"Desenvolvido para n\u00e3o deixar voc\u00ea parar, o notebook A315-56-39UP Acer Aspire 3 tem a tecnologia que acompanha seu estilo de vida. Equipado com o processador Intel Core i3 1005G1 de 10\u00ba gera\u00e7\u00e3o estudar, trabalhar e se divertir fica mais f\u00e1cil. Seu SSD com capacidade de 256GB, voc\u00ea pode ler e gravar arquivos muito mais r\u00e1pido&hellip;","_links":{"self":[{"href":"https:\/\/promocaododia.com.br\/site\/wp-json\/wp\/v2\/product\/755","targetHints":{"allow":["GET"]}}],"collection":[{"href":"https:\/\/promocaododia.com.br\/site\/wp-json\/wp\/v2\/product"}],"about":[{"href":"https:\/\/promocaododia.com.br\/site\/wp-json\/wp\/v2\/types\/product"}],"wp:featuredmedia":[{"embeddable":true,"href":"https:\/\/promocaododia.com.br\/site\/wp-json\/wp\/v2\/media\/756"}],"wp:attachment":[{"href":"https:\/\/promocaododia.com.br\/site\/wp-json\/wp\/v2\/media?parent=755"}],"wp:term":[{"taxonomy":"product_brand","embeddable":true,"href":"https:\/\/promocaododia.com.br\/site\/wp-json\/wp\/v2\/product_brand?post=755"},{"taxonomy":"product_cat","embeddable":true,"href":"https:\/\/promocaododia.com.br\/site\/wp-json\/wp\/v2\/product_cat?post=755"},{"taxonomy":"product_tag","embeddable":true,"href":"https:\/\/promocaododia.com.br\/site\/wp-json\/wp\/v2\/product_tag?post=755"}],"curies":[{"name":"wp","href":"https:\/\/api.w.org\/{rel}","templated":true}]}}