{"id":763,"date":"2022-10-24T19:29:45","date_gmt":"2022-10-24T22:29:45","guid":{"rendered":"https:\/\/promocaododia.com.br\/site\/?post_type=product&#038;p=763"},"modified":"2022-10-24T19:29:45","modified_gmt":"2022-10-24T22:29:45","slug":"sandalia-macerata-salto-medio-feminina-com-fecho-de-fivela","status":"publish","type":"product","link":"https:\/\/promocaododia.com.br\/site\/produto\/sandalia-macerata-salto-medio-feminina-com-fecho-de-fivela\/","title":{"rendered":"Sand\u00e1lia Macerata Salto M\u00e9dio Feminina com Fecho de Fivela"},"content":{"rendered":"<p>A Macerata \u00e9 uma fabrica de cal\u00e7ados Femininos, que busca trabalhar com materiais sint\u00e9ticos e veganos! Os cal\u00e7ados s\u00e3o perfeitos para todos os momentos. Escolha os cal\u00e7ados que de up que voc\u00ea merece em seu look.- Produto: Salto Quadrado Macerata- G\u00eanero: Feminino- Estilo da Pe\u00e7a: Dia a dia e casual; Festas;- Material Externo: Napa- Peso: 400g- Altura do Solado: 4,5 cm;- Tipo de Bico: Redondo;- Palmilha: Com o carimbo da marca e macia- Embalagem: Cada par vai na sua caixa individualAs medidas s\u00e3o padr\u00f5es, conforme a tabela Brasileira! Ent\u00e3o sempre pe\u00e7a o tamanho que voc\u00ea j\u00e1 est\u00e1 acostumada a usar!TABELA DE MEDIDA (palmilha)Numera\u00e7\u00e3o em cm34 &#8212;&#8212;&#8212;&#8212;&#8212;&#8212;&#8212; 22,4 cm35 &#8212;&#8212;&#8212;&#8212;&#8212;&#8212;&#8212; 23,0 cm36 &#8212;&#8212;&#8212;&#8212;&#8212;&#8212;&#8212; 23,5 cm37 &#8212;&#8212;&#8212;&#8212;&#8212;&#8212;&#8212; 24,2 cm38 &#8212;&#8212;&#8212;&#8212;&#8212;&#8212;&#8212; 24,9 cm39 &#8212;&#8212;&#8212;&#8212;&#8212;&#8212;&#8212; 25,7 cm40&#8212;&#8212;&#8212;&#8212;&#8212;&#8212;&#8212;-26,5 cm<\/p>\n<p>MACERATA<\/p>\n","protected":false},"excerpt":{"rendered":"<p>A Macerata \u00e9 uma fabrica de cal\u00e7ados Femininos, que busca trabalhar com materiais sint\u00e9ticos e veganos! Os cal\u00e7ados s\u00e3o perfeitos para todos os momentos. Escolha os cal\u00e7ados que de up que voc\u00ea merece em seu look.- Produto: Salto Quadrado Macerata- G\u00eanero: Feminino- Estilo da Pe\u00e7a: Dia a dia e casual; Festas;- Material Externo: Napa- Peso: 400g- Altura do Solado: 4,5 cm;- Tipo de Bico: Redondo;- Palmilha: Com o carimbo da marca e macia- Embalagem: Cada par vai na sua caixa individualAs medidas s\u00e3o padr\u00f5es, conforme a tabela Brasileira! Ent\u00e3o sempre pe\u00e7a o tamanho que voc\u00ea j\u00e1 est\u00e1 acostumada a usar!TABELA DE MEDIDA (palmilha)Numera\u00e7\u00e3o em cm34 &#8212;&#8212;&#8212;&#8212;&#8212;&#8212;&#8212; 22,4 cm35 &#8212;&#8212;&#8212;&#8212;&#8212;&#8212;&#8212; 23,0 cm36 &#8212;&#8212;&#8212;&#8212;&#8212;&#8212;&#8212; 23,5 cm37 &#8212;&#8212;&#8212;&#8212;&#8212;&#8212;&#8212; 24,2 cm38 &#8212;&#8212;&#8212;&#8212;&#8212;&#8212;&#8212; 24,9 cm39 &#8212;&#8212;&#8212;&#8212;&#8212;&#8212;&#8212; 25,7 cm40&#8212;&#8212;&#8212;&#8212;&#8212;&#8212;&#8212;-26,5 cm MACERATA<\/p>\n","protected":false},"featured_media":764,"template":"","meta":{"_uag_custom_page_level_css":"","site-sidebar-layout":"default","site-content-layout":"default","ast-site-content-layout":"default","site-content-style":"default","site-sidebar-style":"default","ast-global-header-display":"","ast-banner-title-visibility":"","ast-main-header-display":"","ast-hfb-above-header-display":"","ast-hfb-below-header-display":"","ast-hfb-mobile-header-display":"","site-post-title":"","ast-breadcrumbs-content":"","ast-featured-img":"","footer-sml-layout":"","theme-transparent-header-meta":"default","adv-header-id-meta":"","stick-header-meta":"","header-above-stick-meta":"","header-main-stick-meta":"","header-below-stick-meta":"","astra-migrate-meta-layouts":"default","ast-page-background-enabled":"default","ast-page-background-meta":{"desktop":{"background-color":"","background-image":"","background-repeat":"repeat","background-position":"center center","background-size":"auto","background-attachment":"scroll","background-type":"","background-media":"","overlay-type":"","overlay-color":"","overlay-opacity":"","overlay-gradient":""},"tablet":{"background-color":"","background-image":"","background-repeat":"repeat","background-position":"center center","background-size":"auto","background-attachment":"scroll","background-type":"","background-media":"","overlay-type":"","overlay-color":"","overlay-opacity":"","overlay-gradient":""},"mobile":{"background-color":"","background-image":"","background-repeat":"repeat","background-position":"center center","background-size":"auto","background-attachment":"scroll","background-type":"","background-media":"","overlay-type":"","overlay-color":"","overlay-opacity":"","overlay-gradient":""}},"ast-content-background-meta":{"desktop":{"background-color":"var(--ast-global-color-5)","background-image":"","background-repeat":"repeat","background-position":"center center","background-size":"auto","background-attachment":"scroll","background-type":"","background-media":"","overlay-type":"","overlay-color":"","overlay-opacity":"","overlay-gradient":""},"tablet":{"background-color":"var(--ast-global-color-5)","background-image":"","background-repeat":"repeat","background-position":"center center","background-size":"auto","background-attachment":"scroll","background-type":"","background-media":"","overlay-type":"","overlay-color":"","overlay-opacity":"","overlay-gradient":""},"mobile":{"background-color":"var(--ast-global-color-5)","background-image":"","background-repeat":"repeat","background-position":"center center","background-size":"auto","background-attachment":"scroll","background-type":"","background-media":"","overlay-type":"","overlay-color":"","overlay-opacity":"","overlay-gradient":""}}},"product_brand":[],"product_cat":[179,58,30],"product_tag":[120,185,183,182,184,181,180],"class_list":{"0":"post-763","1":"product","2":"type-product","3":"status-publish","4":"has-post-thumbnail","6":"product_cat-calcados-feminina","7":"product_cat-feminina","8":"product_cat-moda","9":"product_tag-calcado","10":"product_tag-calcado-feminino","11":"product_tag-fecho-de-fivela","12":"product_tag-feminina","13":"product_tag-moda","14":"product_tag-salto","15":"product_tag-sandalia","16":"desktop-align-center","17":"tablet-align-left","18":"mobile-align-center","20":"first","21":"instock","22":"shipping-taxable","23":"product-type-external"},"uagb_featured_image_src":{"full":["https:\/\/promocaododia.com.br\/site\/wp-content\/uploads\/2022\/10\/Sandalia-Macerata-Salto-Medio-Feminina-com-Fecho-de-Fivela.jpg",600,600,false],"thumbnail":["https:\/\/promocaododia.com.br\/site\/wp-content\/uploads\/2022\/10\/Sandalia-Macerata-Salto-Medio-Feminina-com-Fecho-de-Fivela-150x150.jpg",150,150,true],"medium":["https:\/\/promocaododia.com.br\/site\/wp-content\/uploads\/2022\/10\/Sandalia-Macerata-Salto-Medio-Feminina-com-Fecho-de-Fivela-300x300.jpg",300,300,true],"medium_large":["https:\/\/promocaododia.com.br\/site\/wp-content\/uploads\/2022\/10\/Sandalia-Macerata-Salto-Medio-Feminina-com-Fecho-de-Fivela.jpg",600,600,false],"large":["https:\/\/promocaododia.com.br\/site\/wp-content\/uploads\/2022\/10\/Sandalia-Macerata-Salto-Medio-Feminina-com-Fecho-de-Fivela.jpg",600,600,false],"1536x1536":["https:\/\/promocaododia.com.br\/site\/wp-content\/uploads\/2022\/10\/Sandalia-Macerata-Salto-Medio-Feminina-com-Fecho-de-Fivela.jpg",600,600,false],"2048x2048":["https:\/\/promocaododia.com.br\/site\/wp-content\/uploads\/2022\/10\/Sandalia-Macerata-Salto-Medio-Feminina-com-Fecho-de-Fivela.jpg",600,600,false],"woocommerce_thumbnail":["https:\/\/promocaododia.com.br\/site\/wp-content\/uploads\/2022\/10\/Sandalia-Macerata-Salto-Medio-Feminina-com-Fecho-de-Fivela-250x250.jpg",250,250,true],"woocommerce_single":["https:\/\/promocaododia.com.br\/site\/wp-content\/uploads\/2022\/10\/Sandalia-Macerata-Salto-Medio-Feminina-com-Fecho-de-Fivela-250x250.jpg",250,250,true],"woocommerce_gallery_thumbnail":["https:\/\/promocaododia.com.br\/site\/wp-content\/uploads\/2022\/10\/Sandalia-Macerata-Salto-Medio-Feminina-com-Fecho-de-Fivela-100x100.jpg",100,100,true]},"uagb_author_info":{"display_name":"danilo.gbr","author_link":"https:\/\/promocaododia.com.br\/site\/author\/"},"uagb_comment_info":0,"uagb_excerpt":"A Macerata \u00e9 uma fabrica de cal\u00e7ados Femininos, que busca trabalhar com materiais sint\u00e9ticos e veganos! Os cal\u00e7ados s\u00e3o perfeitos para todos os momentos. Escolha os cal\u00e7ados que de up que voc\u00ea merece em seu look.- Produto: Salto Quadrado Macerata- G\u00eanero: Feminino- Estilo da Pe\u00e7a: Dia a dia e casual; Festas;- Material Externo: Napa- Peso:&hellip;","_links":{"self":[{"href":"https:\/\/promocaododia.com.br\/site\/wp-json\/wp\/v2\/product\/763","targetHints":{"allow":["GET"]}}],"collection":[{"href":"https:\/\/promocaododia.com.br\/site\/wp-json\/wp\/v2\/product"}],"about":[{"href":"https:\/\/promocaododia.com.br\/site\/wp-json\/wp\/v2\/types\/product"}],"wp:featuredmedia":[{"embeddable":true,"href":"https:\/\/promocaododia.com.br\/site\/wp-json\/wp\/v2\/media\/764"}],"wp:attachment":[{"href":"https:\/\/promocaododia.com.br\/site\/wp-json\/wp\/v2\/media?parent=763"}],"wp:term":[{"taxonomy":"product_brand","embeddable":true,"href":"https:\/\/promocaododia.com.br\/site\/wp-json\/wp\/v2\/product_brand?post=763"},{"taxonomy":"product_cat","embeddable":true,"href":"https:\/\/promocaododia.com.br\/site\/wp-json\/wp\/v2\/product_cat?post=763"},{"taxonomy":"product_tag","embeddable":true,"href":"https:\/\/promocaododia.com.br\/site\/wp-json\/wp\/v2\/product_tag?post=763"}],"curies":[{"name":"wp","href":"https:\/\/api.w.org\/{rel}","templated":true}]}}