{"id":771,"date":"2022-10-25T07:31:32","date_gmt":"2022-10-25T10:31:32","guid":{"rendered":"https:\/\/promocaododia.com.br\/site\/?post_type=product&#038;p=771"},"modified":"2022-10-25T07:42:11","modified_gmt":"2022-10-25T10:42:11","slug":"jogo-de-panelas-tramontina-antiaderente-de-aluminio-vermelho-10-pecas-turim-20298-722","status":"publish","type":"product","link":"https:\/\/promocaododia.com.br\/site\/produto\/jogo-de-panelas-tramontina-antiaderente-de-aluminio-vermelho-10-pecas-turim-20298-722\/","title":{"rendered":"Jogo de Panelas Tramontina Antiaderente &#8211; de Alum\u00ednio Vermelho 10 Pe\u00e7as Turim 20298\/722"},"content":{"rendered":"<p>Hoje em dia, seja por lazer ou necessidade, todos n\u00f3s nos aventuramos na cozinha n\u00e3o \u00e9 mesmo? E para que tudo saia como planejamos, precisamos sempre contar com utens\u00edlios adequados e de qualidade. Por isso vale a pena conferir o Jogo de Panelas Turim da Tramontina. Feita em alum\u00ednio revestido com antiaderente Starflon T1 interno, esse bel\u00edssimo jogo de panelas na cor vermelha proporciona um cozimento uniforme de seus alimentos e \u00e9 muito f\u00e1cil de lavar, pois o revestimento faz com que os alimentos n\u00e3o grudem. Com 10 pe\u00e7as, esse jogo certamente far\u00e1 parte de grandes momentos na sua cozinha!<\/p>\n","protected":false},"excerpt":{"rendered":"<p>Hoje em dia, seja por lazer ou necessidade, todos n\u00f3s nos aventuramos na cozinha n\u00e3o \u00e9 mesmo? E para que tudo saia como planejamos, precisamos sempre contar com utens\u00edlios adequados e de qualidade. Por isso vale a pena conferir o Jogo de Panelas Turim da Tramontina. Feita em alum\u00ednio revestido com antiaderente Starflon T1 interno, esse bel\u00edssimo jogo de panelas na cor vermelha proporciona um cozimento uniforme de seus alimentos e \u00e9 muito f\u00e1cil de lavar, pois o revestimento faz com que os alimentos n\u00e3o grudem. Com 10 pe\u00e7as, esse jogo certamente far\u00e1 parte de grandes momentos na sua cozinha!<\/p>\n","protected":false},"featured_media":774,"template":"","meta":{"_uag_custom_page_level_css":"","site-sidebar-layout":"default","site-content-layout":"default","ast-site-content-layout":"default","site-content-style":"default","site-sidebar-style":"default","ast-global-header-display":"","ast-banner-title-visibility":"","ast-main-header-display":"","ast-hfb-above-header-display":"","ast-hfb-below-header-display":"","ast-hfb-mobile-header-display":"","site-post-title":"","ast-breadcrumbs-content":"","ast-featured-img":"","footer-sml-layout":"","theme-transparent-header-meta":"default","adv-header-id-meta":"","stick-header-meta":"","header-above-stick-meta":"","header-main-stick-meta":"","header-below-stick-meta":"","astra-migrate-meta-layouts":"default","ast-page-background-enabled":"default","ast-page-background-meta":{"desktop":{"background-color":"","background-image":"","background-repeat":"repeat","background-position":"center center","background-size":"auto","background-attachment":"scroll","background-type":"","background-media":"","overlay-type":"","overlay-color":"","overlay-opacity":"","overlay-gradient":""},"tablet":{"background-color":"","background-image":"","background-repeat":"repeat","background-position":"center center","background-size":"auto","background-attachment":"scroll","background-type":"","background-media":"","overlay-type":"","overlay-color":"","overlay-opacity":"","overlay-gradient":""},"mobile":{"background-color":"","background-image":"","background-repeat":"repeat","background-position":"center center","background-size":"auto","background-attachment":"scroll","background-type":"","background-media":"","overlay-type":"","overlay-color":"","overlay-opacity":"","overlay-gradient":""}},"ast-content-background-meta":{"desktop":{"background-color":"var(--ast-global-color-5)","background-image":"","background-repeat":"repeat","background-position":"center center","background-size":"auto","background-attachment":"scroll","background-type":"","background-media":"","overlay-type":"","overlay-color":"","overlay-opacity":"","overlay-gradient":""},"tablet":{"background-color":"var(--ast-global-color-5)","background-image":"","background-repeat":"repeat","background-position":"center center","background-size":"auto","background-attachment":"scroll","background-type":"","background-media":"","overlay-type":"","overlay-color":"","overlay-opacity":"","overlay-gradient":""},"mobile":{"background-color":"var(--ast-global-color-5)","background-image":"","background-repeat":"repeat","background-position":"center center","background-size":"auto","background-attachment":"scroll","background-type":"","background-media":"","overlay-type":"","overlay-color":"","overlay-opacity":"","overlay-gradient":""}}},"product_brand":[],"product_cat":[19,18],"product_tag":[210,207,206,205,116,209,208],"class_list":{"0":"post-771","1":"product","2":"type-product","3":"status-publish","4":"has-post-thumbnail","6":"product_cat-conjunto-de-panelas","7":"product_cat-utensilios-para-cozinhar","8":"product_tag-10-pecas","9":"product_tag-aluminio","10":"product_tag-conjunto-de-panelas","11":"product_tag-panela","12":"product_tag-tramontina","13":"product_tag-turim","14":"product_tag-vemelho","15":"desktop-align-center","16":"tablet-align-left","17":"mobile-align-center","19":"first","20":"instock","21":"sale","22":"shipping-taxable","23":"product-type-external"},"uagb_featured_image_src":{"full":["https:\/\/promocaododia.com.br\/site\/wp-content\/uploads\/2022\/10\/Jogo-de-Panelas-Tramontina-Antiaderente-de-Aluminio-Vermelho-10-Pecas-Turim.jpg",600,600,false],"thumbnail":["https:\/\/promocaododia.com.br\/site\/wp-content\/uploads\/2022\/10\/Jogo-de-Panelas-Tramontina-Antiaderente-de-Aluminio-Vermelho-10-Pecas-Turim-150x150.jpg",150,150,true],"medium":["https:\/\/promocaododia.com.br\/site\/wp-content\/uploads\/2022\/10\/Jogo-de-Panelas-Tramontina-Antiaderente-de-Aluminio-Vermelho-10-Pecas-Turim-300x300.jpg",300,300,true],"medium_large":["https:\/\/promocaododia.com.br\/site\/wp-content\/uploads\/2022\/10\/Jogo-de-Panelas-Tramontina-Antiaderente-de-Aluminio-Vermelho-10-Pecas-Turim.jpg",600,600,false],"large":["https:\/\/promocaododia.com.br\/site\/wp-content\/uploads\/2022\/10\/Jogo-de-Panelas-Tramontina-Antiaderente-de-Aluminio-Vermelho-10-Pecas-Turim.jpg",600,600,false],"1536x1536":["https:\/\/promocaododia.com.br\/site\/wp-content\/uploads\/2022\/10\/Jogo-de-Panelas-Tramontina-Antiaderente-de-Aluminio-Vermelho-10-Pecas-Turim.jpg",600,600,false],"2048x2048":["https:\/\/promocaododia.com.br\/site\/wp-content\/uploads\/2022\/10\/Jogo-de-Panelas-Tramontina-Antiaderente-de-Aluminio-Vermelho-10-Pecas-Turim.jpg",600,600,false],"woocommerce_thumbnail":["https:\/\/promocaododia.com.br\/site\/wp-content\/uploads\/2022\/10\/Jogo-de-Panelas-Tramontina-Antiaderente-de-Aluminio-Vermelho-10-Pecas-Turim-250x250.jpg",250,250,true],"woocommerce_single":["https:\/\/promocaododia.com.br\/site\/wp-content\/uploads\/2022\/10\/Jogo-de-Panelas-Tramontina-Antiaderente-de-Aluminio-Vermelho-10-Pecas-Turim-250x250.jpg",250,250,true],"woocommerce_gallery_thumbnail":["https:\/\/promocaododia.com.br\/site\/wp-content\/uploads\/2022\/10\/Jogo-de-Panelas-Tramontina-Antiaderente-de-Aluminio-Vermelho-10-Pecas-Turim-100x100.jpg",100,100,true]},"uagb_author_info":{"display_name":"danilo.gbr","author_link":"https:\/\/promocaododia.com.br\/site\/author\/"},"uagb_comment_info":0,"uagb_excerpt":"Hoje em dia, seja por lazer ou necessidade, todos n\u00f3s nos aventuramos na cozinha n\u00e3o \u00e9 mesmo? E para que tudo saia como planejamos, precisamos sempre contar com utens\u00edlios adequados e de qualidade. Por isso vale a pena conferir o Jogo de Panelas Turim da Tramontina. Feita em alum\u00ednio revestido com antiaderente Starflon T1 interno,&hellip;","_links":{"self":[{"href":"https:\/\/promocaododia.com.br\/site\/wp-json\/wp\/v2\/product\/771","targetHints":{"allow":["GET"]}}],"collection":[{"href":"https:\/\/promocaododia.com.br\/site\/wp-json\/wp\/v2\/product"}],"about":[{"href":"https:\/\/promocaododia.com.br\/site\/wp-json\/wp\/v2\/types\/product"}],"wp:featuredmedia":[{"embeddable":true,"href":"https:\/\/promocaododia.com.br\/site\/wp-json\/wp\/v2\/media\/774"}],"wp:attachment":[{"href":"https:\/\/promocaododia.com.br\/site\/wp-json\/wp\/v2\/media?parent=771"}],"wp:term":[{"taxonomy":"product_brand","embeddable":true,"href":"https:\/\/promocaododia.com.br\/site\/wp-json\/wp\/v2\/product_brand?post=771"},{"taxonomy":"product_cat","embeddable":true,"href":"https:\/\/promocaododia.com.br\/site\/wp-json\/wp\/v2\/product_cat?post=771"},{"taxonomy":"product_tag","embeddable":true,"href":"https:\/\/promocaododia.com.br\/site\/wp-json\/wp\/v2\/product_tag?post=771"}],"curies":[{"name":"wp","href":"https:\/\/api.w.org\/{rel}","templated":true}]}}