{"id":775,"date":"2022-10-25T07:47:26","date_gmt":"2022-10-25T10:47:26","guid":{"rendered":"https:\/\/promocaododia.com.br\/site\/?post_type=product&#038;p=775"},"modified":"2022-10-25T07:47:26","modified_gmt":"2022-10-25T10:47:26","slug":"relogio-inteligente-smartwatch-y68-bluetooth-cores-fitpro","status":"publish","type":"product","link":"https:\/\/promocaododia.com.br\/site\/produto\/relogio-inteligente-smartwatch-y68-bluetooth-cores-fitpro\/","title":{"rendered":"Relogio Inteligente Smartwatch Y68 Bluetooth Cores FitPro"},"content":{"rendered":"<p>Rel\u00f3gio Inteligente Smartwatch Y68 Bluetooth Compat\u00edvel Para Android e iOS! Aplicativo: Fit Pro Um dos mais procurados pelo custo benef\u00edcio e lindo design. Para quem gosta de estilo, alta tecnologia e qualidade a \u00f3timo pre\u00e7o. O MODO DE CARREGAMENTO \u00c9 POR ENTRADA USB POR ISSO N\u00c3O ACOMPANHA NEM H\u00c1 NECESSIDADE DE CARREGADOR. Deixar carregando por no m\u00ednimo 6 horas. O rel\u00f3gio Smartwatch Y68 possui diversas fun\u00e7\u00f5es para seu dia a dia. Monitor de batimentos card\u00edacos ou ped\u00f4metro para ajudar voc\u00ea a viver uma vida saud\u00e1vel.- Fun\u00e7\u00e3o de software- Exibi\u00e7\u00e3o de tempo- Modo esportivo- Levante sua m\u00e3o para iluminar- Monitoramento do sono- Lembrete de chamada- Lembrete de mensagem- Lembrete sedent\u00e1rio- Lembrete de alarme- Modo N\u00e3o perturbe- Medi\u00e7\u00e3o integral- Ritmo card\u00edaco- Vers\u00e3o Bluetooth: 4.0- Tela: 1.3 polegadas cor IPS- Touch: toque em um ponto da tela- Sensor: sensor de tr\u00eas eixos \/ luz verde ativo \/ sensor de frequ\u00eancia card\u00edaca- Passos, dist\u00e2ncias, calorias- Caminhada, corrida, pular.- Armazenamento de mensagem de hist\u00f3rico- Lembrete de chamadas- Alarme do rel\u00f3gio- Medi\u00e7\u00e3o de sa\u00fade de APC: frequ\u00eancia card\u00edaca, press\u00e3o arterial, medi\u00e7\u00e3o. Monitoramento da frequ\u00eancia card\u00edaca durante todo o dia (exibido em barras, maior frequ\u00eancia card\u00edaca registrada e a mais baixa<\/p>\n","protected":false},"excerpt":{"rendered":"<p>Rel\u00f3gio Inteligente Smartwatch Y68 Bluetooth Compat\u00edvel Para Android e iOS! Aplicativo: Fit Pro Um dos mais procurados pelo custo benef\u00edcio e lindo design. Para quem gosta de estilo, alta tecnologia e qualidade a \u00f3timo pre\u00e7o. O MODO DE CARREGAMENTO \u00c9 POR ENTRADA USB POR ISSO N\u00c3O ACOMPANHA NEM H\u00c1 NECESSIDADE DE CARREGADOR. Deixar carregando por no m\u00ednimo 6 horas. O rel\u00f3gio Smartwatch Y68 possui diversas fun\u00e7\u00f5es para seu dia a dia. Monitor de batimentos card\u00edacos ou ped\u00f4metro para ajudar voc\u00ea a viver uma vida saud\u00e1vel.- Fun\u00e7\u00e3o de software- Exibi\u00e7\u00e3o de tempo- Modo esportivo- Levante sua m\u00e3o para iluminar- Monitoramento do sono- Lembrete de chamada- Lembrete de mensagem- Lembrete sedent\u00e1rio- Lembrete de alarme- Modo N\u00e3o perturbe- Medi\u00e7\u00e3o integral- Ritmo card\u00edaco- Vers\u00e3o Bluetooth: 4.0- Tela: 1.3 polegadas cor IPS- Touch: toque em um ponto da tela- Sensor: sensor de tr\u00eas eixos \/ luz verde ativo \/ sensor de frequ\u00eancia card\u00edaca- Passos, dist\u00e2ncias, calorias- Caminhada, corrida, pular.- Armazenamento de mensagem de hist\u00f3rico- Lembrete de chamadas- Alarme do rel\u00f3gio- Medi\u00e7\u00e3o de sa\u00fade de APC: frequ\u00eancia card\u00edaca, press\u00e3o arterial, medi\u00e7\u00e3o. Monitoramento da frequ\u00eancia card\u00edaca durante todo o dia (exibido em barras, maior frequ\u00eancia card\u00edaca registrada e a mais baixa<\/p>\n","protected":false},"featured_media":776,"template":"","meta":{"_uag_custom_page_level_css":"","site-sidebar-layout":"default","site-content-layout":"default","ast-site-content-layout":"default","site-content-style":"default","site-sidebar-style":"default","ast-global-header-display":"","ast-banner-title-visibility":"","ast-main-header-display":"","ast-hfb-above-header-display":"","ast-hfb-below-header-display":"","ast-hfb-mobile-header-display":"","site-post-title":"","ast-breadcrumbs-content":"","ast-featured-img":"","footer-sml-layout":"","theme-transparent-header-meta":"default","adv-header-id-meta":"","stick-header-meta":"","header-above-stick-meta":"","header-main-stick-meta":"","header-below-stick-meta":"","astra-migrate-meta-layouts":"default","ast-page-background-enabled":"default","ast-page-background-meta":{"desktop":{"background-color":"","background-image":"","background-repeat":"repeat","background-position":"center center","background-size":"auto","background-attachment":"scroll","background-type":"","background-media":"","overlay-type":"","overlay-color":"","overlay-opacity":"","overlay-gradient":""},"tablet":{"background-color":"","background-image":"","background-repeat":"repeat","background-position":"center center","background-size":"auto","background-attachment":"scroll","background-type":"","background-media":"","overlay-type":"","overlay-color":"","overlay-opacity":"","overlay-gradient":""},"mobile":{"background-color":"","background-image":"","background-repeat":"repeat","background-position":"center center","background-size":"auto","background-attachment":"scroll","background-type":"","background-media":"","overlay-type":"","overlay-color":"","overlay-opacity":"","overlay-gradient":""}},"ast-content-background-meta":{"desktop":{"background-color":"var(--ast-global-color-5)","background-image":"","background-repeat":"repeat","background-position":"center center","background-size":"auto","background-attachment":"scroll","background-type":"","background-media":"","overlay-type":"","overlay-color":"","overlay-opacity":"","overlay-gradient":""},"tablet":{"background-color":"var(--ast-global-color-5)","background-image":"","background-repeat":"repeat","background-position":"center center","background-size":"auto","background-attachment":"scroll","background-type":"","background-media":"","overlay-type":"","overlay-color":"","overlay-opacity":"","overlay-gradient":""},"mobile":{"background-color":"var(--ast-global-color-5)","background-image":"","background-repeat":"repeat","background-position":"center center","background-size":"auto","background-attachment":"scroll","background-type":"","background-media":"","overlay-type":"","overlay-color":"","overlay-opacity":"","overlay-gradient":""}}},"product_brand":[],"product_cat":[32,23,211],"product_tag":[123,213,212],"class_list":{"0":"post-775","1":"product","2":"type-product","3":"status-publish","4":"has-post-thumbnail","6":"product_cat-acessorios","7":"product_cat-celulares-e-tablets","8":"product_cat-smartwatch","9":"product_tag-relogio","10":"product_tag-relogio-inteligente","11":"product_tag-smartwatch","12":"desktop-align-center","13":"tablet-align-left","14":"mobile-align-center","16":"first","17":"instock","18":"sale","19":"shipping-taxable","20":"product-type-external"},"uagb_featured_image_src":{"full":["https:\/\/promocaododia.com.br\/site\/wp-content\/uploads\/2022\/10\/Relogio-Inteligente-Smartwatch-Y68-Bluetooth-Cores-FitPro.jpg",600,600,false],"thumbnail":["https:\/\/promocaododia.com.br\/site\/wp-content\/uploads\/2022\/10\/Relogio-Inteligente-Smartwatch-Y68-Bluetooth-Cores-FitPro-150x150.jpg",150,150,true],"medium":["https:\/\/promocaododia.com.br\/site\/wp-content\/uploads\/2022\/10\/Relogio-Inteligente-Smartwatch-Y68-Bluetooth-Cores-FitPro-300x300.jpg",300,300,true],"medium_large":["https:\/\/promocaododia.com.br\/site\/wp-content\/uploads\/2022\/10\/Relogio-Inteligente-Smartwatch-Y68-Bluetooth-Cores-FitPro.jpg",600,600,false],"large":["https:\/\/promocaododia.com.br\/site\/wp-content\/uploads\/2022\/10\/Relogio-Inteligente-Smartwatch-Y68-Bluetooth-Cores-FitPro.jpg",600,600,false],"1536x1536":["https:\/\/promocaododia.com.br\/site\/wp-content\/uploads\/2022\/10\/Relogio-Inteligente-Smartwatch-Y68-Bluetooth-Cores-FitPro.jpg",600,600,false],"2048x2048":["https:\/\/promocaododia.com.br\/site\/wp-content\/uploads\/2022\/10\/Relogio-Inteligente-Smartwatch-Y68-Bluetooth-Cores-FitPro.jpg",600,600,false],"woocommerce_thumbnail":["https:\/\/promocaododia.com.br\/site\/wp-content\/uploads\/2022\/10\/Relogio-Inteligente-Smartwatch-Y68-Bluetooth-Cores-FitPro-250x250.jpg",250,250,true],"woocommerce_single":["https:\/\/promocaododia.com.br\/site\/wp-content\/uploads\/2022\/10\/Relogio-Inteligente-Smartwatch-Y68-Bluetooth-Cores-FitPro-250x250.jpg",250,250,true],"woocommerce_gallery_thumbnail":["https:\/\/promocaododia.com.br\/site\/wp-content\/uploads\/2022\/10\/Relogio-Inteligente-Smartwatch-Y68-Bluetooth-Cores-FitPro-100x100.jpg",100,100,true]},"uagb_author_info":{"display_name":"danilo.gbr","author_link":"https:\/\/promocaododia.com.br\/site\/author\/"},"uagb_comment_info":0,"uagb_excerpt":"Rel\u00f3gio Inteligente Smartwatch Y68 Bluetooth Compat\u00edvel Para Android e iOS! Aplicativo: Fit Pro Um dos mais procurados pelo custo benef\u00edcio e lindo design. Para quem gosta de estilo, alta tecnologia e qualidade a \u00f3timo pre\u00e7o. O MODO DE CARREGAMENTO \u00c9 POR ENTRADA USB POR ISSO N\u00c3O ACOMPANHA NEM H\u00c1 NECESSIDADE DE CARREGADOR. Deixar carregando por&hellip;","_links":{"self":[{"href":"https:\/\/promocaododia.com.br\/site\/wp-json\/wp\/v2\/product\/775","targetHints":{"allow":["GET"]}}],"collection":[{"href":"https:\/\/promocaododia.com.br\/site\/wp-json\/wp\/v2\/product"}],"about":[{"href":"https:\/\/promocaododia.com.br\/site\/wp-json\/wp\/v2\/types\/product"}],"wp:featuredmedia":[{"embeddable":true,"href":"https:\/\/promocaododia.com.br\/site\/wp-json\/wp\/v2\/media\/776"}],"wp:attachment":[{"href":"https:\/\/promocaododia.com.br\/site\/wp-json\/wp\/v2\/media?parent=775"}],"wp:term":[{"taxonomy":"product_brand","embeddable":true,"href":"https:\/\/promocaododia.com.br\/site\/wp-json\/wp\/v2\/product_brand?post=775"},{"taxonomy":"product_cat","embeddable":true,"href":"https:\/\/promocaododia.com.br\/site\/wp-json\/wp\/v2\/product_cat?post=775"},{"taxonomy":"product_tag","embeddable":true,"href":"https:\/\/promocaododia.com.br\/site\/wp-json\/wp\/v2\/product_tag?post=775"}],"curies":[{"name":"wp","href":"https:\/\/api.w.org\/{rel}","templated":true}]}}