{"id":777,"date":"2022-10-25T07:58:01","date_gmt":"2022-10-25T10:58:01","guid":{"rendered":"https:\/\/promocaododia.com.br\/site\/?post_type=product&#038;p=777"},"modified":"2022-10-25T07:58:02","modified_gmt":"2022-10-25T10:58:02","slug":"piscina-inflavel-jilong-2490l-redonda-19-10201","status":"publish","type":"product","link":"https:\/\/promocaododia.com.br\/site\/produto\/piscina-inflavel-jilong-2490l-redonda-19-10201\/","title":{"rendered":"Piscina Infl\u00e1vel Jilong 2490L Redonda 19-10201"},"content":{"rendered":"<p>Nada como um dia de calor e muito sol para nadar na piscina infl\u00e1vel 19-10201 da Jilong. Ela possui a capacidade de 2490L, \u00e9 redonda e ainda tem o anel superior infl\u00e1vel para ajudar ainda mais na sua divers\u00e3o. Quem n\u00e3o gosta de se divertir e se refrescar ao mesmo tempo, n\u00e3o \u00e9 mesmo?<\/p>\n","protected":false},"excerpt":{"rendered":"<p>Nada como um dia de calor e muito sol para nadar na piscina infl\u00e1vel 19-10201 da Jilong. Ela possui a capacidade de 2490L, \u00e9 redonda e ainda tem o anel superior infl\u00e1vel para ajudar ainda mais na sua divers\u00e3o. Quem n\u00e3o gosta de se divertir e se refrescar ao mesmo tempo, n\u00e3o \u00e9 mesmo?<\/p>\n","protected":false},"featured_media":778,"template":"","meta":{"_uag_custom_page_level_css":"","site-sidebar-layout":"default","site-content-layout":"default","ast-site-content-layout":"default","site-content-style":"default","site-sidebar-style":"default","ast-global-header-display":"","ast-banner-title-visibility":"","ast-main-header-display":"","ast-hfb-above-header-display":"","ast-hfb-below-header-display":"","ast-hfb-mobile-header-display":"","site-post-title":"","ast-breadcrumbs-content":"","ast-featured-img":"","footer-sml-layout":"","theme-transparent-header-meta":"default","adv-header-id-meta":"","stick-header-meta":"","header-above-stick-meta":"","header-main-stick-meta":"","header-below-stick-meta":"","astra-migrate-meta-layouts":"default","ast-page-background-enabled":"default","ast-page-background-meta":{"desktop":{"background-color":"","background-image":"","background-repeat":"repeat","background-position":"center center","background-size":"auto","background-attachment":"scroll","background-type":"","background-media":"","overlay-type":"","overlay-color":"","overlay-opacity":"","overlay-gradient":""},"tablet":{"background-color":"","background-image":"","background-repeat":"repeat","background-position":"center center","background-size":"auto","background-attachment":"scroll","background-type":"","background-media":"","overlay-type":"","overlay-color":"","overlay-opacity":"","overlay-gradient":""},"mobile":{"background-color":"","background-image":"","background-repeat":"repeat","background-position":"center center","background-size":"auto","background-attachment":"scroll","background-type":"","background-media":"","overlay-type":"","overlay-color":"","overlay-opacity":"","overlay-gradient":""}},"ast-content-background-meta":{"desktop":{"background-color":"var(--ast-global-color-5)","background-image":"","background-repeat":"repeat","background-position":"center center","background-size":"auto","background-attachment":"scroll","background-type":"","background-media":"","overlay-type":"","overlay-color":"","overlay-opacity":"","overlay-gradient":""},"tablet":{"background-color":"var(--ast-global-color-5)","background-image":"","background-repeat":"repeat","background-position":"center center","background-size":"auto","background-attachment":"scroll","background-type":"","background-media":"","overlay-type":"","overlay-color":"","overlay-opacity":"","overlay-gradient":""},"mobile":{"background-color":"var(--ast-global-color-5)","background-image":"","background-repeat":"repeat","background-position":"center center","background-size":"auto","background-attachment":"scroll","background-type":"","background-media":"","overlay-type":"","overlay-color":"","overlay-opacity":"","overlay-gradient":""}}},"product_brand":[],"product_cat":[50],"product_tag":[217,216,214,215],"class_list":{"0":"post-777","1":"product","2":"type-product","3":"status-publish","4":"has-post-thumbnail","6":"product_cat-aventura-e-lazer","7":"product_tag-2490-litros","8":"product_tag-jilong","9":"product_tag-piscina","10":"product_tag-piscina-inflavel","11":"desktop-align-center","12":"tablet-align-left","13":"mobile-align-center","15":"first","16":"instock","17":"sale","18":"shipping-taxable","19":"product-type-external"},"uagb_featured_image_src":{"full":["https:\/\/promocaododia.com.br\/site\/wp-content\/uploads\/2022\/10\/Piscina-Inflavel-Jilong-2490L-Redonda-19-10201.jpg",600,600,false],"thumbnail":["https:\/\/promocaododia.com.br\/site\/wp-content\/uploads\/2022\/10\/Piscina-Inflavel-Jilong-2490L-Redonda-19-10201-150x150.jpg",150,150,true],"medium":["https:\/\/promocaododia.com.br\/site\/wp-content\/uploads\/2022\/10\/Piscina-Inflavel-Jilong-2490L-Redonda-19-10201-300x300.jpg",300,300,true],"medium_large":["https:\/\/promocaododia.com.br\/site\/wp-content\/uploads\/2022\/10\/Piscina-Inflavel-Jilong-2490L-Redonda-19-10201.jpg",600,600,false],"large":["https:\/\/promocaododia.com.br\/site\/wp-content\/uploads\/2022\/10\/Piscina-Inflavel-Jilong-2490L-Redonda-19-10201.jpg",600,600,false],"1536x1536":["https:\/\/promocaododia.com.br\/site\/wp-content\/uploads\/2022\/10\/Piscina-Inflavel-Jilong-2490L-Redonda-19-10201.jpg",600,600,false],"2048x2048":["https:\/\/promocaododia.com.br\/site\/wp-content\/uploads\/2022\/10\/Piscina-Inflavel-Jilong-2490L-Redonda-19-10201.jpg",600,600,false],"woocommerce_thumbnail":["https:\/\/promocaododia.com.br\/site\/wp-content\/uploads\/2022\/10\/Piscina-Inflavel-Jilong-2490L-Redonda-19-10201-250x250.jpg",250,250,true],"woocommerce_single":["https:\/\/promocaododia.com.br\/site\/wp-content\/uploads\/2022\/10\/Piscina-Inflavel-Jilong-2490L-Redonda-19-10201-250x250.jpg",250,250,true],"woocommerce_gallery_thumbnail":["https:\/\/promocaododia.com.br\/site\/wp-content\/uploads\/2022\/10\/Piscina-Inflavel-Jilong-2490L-Redonda-19-10201-100x100.jpg",100,100,true]},"uagb_author_info":{"display_name":"danilo.gbr","author_link":"https:\/\/promocaododia.com.br\/site\/author\/"},"uagb_comment_info":0,"uagb_excerpt":"Nada como um dia de calor e muito sol para nadar na piscina infl\u00e1vel 19-10201 da Jilong. Ela possui a capacidade de 2490L, \u00e9 redonda e ainda tem o anel superior infl\u00e1vel para ajudar ainda mais na sua divers\u00e3o. Quem n\u00e3o gosta de se divertir e se refrescar ao mesmo tempo, n\u00e3o \u00e9 mesmo?","_links":{"self":[{"href":"https:\/\/promocaododia.com.br\/site\/wp-json\/wp\/v2\/product\/777","targetHints":{"allow":["GET"]}}],"collection":[{"href":"https:\/\/promocaododia.com.br\/site\/wp-json\/wp\/v2\/product"}],"about":[{"href":"https:\/\/promocaododia.com.br\/site\/wp-json\/wp\/v2\/types\/product"}],"wp:featuredmedia":[{"embeddable":true,"href":"https:\/\/promocaododia.com.br\/site\/wp-json\/wp\/v2\/media\/778"}],"wp:attachment":[{"href":"https:\/\/promocaododia.com.br\/site\/wp-json\/wp\/v2\/media?parent=777"}],"wp:term":[{"taxonomy":"product_brand","embeddable":true,"href":"https:\/\/promocaododia.com.br\/site\/wp-json\/wp\/v2\/product_brand?post=777"},{"taxonomy":"product_cat","embeddable":true,"href":"https:\/\/promocaododia.com.br\/site\/wp-json\/wp\/v2\/product_cat?post=777"},{"taxonomy":"product_tag","embeddable":true,"href":"https:\/\/promocaododia.com.br\/site\/wp-json\/wp\/v2\/product_tag?post=777"}],"curies":[{"name":"wp","href":"https:\/\/api.w.org\/{rel}","templated":true}]}}