{"id":782,"date":"2022-10-25T18:16:02","date_gmt":"2022-10-25T21:16:02","guid":{"rendered":"https:\/\/promocaododia.com.br\/site\/?post_type=product&#038;p=782"},"modified":"2022-10-25T18:16:02","modified_gmt":"2022-10-25T21:16:02","slug":"kit-com-10-cuecas-boxer","status":"publish","type":"product","link":"https:\/\/promocaododia.com.br\/site\/produto\/kit-com-10-cuecas-boxer\/","title":{"rendered":"Kit com 10 Cuecas Boxer"},"content":{"rendered":"<p>A reinven\u00e7\u00e3o do b\u00e1sico com o conforto de malhas especiais, muito confort\u00e1vel.<\/p>\n<p>Cueca feita para o dia a dia, confort\u00e1vel e anat\u00f4mica. S\u00e3o Perfeitas Para Garantir Toda A Comodidade Necess\u00e1ria Ao Dia A Dia De Homens Modernos E Arrojados!<\/p>\n<p>Tecido que seca com facilidade, evitando que a pele fique \u00famida, diminuindo o risco de prolifera\u00e7\u00e3o de fungos e alergias.<\/p>\n<p>Confeccionada com tecidos de alta qualidade e com formato anat\u00f4mico, proporciona melhor conforto e ajuste perfeito.<\/p>\n<p>Ajustadas ao corpo com perninhas. Agrada aqueles que n\u00e3o gostam do contato ou desconforto causado pelo atrito entre as pernas.<\/p>\n<p>Tecido com sua composi\u00e7\u00e3o dando o conforto e liberdade de movimento que todo homem precisa.<\/p>\n<p>Modelagem: Boxer<br \/>\nG\u00eanero: Masculino<br \/>\nIndicado para: Dia a Dia<br \/>\nOcasi\u00e3o: Dia a Dia<br \/>\nEstilo da Pe\u00e7a: Lisa<br \/>\nC\u00f3s: Com el\u00e1stico de 4cm ou 3cm<br \/>\nCor: Cinza \/ Preta \/ Branca \/ Azul (Sem op\u00e7\u00e3o de escolha, podendo haver repeti\u00e7\u00e3o de cor e modelo da cueca).<\/p>\n<p>Composi\u00e7\u00e3o do Tecido:<br \/>\nAlgod\u00e3o: 95%<br \/>\nElastano: 5%<\/p>\n<p>Dispon\u00edvel nos tamanhos:<br \/>\nP &#8211; 38 ao 40 &#8211; Largura 70 a 76 &#8211; Altura 23 a 25 cm<br \/>\nM &#8211; 42 ao 44 &#8211; Largura 74 a 80 &#8211; Altura 24 a 26 cm<br \/>\nG &#8211; 46 ao 48 &#8211; Largura 78 a 86 &#8211; Altura 27 a 29 cm<br \/>\nGG &#8211; 50 ao 52 &#8211; Largura 82 a 88 &#8211; Altura 28 a 31 cm<br \/>\n(esta varia\u00e7\u00e3o de tamanho ocorre com o el\u00e1stico tensionado)<\/p>\n<p>Instru\u00e7\u00f5es De Lavagem:<br \/>\nLavagem A M\u00e3o.<br \/>\nN\u00e3o alvejar.<br \/>\nN\u00e3o Secar Em Tambor.<br \/>\nSecagem Em Varal.<\/p>\n<p>Conte\u00fado da embalagem: 10 Cuecas<\/p>\n<p>Fotos Reais do Produto<br \/>\nModelo Veste M &#8211; 42<\/p>\n<p>Garantia do Fabricante: Contra defeito de fabrica\u00e7\u00e3o<br \/>\nOrigem: Nacional Confec\u00e7\u00e3o e Representa\u00e7\u00e3o<\/p>\n","protected":false},"excerpt":{"rendered":"<p>A reinven\u00e7\u00e3o do b\u00e1sico com o conforto de malhas especiais, muito confort\u00e1vel. Cueca feita para o dia a dia, confort\u00e1vel e anat\u00f4mica. S\u00e3o Perfeitas Para Garantir Toda A Comodidade Necess\u00e1ria Ao Dia A Dia De Homens Modernos E Arrojados! Tecido que seca com facilidade, evitando que a pele fique \u00famida, diminuindo o risco de prolifera\u00e7\u00e3o de fungos e alergias. Confeccionada com tecidos de alta qualidade e com formato anat\u00f4mico, proporciona melhor conforto e ajuste perfeito. Ajustadas ao corpo com perninhas. Agrada aqueles que n\u00e3o gostam do contato ou desconforto causado pelo atrito entre as pernas. Tecido com sua composi\u00e7\u00e3o dando o conforto e liberdade de movimento que todo homem precisa. Modelagem: Boxer G\u00eanero: Masculino Indicado para: Dia a Dia Ocasi\u00e3o: Dia a Dia Estilo da Pe\u00e7a: Lisa C\u00f3s: Com el\u00e1stico de 4cm ou 3cm Cor: Cinza \/ Preta \/ Branca \/ Azul (Sem op\u00e7\u00e3o de escolha, podendo haver repeti\u00e7\u00e3o de cor e modelo da cueca). Composi\u00e7\u00e3o do Tecido: Algod\u00e3o: 95% Elastano: 5% Dispon\u00edvel nos tamanhos: P &#8211; 38 ao 40 &#8211; Largura 70 a 76 &#8211; Altura 23 a 25 cm M &#8211; 42 ao 44 &#8211; Largura 74 a 80 &#8211; Altura 24 a 26 cm G &#8211; 46 ao 48 &#8211; Largura 78 a 86 &#8211; Altura 27 a 29 cm GG &#8211; 50 ao 52 &#8211; Largura 82 a 88 &#8211; Altura 28 a 31 cm (esta varia\u00e7\u00e3o de tamanho ocorre com o el\u00e1stico tensionado) Instru\u00e7\u00f5es De Lavagem: Lavagem A M\u00e3o. N\u00e3o alvejar. N\u00e3o Secar Em Tambor. Secagem Em Varal. Conte\u00fado da embalagem: 10 Cuecas Fotos Reais do Produto Modelo Veste M &#8211; 42 Garantia do Fabricante: Contra defeito de fabrica\u00e7\u00e3o Origem: Nacional Confec\u00e7\u00e3o e Representa\u00e7\u00e3o<\/p>\n","protected":false},"featured_media":783,"template":"","meta":{"_uag_custom_page_level_css":"","site-sidebar-layout":"default","site-content-layout":"default","ast-site-content-layout":"default","site-content-style":"default","site-sidebar-style":"default","ast-global-header-display":"","ast-banner-title-visibility":"","ast-main-header-display":"","ast-hfb-above-header-display":"","ast-hfb-below-header-display":"","ast-hfb-mobile-header-display":"","site-post-title":"","ast-breadcrumbs-content":"","ast-featured-img":"","footer-sml-layout":"","theme-transparent-header-meta":"default","adv-header-id-meta":"","stick-header-meta":"","header-above-stick-meta":"","header-main-stick-meta":"","header-below-stick-meta":"","astra-migrate-meta-layouts":"default","ast-page-background-enabled":"default","ast-page-background-meta":{"desktop":{"background-color":"","background-image":"","background-repeat":"repeat","background-position":"center center","background-size":"auto","background-attachment":"scroll","background-type":"","background-media":"","overlay-type":"","overlay-color":"","overlay-opacity":"","overlay-gradient":""},"tablet":{"background-color":"","background-image":"","background-repeat":"repeat","background-position":"center center","background-size":"auto","background-attachment":"scroll","background-type":"","background-media":"","overlay-type":"","overlay-color":"","overlay-opacity":"","overlay-gradient":""},"mobile":{"background-color":"","background-image":"","background-repeat":"repeat","background-position":"center center","background-size":"auto","background-attachment":"scroll","background-type":"","background-media":"","overlay-type":"","overlay-color":"","overlay-opacity":"","overlay-gradient":""}},"ast-content-background-meta":{"desktop":{"background-color":"var(--ast-global-color-5)","background-image":"","background-repeat":"repeat","background-position":"center center","background-size":"auto","background-attachment":"scroll","background-type":"","background-media":"","overlay-type":"","overlay-color":"","overlay-opacity":"","overlay-gradient":""},"tablet":{"background-color":"var(--ast-global-color-5)","background-image":"","background-repeat":"repeat","background-position":"center center","background-size":"auto","background-attachment":"scroll","background-type":"","background-media":"","overlay-type":"","overlay-color":"","overlay-opacity":"","overlay-gradient":""},"mobile":{"background-color":"var(--ast-global-color-5)","background-image":"","background-repeat":"repeat","background-position":"center center","background-size":"auto","background-attachment":"scroll","background-type":"","background-media":"","overlay-type":"","overlay-color":"","overlay-opacity":"","overlay-gradient":""}}},"product_brand":[],"product_cat":[220,31,30],"product_tag":[222,221,119,121,184],"class_list":{"0":"post-782","1":"product","2":"type-product","3":"status-publish","4":"has-post-thumbnail","6":"product_cat-cuecas","7":"product_cat-masculina","8":"product_cat-moda","9":"product_tag-boxer","10":"product_tag-cueca","11":"product_tag-kit","12":"product_tag-masculino","13":"product_tag-moda","14":"desktop-align-center","15":"tablet-align-left","16":"mobile-align-center","18":"first","19":"instock","20":"shipping-taxable","21":"product-type-external"},"uagb_featured_image_src":{"full":["https:\/\/promocaododia.com.br\/site\/wp-content\/uploads\/2022\/10\/Kit-com-10-Cuecas-Boxer.jpg",600,600,false],"thumbnail":["https:\/\/promocaododia.com.br\/site\/wp-content\/uploads\/2022\/10\/Kit-com-10-Cuecas-Boxer-150x150.jpg",150,150,true],"medium":["https:\/\/promocaododia.com.br\/site\/wp-content\/uploads\/2022\/10\/Kit-com-10-Cuecas-Boxer-300x300.jpg",300,300,true],"medium_large":["https:\/\/promocaododia.com.br\/site\/wp-content\/uploads\/2022\/10\/Kit-com-10-Cuecas-Boxer.jpg",600,600,false],"large":["https:\/\/promocaododia.com.br\/site\/wp-content\/uploads\/2022\/10\/Kit-com-10-Cuecas-Boxer.jpg",600,600,false],"1536x1536":["https:\/\/promocaododia.com.br\/site\/wp-content\/uploads\/2022\/10\/Kit-com-10-Cuecas-Boxer.jpg",600,600,false],"2048x2048":["https:\/\/promocaododia.com.br\/site\/wp-content\/uploads\/2022\/10\/Kit-com-10-Cuecas-Boxer.jpg",600,600,false],"woocommerce_thumbnail":["https:\/\/promocaododia.com.br\/site\/wp-content\/uploads\/2022\/10\/Kit-com-10-Cuecas-Boxer-250x250.jpg",250,250,true],"woocommerce_single":["https:\/\/promocaododia.com.br\/site\/wp-content\/uploads\/2022\/10\/Kit-com-10-Cuecas-Boxer-250x250.jpg",250,250,true],"woocommerce_gallery_thumbnail":["https:\/\/promocaododia.com.br\/site\/wp-content\/uploads\/2022\/10\/Kit-com-10-Cuecas-Boxer-100x100.jpg",100,100,true]},"uagb_author_info":{"display_name":"danilo.gbr","author_link":"https:\/\/promocaododia.com.br\/site\/author\/"},"uagb_comment_info":0,"uagb_excerpt":"A reinven\u00e7\u00e3o do b\u00e1sico com o conforto de malhas especiais, muito confort\u00e1vel. Cueca feita para o dia a dia, confort\u00e1vel e anat\u00f4mica. S\u00e3o Perfeitas Para Garantir Toda A Comodidade Necess\u00e1ria Ao Dia A Dia De Homens Modernos E Arrojados! Tecido que seca com facilidade, evitando que a pele fique \u00famida, diminuindo o risco de prolifera\u00e7\u00e3o&hellip;","_links":{"self":[{"href":"https:\/\/promocaododia.com.br\/site\/wp-json\/wp\/v2\/product\/782","targetHints":{"allow":["GET"]}}],"collection":[{"href":"https:\/\/promocaododia.com.br\/site\/wp-json\/wp\/v2\/product"}],"about":[{"href":"https:\/\/promocaododia.com.br\/site\/wp-json\/wp\/v2\/types\/product"}],"wp:featuredmedia":[{"embeddable":true,"href":"https:\/\/promocaododia.com.br\/site\/wp-json\/wp\/v2\/media\/783"}],"wp:attachment":[{"href":"https:\/\/promocaododia.com.br\/site\/wp-json\/wp\/v2\/media?parent=782"}],"wp:term":[{"taxonomy":"product_brand","embeddable":true,"href":"https:\/\/promocaododia.com.br\/site\/wp-json\/wp\/v2\/product_brand?post=782"},{"taxonomy":"product_cat","embeddable":true,"href":"https:\/\/promocaododia.com.br\/site\/wp-json\/wp\/v2\/product_cat?post=782"},{"taxonomy":"product_tag","embeddable":true,"href":"https:\/\/promocaododia.com.br\/site\/wp-json\/wp\/v2\/product_tag?post=782"}],"curies":[{"name":"wp","href":"https:\/\/api.w.org\/{rel}","templated":true}]}}