{"id":784,"date":"2022-10-25T18:25:49","date_gmt":"2022-10-25T21:25:49","guid":{"rendered":"https:\/\/promocaododia.com.br\/site\/?post_type=product&#038;p=784"},"modified":"2022-10-25T18:30:18","modified_gmt":"2022-10-25T21:30:18","slug":"smart-lampada-wi-fi-positivo-casa-inteligente-branca-quente-e-fria-colorido-rgb-led-9w-bivolt-compativel-com-alexa","status":"publish","type":"product","link":"https:\/\/promocaododia.com.br\/site\/produto\/smart-lampada-wi-fi-positivo-casa-inteligente-branca-quente-e-fria-colorido-rgb-led-9w-bivolt-compativel-com-alexa\/","title":{"rendered":"Smart L\u00e2mpada Wi-Fi Positivo Casa Inteligente, Branca Quente e Fria, Colorido RGB, LED 9W, Bivolt &#8211; Compat\u00edvel com Alexa"},"content":{"rendered":"<p>A\u00a0<span class=\"a-text-bold\">Smart L\u00e2mpada Wi-Fi da Positivo Casa Inteligente<\/span>\u00a0\u00e9 mais que uma l\u00e2mpada, \u00e9 um estilo de vida para quem n\u00e3o dispensa o uso da tecnologia a seu favor e gosta de ter o controle da casa na palma da m\u00e3o.<\/p>\n<p>J\u00e1 saiu e teve a sensa\u00e7\u00e3o de deixar a luz acesa? Deixou a chave com o vizinho para acender a luz enquanto voc\u00ea viaja? Acabe com d\u00favidas,\u00a0<span class=\"a-text-bold\">controle tudo pelo app ou por comando de voz com a Alexa ou Google Assistente.<\/span>\u00a0Crie cenas e automa\u00e7\u00f5es com a fun\u00e7\u00e3o Timer para deixar a sua casa com a sua cara, moderna e inteligente.<\/p>\n<p>Al\u00e9m de acender e apagar voc\u00ea pode personalizar a luz do ambiente. No seu quarto, quarto das crian\u00e7as, na sala, no escrit\u00f3rio ou onde voc\u00ea quiser,\u00a0<span class=\"a-text-bold\">escolha a cor e a temperatura, entre 2.700K at\u00e9 6.500K.<\/span><\/p>\n<p>Sim, use a Smart L\u00e2mpada ao seu favor, se concentre com a luz branca, relaxe com a luz amarela, crie ambientes intimistas, aconchegantes para a sess\u00e3o cinema, seguros enquanto as crian\u00e7as n\u00e3o dormem no escuro, apaixonado em jantares rom\u00e2nticos ou no dia de jogo, personalizando com a cor do seu time, voc\u00ea no comando do momento.\u00a0<span class=\"a-text-bold\">S\u00e3o 16 MILH\u00d5ES de cores<\/span>\u00a0mudando de forma pr\u00e1tica o conceito da ilumina\u00e7\u00e3o e a decora\u00e7\u00e3o da sua casa.<\/p>\n<p>Sem preocupa\u00e7\u00e3o com a conta de luz no final do m\u00eas, isso porque com uma\u00a0<span class=\"a-text-bold\">pot\u00eancia de 9W e um fluxo luminoso de 806 L\u00famens, ela n\u00e3o s\u00f3 ilumina bem como tamb\u00e9m promove uma economia de energia significativa para o seu bolso.<\/span><\/p>\n<p>Simples de instalar, n\u00e3o necessita de nenhum acess\u00f3rio extra ou m\u00e3o de obra especializada. Basta rosquear a sua Smart L\u00e2mpada Positivo Wi-Fi em um bocal padr\u00e3o, baixar o app da Positivo Casa Inteligente na Google Play ou App Store, se conectar a uma rede Wi-Fi 2,4 GHz e pronto!<\/p>\n<p>Com a Positivo Casa Inteligente Voc\u00ea Pode!<\/p>\n<p><span class=\"a-text-bold\">DIFERENCIAIS<\/span><\/p>\n<p>\u2022 Consumo menor de energia quando comparado \u00e0s l\u00e2mpadas convencionais.<\/p>\n<p>\u2022 Mais de 15.000h de vida \u00fatil.<\/p>\n<p>\u2022 Fluxo luminoso de 806 l\u00famens.<\/p>\n<p>\u2022 16 milh\u00f5es de cores.<\/p>\n<p>\u2022 Pode ser controlado \u00e0 dist\u00e2ncia, por meio do app.<\/p>\n<p>\u2022 Ideal para compor a decora\u00e7\u00e3o de ambientes.<\/p>\n","protected":false},"excerpt":{"rendered":"<p>A\u00a0Smart L\u00e2mpada Wi-Fi da Positivo Casa Inteligente\u00a0\u00e9 mais que uma l\u00e2mpada, \u00e9 um estilo de vida para quem n\u00e3o dispensa o uso da tecnologia a seu favor e gosta de ter o controle da casa na palma da m\u00e3o. J\u00e1 saiu e teve a sensa\u00e7\u00e3o de deixar a luz acesa? Deixou a chave com o vizinho para acender a luz enquanto voc\u00ea viaja? Acabe com d\u00favidas,\u00a0controle tudo pelo app ou por comando de voz com a Alexa ou Google Assistente.\u00a0Crie cenas e automa\u00e7\u00f5es com a fun\u00e7\u00e3o Timer para deixar a sua casa com a sua cara, moderna e inteligente. Al\u00e9m de acender e apagar voc\u00ea pode personalizar a luz do ambiente. No seu quarto, quarto das crian\u00e7as, na sala, no escrit\u00f3rio ou onde voc\u00ea quiser,\u00a0escolha a cor e a temperatura, entre 2.700K at\u00e9 6.500K. Sim, use a Smart L\u00e2mpada ao seu favor, se concentre com a luz branca, relaxe com a luz amarela, crie ambientes intimistas, aconchegantes para a sess\u00e3o cinema, seguros enquanto as crian\u00e7as n\u00e3o dormem no escuro, apaixonado em jantares rom\u00e2nticos ou no dia de jogo, personalizando com a cor do seu time, voc\u00ea no comando do momento.\u00a0S\u00e3o 16 MILH\u00d5ES de cores\u00a0mudando de forma pr\u00e1tica o conceito da ilumina\u00e7\u00e3o e a decora\u00e7\u00e3o da sua casa. Sem preocupa\u00e7\u00e3o com a conta de luz no final do m\u00eas, isso porque com uma\u00a0pot\u00eancia de 9W e um fluxo luminoso de 806 L\u00famens, ela n\u00e3o s\u00f3 ilumina bem como tamb\u00e9m promove uma economia de energia significativa para o seu bolso. Simples de instalar, n\u00e3o necessita de nenhum acess\u00f3rio extra ou m\u00e3o de obra especializada. Basta rosquear a sua Smart L\u00e2mpada Positivo Wi-Fi em um bocal padr\u00e3o, baixar o app da Positivo Casa Inteligente na Google Play ou App Store, se conectar a uma rede Wi-Fi 2,4 GHz e pronto! Com a Positivo Casa Inteligente Voc\u00ea Pode! DIFERENCIAIS \u2022 Consumo menor de energia quando comparado \u00e0s l\u00e2mpadas convencionais. \u2022 Mais de 15.000h de vida \u00fatil. \u2022 Fluxo luminoso de 806 l\u00famens. \u2022 16 milh\u00f5es de cores. \u2022 Pode ser controlado \u00e0 dist\u00e2ncia, por meio do app. \u2022 Ideal para compor a decora\u00e7\u00e3o de ambientes.<\/p>\n","protected":false},"featured_media":785,"template":"","meta":{"_uag_custom_page_level_css":"","site-sidebar-layout":"default","site-content-layout":"default","ast-site-content-layout":"default","site-content-style":"default","site-sidebar-style":"default","ast-global-header-display":"","ast-banner-title-visibility":"","ast-main-header-display":"","ast-hfb-above-header-display":"","ast-hfb-below-header-display":"","ast-hfb-mobile-header-display":"","site-post-title":"","ast-breadcrumbs-content":"","ast-featured-img":"","footer-sml-layout":"","theme-transparent-header-meta":"default","adv-header-id-meta":"","stick-header-meta":"","header-above-stick-meta":"","header-main-stick-meta":"","header-below-stick-meta":"","astra-migrate-meta-layouts":"default","ast-page-background-enabled":"default","ast-page-background-meta":{"desktop":{"background-color":"","background-image":"","background-repeat":"repeat","background-position":"center center","background-size":"auto","background-attachment":"scroll","background-type":"","background-media":"","overlay-type":"","overlay-color":"","overlay-opacity":"","overlay-gradient":""},"tablet":{"background-color":"","background-image":"","background-repeat":"repeat","background-position":"center center","background-size":"auto","background-attachment":"scroll","background-type":"","background-media":"","overlay-type":"","overlay-color":"","overlay-opacity":"","overlay-gradient":""},"mobile":{"background-color":"","background-image":"","background-repeat":"repeat","background-position":"center center","background-size":"auto","background-attachment":"scroll","background-type":"","background-media":"","overlay-type":"","overlay-color":"","overlay-opacity":"","overlay-gradient":""}},"ast-content-background-meta":{"desktop":{"background-color":"var(--ast-global-color-5)","background-image":"","background-repeat":"repeat","background-position":"center center","background-size":"auto","background-attachment":"scroll","background-type":"","background-media":"","overlay-type":"","overlay-color":"","overlay-opacity":"","overlay-gradient":""},"tablet":{"background-color":"var(--ast-global-color-5)","background-image":"","background-repeat":"repeat","background-position":"center center","background-size":"auto","background-attachment":"scroll","background-type":"","background-media":"","overlay-type":"","overlay-color":"","overlay-opacity":"","overlay-gradient":""},"mobile":{"background-color":"var(--ast-global-color-5)","background-image":"","background-repeat":"repeat","background-position":"center center","background-size":"auto","background-attachment":"scroll","background-type":"","background-media":"","overlay-type":"","overlay-color":"","overlay-opacity":"","overlay-gradient":""}}},"product_brand":[],"product_cat":[26,27],"product_tag":[131,175,224,226,225,223,193],"class_list":{"0":"post-784","1":"product","2":"type-product","3":"status-publish","4":"has-post-thumbnail","6":"product_cat-casa-inteligente","7":"product_cat-iluminacao","8":"product_tag-alexa","9":"product_tag-casa-inteligente","10":"product_tag-lampada","11":"product_tag-led","12":"product_tag-positivo","13":"product_tag-smart","14":"product_tag-wi-fi","15":"desktop-align-center","16":"tablet-align-left","17":"mobile-align-center","19":"first","20":"instock","21":"sale","22":"shipping-taxable","23":"product-type-external"},"uagb_featured_image_src":{"full":["https:\/\/promocaododia.com.br\/site\/wp-content\/uploads\/2022\/10\/Smart-Lampada-Wi-Fi-Positivo-Casa-Inteligente-Branca-Quente-e-Fria-Colorido-RGB-LED-9W-Bivolt-Compativel-com-Alexa.jpg",600,600,false],"thumbnail":["https:\/\/promocaododia.com.br\/site\/wp-content\/uploads\/2022\/10\/Smart-Lampada-Wi-Fi-Positivo-Casa-Inteligente-Branca-Quente-e-Fria-Colorido-RGB-LED-9W-Bivolt-Compativel-com-Alexa-150x150.jpg",150,150,true],"medium":["https:\/\/promocaododia.com.br\/site\/wp-content\/uploads\/2022\/10\/Smart-Lampada-Wi-Fi-Positivo-Casa-Inteligente-Branca-Quente-e-Fria-Colorido-RGB-LED-9W-Bivolt-Compativel-com-Alexa-300x300.jpg",300,300,true],"medium_large":["https:\/\/promocaododia.com.br\/site\/wp-content\/uploads\/2022\/10\/Smart-Lampada-Wi-Fi-Positivo-Casa-Inteligente-Branca-Quente-e-Fria-Colorido-RGB-LED-9W-Bivolt-Compativel-com-Alexa.jpg",600,600,false],"large":["https:\/\/promocaododia.com.br\/site\/wp-content\/uploads\/2022\/10\/Smart-Lampada-Wi-Fi-Positivo-Casa-Inteligente-Branca-Quente-e-Fria-Colorido-RGB-LED-9W-Bivolt-Compativel-com-Alexa.jpg",600,600,false],"1536x1536":["https:\/\/promocaododia.com.br\/site\/wp-content\/uploads\/2022\/10\/Smart-Lampada-Wi-Fi-Positivo-Casa-Inteligente-Branca-Quente-e-Fria-Colorido-RGB-LED-9W-Bivolt-Compativel-com-Alexa.jpg",600,600,false],"2048x2048":["https:\/\/promocaododia.com.br\/site\/wp-content\/uploads\/2022\/10\/Smart-Lampada-Wi-Fi-Positivo-Casa-Inteligente-Branca-Quente-e-Fria-Colorido-RGB-LED-9W-Bivolt-Compativel-com-Alexa.jpg",600,600,false],"woocommerce_thumbnail":["https:\/\/promocaododia.com.br\/site\/wp-content\/uploads\/2022\/10\/Smart-Lampada-Wi-Fi-Positivo-Casa-Inteligente-Branca-Quente-e-Fria-Colorido-RGB-LED-9W-Bivolt-Compativel-com-Alexa-250x250.jpg",250,250,true],"woocommerce_single":["https:\/\/promocaododia.com.br\/site\/wp-content\/uploads\/2022\/10\/Smart-Lampada-Wi-Fi-Positivo-Casa-Inteligente-Branca-Quente-e-Fria-Colorido-RGB-LED-9W-Bivolt-Compativel-com-Alexa-250x250.jpg",250,250,true],"woocommerce_gallery_thumbnail":["https:\/\/promocaododia.com.br\/site\/wp-content\/uploads\/2022\/10\/Smart-Lampada-Wi-Fi-Positivo-Casa-Inteligente-Branca-Quente-e-Fria-Colorido-RGB-LED-9W-Bivolt-Compativel-com-Alexa-100x100.jpg",100,100,true]},"uagb_author_info":{"display_name":"danilo.gbr","author_link":"https:\/\/promocaododia.com.br\/site\/author\/"},"uagb_comment_info":0,"uagb_excerpt":"A\u00a0Smart L\u00e2mpada Wi-Fi da Positivo Casa Inteligente\u00a0\u00e9 mais que uma l\u00e2mpada, \u00e9 um estilo de vida para quem n\u00e3o dispensa o uso da tecnologia a seu favor e gosta de ter o controle da casa na palma da m\u00e3o. J\u00e1 saiu e teve a sensa\u00e7\u00e3o de deixar a luz acesa? Deixou a chave com o&hellip;","_links":{"self":[{"href":"https:\/\/promocaododia.com.br\/site\/wp-json\/wp\/v2\/product\/784","targetHints":{"allow":["GET"]}}],"collection":[{"href":"https:\/\/promocaododia.com.br\/site\/wp-json\/wp\/v2\/product"}],"about":[{"href":"https:\/\/promocaododia.com.br\/site\/wp-json\/wp\/v2\/types\/product"}],"wp:featuredmedia":[{"embeddable":true,"href":"https:\/\/promocaododia.com.br\/site\/wp-json\/wp\/v2\/media\/785"}],"wp:attachment":[{"href":"https:\/\/promocaododia.com.br\/site\/wp-json\/wp\/v2\/media?parent=784"}],"wp:term":[{"taxonomy":"product_brand","embeddable":true,"href":"https:\/\/promocaododia.com.br\/site\/wp-json\/wp\/v2\/product_brand?post=784"},{"taxonomy":"product_cat","embeddable":true,"href":"https:\/\/promocaododia.com.br\/site\/wp-json\/wp\/v2\/product_cat?post=784"},{"taxonomy":"product_tag","embeddable":true,"href":"https:\/\/promocaododia.com.br\/site\/wp-json\/wp\/v2\/product_tag?post=784"}],"curies":[{"name":"wp","href":"https:\/\/api.w.org\/{rel}","templated":true}]}}