{"id":786,"date":"2022-10-25T18:44:41","date_gmt":"2022-10-25T21:44:41","guid":{"rendered":"https:\/\/promocaododia.com.br\/site\/?post_type=product&#038;p=786"},"modified":"2022-10-25T18:45:52","modified_gmt":"2022-10-25T21:45:52","slug":"kit-garrafa-para-diluicao-lava-roupas-liquido-para-diluir-omo-protecao-antiodor-500ml-refil-economico-omo","status":"publish","type":"product","link":"https:\/\/promocaododia.com.br\/site\/produto\/kit-garrafa-para-diluicao-lava-roupas-liquido-para-diluir-omo-protecao-antiodor-500ml-refil-economico-omo\/","title":{"rendered":"Kit Garrafa Para Dilui\u00e7\u00e3o + Lava-Roupas L\u00edquido Para Diluir Omo Prote\u00e7\u00e3o Antiodor 500Ml Refil Econ\u00f4mico, Omo"},"content":{"rendered":"<p>O lava roupas OMO Sports agora \u00e9 o novo OMO Prote\u00e7\u00e3o Antiodor, produto certo para quem est\u00e1 sempre em movimento. Seja na vers\u00e3o concentrada para diluir ou em p\u00f3, OMO Prote\u00e7\u00e3o Antiodor tem tecnologia que combate o mau odor n\u00e3o s\u00f3 nas roupas esportivas, mas em todos os tipos de tecidos. Com perfume 6x melhor\u00b9, o OMO Antiodor garante sensa\u00e7\u00e3o de frescor e prote\u00e7\u00e3o at\u00e9 a pr\u00f3xima lavagem. Isso tudo atrelado a uma limpeza imbat\u00edvel\u00b2 e cuidado de OMO que voc\u00ea j\u00e1 conhece. Ao procurar a linha OMO Antiodor, saiba que ela substituiu o sab\u00e3o OMO Sports e que sua embalagem de OMO \u00e9 na cor laranja. OMO se preocupa com o meio ambiente. Sua f\u00f3rmula cont\u00e9m ingredientes biodegrad\u00e1veis, ajudando a preservar rios e oceanos, e economiza \u00e1gua, pois precisa de apenas 1 enx\u00e1gue\u00b3. Conhe\u00e7a tamb\u00e9m o amaciante Comfort Prote\u00e7\u00e3o Antiodor, que foi desenvolvido para roupas de gin\u00e1stica. Seu uso \u00e9 recomendado por Brastemp e Consul. Para saber mais sobre a linha de produtos OMO, OMO Tira Manchas e OMO Desinfetantes, acesse o site. Mantenha o produto fora do alcance de crian\u00e7as e dos animais dom\u00e9sticos. Leia o r\u00f3tulo antes de usar o produto. \u00b9Versus vers\u00e3o do mesmo fabricante. \u00b2Comparado a detergentes em p\u00f3 do mesmo fabricante. Remove manchas como suco de laranja, sobremesa de chocolate e \u00f3leo de fritura (tecido de algod\u00e3o). \u00b3Reduzindo de 2 ou mais enx\u00e1gues para apenas 1.<\/p>\n","protected":false},"excerpt":{"rendered":"<p>O lava roupas OMO Sports agora \u00e9 o novo OMO Prote\u00e7\u00e3o Antiodor, produto certo para quem est\u00e1 sempre em movimento. Seja na vers\u00e3o concentrada para diluir ou em p\u00f3, OMO Prote\u00e7\u00e3o Antiodor tem tecnologia que combate o mau odor n\u00e3o s\u00f3 nas roupas esportivas, mas em todos os tipos de tecidos. Com perfume 6x melhor\u00b9, o OMO Antiodor garante sensa\u00e7\u00e3o de frescor e prote\u00e7\u00e3o at\u00e9 a pr\u00f3xima lavagem. Isso tudo atrelado a uma limpeza imbat\u00edvel\u00b2 e cuidado de OMO que voc\u00ea j\u00e1 conhece. Ao procurar a linha OMO Antiodor, saiba que ela substituiu o sab\u00e3o OMO Sports e que sua embalagem de OMO \u00e9 na cor laranja. OMO se preocupa com o meio ambiente. Sua f\u00f3rmula cont\u00e9m ingredientes biodegrad\u00e1veis, ajudando a preservar rios e oceanos, e economiza \u00e1gua, pois precisa de apenas 1 enx\u00e1gue\u00b3. Conhe\u00e7a tamb\u00e9m o amaciante Comfort Prote\u00e7\u00e3o Antiodor, que foi desenvolvido para roupas de gin\u00e1stica. Seu uso \u00e9 recomendado por Brastemp e Consul. Para saber mais sobre a linha de produtos OMO, OMO Tira Manchas e OMO Desinfetantes, acesse o site. Mantenha o produto fora do alcance de crian\u00e7as e dos animais dom\u00e9sticos. Leia o r\u00f3tulo antes de usar o produto. \u00b9Versus vers\u00e3o do mesmo fabricante. \u00b2Comparado a detergentes em p\u00f3 do mesmo fabricante. Remove manchas como suco de laranja, sobremesa de chocolate e \u00f3leo de fritura (tecido de algod\u00e3o). \u00b3Reduzindo de 2 ou mais enx\u00e1gues para apenas 1.<\/p>\n","protected":false},"featured_media":787,"template":"","meta":{"_uag_custom_page_level_css":"","site-sidebar-layout":"default","site-content-layout":"default","ast-site-content-layout":"default","site-content-style":"default","site-sidebar-style":"default","ast-global-header-display":"","ast-banner-title-visibility":"","ast-main-header-display":"","ast-hfb-above-header-display":"","ast-hfb-below-header-display":"","ast-hfb-mobile-header-display":"","site-post-title":"","ast-breadcrumbs-content":"","ast-featured-img":"","footer-sml-layout":"","theme-transparent-header-meta":"default","adv-header-id-meta":"","stick-header-meta":"","header-above-stick-meta":"","header-main-stick-meta":"","header-below-stick-meta":"","astra-migrate-meta-layouts":"default","ast-page-background-enabled":"default","ast-page-background-meta":{"desktop":{"background-color":"","background-image":"","background-repeat":"repeat","background-position":"center center","background-size":"auto","background-attachment":"scroll","background-type":"","background-media":"","overlay-type":"","overlay-color":"","overlay-opacity":"","overlay-gradient":""},"tablet":{"background-color":"","background-image":"","background-repeat":"repeat","background-position":"center center","background-size":"auto","background-attachment":"scroll","background-type":"","background-media":"","overlay-type":"","overlay-color":"","overlay-opacity":"","overlay-gradient":""},"mobile":{"background-color":"","background-image":"","background-repeat":"repeat","background-position":"center center","background-size":"auto","background-attachment":"scroll","background-type":"","background-media":"","overlay-type":"","overlay-color":"","overlay-opacity":"","overlay-gradient":""}},"ast-content-background-meta":{"desktop":{"background-color":"var(--ast-global-color-5)","background-image":"","background-repeat":"repeat","background-position":"center center","background-size":"auto","background-attachment":"scroll","background-type":"","background-media":"","overlay-type":"","overlay-color":"","overlay-opacity":"","overlay-gradient":""},"tablet":{"background-color":"var(--ast-global-color-5)","background-image":"","background-repeat":"repeat","background-position":"center center","background-size":"auto","background-attachment":"scroll","background-type":"","background-media":"","overlay-type":"","overlay-color":"","overlay-opacity":"","overlay-gradient":""},"mobile":{"background-color":"var(--ast-global-color-5)","background-image":"","background-repeat":"repeat","background-position":"center center","background-size":"auto","background-attachment":"scroll","background-type":"","background-media":"","overlay-type":"","overlay-color":"","overlay-opacity":"","overlay-gradient":""}}},"product_brand":[],"product_cat":[93,84],"product_tag":[230,229,228,227],"class_list":{"0":"post-786","1":"product","2":"type-product","3":"status-publish","4":"has-post-thumbnail","6":"product_cat-limpeza","7":"product_cat-mercado","8":"product_tag-antiodor","9":"product_tag-lava-roupas","10":"product_tag-limpeza","11":"product_tag-omo","12":"desktop-align-center","13":"tablet-align-left","14":"mobile-align-center","16":"first","17":"instock","18":"shipping-taxable","19":"product-type-external"},"uagb_featured_image_src":{"full":["https:\/\/promocaododia.com.br\/site\/wp-content\/uploads\/2022\/10\/Kit-Garrafa-Para-Diluicao-Lava-Roupas-Liquido-Para-Diluir-Omo-Protecao-Antiodor-500Ml-Refil-Economico-Omo.jpg",600,600,false],"thumbnail":["https:\/\/promocaododia.com.br\/site\/wp-content\/uploads\/2022\/10\/Kit-Garrafa-Para-Diluicao-Lava-Roupas-Liquido-Para-Diluir-Omo-Protecao-Antiodor-500Ml-Refil-Economico-Omo-150x150.jpg",150,150,true],"medium":["https:\/\/promocaododia.com.br\/site\/wp-content\/uploads\/2022\/10\/Kit-Garrafa-Para-Diluicao-Lava-Roupas-Liquido-Para-Diluir-Omo-Protecao-Antiodor-500Ml-Refil-Economico-Omo-300x300.jpg",300,300,true],"medium_large":["https:\/\/promocaododia.com.br\/site\/wp-content\/uploads\/2022\/10\/Kit-Garrafa-Para-Diluicao-Lava-Roupas-Liquido-Para-Diluir-Omo-Protecao-Antiodor-500Ml-Refil-Economico-Omo.jpg",600,600,false],"large":["https:\/\/promocaododia.com.br\/site\/wp-content\/uploads\/2022\/10\/Kit-Garrafa-Para-Diluicao-Lava-Roupas-Liquido-Para-Diluir-Omo-Protecao-Antiodor-500Ml-Refil-Economico-Omo.jpg",600,600,false],"1536x1536":["https:\/\/promocaododia.com.br\/site\/wp-content\/uploads\/2022\/10\/Kit-Garrafa-Para-Diluicao-Lava-Roupas-Liquido-Para-Diluir-Omo-Protecao-Antiodor-500Ml-Refil-Economico-Omo.jpg",600,600,false],"2048x2048":["https:\/\/promocaododia.com.br\/site\/wp-content\/uploads\/2022\/10\/Kit-Garrafa-Para-Diluicao-Lava-Roupas-Liquido-Para-Diluir-Omo-Protecao-Antiodor-500Ml-Refil-Economico-Omo.jpg",600,600,false],"woocommerce_thumbnail":["https:\/\/promocaododia.com.br\/site\/wp-content\/uploads\/2022\/10\/Kit-Garrafa-Para-Diluicao-Lava-Roupas-Liquido-Para-Diluir-Omo-Protecao-Antiodor-500Ml-Refil-Economico-Omo-250x250.jpg",250,250,true],"woocommerce_single":["https:\/\/promocaododia.com.br\/site\/wp-content\/uploads\/2022\/10\/Kit-Garrafa-Para-Diluicao-Lava-Roupas-Liquido-Para-Diluir-Omo-Protecao-Antiodor-500Ml-Refil-Economico-Omo-250x250.jpg",250,250,true],"woocommerce_gallery_thumbnail":["https:\/\/promocaododia.com.br\/site\/wp-content\/uploads\/2022\/10\/Kit-Garrafa-Para-Diluicao-Lava-Roupas-Liquido-Para-Diluir-Omo-Protecao-Antiodor-500Ml-Refil-Economico-Omo-100x100.jpg",100,100,true]},"uagb_author_info":{"display_name":"danilo.gbr","author_link":"https:\/\/promocaododia.com.br\/site\/author\/"},"uagb_comment_info":0,"uagb_excerpt":"O lava roupas OMO Sports agora \u00e9 o novo OMO Prote\u00e7\u00e3o Antiodor, produto certo para quem est\u00e1 sempre em movimento. Seja na vers\u00e3o concentrada para diluir ou em p\u00f3, OMO Prote\u00e7\u00e3o Antiodor tem tecnologia que combate o mau odor n\u00e3o s\u00f3 nas roupas esportivas, mas em todos os tipos de tecidos. Com perfume 6x melhor\u00b9,&hellip;","_links":{"self":[{"href":"https:\/\/promocaododia.com.br\/site\/wp-json\/wp\/v2\/product\/786","targetHints":{"allow":["GET"]}}],"collection":[{"href":"https:\/\/promocaododia.com.br\/site\/wp-json\/wp\/v2\/product"}],"about":[{"href":"https:\/\/promocaododia.com.br\/site\/wp-json\/wp\/v2\/types\/product"}],"wp:featuredmedia":[{"embeddable":true,"href":"https:\/\/promocaododia.com.br\/site\/wp-json\/wp\/v2\/media\/787"}],"wp:attachment":[{"href":"https:\/\/promocaododia.com.br\/site\/wp-json\/wp\/v2\/media?parent=786"}],"wp:term":[{"taxonomy":"product_brand","embeddable":true,"href":"https:\/\/promocaododia.com.br\/site\/wp-json\/wp\/v2\/product_brand?post=786"},{"taxonomy":"product_cat","embeddable":true,"href":"https:\/\/promocaododia.com.br\/site\/wp-json\/wp\/v2\/product_cat?post=786"},{"taxonomy":"product_tag","embeddable":true,"href":"https:\/\/promocaododia.com.br\/site\/wp-json\/wp\/v2\/product_tag?post=786"}],"curies":[{"name":"wp","href":"https:\/\/api.w.org\/{rel}","templated":true}]}}