{"id":789,"date":"2022-10-25T18:53:52","date_gmt":"2022-10-25T21:53:52","guid":{"rendered":"https:\/\/promocaododia.com.br\/site\/?post_type=product&#038;p=789"},"modified":"2022-10-25T18:53:53","modified_gmt":"2022-10-25T21:53:53","slug":"caixa-de-som-bluetooth-jbl-partybox-110-160w-jblpartybox110br","status":"publish","type":"product","link":"https:\/\/promocaododia.com.br\/site\/produto\/caixa-de-som-bluetooth-jbl-partybox-110-160w-jblpartybox110br\/","title":{"rendered":"Caixa de Som Bluetooth JBL PartyBox 110 160W &#8211; JBLPARTYBOX110BR"},"content":{"rendered":"<ul class=\"a-unordered-list a-vertical a-spacing-mini\">\n<li><span class=\"a-list-item\">SOM PRO JBL. Seja em casa ou ao ar livre, a JBL PartyBox 110 torna sua m\u00fasica incr\u00edvel com dois n\u00edveis de graves profundos e ajust\u00e1veis e o poderoso JBL Original Pro Sound.<\/span><\/li>\n<li><span class=\"a-list-item\">SHOW DE LUZES DIN\u00c2MICO. Turbine sua festa com um magn\u00edfico show de luzes. Escolha entre as diversas combina\u00e7\u00f5es das luzes LED RGB ou deixe as cores dan\u00e7arem no ritmo da m\u00fasica para incluir um efeito audiovisual de \u00faltima gera\u00e7\u00e3o \u00e0 sua festa.<\/span><\/li>\n<li><span class=\"a-list-item\">AT\u00c9 12 HORAS DE BATERIA. N\u00e3o tem plugue? Sem problemas. O JBL PartyBox 110 mant\u00e9m a festa onde quer que voc\u00ea esteja com at\u00e9 12 horas de reprodu\u00e7\u00e3o.<\/span><\/li>\n<li><span class=\"a-list-item\">CONECTE E SE DIVIRTA. Tem um microfone? Ent\u00e3o cante! Tem um viol\u00e3o? Ent\u00e3o arrebenta no som! Conecte-se \u00e0 caixa de som, suba ao palco e toque como se n\u00e3o houvesse amanh\u00e3.<\/span><\/li>\n<li><span class=\"a-list-item\">RESISTENTE \u00c0 \u00c1GUA. Leve-a de uma festa dan\u00e7ante nos fundos de casa at\u00e9 uma grande festa na piscina. Com prote\u00e7\u00e3o \u00e0 prova de respingos IPX4, o JBL PartyBox 110 mant\u00e9m o som rolando fa\u00e7a chuva ou fa\u00e7a sol.<\/span><\/li>\n<\/ul>\n","protected":false},"excerpt":{"rendered":"<p>SOM PRO JBL. Seja em casa ou ao ar livre, a JBL PartyBox 110 torna sua m\u00fasica incr\u00edvel com dois n\u00edveis de graves profundos e ajust\u00e1veis e o poderoso JBL Original Pro Sound. SHOW DE LUZES DIN\u00c2MICO. Turbine sua festa com um magn\u00edfico show de luzes. Escolha entre as diversas combina\u00e7\u00f5es das luzes LED RGB ou deixe as cores dan\u00e7arem no ritmo da m\u00fasica para incluir um efeito audiovisual de \u00faltima gera\u00e7\u00e3o \u00e0 sua festa. AT\u00c9 12 HORAS DE BATERIA. N\u00e3o tem plugue? Sem problemas. O JBL PartyBox 110 mant\u00e9m a festa onde quer que voc\u00ea esteja com at\u00e9 12 horas de reprodu\u00e7\u00e3o. CONECTE E SE DIVIRTA. Tem um microfone? Ent\u00e3o cante! Tem um viol\u00e3o? Ent\u00e3o arrebenta no som! Conecte-se \u00e0 caixa de som, suba ao palco e toque como se n\u00e3o houvesse amanh\u00e3. RESISTENTE \u00c0 \u00c1GUA. Leve-a de uma festa dan\u00e7ante nos fundos de casa at\u00e9 uma grande festa na piscina. Com prote\u00e7\u00e3o \u00e0 prova de respingos IPX4, o JBL PartyBox 110 mant\u00e9m o som rolando fa\u00e7a chuva ou fa\u00e7a sol.<\/p>\n","protected":false},"featured_media":790,"template":"","meta":{"_uag_custom_page_level_css":"","site-sidebar-layout":"default","site-content-layout":"default","ast-site-content-layout":"default","site-content-style":"default","site-sidebar-style":"default","ast-global-header-display":"","ast-banner-title-visibility":"","ast-main-header-display":"","ast-hfb-above-header-display":"","ast-hfb-below-header-display":"","ast-hfb-mobile-header-display":"","site-post-title":"","ast-breadcrumbs-content":"","ast-featured-img":"","footer-sml-layout":"","theme-transparent-header-meta":"default","adv-header-id-meta":"","stick-header-meta":"","header-above-stick-meta":"","header-main-stick-meta":"","header-below-stick-meta":"","astra-migrate-meta-layouts":"default","ast-page-background-enabled":"default","ast-page-background-meta":{"desktop":{"background-color":"","background-image":"","background-repeat":"repeat","background-position":"center center","background-size":"auto","background-attachment":"scroll","background-type":"","background-media":"","overlay-type":"","overlay-color":"","overlay-opacity":"","overlay-gradient":""},"tablet":{"background-color":"","background-image":"","background-repeat":"repeat","background-position":"center center","background-size":"auto","background-attachment":"scroll","background-type":"","background-media":"","overlay-type":"","overlay-color":"","overlay-opacity":"","overlay-gradient":""},"mobile":{"background-color":"","background-image":"","background-repeat":"repeat","background-position":"center center","background-size":"auto","background-attachment":"scroll","background-type":"","background-media":"","overlay-type":"","overlay-color":"","overlay-opacity":"","overlay-gradient":""}},"ast-content-background-meta":{"desktop":{"background-color":"var(--ast-global-color-5)","background-image":"","background-repeat":"repeat","background-position":"center center","background-size":"auto","background-attachment":"scroll","background-type":"","background-media":"","overlay-type":"","overlay-color":"","overlay-opacity":"","overlay-gradient":""},"tablet":{"background-color":"var(--ast-global-color-5)","background-image":"","background-repeat":"repeat","background-position":"center center","background-size":"auto","background-attachment":"scroll","background-type":"","background-media":"","overlay-type":"","overlay-color":"","overlay-opacity":"","overlay-gradient":""},"mobile":{"background-color":"var(--ast-global-color-5)","background-image":"","background-repeat":"repeat","background-position":"center center","background-size":"auto","background-attachment":"scroll","background-type":"","background-media":"","overlay-type":"","overlay-color":"","overlay-opacity":"","overlay-gradient":""}}},"product_brand":[],"product_cat":[50,53,231],"product_tag":[236,235,177,233,234,232],"class_list":{"0":"post-789","1":"product","2":"type-product","3":"status-publish","4":"has-post-thumbnail","6":"product_cat-aventura-e-lazer","7":"product_cat-eletroportateis","8":"product_cat-som","9":"product_tag-160w","10":"product_tag-bluetooth","11":"product_tag-caixa-de-som","12":"product_tag-jbl","13":"product_tag-partybox","14":"product_tag-som","15":"desktop-align-center","16":"tablet-align-left","17":"mobile-align-center","19":"first","20":"instock","21":"sale","22":"shipping-taxable","23":"product-type-external"},"uagb_featured_image_src":{"full":["https:\/\/promocaododia.com.br\/site\/wp-content\/uploads\/2022\/10\/Caixa-de-Som-Bluetooth-JBL-PartyBox-110-160W-JBLPARTYBOX110BR.jpg",600,600,false],"thumbnail":["https:\/\/promocaododia.com.br\/site\/wp-content\/uploads\/2022\/10\/Caixa-de-Som-Bluetooth-JBL-PartyBox-110-160W-JBLPARTYBOX110BR-150x150.jpg",150,150,true],"medium":["https:\/\/promocaododia.com.br\/site\/wp-content\/uploads\/2022\/10\/Caixa-de-Som-Bluetooth-JBL-PartyBox-110-160W-JBLPARTYBOX110BR-300x300.jpg",300,300,true],"medium_large":["https:\/\/promocaododia.com.br\/site\/wp-content\/uploads\/2022\/10\/Caixa-de-Som-Bluetooth-JBL-PartyBox-110-160W-JBLPARTYBOX110BR.jpg",600,600,false],"large":["https:\/\/promocaododia.com.br\/site\/wp-content\/uploads\/2022\/10\/Caixa-de-Som-Bluetooth-JBL-PartyBox-110-160W-JBLPARTYBOX110BR.jpg",600,600,false],"1536x1536":["https:\/\/promocaododia.com.br\/site\/wp-content\/uploads\/2022\/10\/Caixa-de-Som-Bluetooth-JBL-PartyBox-110-160W-JBLPARTYBOX110BR.jpg",600,600,false],"2048x2048":["https:\/\/promocaododia.com.br\/site\/wp-content\/uploads\/2022\/10\/Caixa-de-Som-Bluetooth-JBL-PartyBox-110-160W-JBLPARTYBOX110BR.jpg",600,600,false],"woocommerce_thumbnail":["https:\/\/promocaododia.com.br\/site\/wp-content\/uploads\/2022\/10\/Caixa-de-Som-Bluetooth-JBL-PartyBox-110-160W-JBLPARTYBOX110BR-250x250.jpg",250,250,true],"woocommerce_single":["https:\/\/promocaododia.com.br\/site\/wp-content\/uploads\/2022\/10\/Caixa-de-Som-Bluetooth-JBL-PartyBox-110-160W-JBLPARTYBOX110BR-250x250.jpg",250,250,true],"woocommerce_gallery_thumbnail":["https:\/\/promocaododia.com.br\/site\/wp-content\/uploads\/2022\/10\/Caixa-de-Som-Bluetooth-JBL-PartyBox-110-160W-JBLPARTYBOX110BR-100x100.jpg",100,100,true]},"uagb_author_info":{"display_name":"danilo.gbr","author_link":"https:\/\/promocaododia.com.br\/site\/author\/"},"uagb_comment_info":0,"uagb_excerpt":"SOM PRO JBL. Seja em casa ou ao ar livre, a JBL PartyBox 110 torna sua m\u00fasica incr\u00edvel com dois n\u00edveis de graves profundos e ajust\u00e1veis e o poderoso JBL Original Pro Sound. SHOW DE LUZES DIN\u00c2MICO. Turbine sua festa com um magn\u00edfico show de luzes. Escolha entre as diversas combina\u00e7\u00f5es das luzes LED RGB&hellip;","_links":{"self":[{"href":"https:\/\/promocaododia.com.br\/site\/wp-json\/wp\/v2\/product\/789","targetHints":{"allow":["GET"]}}],"collection":[{"href":"https:\/\/promocaododia.com.br\/site\/wp-json\/wp\/v2\/product"}],"about":[{"href":"https:\/\/promocaododia.com.br\/site\/wp-json\/wp\/v2\/types\/product"}],"wp:featuredmedia":[{"embeddable":true,"href":"https:\/\/promocaododia.com.br\/site\/wp-json\/wp\/v2\/media\/790"}],"wp:attachment":[{"href":"https:\/\/promocaododia.com.br\/site\/wp-json\/wp\/v2\/media?parent=789"}],"wp:term":[{"taxonomy":"product_brand","embeddable":true,"href":"https:\/\/promocaododia.com.br\/site\/wp-json\/wp\/v2\/product_brand?post=789"},{"taxonomy":"product_cat","embeddable":true,"href":"https:\/\/promocaododia.com.br\/site\/wp-json\/wp\/v2\/product_cat?post=789"},{"taxonomy":"product_tag","embeddable":true,"href":"https:\/\/promocaododia.com.br\/site\/wp-json\/wp\/v2\/product_tag?post=789"}],"curies":[{"name":"wp","href":"https:\/\/api.w.org\/{rel}","templated":true}]}}