{"id":793,"date":"2022-10-26T12:15:46","date_gmt":"2022-10-26T15:15:46","guid":{"rendered":"https:\/\/promocaododia.com.br\/site\/?post_type=product&#038;p=793"},"modified":"2022-10-26T12:15:46","modified_gmt":"2022-10-26T15:15:46","slug":"smart-tv-55-4k-uhd-led-tcl-55p725-va-wi-fi-bluetooth-alexa-google-assistente-3-hdmi-2-usb","status":"publish","type":"product","link":"https:\/\/promocaododia.com.br\/site\/produto\/smart-tv-55-4k-uhd-led-tcl-55p725-va-wi-fi-bluetooth-alexa-google-assistente-3-hdmi-2-usb\/","title":{"rendered":"Smart TV 55\u201d 4K UHD LED TCL 55P725 VA Wi-Fi &#8211; Bluetooth Alexa Google Assistente 3 HDMI 2 USB"},"content":{"rendered":"<p>Tenha a evolu\u00e7\u00e3o da Android TV. Com a Smart TV 55P725 da TCL, voc\u00ea vai ter uma experi\u00eancia impressionante, mais fluidez, melhores recomenda\u00e7\u00f5es de conte\u00fado e mais fun\u00e7\u00f5es. O modelo 55P725 \u00e9 LED, com resolu\u00e7\u00e3o 4K e painel VA. A sua taxa de resposta \u00e9 de 60Hz e conta com o processador AIPQ Gen2 que possui intelig\u00eancia artificial proporcionando mais cor e contraste quadro a quadro para diferentes conte\u00fados como paisagens, cenas noturnas, movimento, desenhos animados, esportes e faces.. Voc\u00ea vai poder ouvir m\u00fasicas, ver filmes, jogar games e muito mais, os essenciais de entretenimento v\u00eam pr\u00e9-instalados e voc\u00ea pode baixar mais atrav\u00e9s da Google Play Store. Use somente sua voz e esque\u00e7a do controle remoto para sempre. O Assistente Google incorporado significa que voc\u00ea pode controlar a TV, programar lembretes, buscar sugest\u00f5es de filmes e s\u00e9ries, obter a previs\u00e3o do tempo e muito, muito mais totalmente sem usar as m\u00e3os, diga s\u00f3 \u201cHey Google\u201d (\u201cOk Google\u201d) para come\u00e7ar. Configure o termostato, escure\u00e7a as luzes, comande o seu aspirador rob\u00f4 e mais. Bem vindo \u00e0 casa e TV de amanh\u00e3. Permite que a TV TCL seja controlada pelo Google Nest, e tamb\u00e9m permite que a Google TV controle dispositivos inteligentes que s\u00e3o compat\u00edveis com o Google Assistant. Conta com wi-fi e bluetooth. J\u00e1 suas conex\u00f5es s\u00e3o LAN, 3 HDMI, 2 USB, 1 AV e RF. Possui ainda tela sem bordas com m\u00e1ximo de tela e design minimalista.<\/p>\n","protected":false},"excerpt":{"rendered":"<p>Tenha a evolu\u00e7\u00e3o da Android TV. Com a Smart TV 55P725 da TCL, voc\u00ea vai ter uma experi\u00eancia impressionante, mais fluidez, melhores recomenda\u00e7\u00f5es de conte\u00fado e mais fun\u00e7\u00f5es. O modelo 55P725 \u00e9 LED, com resolu\u00e7\u00e3o 4K e painel VA. A sua taxa de resposta \u00e9 de 60Hz e conta com o processador AIPQ Gen2 que possui intelig\u00eancia artificial proporcionando mais cor e contraste quadro a quadro para diferentes conte\u00fados como paisagens, cenas noturnas, movimento, desenhos animados, esportes e faces.. Voc\u00ea vai poder ouvir m\u00fasicas, ver filmes, jogar games e muito mais, os essenciais de entretenimento v\u00eam pr\u00e9-instalados e voc\u00ea pode baixar mais atrav\u00e9s da Google Play Store. Use somente sua voz e esque\u00e7a do controle remoto para sempre. O Assistente Google incorporado significa que voc\u00ea pode controlar a TV, programar lembretes, buscar sugest\u00f5es de filmes e s\u00e9ries, obter a previs\u00e3o do tempo e muito, muito mais totalmente sem usar as m\u00e3os, diga s\u00f3 \u201cHey Google\u201d (\u201cOk Google\u201d) para come\u00e7ar. Configure o termostato, escure\u00e7a as luzes, comande o seu aspirador rob\u00f4 e mais. Bem vindo \u00e0 casa e TV de amanh\u00e3. Permite que a TV TCL seja controlada pelo Google Nest, e tamb\u00e9m permite que a Google TV controle dispositivos inteligentes que s\u00e3o compat\u00edveis com o Google Assistant. Conta com wi-fi e bluetooth. J\u00e1 suas conex\u00f5es s\u00e3o LAN, 3 HDMI, 2 USB, 1 AV e RF. Possui ainda tela sem bordas com m\u00e1ximo de tela e design minimalista.<\/p>\n","protected":false},"featured_media":794,"template":"","meta":{"_uag_custom_page_level_css":"","site-sidebar-layout":"default","site-content-layout":"default","ast-site-content-layout":"default","site-content-style":"default","site-sidebar-style":"default","ast-global-header-display":"","ast-banner-title-visibility":"","ast-main-header-display":"","ast-hfb-above-header-display":"","ast-hfb-below-header-display":"","ast-hfb-mobile-header-display":"","site-post-title":"","ast-breadcrumbs-content":"","ast-featured-img":"","footer-sml-layout":"","theme-transparent-header-meta":"default","adv-header-id-meta":"","stick-header-meta":"","header-above-stick-meta":"","header-main-stick-meta":"","header-below-stick-meta":"","astra-migrate-meta-layouts":"default","ast-page-background-enabled":"default","ast-page-background-meta":{"desktop":{"background-color":"","background-image":"","background-repeat":"repeat","background-position":"center center","background-size":"auto","background-attachment":"scroll","background-type":"","background-media":"","overlay-type":"","overlay-color":"","overlay-opacity":"","overlay-gradient":""},"tablet":{"background-color":"","background-image":"","background-repeat":"repeat","background-position":"center center","background-size":"auto","background-attachment":"scroll","background-type":"","background-media":"","overlay-type":"","overlay-color":"","overlay-opacity":"","overlay-gradient":""},"mobile":{"background-color":"","background-image":"","background-repeat":"repeat","background-position":"center center","background-size":"auto","background-attachment":"scroll","background-type":"","background-media":"","overlay-type":"","overlay-color":"","overlay-opacity":"","overlay-gradient":""}},"ast-content-background-meta":{"desktop":{"background-color":"var(--ast-global-color-5)","background-image":"","background-repeat":"repeat","background-position":"center center","background-size":"auto","background-attachment":"scroll","background-type":"","background-media":"","overlay-type":"","overlay-color":"","overlay-opacity":"","overlay-gradient":""},"tablet":{"background-color":"var(--ast-global-color-5)","background-image":"","background-repeat":"repeat","background-position":"center center","background-size":"auto","background-attachment":"scroll","background-type":"","background-media":"","overlay-type":"","overlay-color":"","overlay-opacity":"","overlay-gradient":""},"mobile":{"background-color":"var(--ast-global-color-5)","background-image":"","background-repeat":"repeat","background-position":"center center","background-size":"auto","background-attachment":"scroll","background-type":"","background-media":"","overlay-type":"","overlay-color":"","overlay-opacity":"","overlay-gradient":""}}},"product_brand":[],"product_cat":[38,25,76],"product_tag":[129,243,242,131,235,241,125,126,128],"class_list":{"0":"post-793","1":"product","2":"type-product","3":"status-publish","4":"has-post-thumbnail","6":"product_cat-eletronicos","7":"product_cat-smart-tv","8":"product_cat-tv-e-video","9":"product_tag-4k","10":"product_tag-55-polegadas","11":"product_tag-242","12":"product_tag-alexa","13":"product_tag-bluetooth","14":"product_tag-google-assistente","15":"product_tag-smart-tv","16":"product_tag-tv","17":"product_tag-uhd","18":"desktop-align-center","19":"tablet-align-left","20":"mobile-align-center","22":"first","23":"instock","24":"sale","25":"shipping-taxable","26":"product-type-external"},"uagb_featured_image_src":{"full":["https:\/\/promocaododia.com.br\/site\/wp-content\/uploads\/2022\/10\/Smart-TV-55-4K-UHD-LED-TCL-55P725-VA-Wi-Fi-Bluetooth-Alexa-Google-Assistente-3-HDMI-2-USB.jpg",600,600,false],"thumbnail":["https:\/\/promocaododia.com.br\/site\/wp-content\/uploads\/2022\/10\/Smart-TV-55-4K-UHD-LED-TCL-55P725-VA-Wi-Fi-Bluetooth-Alexa-Google-Assistente-3-HDMI-2-USB-150x150.jpg",150,150,true],"medium":["https:\/\/promocaododia.com.br\/site\/wp-content\/uploads\/2022\/10\/Smart-TV-55-4K-UHD-LED-TCL-55P725-VA-Wi-Fi-Bluetooth-Alexa-Google-Assistente-3-HDMI-2-USB-300x300.jpg",300,300,true],"medium_large":["https:\/\/promocaododia.com.br\/site\/wp-content\/uploads\/2022\/10\/Smart-TV-55-4K-UHD-LED-TCL-55P725-VA-Wi-Fi-Bluetooth-Alexa-Google-Assistente-3-HDMI-2-USB.jpg",600,600,false],"large":["https:\/\/promocaododia.com.br\/site\/wp-content\/uploads\/2022\/10\/Smart-TV-55-4K-UHD-LED-TCL-55P725-VA-Wi-Fi-Bluetooth-Alexa-Google-Assistente-3-HDMI-2-USB.jpg",600,600,false],"1536x1536":["https:\/\/promocaododia.com.br\/site\/wp-content\/uploads\/2022\/10\/Smart-TV-55-4K-UHD-LED-TCL-55P725-VA-Wi-Fi-Bluetooth-Alexa-Google-Assistente-3-HDMI-2-USB.jpg",600,600,false],"2048x2048":["https:\/\/promocaododia.com.br\/site\/wp-content\/uploads\/2022\/10\/Smart-TV-55-4K-UHD-LED-TCL-55P725-VA-Wi-Fi-Bluetooth-Alexa-Google-Assistente-3-HDMI-2-USB.jpg",600,600,false],"woocommerce_thumbnail":["https:\/\/promocaododia.com.br\/site\/wp-content\/uploads\/2022\/10\/Smart-TV-55-4K-UHD-LED-TCL-55P725-VA-Wi-Fi-Bluetooth-Alexa-Google-Assistente-3-HDMI-2-USB-250x250.jpg",250,250,true],"woocommerce_single":["https:\/\/promocaododia.com.br\/site\/wp-content\/uploads\/2022\/10\/Smart-TV-55-4K-UHD-LED-TCL-55P725-VA-Wi-Fi-Bluetooth-Alexa-Google-Assistente-3-HDMI-2-USB-250x250.jpg",250,250,true],"woocommerce_gallery_thumbnail":["https:\/\/promocaododia.com.br\/site\/wp-content\/uploads\/2022\/10\/Smart-TV-55-4K-UHD-LED-TCL-55P725-VA-Wi-Fi-Bluetooth-Alexa-Google-Assistente-3-HDMI-2-USB-100x100.jpg",100,100,true]},"uagb_author_info":{"display_name":"danilo.gbr","author_link":"https:\/\/promocaododia.com.br\/site\/author\/"},"uagb_comment_info":0,"uagb_excerpt":"Tenha a evolu\u00e7\u00e3o da Android TV. Com a Smart TV 55P725 da TCL, voc\u00ea vai ter uma experi\u00eancia impressionante, mais fluidez, melhores recomenda\u00e7\u00f5es de conte\u00fado e mais fun\u00e7\u00f5es. O modelo 55P725 \u00e9 LED, com resolu\u00e7\u00e3o 4K e painel VA. A sua taxa de resposta \u00e9 de 60Hz e conta com o processador AIPQ Gen2 que&hellip;","_links":{"self":[{"href":"https:\/\/promocaododia.com.br\/site\/wp-json\/wp\/v2\/product\/793","targetHints":{"allow":["GET"]}}],"collection":[{"href":"https:\/\/promocaododia.com.br\/site\/wp-json\/wp\/v2\/product"}],"about":[{"href":"https:\/\/promocaododia.com.br\/site\/wp-json\/wp\/v2\/types\/product"}],"wp:featuredmedia":[{"embeddable":true,"href":"https:\/\/promocaododia.com.br\/site\/wp-json\/wp\/v2\/media\/794"}],"wp:attachment":[{"href":"https:\/\/promocaododia.com.br\/site\/wp-json\/wp\/v2\/media?parent=793"}],"wp:term":[{"taxonomy":"product_brand","embeddable":true,"href":"https:\/\/promocaododia.com.br\/site\/wp-json\/wp\/v2\/product_brand?post=793"},{"taxonomy":"product_cat","embeddable":true,"href":"https:\/\/promocaododia.com.br\/site\/wp-json\/wp\/v2\/product_cat?post=793"},{"taxonomy":"product_tag","embeddable":true,"href":"https:\/\/promocaododia.com.br\/site\/wp-json\/wp\/v2\/product_tag?post=793"}],"curies":[{"name":"wp","href":"https:\/\/api.w.org\/{rel}","templated":true}]}}