{"id":803,"date":"2022-10-26T18:54:35","date_gmt":"2022-10-26T21:54:35","guid":{"rendered":"https:\/\/promocaododia.com.br\/site\/?post_type=product&#038;p=803"},"modified":"2022-10-26T18:54:35","modified_gmt":"2022-10-26T21:54:35","slug":"lava-e-seca-samsung-11kg-wd11m-inverter-3-em-1-agua-quente-e-fria-branca","status":"publish","type":"product","link":"https:\/\/promocaododia.com.br\/site\/produto\/lava-e-seca-samsung-11kg-wd11m-inverter-3-em-1-agua-quente-e-fria-branca\/","title":{"rendered":"Lava e Seca Samsung 11kg WD11M Inverter &#8211; 3 em 1 \u00c1gua Quente e Fria Branca"},"content":{"rendered":"<p>Para voc\u00ea que est\u00e1 a procura da sua nova lavadora, precisa conhecer a Lava e Seca Samsung WD11M Branca. Ela tem capacidade de lavagem de 11kg e de secagem de 7kg, motor digital inverter que \u00e9 mais silencioso e com 10 anos de garantia, al\u00e9m de 12 programas de lavagem. \u00c9 a n\u00ba 1 em economia de \u00e1gua, tem recursos como 3 em 1 que lava, seca e esteriliza a seco, lava em 15 minutos e lava e seca em 59 minutos para voc\u00ea n\u00e3o se incomodar em ficar estendendo as roupas no varal. E ainda, ela utiliza \u00e1gua quente e fria e conta com painel de controle digital.<\/p>\n","protected":false},"excerpt":{"rendered":"<p>Para voc\u00ea que est\u00e1 a procura da sua nova lavadora, precisa conhecer a Lava e Seca Samsung WD11M Branca. Ela tem capacidade de lavagem de 11kg e de secagem de 7kg, motor digital inverter que \u00e9 mais silencioso e com 10 anos de garantia, al\u00e9m de 12 programas de lavagem. \u00c9 a n\u00ba 1 em economia de \u00e1gua, tem recursos como 3 em 1 que lava, seca e esteriliza a seco, lava em 15 minutos e lava e seca em 59 minutos para voc\u00ea n\u00e3o se incomodar em ficar estendendo as roupas no varal. E ainda, ela utiliza \u00e1gua quente e fria e conta com painel de controle digital.<\/p>\n","protected":false},"featured_media":804,"template":"","meta":{"_uag_custom_page_level_css":"","site-sidebar-layout":"default","site-content-layout":"default","ast-site-content-layout":"default","site-content-style":"default","site-sidebar-style":"default","ast-global-header-display":"","ast-banner-title-visibility":"","ast-main-header-display":"","ast-hfb-above-header-display":"","ast-hfb-below-header-display":"","ast-hfb-mobile-header-display":"","site-post-title":"","ast-breadcrumbs-content":"","ast-featured-img":"","footer-sml-layout":"","theme-transparent-header-meta":"default","adv-header-id-meta":"","stick-header-meta":"","header-above-stick-meta":"","header-main-stick-meta":"","header-below-stick-meta":"","astra-migrate-meta-layouts":"default","ast-page-background-enabled":"default","ast-page-background-meta":{"desktop":{"background-color":"","background-image":"","background-repeat":"repeat","background-position":"center center","background-size":"auto","background-attachment":"scroll","background-type":"","background-media":"","overlay-type":"","overlay-color":"","overlay-opacity":"","overlay-gradient":""},"tablet":{"background-color":"","background-image":"","background-repeat":"repeat","background-position":"center center","background-size":"auto","background-attachment":"scroll","background-type":"","background-media":"","overlay-type":"","overlay-color":"","overlay-opacity":"","overlay-gradient":""},"mobile":{"background-color":"","background-image":"","background-repeat":"repeat","background-position":"center center","background-size":"auto","background-attachment":"scroll","background-type":"","background-media":"","overlay-type":"","overlay-color":"","overlay-opacity":"","overlay-gradient":""}},"ast-content-background-meta":{"desktop":{"background-color":"var(--ast-global-color-5)","background-image":"","background-repeat":"repeat","background-position":"center center","background-size":"auto","background-attachment":"scroll","background-type":"","background-media":"","overlay-type":"","overlay-color":"","overlay-opacity":"","overlay-gradient":""},"tablet":{"background-color":"var(--ast-global-color-5)","background-image":"","background-repeat":"repeat","background-position":"center center","background-size":"auto","background-attachment":"scroll","background-type":"","background-media":"","overlay-type":"","overlay-color":"","overlay-opacity":"","overlay-gradient":""},"mobile":{"background-color":"var(--ast-global-color-5)","background-image":"","background-repeat":"repeat","background-position":"center center","background-size":"auto","background-attachment":"scroll","background-type":"","background-media":"","overlay-type":"","overlay-color":"","overlay-opacity":"","overlay-gradient":""}}},"product_brand":[],"product_cat":[28,29],"product_tag":[268,271,270,267,89,269],"class_list":{"0":"post-803","1":"product","2":"type-product","3":"status-publish","4":"has-post-thumbnail","6":"product_cat-eletrodomesticos","7":"product_cat-lavadora","8":"product_tag-11kg","9":"product_tag-agua-quente-e-fria","10":"product_tag-inverter","11":"product_tag-lava-e-seca","12":"product_tag-samsung","13":"product_tag-wd11m","14":"desktop-align-center","15":"tablet-align-left","16":"mobile-align-center","18":"first","19":"instock","20":"sale","21":"shipping-taxable","22":"product-type-external"},"uagb_featured_image_src":{"full":["https:\/\/promocaododia.com.br\/site\/wp-content\/uploads\/2022\/10\/Lava-e-Seca-Samsung-11kg-WD11M-Inverter-3-em-1-Agua-Quente-e-Fria-Branca.jpg",600,600,false],"thumbnail":["https:\/\/promocaododia.com.br\/site\/wp-content\/uploads\/2022\/10\/Lava-e-Seca-Samsung-11kg-WD11M-Inverter-3-em-1-Agua-Quente-e-Fria-Branca-150x150.jpg",150,150,true],"medium":["https:\/\/promocaododia.com.br\/site\/wp-content\/uploads\/2022\/10\/Lava-e-Seca-Samsung-11kg-WD11M-Inverter-3-em-1-Agua-Quente-e-Fria-Branca-300x300.jpg",300,300,true],"medium_large":["https:\/\/promocaododia.com.br\/site\/wp-content\/uploads\/2022\/10\/Lava-e-Seca-Samsung-11kg-WD11M-Inverter-3-em-1-Agua-Quente-e-Fria-Branca.jpg",600,600,false],"large":["https:\/\/promocaododia.com.br\/site\/wp-content\/uploads\/2022\/10\/Lava-e-Seca-Samsung-11kg-WD11M-Inverter-3-em-1-Agua-Quente-e-Fria-Branca.jpg",600,600,false],"1536x1536":["https:\/\/promocaododia.com.br\/site\/wp-content\/uploads\/2022\/10\/Lava-e-Seca-Samsung-11kg-WD11M-Inverter-3-em-1-Agua-Quente-e-Fria-Branca.jpg",600,600,false],"2048x2048":["https:\/\/promocaododia.com.br\/site\/wp-content\/uploads\/2022\/10\/Lava-e-Seca-Samsung-11kg-WD11M-Inverter-3-em-1-Agua-Quente-e-Fria-Branca.jpg",600,600,false],"woocommerce_thumbnail":["https:\/\/promocaododia.com.br\/site\/wp-content\/uploads\/2022\/10\/Lava-e-Seca-Samsung-11kg-WD11M-Inverter-3-em-1-Agua-Quente-e-Fria-Branca-250x250.jpg",250,250,true],"woocommerce_single":["https:\/\/promocaododia.com.br\/site\/wp-content\/uploads\/2022\/10\/Lava-e-Seca-Samsung-11kg-WD11M-Inverter-3-em-1-Agua-Quente-e-Fria-Branca-250x250.jpg",250,250,true],"woocommerce_gallery_thumbnail":["https:\/\/promocaododia.com.br\/site\/wp-content\/uploads\/2022\/10\/Lava-e-Seca-Samsung-11kg-WD11M-Inverter-3-em-1-Agua-Quente-e-Fria-Branca-100x100.jpg",100,100,true]},"uagb_author_info":{"display_name":"danilo.gbr","author_link":"https:\/\/promocaododia.com.br\/site\/author\/"},"uagb_comment_info":0,"uagb_excerpt":"Para voc\u00ea que est\u00e1 a procura da sua nova lavadora, precisa conhecer a Lava e Seca Samsung WD11M Branca. Ela tem capacidade de lavagem de 11kg e de secagem de 7kg, motor digital inverter que \u00e9 mais silencioso e com 10 anos de garantia, al\u00e9m de 12 programas de lavagem. \u00c9 a n\u00ba 1 em&hellip;","_links":{"self":[{"href":"https:\/\/promocaododia.com.br\/site\/wp-json\/wp\/v2\/product\/803","targetHints":{"allow":["GET"]}}],"collection":[{"href":"https:\/\/promocaododia.com.br\/site\/wp-json\/wp\/v2\/product"}],"about":[{"href":"https:\/\/promocaododia.com.br\/site\/wp-json\/wp\/v2\/types\/product"}],"wp:featuredmedia":[{"embeddable":true,"href":"https:\/\/promocaododia.com.br\/site\/wp-json\/wp\/v2\/media\/804"}],"wp:attachment":[{"href":"https:\/\/promocaododia.com.br\/site\/wp-json\/wp\/v2\/media?parent=803"}],"wp:term":[{"taxonomy":"product_brand","embeddable":true,"href":"https:\/\/promocaododia.com.br\/site\/wp-json\/wp\/v2\/product_brand?post=803"},{"taxonomy":"product_cat","embeddable":true,"href":"https:\/\/promocaododia.com.br\/site\/wp-json\/wp\/v2\/product_cat?post=803"},{"taxonomy":"product_tag","embeddable":true,"href":"https:\/\/promocaododia.com.br\/site\/wp-json\/wp\/v2\/product_tag?post=803"}],"curies":[{"name":"wp","href":"https:\/\/api.w.org\/{rel}","templated":true}]}}