{"id":807,"date":"2022-10-26T19:19:23","date_gmt":"2022-10-26T22:19:23","guid":{"rendered":"https:\/\/promocaododia.com.br\/site\/?post_type=product&#038;p=807"},"modified":"2022-10-26T19:19:24","modified_gmt":"2022-10-26T22:19:24","slug":"creme-dental-colgate-total-12-clean-mint-90g-promo-4-unidades","status":"publish","type":"product","link":"https:\/\/promocaododia.com.br\/site\/produto\/creme-dental-colgate-total-12-clean-mint-90g-promo-4-unidades\/","title":{"rendered":"Creme Dental Colgate Total 12 Clean Mint 90g Promo 4 unidades"},"content":{"rendered":"<h4 class=\"a-size-base-plus a-text-bold\">Sobre este item<\/h4>\n<ul class=\"a-unordered-list a-vertical a-spacing-mini\">\n<li><span class=\"a-list-item\">O creme dental Colgate Total 12 proporciona at\u00e9 12 horas de defesa ativa contra bact\u00e9rias*, para que sua boca permane\u00e7a protegida por mais tempo. A tecnologia superior fortalece sua higiene bucal mesmo ap\u00f3s a escova\u00e7\u00e3o.<\/span><\/li>\n<li><span class=\"a-list-item\">Com o poder do Zinco, protege sua boca de bact\u00e9rias para uma boa sa\u00fade dental.<\/span><\/li>\n<li><span class=\"a-list-item\">Reduz a forma\u00e7\u00e3o de bact\u00e9rias nos dentes, l\u00edngua, bochechas e gengiva, assim voc\u00ea pode desfrutar de um sorriso e boca saud\u00e1veis por mais tempo.Reduz a forma\u00e7\u00e3o de bact\u00e9rias nos dentes, l\u00edngua, bochechas e gengiva, assim voc\u00ea pode desfrutar de um sorriso e boca saud\u00e1veis por mais tempo.<\/span><\/li>\n<li><span class=\"a-list-item\">O uso da pasta de dentes Colgate em sua rotina de limpeza apoia as defesas naturais de sua boca.***<\/span><\/li>\n<\/ul>\n","protected":false},"excerpt":{"rendered":"<p>Sobre este item O creme dental Colgate Total 12 proporciona at\u00e9 12 horas de defesa ativa contra bact\u00e9rias*, para que sua boca permane\u00e7a protegida por mais tempo. A tecnologia superior fortalece sua higiene bucal mesmo ap\u00f3s a escova\u00e7\u00e3o. Com o poder do Zinco, protege sua boca de bact\u00e9rias para uma boa sa\u00fade dental. Reduz a forma\u00e7\u00e3o de bact\u00e9rias nos dentes, l\u00edngua, bochechas e gengiva, assim voc\u00ea pode desfrutar de um sorriso e boca saud\u00e1veis por mais tempo.Reduz a forma\u00e7\u00e3o de bact\u00e9rias nos dentes, l\u00edngua, bochechas e gengiva, assim voc\u00ea pode desfrutar de um sorriso e boca saud\u00e1veis por mais tempo. O uso da pasta de dentes Colgate em sua rotina de limpeza apoia as defesas naturais de sua boca.***<\/p>\n","protected":false},"featured_media":808,"template":"","meta":{"_uag_custom_page_level_css":"","site-sidebar-layout":"default","site-content-layout":"default","ast-site-content-layout":"default","site-content-style":"default","site-sidebar-style":"default","ast-global-header-display":"","ast-banner-title-visibility":"","ast-main-header-display":"","ast-hfb-above-header-display":"","ast-hfb-below-header-display":"","ast-hfb-mobile-header-display":"","site-post-title":"","ast-breadcrumbs-content":"","ast-featured-img":"","footer-sml-layout":"","theme-transparent-header-meta":"default","adv-header-id-meta":"","stick-header-meta":"","header-above-stick-meta":"","header-main-stick-meta":"","header-below-stick-meta":"","astra-migrate-meta-layouts":"default","ast-page-background-enabled":"default","ast-page-background-meta":{"desktop":{"background-color":"","background-image":"","background-repeat":"repeat","background-position":"center center","background-size":"auto","background-attachment":"scroll","background-type":"","background-media":"","overlay-type":"","overlay-color":"","overlay-opacity":"","overlay-gradient":""},"tablet":{"background-color":"","background-image":"","background-repeat":"repeat","background-position":"center center","background-size":"auto","background-attachment":"scroll","background-type":"","background-media":"","overlay-type":"","overlay-color":"","overlay-opacity":"","overlay-gradient":""},"mobile":{"background-color":"","background-image":"","background-repeat":"repeat","background-position":"center center","background-size":"auto","background-attachment":"scroll","background-type":"","background-media":"","overlay-type":"","overlay-color":"","overlay-opacity":"","overlay-gradient":""}},"ast-content-background-meta":{"desktop":{"background-color":"var(--ast-global-color-5)","background-image":"","background-repeat":"repeat","background-position":"center center","background-size":"auto","background-attachment":"scroll","background-type":"","background-media":"","overlay-type":"","overlay-color":"","overlay-opacity":"","overlay-gradient":""},"tablet":{"background-color":"var(--ast-global-color-5)","background-image":"","background-repeat":"repeat","background-position":"center center","background-size":"auto","background-attachment":"scroll","background-type":"","background-media":"","overlay-type":"","overlay-color":"","overlay-opacity":"","overlay-gradient":""},"mobile":{"background-color":"var(--ast-global-color-5)","background-image":"","background-repeat":"repeat","background-position":"center center","background-size":"auto","background-attachment":"scroll","background-type":"","background-media":"","overlay-type":"","overlay-color":"","overlay-opacity":"","overlay-gradient":""}}},"product_brand":[],"product_cat":[84],"product_tag":[275,276,274,277,85],"class_list":{"0":"post-807","1":"product","2":"type-product","3":"status-publish","4":"has-post-thumbnail","6":"product_cat-mercado","7":"product_tag-cental","8":"product_tag-colgate","9":"product_tag-creme","10":"product_tag-higiene-bucal","11":"product_tag-mercado","12":"desktop-align-center","13":"tablet-align-left","14":"mobile-align-center","16":"first","17":"instock","18":"sale","19":"shipping-taxable","20":"product-type-external"},"uagb_featured_image_src":{"full":["https:\/\/promocaododia.com.br\/site\/wp-content\/uploads\/2022\/10\/Creme-Dental-Colgate-Total-12-Clean-Mint-90g-Promo-4-unidades.jpg",600,600,false],"thumbnail":["https:\/\/promocaododia.com.br\/site\/wp-content\/uploads\/2022\/10\/Creme-Dental-Colgate-Total-12-Clean-Mint-90g-Promo-4-unidades-150x150.jpg",150,150,true],"medium":["https:\/\/promocaododia.com.br\/site\/wp-content\/uploads\/2022\/10\/Creme-Dental-Colgate-Total-12-Clean-Mint-90g-Promo-4-unidades-300x300.jpg",300,300,true],"medium_large":["https:\/\/promocaododia.com.br\/site\/wp-content\/uploads\/2022\/10\/Creme-Dental-Colgate-Total-12-Clean-Mint-90g-Promo-4-unidades.jpg",600,600,false],"large":["https:\/\/promocaododia.com.br\/site\/wp-content\/uploads\/2022\/10\/Creme-Dental-Colgate-Total-12-Clean-Mint-90g-Promo-4-unidades.jpg",600,600,false],"1536x1536":["https:\/\/promocaododia.com.br\/site\/wp-content\/uploads\/2022\/10\/Creme-Dental-Colgate-Total-12-Clean-Mint-90g-Promo-4-unidades.jpg",600,600,false],"2048x2048":["https:\/\/promocaododia.com.br\/site\/wp-content\/uploads\/2022\/10\/Creme-Dental-Colgate-Total-12-Clean-Mint-90g-Promo-4-unidades.jpg",600,600,false],"woocommerce_thumbnail":["https:\/\/promocaododia.com.br\/site\/wp-content\/uploads\/2022\/10\/Creme-Dental-Colgate-Total-12-Clean-Mint-90g-Promo-4-unidades-250x250.jpg",250,250,true],"woocommerce_single":["https:\/\/promocaododia.com.br\/site\/wp-content\/uploads\/2022\/10\/Creme-Dental-Colgate-Total-12-Clean-Mint-90g-Promo-4-unidades-250x250.jpg",250,250,true],"woocommerce_gallery_thumbnail":["https:\/\/promocaododia.com.br\/site\/wp-content\/uploads\/2022\/10\/Creme-Dental-Colgate-Total-12-Clean-Mint-90g-Promo-4-unidades-100x100.jpg",100,100,true]},"uagb_author_info":{"display_name":"danilo.gbr","author_link":"https:\/\/promocaododia.com.br\/site\/author\/"},"uagb_comment_info":0,"uagb_excerpt":"Sobre este item O creme dental Colgate Total 12 proporciona at\u00e9 12 horas de defesa ativa contra bact\u00e9rias*, para que sua boca permane\u00e7a protegida por mais tempo. A tecnologia superior fortalece sua higiene bucal mesmo ap\u00f3s a escova\u00e7\u00e3o. Com o poder do Zinco, protege sua boca de bact\u00e9rias para uma boa sa\u00fade dental. Reduz a&hellip;","_links":{"self":[{"href":"https:\/\/promocaododia.com.br\/site\/wp-json\/wp\/v2\/product\/807","targetHints":{"allow":["GET"]}}],"collection":[{"href":"https:\/\/promocaododia.com.br\/site\/wp-json\/wp\/v2\/product"}],"about":[{"href":"https:\/\/promocaododia.com.br\/site\/wp-json\/wp\/v2\/types\/product"}],"wp:featuredmedia":[{"embeddable":true,"href":"https:\/\/promocaododia.com.br\/site\/wp-json\/wp\/v2\/media\/808"}],"wp:attachment":[{"href":"https:\/\/promocaododia.com.br\/site\/wp-json\/wp\/v2\/media?parent=807"}],"wp:term":[{"taxonomy":"product_brand","embeddable":true,"href":"https:\/\/promocaododia.com.br\/site\/wp-json\/wp\/v2\/product_brand?post=807"},{"taxonomy":"product_cat","embeddable":true,"href":"https:\/\/promocaododia.com.br\/site\/wp-json\/wp\/v2\/product_cat?post=807"},{"taxonomy":"product_tag","embeddable":true,"href":"https:\/\/promocaododia.com.br\/site\/wp-json\/wp\/v2\/product_tag?post=807"}],"curies":[{"name":"wp","href":"https:\/\/api.w.org\/{rel}","templated":true}]}}