{"id":809,"date":"2022-10-26T19:35:06","date_gmt":"2022-10-26T22:35:06","guid":{"rendered":"https:\/\/promocaododia.com.br\/site\/?post_type=product&#038;p=809"},"modified":"2022-10-26T19:36:06","modified_gmt":"2022-10-26T22:36:06","slug":"blusa-regata-em-poliamida-com-decote-u","status":"publish","type":"product","link":"https:\/\/promocaododia.com.br\/site\/produto\/blusa-regata-em-poliamida-com-decote-u\/","title":{"rendered":"BLUSA REGATA EM POLIAMIDA COM DECOTE U"},"content":{"rendered":"<p>Blusa regata em poliamida, com decote em u e al\u00e7as largas. O modelo leve e fresquinho, oferece \u00f3tima respirabilidade e muito conforto ao corpo. Vers\u00e1til, a pe\u00e7a sem estampa \u00e9 f\u00e1cil de combinar, e pode compor in\u00fameras op\u00e7\u00f5es de looks casuais\u00a0para voc\u00ea vestir no dia a dia.<\/p>\n<p><strong>ESPECIFICA\u00c7\u00d5ES DO PRODUTO<\/strong><\/p>\n<ul>\n<li>Blusa feminina<\/li>\n<li>Modelo regata<\/li>\n<li>B\u00e1sica<\/li>\n<li>Decote\u00a0U<\/li>\n<li>Al\u00e7a larga<\/li>\n<li>Sem estampa<\/li>\n<li>Marca: Cortelle<\/li>\n<li>Tecido: Poliamida (Malha)<\/li>\n<li>Composi\u00e7\u00e3o: 88% Poliamida 12% Elastano<\/li>\n<\/ul>\n<p><strong>Medidas da Modelo:<\/strong><\/p>\n<p>Altura: 1,76 m<\/p>\n<p>Busto: 77 cm<\/p>\n<p>Cintura: 60 cm<\/p>\n<p>Quadril: 91 cm<\/p>\n<p>Modelo veste tamanho: P\/36<\/p>\n<p><strong>O TECIDO QUE AMAMOS\u00a0<\/strong><br \/>\nConsiderada a mais nobre entre fibras sint\u00e9ticas, a poliamida \u00e9 leve, macia e tem toque agrad\u00e1vel. Combinada com elastano, ganha em conforto e mobilidade. Essas caracter\u00edsticas, aliadas a baixa absor\u00e7\u00e3o de \u00e1gua e secagem r\u00e1pida, fazem do tecido um queridinho para pe\u00e7as esportivas e de moda praia<\/p>\n","protected":false},"excerpt":{"rendered":"<p>Blusa regata em poliamida, com decote em u e al\u00e7as largas. O modelo leve e fresquinho, oferece \u00f3tima respirabilidade e muito conforto ao corpo. Vers\u00e1til, a pe\u00e7a sem estampa \u00e9 f\u00e1cil de combinar, e pode compor in\u00fameras op\u00e7\u00f5es de looks casuais\u00a0para voc\u00ea vestir no dia a dia. ESPECIFICA\u00c7\u00d5ES DO PRODUTO Blusa feminina Modelo regata B\u00e1sica Decote\u00a0U Al\u00e7a larga Sem estampa Marca: Cortelle Tecido: Poliamida (Malha) Composi\u00e7\u00e3o: 88% Poliamida 12% Elastano Medidas da Modelo: Altura: 1,76 m Busto: 77 cm Cintura: 60 cm Quadril: 91 cm Modelo veste tamanho: P\/36 O TECIDO QUE AMAMOS\u00a0 Considerada a mais nobre entre fibras sint\u00e9ticas, a poliamida \u00e9 leve, macia e tem toque agrad\u00e1vel. Combinada com elastano, ganha em conforto e mobilidade. Essas caracter\u00edsticas, aliadas a baixa absor\u00e7\u00e3o de \u00e1gua e secagem r\u00e1pida, fazem do tecido um queridinho para pe\u00e7as esportivas e de moda praia<\/p>\n","protected":false},"featured_media":810,"template":"","meta":{"_uag_custom_page_level_css":"","site-sidebar-layout":"default","site-content-layout":"default","ast-site-content-layout":"default","site-content-style":"default","site-sidebar-style":"default","ast-global-header-display":"","ast-banner-title-visibility":"","ast-main-header-display":"","ast-hfb-above-header-display":"","ast-hfb-below-header-display":"","ast-hfb-mobile-header-display":"","site-post-title":"","ast-breadcrumbs-content":"","ast-featured-img":"","footer-sml-layout":"","theme-transparent-header-meta":"default","adv-header-id-meta":"","stick-header-meta":"","header-above-stick-meta":"","header-main-stick-meta":"","header-below-stick-meta":"","astra-migrate-meta-layouts":"default","ast-page-background-enabled":"default","ast-page-background-meta":{"desktop":{"background-color":"","background-image":"","background-repeat":"repeat","background-position":"center center","background-size":"auto","background-attachment":"scroll","background-type":"","background-media":"","overlay-type":"","overlay-color":"","overlay-opacity":"","overlay-gradient":""},"tablet":{"background-color":"","background-image":"","background-repeat":"repeat","background-position":"center center","background-size":"auto","background-attachment":"scroll","background-type":"","background-media":"","overlay-type":"","overlay-color":"","overlay-opacity":"","overlay-gradient":""},"mobile":{"background-color":"","background-image":"","background-repeat":"repeat","background-position":"center center","background-size":"auto","background-attachment":"scroll","background-type":"","background-media":"","overlay-type":"","overlay-color":"","overlay-opacity":"","overlay-gradient":""}},"ast-content-background-meta":{"desktop":{"background-color":"var(--ast-global-color-5)","background-image":"","background-repeat":"repeat","background-position":"center center","background-size":"auto","background-attachment":"scroll","background-type":"","background-media":"","overlay-type":"","overlay-color":"","overlay-opacity":"","overlay-gradient":""},"tablet":{"background-color":"var(--ast-global-color-5)","background-image":"","background-repeat":"repeat","background-position":"center center","background-size":"auto","background-attachment":"scroll","background-type":"","background-media":"","overlay-type":"","overlay-color":"","overlay-opacity":"","overlay-gradient":""},"mobile":{"background-color":"var(--ast-global-color-5)","background-image":"","background-repeat":"repeat","background-position":"center center","background-size":"auto","background-attachment":"scroll","background-type":"","background-media":"","overlay-type":"","overlay-color":"","overlay-opacity":"","overlay-gradient":""}}},"product_brand":[],"product_cat":[278,58,30],"product_tag":[279,280,281],"class_list":{"0":"post-809","1":"product","2":"type-product","3":"status-publish","4":"has-post-thumbnail","6":"product_cat-blusa","7":"product_cat-feminina","8":"product_cat-moda","9":"product_tag-blusa","10":"product_tag-gola-u","11":"product_tag-regata","12":"desktop-align-center","13":"tablet-align-left","14":"mobile-align-center","16":"first","17":"instock","18":"sale","19":"shipping-taxable","20":"product-type-external"},"uagb_featured_image_src":{"full":["https:\/\/promocaododia.com.br\/site\/wp-content\/uploads\/2022\/10\/BLUSA-REGATA-EM-POLIAMIDA-COM-DECOTE-U-AMARELO.jpg",600,600,false],"thumbnail":["https:\/\/promocaododia.com.br\/site\/wp-content\/uploads\/2022\/10\/BLUSA-REGATA-EM-POLIAMIDA-COM-DECOTE-U-AMARELO-150x150.jpg",150,150,true],"medium":["https:\/\/promocaododia.com.br\/site\/wp-content\/uploads\/2022\/10\/BLUSA-REGATA-EM-POLIAMIDA-COM-DECOTE-U-AMARELO-300x300.jpg",300,300,true],"medium_large":["https:\/\/promocaododia.com.br\/site\/wp-content\/uploads\/2022\/10\/BLUSA-REGATA-EM-POLIAMIDA-COM-DECOTE-U-AMARELO.jpg",600,600,false],"large":["https:\/\/promocaododia.com.br\/site\/wp-content\/uploads\/2022\/10\/BLUSA-REGATA-EM-POLIAMIDA-COM-DECOTE-U-AMARELO.jpg",600,600,false],"1536x1536":["https:\/\/promocaododia.com.br\/site\/wp-content\/uploads\/2022\/10\/BLUSA-REGATA-EM-POLIAMIDA-COM-DECOTE-U-AMARELO.jpg",600,600,false],"2048x2048":["https:\/\/promocaododia.com.br\/site\/wp-content\/uploads\/2022\/10\/BLUSA-REGATA-EM-POLIAMIDA-COM-DECOTE-U-AMARELO.jpg",600,600,false],"woocommerce_thumbnail":["https:\/\/promocaododia.com.br\/site\/wp-content\/uploads\/2022\/10\/BLUSA-REGATA-EM-POLIAMIDA-COM-DECOTE-U-AMARELO-250x250.jpg",250,250,true],"woocommerce_single":["https:\/\/promocaododia.com.br\/site\/wp-content\/uploads\/2022\/10\/BLUSA-REGATA-EM-POLIAMIDA-COM-DECOTE-U-AMARELO-250x250.jpg",250,250,true],"woocommerce_gallery_thumbnail":["https:\/\/promocaododia.com.br\/site\/wp-content\/uploads\/2022\/10\/BLUSA-REGATA-EM-POLIAMIDA-COM-DECOTE-U-AMARELO-100x100.jpg",100,100,true]},"uagb_author_info":{"display_name":"danilo.gbr","author_link":"https:\/\/promocaododia.com.br\/site\/author\/"},"uagb_comment_info":0,"uagb_excerpt":"Blusa regata em poliamida, com decote em u e al\u00e7as largas. O modelo leve e fresquinho, oferece \u00f3tima respirabilidade e muito conforto ao corpo. Vers\u00e1til, a pe\u00e7a sem estampa \u00e9 f\u00e1cil de combinar, e pode compor in\u00fameras op\u00e7\u00f5es de looks casuais\u00a0para voc\u00ea vestir no dia a dia. ESPECIFICA\u00c7\u00d5ES DO PRODUTO Blusa feminina Modelo regata B\u00e1sica&hellip;","_links":{"self":[{"href":"https:\/\/promocaododia.com.br\/site\/wp-json\/wp\/v2\/product\/809","targetHints":{"allow":["GET"]}}],"collection":[{"href":"https:\/\/promocaododia.com.br\/site\/wp-json\/wp\/v2\/product"}],"about":[{"href":"https:\/\/promocaododia.com.br\/site\/wp-json\/wp\/v2\/types\/product"}],"wp:featuredmedia":[{"embeddable":true,"href":"https:\/\/promocaododia.com.br\/site\/wp-json\/wp\/v2\/media\/810"}],"wp:attachment":[{"href":"https:\/\/promocaododia.com.br\/site\/wp-json\/wp\/v2\/media?parent=809"}],"wp:term":[{"taxonomy":"product_brand","embeddable":true,"href":"https:\/\/promocaododia.com.br\/site\/wp-json\/wp\/v2\/product_brand?post=809"},{"taxonomy":"product_cat","embeddable":true,"href":"https:\/\/promocaododia.com.br\/site\/wp-json\/wp\/v2\/product_cat?post=809"},{"taxonomy":"product_tag","embeddable":true,"href":"https:\/\/promocaododia.com.br\/site\/wp-json\/wp\/v2\/product_tag?post=809"}],"curies":[{"name":"wp","href":"https:\/\/api.w.org\/{rel}","templated":true}]}}