{"id":81,"date":"2021-06-07T08:16:15","date_gmt":"2021-06-07T11:16:15","guid":{"rendered":"https:\/\/promocaododia.com.br\/site\/?post_type=product&#038;p=81"},"modified":"2021-06-07T08:16:16","modified_gmt":"2021-06-07T11:16:16","slug":"furadeira-parafusadeira-a-bateria-de-litio-12v-trevalla-tl-fme-p02-7-azul","status":"publish","type":"product","link":"https:\/\/promocaododia.com.br\/site\/produto\/furadeira-parafusadeira-a-bateria-de-litio-12v-trevalla-tl-fme-p02-7-azul\/","title":{"rendered":"Furadeira Parafusadeira \u00c0 Bateria de L\u00edtio 12V Trevalla TL-FME-P02-7 Azul"},"content":{"rendered":"<p>Postado 07\/06\/2021<\/p>\n<p>Indicada para soltar e apertar parafusos e fazer furos em madeiras ou metais. Compacta e pr\u00e1tica de usar. Possui regulagem de torque com 18 posi\u00e7\u00f5es mais 1, adequando-se a necessidade de aperto de acordo com a dureza do material. Possui ainda mandril de aperto r\u00e1pido proporcionando troca r\u00e1pida do acess\u00f3rio utilizado. Conte\u00fado da embalagem: 1 Manual de Instru\u00e7\u00f5es 1 Bateria de L\u00edtio 1 Carregador Bivolt Os objetos que ambientam as imagens, n\u00e3o acompanham o produto. Fique atento: As cores das imagens podem sofrer altera\u00e7\u00f5es devido a luminosidade, configura\u00e7\u00f5es do monitor e at\u00e9 mesmo a percep\u00e7\u00e3o do usu\u00e1rio.<\/p>\n<p>A equipe Promo\u00e7\u00f5es do dia divulga produtos de nossos parceiros, sendo a venda e p\u00f3s venda de responsabilidade dos mesmos.<\/p>\n<p>Os valores anunciados obtidos\u00a0 no momento da publica\u00e7\u00e3o.<\/p>\n","protected":false},"excerpt":{"rendered":"<p>Postado 07\/06\/2021 Indicada para soltar e apertar parafusos e fazer furos em madeiras ou metais. Compacta e pr\u00e1tica de usar. Possui regulagem de torque com 18 posi\u00e7\u00f5es mais 1, adequando-se a necessidade de aperto de acordo com a dureza do material. Possui ainda mandril de aperto r\u00e1pido proporcionando troca r\u00e1pida do acess\u00f3rio utilizado. Conte\u00fado da embalagem: 1 Manual de Instru\u00e7\u00f5es 1 Bateria de L\u00edtio 1 Carregador Bivolt Os objetos que ambientam as imagens, n\u00e3o acompanham o produto. Fique atento: As cores das imagens podem sofrer altera\u00e7\u00f5es devido a luminosidade, configura\u00e7\u00f5es do monitor e at\u00e9 mesmo a percep\u00e7\u00e3o do usu\u00e1rio. A equipe Promo\u00e7\u00f5es do dia divulga produtos de nossos parceiros, sendo a venda e p\u00f3s venda de responsabilidade dos mesmos. Os valores anunciados obtidos\u00a0 no momento da publica\u00e7\u00e3o.<\/p>\n","protected":false},"featured_media":82,"template":"","meta":{"_uag_custom_page_level_css":"","site-sidebar-layout":"default","site-content-layout":"","ast-site-content-layout":"default","site-content-style":"default","site-sidebar-style":"default","ast-global-header-display":"","ast-banner-title-visibility":"","ast-main-header-display":"","ast-hfb-above-header-display":"","ast-hfb-below-header-display":"","ast-hfb-mobile-header-display":"","site-post-title":"","ast-breadcrumbs-content":"","ast-featured-img":"","footer-sml-layout":"","theme-transparent-header-meta":"","adv-header-id-meta":"","stick-header-meta":"","header-above-stick-meta":"","header-main-stick-meta":"","header-below-stick-meta":"","astra-migrate-meta-layouts":"default","ast-page-background-enabled":"default","ast-page-background-meta":{"desktop":{"background-color":"","background-image":"","background-repeat":"repeat","background-position":"center center","background-size":"auto","background-attachment":"scroll","background-type":"","background-media":"","overlay-type":"","overlay-color":"","overlay-opacity":"","overlay-gradient":""},"tablet":{"background-color":"","background-image":"","background-repeat":"repeat","background-position":"center center","background-size":"auto","background-attachment":"scroll","background-type":"","background-media":"","overlay-type":"","overlay-color":"","overlay-opacity":"","overlay-gradient":""},"mobile":{"background-color":"","background-image":"","background-repeat":"repeat","background-position":"center center","background-size":"auto","background-attachment":"scroll","background-type":"","background-media":"","overlay-type":"","overlay-color":"","overlay-opacity":"","overlay-gradient":""}},"ast-content-background-meta":{"desktop":{"background-color":"var(--ast-global-color-5)","background-image":"","background-repeat":"repeat","background-position":"center center","background-size":"auto","background-attachment":"scroll","background-type":"","background-media":"","overlay-type":"","overlay-color":"","overlay-opacity":"","overlay-gradient":""},"tablet":{"background-color":"var(--ast-global-color-5)","background-image":"","background-repeat":"repeat","background-position":"center center","background-size":"auto","background-attachment":"scroll","background-type":"","background-media":"","overlay-type":"","overlay-color":"","overlay-opacity":"","overlay-gradient":""},"mobile":{"background-color":"var(--ast-global-color-5)","background-image":"","background-repeat":"repeat","background-position":"center center","background-size":"auto","background-attachment":"scroll","background-type":"","background-media":"","overlay-type":"","overlay-color":"","overlay-opacity":"","overlay-gradient":""}}},"product_brand":[],"product_cat":[21,22],"product_tag":[],"class_list":{"0":"post-81","1":"product","2":"type-product","3":"status-publish","4":"has-post-thumbnail","6":"product_cat-ferramentas-e-construcao","7":"product_cat-furadeira-e-parafusadeira","8":"desktop-align-center","9":"tablet-align-left","10":"mobile-align-center","12":"first","13":"instock","14":"sale","15":"shipping-taxable","16":"product-type-external"},"uagb_featured_image_src":{"full":["https:\/\/promocaododia.com.br\/site\/wp-content\/uploads\/2021\/06\/DE-17190.png",250,250,false],"thumbnail":["https:\/\/promocaododia.com.br\/site\/wp-content\/uploads\/2021\/06\/DE-17190-150x150.png",150,150,true],"medium":["https:\/\/promocaododia.com.br\/site\/wp-content\/uploads\/2021\/06\/DE-17190.png",250,250,false],"medium_large":["https:\/\/promocaododia.com.br\/site\/wp-content\/uploads\/2021\/06\/DE-17190.png",250,250,false],"large":["https:\/\/promocaododia.com.br\/site\/wp-content\/uploads\/2021\/06\/DE-17190.png",250,250,false],"1536x1536":["https:\/\/promocaododia.com.br\/site\/wp-content\/uploads\/2021\/06\/DE-17190.png",250,250,false],"2048x2048":["https:\/\/promocaododia.com.br\/site\/wp-content\/uploads\/2021\/06\/DE-17190.png",250,250,false],"woocommerce_thumbnail":["https:\/\/promocaododia.com.br\/site\/wp-content\/uploads\/2021\/06\/DE-17190-250x250.png",250,250,true],"woocommerce_single":["https:\/\/promocaododia.com.br\/site\/wp-content\/uploads\/2021\/06\/DE-17190.png",250,250,false],"woocommerce_gallery_thumbnail":["https:\/\/promocaododia.com.br\/site\/wp-content\/uploads\/2021\/06\/DE-17190-100x100.png",100,100,true]},"uagb_author_info":{"display_name":"danilo.gbr","author_link":"https:\/\/promocaododia.com.br\/site\/author\/"},"uagb_comment_info":0,"uagb_excerpt":"Postado 07\/06\/2021 Indicada para soltar e apertar parafusos e fazer furos em madeiras ou metais. Compacta e pr\u00e1tica de usar. Possui regulagem de torque com 18 posi\u00e7\u00f5es mais 1, adequando-se a necessidade de aperto de acordo com a dureza do material. Possui ainda mandril de aperto r\u00e1pido proporcionando troca r\u00e1pida do acess\u00f3rio utilizado. Conte\u00fado da&hellip;","_links":{"self":[{"href":"https:\/\/promocaododia.com.br\/site\/wp-json\/wp\/v2\/product\/81","targetHints":{"allow":["GET"]}}],"collection":[{"href":"https:\/\/promocaododia.com.br\/site\/wp-json\/wp\/v2\/product"}],"about":[{"href":"https:\/\/promocaododia.com.br\/site\/wp-json\/wp\/v2\/types\/product"}],"wp:featuredmedia":[{"embeddable":true,"href":"https:\/\/promocaododia.com.br\/site\/wp-json\/wp\/v2\/media\/82"}],"wp:attachment":[{"href":"https:\/\/promocaododia.com.br\/site\/wp-json\/wp\/v2\/media?parent=81"}],"wp:term":[{"taxonomy":"product_brand","embeddable":true,"href":"https:\/\/promocaododia.com.br\/site\/wp-json\/wp\/v2\/product_brand?post=81"},{"taxonomy":"product_cat","embeddable":true,"href":"https:\/\/promocaododia.com.br\/site\/wp-json\/wp\/v2\/product_cat?post=81"},{"taxonomy":"product_tag","embeddable":true,"href":"https:\/\/promocaododia.com.br\/site\/wp-json\/wp\/v2\/product_tag?post=81"}],"curies":[{"name":"wp","href":"https:\/\/api.w.org\/{rel}","templated":true}]}}