{"id":813,"date":"2022-10-27T18:41:42","date_gmt":"2022-10-27T21:41:42","guid":{"rendered":"https:\/\/promocaododia.com.br\/site\/?post_type=product&#038;p=813"},"modified":"2022-10-27T18:41:42","modified_gmt":"2022-10-27T21:41:42","slug":"smartphone-motorola-moto-g22-128gb-preto-4g-octa-core-4gb-ram-65-cam-quadrupla-selfie-16mp","status":"publish","type":"product","link":"https:\/\/promocaododia.com.br\/site\/produto\/smartphone-motorola-moto-g22-128gb-preto-4g-octa-core-4gb-ram-65-cam-quadrupla-selfie-16mp\/","title":{"rendered":"Smartphone Motorola Moto G22 128GB Preto 4G &#8211; Octa-Core 4GB RAM 6,5\u201d C\u00e2m Qu\u00e1drupla + Selfie 16MP"},"content":{"rendered":"<p>Para quem busca um smartphone para as tarefas b\u00e1sicas do dia a dia, o Motorola Moto G22 \u00e9 o aparelho ideal. Para voc\u00ea que utiliza apenas aplicativos de mensagem, redes sociais, fotos e liga\u00e7\u00f5es ele ir\u00e1 te atender muito bem. Conta com 4 c\u00e2meras traseiras e selfie de 16MP. A tela de 6,5&#8243; com resolu\u00e7\u00e3o Max Vision ir\u00e1 te ajudar a visualizar seus arquivos e fotos de forma n\u00edtida. Seu processador \u00e9 octa-core e possui 4GB de mem\u00f3ria RAM. O armazenamento interno \u00e9 de 128GB, sendo ideal para documentos e fotos. Caso voc\u00ea precise de mais armazenamento pode ser utilizado um cart\u00e3o MicroSD de at\u00e9 1TB para aumentar a capacidade. Com tecnologia 4G ele ainda \u00e9 dual chip. Sua bateria \u00e9 de 5000mAh. Al\u00e9m disso, sua cor preta destaca o design moderno do produto e combina perfeitamente com qualquer estilo, desde o mais cl\u00e1ssico at\u00e9 o mais moderno.<\/p>\n","protected":false},"excerpt":{"rendered":"<p>Para quem busca um smartphone para as tarefas b\u00e1sicas do dia a dia, o Motorola Moto G22 \u00e9 o aparelho ideal. Para voc\u00ea que utiliza apenas aplicativos de mensagem, redes sociais, fotos e liga\u00e7\u00f5es ele ir\u00e1 te atender muito bem. Conta com 4 c\u00e2meras traseiras e selfie de 16MP. A tela de 6,5&#8243; com resolu\u00e7\u00e3o Max Vision ir\u00e1 te ajudar a visualizar seus arquivos e fotos de forma n\u00edtida. Seu processador \u00e9 octa-core e possui 4GB de mem\u00f3ria RAM. O armazenamento interno \u00e9 de 128GB, sendo ideal para documentos e fotos. Caso voc\u00ea precise de mais armazenamento pode ser utilizado um cart\u00e3o MicroSD de at\u00e9 1TB para aumentar a capacidade. Com tecnologia 4G ele ainda \u00e9 dual chip. Sua bateria \u00e9 de 5000mAh. Al\u00e9m disso, sua cor preta destaca o design moderno do produto e combina perfeitamente com qualquer estilo, desde o mais cl\u00e1ssico at\u00e9 o mais moderno.<\/p>\n","protected":false},"featured_media":814,"template":"","meta":{"_uag_custom_page_level_css":"","site-sidebar-layout":"default","site-content-layout":"default","ast-site-content-layout":"default","site-content-style":"default","site-sidebar-style":"default","ast-global-header-display":"","ast-banner-title-visibility":"","ast-main-header-display":"","ast-hfb-above-header-display":"","ast-hfb-below-header-display":"","ast-hfb-mobile-header-display":"","site-post-title":"","ast-breadcrumbs-content":"","ast-featured-img":"","footer-sml-layout":"","theme-transparent-header-meta":"default","adv-header-id-meta":"","stick-header-meta":"","header-above-stick-meta":"","header-main-stick-meta":"","header-below-stick-meta":"","astra-migrate-meta-layouts":"default","ast-page-background-enabled":"default","ast-page-background-meta":{"desktop":{"background-color":"","background-image":"","background-repeat":"repeat","background-position":"center center","background-size":"auto","background-attachment":"scroll","background-type":"","background-media":"","overlay-type":"","overlay-color":"","overlay-opacity":"","overlay-gradient":""},"tablet":{"background-color":"","background-image":"","background-repeat":"repeat","background-position":"center center","background-size":"auto","background-attachment":"scroll","background-type":"","background-media":"","overlay-type":"","overlay-color":"","overlay-opacity":"","overlay-gradient":""},"mobile":{"background-color":"","background-image":"","background-repeat":"repeat","background-position":"center center","background-size":"auto","background-attachment":"scroll","background-type":"","background-media":"","overlay-type":"","overlay-color":"","overlay-opacity":"","overlay-gradient":""}},"ast-content-background-meta":{"desktop":{"background-color":"var(--ast-global-color-5)","background-image":"","background-repeat":"repeat","background-position":"center center","background-size":"auto","background-attachment":"scroll","background-type":"","background-media":"","overlay-type":"","overlay-color":"","overlay-opacity":"","overlay-gradient":""},"tablet":{"background-color":"var(--ast-global-color-5)","background-image":"","background-repeat":"repeat","background-position":"center center","background-size":"auto","background-attachment":"scroll","background-type":"","background-media":"","overlay-type":"","overlay-color":"","overlay-opacity":"","overlay-gradient":""},"mobile":{"background-color":"var(--ast-global-color-5)","background-image":"","background-repeat":"repeat","background-position":"center center","background-size":"auto","background-attachment":"scroll","background-type":"","background-media":"","overlay-type":"","overlay-color":"","overlay-opacity":"","overlay-gradient":""}}},"product_brand":[],"product_cat":[23,35],"product_tag":[260,238,91,142,140,90],"class_list":{"0":"post-813","1":"product","2":"type-product","3":"status-publish","4":"has-post-thumbnail","6":"product_cat-celulares-e-tablets","7":"product_cat-smartphone","8":"product_tag-128gb","9":"product_tag-4gb-ram","10":"product_tag-celular","11":"product_tag-moto-g22","12":"product_tag-motorola","13":"product_tag-smartphone","14":"desktop-align-center","15":"tablet-align-left","16":"mobile-align-center","18":"first","19":"instock","20":"sale","21":"shipping-taxable","22":"product-type-external"},"uagb_featured_image_src":{"full":["https:\/\/promocaododia.com.br\/site\/wp-content\/uploads\/2022\/10\/Smartphone-Motorola-Moto-G22-128GB-Preto-4G-Octa-Core-4GB-RAM-65-Cam-Quadrupla-Selfie-16MP.jpg",600,600,false],"thumbnail":["https:\/\/promocaododia.com.br\/site\/wp-content\/uploads\/2022\/10\/Smartphone-Motorola-Moto-G22-128GB-Preto-4G-Octa-Core-4GB-RAM-65-Cam-Quadrupla-Selfie-16MP-150x150.jpg",150,150,true],"medium":["https:\/\/promocaododia.com.br\/site\/wp-content\/uploads\/2022\/10\/Smartphone-Motorola-Moto-G22-128GB-Preto-4G-Octa-Core-4GB-RAM-65-Cam-Quadrupla-Selfie-16MP-300x300.jpg",300,300,true],"medium_large":["https:\/\/promocaododia.com.br\/site\/wp-content\/uploads\/2022\/10\/Smartphone-Motorola-Moto-G22-128GB-Preto-4G-Octa-Core-4GB-RAM-65-Cam-Quadrupla-Selfie-16MP.jpg",600,600,false],"large":["https:\/\/promocaododia.com.br\/site\/wp-content\/uploads\/2022\/10\/Smartphone-Motorola-Moto-G22-128GB-Preto-4G-Octa-Core-4GB-RAM-65-Cam-Quadrupla-Selfie-16MP.jpg",600,600,false],"1536x1536":["https:\/\/promocaododia.com.br\/site\/wp-content\/uploads\/2022\/10\/Smartphone-Motorola-Moto-G22-128GB-Preto-4G-Octa-Core-4GB-RAM-65-Cam-Quadrupla-Selfie-16MP.jpg",600,600,false],"2048x2048":["https:\/\/promocaododia.com.br\/site\/wp-content\/uploads\/2022\/10\/Smartphone-Motorola-Moto-G22-128GB-Preto-4G-Octa-Core-4GB-RAM-65-Cam-Quadrupla-Selfie-16MP.jpg",600,600,false],"woocommerce_thumbnail":["https:\/\/promocaododia.com.br\/site\/wp-content\/uploads\/2022\/10\/Smartphone-Motorola-Moto-G22-128GB-Preto-4G-Octa-Core-4GB-RAM-65-Cam-Quadrupla-Selfie-16MP-250x250.jpg",250,250,true],"woocommerce_single":["https:\/\/promocaododia.com.br\/site\/wp-content\/uploads\/2022\/10\/Smartphone-Motorola-Moto-G22-128GB-Preto-4G-Octa-Core-4GB-RAM-65-Cam-Quadrupla-Selfie-16MP-250x250.jpg",250,250,true],"woocommerce_gallery_thumbnail":["https:\/\/promocaododia.com.br\/site\/wp-content\/uploads\/2022\/10\/Smartphone-Motorola-Moto-G22-128GB-Preto-4G-Octa-Core-4GB-RAM-65-Cam-Quadrupla-Selfie-16MP-100x100.jpg",100,100,true]},"uagb_author_info":{"display_name":"danilo.gbr","author_link":"https:\/\/promocaododia.com.br\/site\/author\/"},"uagb_comment_info":0,"uagb_excerpt":"Para quem busca um smartphone para as tarefas b\u00e1sicas do dia a dia, o Motorola Moto G22 \u00e9 o aparelho ideal. Para voc\u00ea que utiliza apenas aplicativos de mensagem, redes sociais, fotos e liga\u00e7\u00f5es ele ir\u00e1 te atender muito bem. Conta com 4 c\u00e2meras traseiras e selfie de 16MP. A tela de 6,5&#8243; com resolu\u00e7\u00e3o&hellip;","_links":{"self":[{"href":"https:\/\/promocaododia.com.br\/site\/wp-json\/wp\/v2\/product\/813","targetHints":{"allow":["GET"]}}],"collection":[{"href":"https:\/\/promocaododia.com.br\/site\/wp-json\/wp\/v2\/product"}],"about":[{"href":"https:\/\/promocaododia.com.br\/site\/wp-json\/wp\/v2\/types\/product"}],"wp:featuredmedia":[{"embeddable":true,"href":"https:\/\/promocaododia.com.br\/site\/wp-json\/wp\/v2\/media\/814"}],"wp:attachment":[{"href":"https:\/\/promocaododia.com.br\/site\/wp-json\/wp\/v2\/media?parent=813"}],"wp:term":[{"taxonomy":"product_brand","embeddable":true,"href":"https:\/\/promocaododia.com.br\/site\/wp-json\/wp\/v2\/product_brand?post=813"},{"taxonomy":"product_cat","embeddable":true,"href":"https:\/\/promocaododia.com.br\/site\/wp-json\/wp\/v2\/product_cat?post=813"},{"taxonomy":"product_tag","embeddable":true,"href":"https:\/\/promocaododia.com.br\/site\/wp-json\/wp\/v2\/product_tag?post=813"}],"curies":[{"name":"wp","href":"https:\/\/api.w.org\/{rel}","templated":true}]}}