{"id":817,"date":"2022-10-27T18:59:32","date_gmt":"2022-10-27T21:59:32","guid":{"rendered":"https:\/\/promocaododia.com.br\/site\/?post_type=product&#038;p=817"},"modified":"2022-10-27T18:59:32","modified_gmt":"2022-10-27T21:59:32","slug":"ar-condicionado-split-tcl-9-000-btus-frio-elite-a1-tac-09csa1","status":"publish","type":"product","link":"https:\/\/promocaododia.com.br\/site\/produto\/ar-condicionado-split-tcl-9-000-btus-frio-elite-a1-tac-09csa1\/","title":{"rendered":"Ar-condicionado Split TCL 9.000 BTUs Frio &#8211; Elite A1 TAC-09CSA1"},"content":{"rendered":"<p>Nos meses mais quentes do ano, um Pa\u00eds tropical como o nosso sofre com as altas temperaturas. Para amenizar o clima dentro de nossas casas ou trabalho, um Ar-condicionado pode fazer toda a diferen\u00e7a n\u00e3o \u00e9 mesmo? Por isso vale muito a pena conhecer o Ar-condicionado Elite A1 TAC-09CSA1 da TCL. Trata-se de um ar-condicionado do tipo split que conta com uma incr\u00edvel refrigera\u00e7\u00e3o de 9.000 BTUs que com certeza vai deixar o clima muito agrad\u00e1vel no c\u00f4modo instalado. Com ciclo frio, esse ar certamente far\u00e1 parte do conforto de todos ao redor pela qualidade do produto.<\/p>\n","protected":false},"excerpt":{"rendered":"<p>Nos meses mais quentes do ano, um Pa\u00eds tropical como o nosso sofre com as altas temperaturas. Para amenizar o clima dentro de nossas casas ou trabalho, um Ar-condicionado pode fazer toda a diferen\u00e7a n\u00e3o \u00e9 mesmo? Por isso vale muito a pena conhecer o Ar-condicionado Elite A1 TAC-09CSA1 da TCL. Trata-se de um ar-condicionado do tipo split que conta com uma incr\u00edvel refrigera\u00e7\u00e3o de 9.000 BTUs que com certeza vai deixar o clima muito agrad\u00e1vel no c\u00f4modo instalado. Com ciclo frio, esse ar certamente far\u00e1 parte do conforto de todos ao redor pela qualidade do produto.<\/p>\n","protected":false},"featured_media":818,"template":"","meta":{"_uag_custom_page_level_css":"","site-sidebar-layout":"default","site-content-layout":"default","ast-site-content-layout":"default","site-content-style":"default","site-sidebar-style":"default","ast-global-header-display":"","ast-banner-title-visibility":"","ast-main-header-display":"","ast-hfb-above-header-display":"","ast-hfb-below-header-display":"","ast-hfb-mobile-header-display":"","site-post-title":"","ast-breadcrumbs-content":"","ast-featured-img":"","footer-sml-layout":"","theme-transparent-header-meta":"default","adv-header-id-meta":"","stick-header-meta":"","header-above-stick-meta":"","header-main-stick-meta":"","header-below-stick-meta":"","astra-migrate-meta-layouts":"default","ast-page-background-enabled":"default","ast-page-background-meta":{"desktop":{"background-color":"","background-image":"","background-repeat":"repeat","background-position":"center center","background-size":"auto","background-attachment":"scroll","background-type":"","background-media":"","overlay-type":"","overlay-color":"","overlay-opacity":"","overlay-gradient":""},"tablet":{"background-color":"","background-image":"","background-repeat":"repeat","background-position":"center center","background-size":"auto","background-attachment":"scroll","background-type":"","background-media":"","overlay-type":"","overlay-color":"","overlay-opacity":"","overlay-gradient":""},"mobile":{"background-color":"","background-image":"","background-repeat":"repeat","background-position":"center center","background-size":"auto","background-attachment":"scroll","background-type":"","background-media":"","overlay-type":"","overlay-color":"","overlay-opacity":"","overlay-gradient":""}},"ast-content-background-meta":{"desktop":{"background-color":"var(--ast-global-color-5)","background-image":"","background-repeat":"repeat","background-position":"center center","background-size":"auto","background-attachment":"scroll","background-type":"","background-media":"","overlay-type":"","overlay-color":"","overlay-opacity":"","overlay-gradient":""},"tablet":{"background-color":"var(--ast-global-color-5)","background-image":"","background-repeat":"repeat","background-position":"center center","background-size":"auto","background-attachment":"scroll","background-type":"","background-media":"","overlay-type":"","overlay-color":"","overlay-opacity":"","overlay-gradient":""},"mobile":{"background-color":"var(--ast-global-color-5)","background-image":"","background-repeat":"repeat","background-position":"center center","background-size":"auto","background-attachment":"scroll","background-type":"","background-media":"","overlay-type":"","overlay-color":"","overlay-opacity":"","overlay-gradient":""}}},"product_brand":[],"product_cat":[292],"product_tag":[296,293,297,294,295],"class_list":{"0":"post-817","1":"product","2":"type-product","3":"status-publish","4":"has-post-thumbnail","6":"product_cat-ar-e-ventilacao","7":"product_tag-9000-btus","8":"product_tag-ar-condicionado","9":"product_tag-frio","10":"product_tag-split","11":"product_tag-tcl","12":"desktop-align-center","13":"tablet-align-left","14":"mobile-align-center","16":"first","17":"instock","18":"sale","19":"shipping-taxable","20":"product-type-external"},"uagb_featured_image_src":{"full":["https:\/\/promocaododia.com.br\/site\/wp-content\/uploads\/2022\/10\/Ar-condicionado-Split-TCL-9.000-BTUs-Frio-Elite-A1-TAC-09CSA1.jpg",600,600,false],"thumbnail":["https:\/\/promocaododia.com.br\/site\/wp-content\/uploads\/2022\/10\/Ar-condicionado-Split-TCL-9.000-BTUs-Frio-Elite-A1-TAC-09CSA1-150x150.jpg",150,150,true],"medium":["https:\/\/promocaododia.com.br\/site\/wp-content\/uploads\/2022\/10\/Ar-condicionado-Split-TCL-9.000-BTUs-Frio-Elite-A1-TAC-09CSA1-300x300.jpg",300,300,true],"medium_large":["https:\/\/promocaododia.com.br\/site\/wp-content\/uploads\/2022\/10\/Ar-condicionado-Split-TCL-9.000-BTUs-Frio-Elite-A1-TAC-09CSA1.jpg",600,600,false],"large":["https:\/\/promocaododia.com.br\/site\/wp-content\/uploads\/2022\/10\/Ar-condicionado-Split-TCL-9.000-BTUs-Frio-Elite-A1-TAC-09CSA1.jpg",600,600,false],"1536x1536":["https:\/\/promocaododia.com.br\/site\/wp-content\/uploads\/2022\/10\/Ar-condicionado-Split-TCL-9.000-BTUs-Frio-Elite-A1-TAC-09CSA1.jpg",600,600,false],"2048x2048":["https:\/\/promocaododia.com.br\/site\/wp-content\/uploads\/2022\/10\/Ar-condicionado-Split-TCL-9.000-BTUs-Frio-Elite-A1-TAC-09CSA1.jpg",600,600,false],"woocommerce_thumbnail":["https:\/\/promocaododia.com.br\/site\/wp-content\/uploads\/2022\/10\/Ar-condicionado-Split-TCL-9.000-BTUs-Frio-Elite-A1-TAC-09CSA1-250x250.jpg",250,250,true],"woocommerce_single":["https:\/\/promocaododia.com.br\/site\/wp-content\/uploads\/2022\/10\/Ar-condicionado-Split-TCL-9.000-BTUs-Frio-Elite-A1-TAC-09CSA1-250x250.jpg",250,250,true],"woocommerce_gallery_thumbnail":["https:\/\/promocaododia.com.br\/site\/wp-content\/uploads\/2022\/10\/Ar-condicionado-Split-TCL-9.000-BTUs-Frio-Elite-A1-TAC-09CSA1-100x100.jpg",100,100,true]},"uagb_author_info":{"display_name":"danilo.gbr","author_link":"https:\/\/promocaododia.com.br\/site\/author\/"},"uagb_comment_info":0,"uagb_excerpt":"Nos meses mais quentes do ano, um Pa\u00eds tropical como o nosso sofre com as altas temperaturas. Para amenizar o clima dentro de nossas casas ou trabalho, um Ar-condicionado pode fazer toda a diferen\u00e7a n\u00e3o \u00e9 mesmo? Por isso vale muito a pena conhecer o Ar-condicionado Elite A1 TAC-09CSA1 da TCL. Trata-se de um ar-condicionado&hellip;","_links":{"self":[{"href":"https:\/\/promocaododia.com.br\/site\/wp-json\/wp\/v2\/product\/817","targetHints":{"allow":["GET"]}}],"collection":[{"href":"https:\/\/promocaododia.com.br\/site\/wp-json\/wp\/v2\/product"}],"about":[{"href":"https:\/\/promocaododia.com.br\/site\/wp-json\/wp\/v2\/types\/product"}],"wp:featuredmedia":[{"embeddable":true,"href":"https:\/\/promocaododia.com.br\/site\/wp-json\/wp\/v2\/media\/818"}],"wp:attachment":[{"href":"https:\/\/promocaododia.com.br\/site\/wp-json\/wp\/v2\/media?parent=817"}],"wp:term":[{"taxonomy":"product_brand","embeddable":true,"href":"https:\/\/promocaododia.com.br\/site\/wp-json\/wp\/v2\/product_brand?post=817"},{"taxonomy":"product_cat","embeddable":true,"href":"https:\/\/promocaododia.com.br\/site\/wp-json\/wp\/v2\/product_cat?post=817"},{"taxonomy":"product_tag","embeddable":true,"href":"https:\/\/promocaododia.com.br\/site\/wp-json\/wp\/v2\/product_tag?post=817"}],"curies":[{"name":"wp","href":"https:\/\/api.w.org\/{rel}","templated":true}]}}