{"id":821,"date":"2022-10-27T19:20:21","date_gmt":"2022-10-27T22:20:21","guid":{"rendered":"https:\/\/promocaododia.com.br\/site\/?post_type=product&#038;p=821"},"modified":"2022-10-27T19:20:21","modified_gmt":"2022-10-27T22:20:21","slug":"tenis-olympikus-boreal-feminino","status":"publish","type":"product","link":"https:\/\/promocaododia.com.br\/site\/produto\/tenis-olympikus-boreal-feminino\/","title":{"rendered":"T\u00eanis Olympikus Boreal Feminino"},"content":{"rendered":"<p>Material da sola<br \/>\nAcetato vinilo de etileno<br \/>\nMaterial externo<br \/>\nTextil<br \/>\nTipo de fecho<br \/>\nCadar\u00e7o<br \/>\nN\u00edvel de resist\u00eancia \u00e0 \u00e1gua<br \/>\nN\u00e3o resistente \u00e0 \u00e1gua<br \/>\nSolado com tecnologia evasense<br \/>\nCabedal em material t\u00eaxtil para maior conforto<br \/>\nPalmilha de EVA<\/p>\n","protected":false},"excerpt":{"rendered":"<p>Material da sola Acetato vinilo de etileno Material externo Textil Tipo de fecho Cadar\u00e7o N\u00edvel de resist\u00eancia \u00e0 \u00e1gua N\u00e3o resistente \u00e0 \u00e1gua Solado com tecnologia evasense Cabedal em material t\u00eaxtil para maior conforto Palmilha de EVA<\/p>\n","protected":false},"featured_media":822,"template":"","meta":{"_uag_custom_page_level_css":"","site-sidebar-layout":"default","site-content-layout":"default","ast-site-content-layout":"default","site-content-style":"default","site-sidebar-style":"default","ast-global-header-display":"","ast-banner-title-visibility":"","ast-main-header-display":"","ast-hfb-above-header-display":"","ast-hfb-below-header-display":"","ast-hfb-mobile-header-display":"","site-post-title":"","ast-breadcrumbs-content":"","ast-featured-img":"","footer-sml-layout":"","theme-transparent-header-meta":"default","adv-header-id-meta":"","stick-header-meta":"","header-above-stick-meta":"","header-main-stick-meta":"","header-below-stick-meta":"","astra-migrate-meta-layouts":"default","ast-page-background-enabled":"default","ast-page-background-meta":{"desktop":{"background-color":"","background-image":"","background-repeat":"repeat","background-position":"center center","background-size":"auto","background-attachment":"scroll","background-type":"","background-media":"","overlay-type":"","overlay-color":"","overlay-opacity":"","overlay-gradient":""},"tablet":{"background-color":"","background-image":"","background-repeat":"repeat","background-position":"center center","background-size":"auto","background-attachment":"scroll","background-type":"","background-media":"","overlay-type":"","overlay-color":"","overlay-opacity":"","overlay-gradient":""},"mobile":{"background-color":"","background-image":"","background-repeat":"repeat","background-position":"center center","background-size":"auto","background-attachment":"scroll","background-type":"","background-media":"","overlay-type":"","overlay-color":"","overlay-opacity":"","overlay-gradient":""}},"ast-content-background-meta":{"desktop":{"background-color":"var(--ast-global-color-5)","background-image":"","background-repeat":"repeat","background-position":"center center","background-size":"auto","background-attachment":"scroll","background-type":"","background-media":"","overlay-type":"","overlay-color":"","overlay-opacity":"","overlay-gradient":""},"tablet":{"background-color":"var(--ast-global-color-5)","background-image":"","background-repeat":"repeat","background-position":"center center","background-size":"auto","background-attachment":"scroll","background-type":"","background-media":"","overlay-type":"","overlay-color":"","overlay-opacity":"","overlay-gradient":""},"mobile":{"background-color":"var(--ast-global-color-5)","background-image":"","background-repeat":"repeat","background-position":"center center","background-size":"auto","background-attachment":"scroll","background-type":"","background-media":"","overlay-type":"","overlay-color":"","overlay-opacity":"","overlay-gradient":""}}},"product_brand":[],"product_cat":[179,58,30],"product_tag":[302,303,184,301,80],"class_list":{"0":"post-821","1":"product","2":"type-product","3":"status-publish","4":"has-post-thumbnail","6":"product_cat-calcados-feminina","7":"product_cat-feminina","8":"product_cat-moda","9":"product_tag-boreal","10":"product_tag-feminino","11":"product_tag-moda","12":"product_tag-olympikus","13":"product_tag-tenis","14":"desktop-align-center","15":"tablet-align-left","16":"mobile-align-center","18":"first","19":"instock","20":"sale","21":"shipping-taxable","22":"product-type-external"},"uagb_featured_image_src":{"full":["https:\/\/promocaododia.com.br\/site\/wp-content\/uploads\/2022\/10\/Tenis-Olympikus-Boreal-Feminino.jpg",600,600,false],"thumbnail":["https:\/\/promocaododia.com.br\/site\/wp-content\/uploads\/2022\/10\/Tenis-Olympikus-Boreal-Feminino-150x150.jpg",150,150,true],"medium":["https:\/\/promocaododia.com.br\/site\/wp-content\/uploads\/2022\/10\/Tenis-Olympikus-Boreal-Feminino-300x300.jpg",300,300,true],"medium_large":["https:\/\/promocaododia.com.br\/site\/wp-content\/uploads\/2022\/10\/Tenis-Olympikus-Boreal-Feminino.jpg",600,600,false],"large":["https:\/\/promocaododia.com.br\/site\/wp-content\/uploads\/2022\/10\/Tenis-Olympikus-Boreal-Feminino.jpg",600,600,false],"1536x1536":["https:\/\/promocaododia.com.br\/site\/wp-content\/uploads\/2022\/10\/Tenis-Olympikus-Boreal-Feminino.jpg",600,600,false],"2048x2048":["https:\/\/promocaododia.com.br\/site\/wp-content\/uploads\/2022\/10\/Tenis-Olympikus-Boreal-Feminino.jpg",600,600,false],"woocommerce_thumbnail":["https:\/\/promocaododia.com.br\/site\/wp-content\/uploads\/2022\/10\/Tenis-Olympikus-Boreal-Feminino-250x250.jpg",250,250,true],"woocommerce_single":["https:\/\/promocaododia.com.br\/site\/wp-content\/uploads\/2022\/10\/Tenis-Olympikus-Boreal-Feminino-250x250.jpg",250,250,true],"woocommerce_gallery_thumbnail":["https:\/\/promocaododia.com.br\/site\/wp-content\/uploads\/2022\/10\/Tenis-Olympikus-Boreal-Feminino-100x100.jpg",100,100,true]},"uagb_author_info":{"display_name":"danilo.gbr","author_link":"https:\/\/promocaododia.com.br\/site\/author\/"},"uagb_comment_info":0,"uagb_excerpt":"Material da sola Acetato vinilo de etileno Material externo Textil Tipo de fecho Cadar\u00e7o N\u00edvel de resist\u00eancia \u00e0 \u00e1gua N\u00e3o resistente \u00e0 \u00e1gua Solado com tecnologia evasense Cabedal em material t\u00eaxtil para maior conforto Palmilha de EVA","_links":{"self":[{"href":"https:\/\/promocaododia.com.br\/site\/wp-json\/wp\/v2\/product\/821","targetHints":{"allow":["GET"]}}],"collection":[{"href":"https:\/\/promocaododia.com.br\/site\/wp-json\/wp\/v2\/product"}],"about":[{"href":"https:\/\/promocaododia.com.br\/site\/wp-json\/wp\/v2\/types\/product"}],"wp:featuredmedia":[{"embeddable":true,"href":"https:\/\/promocaododia.com.br\/site\/wp-json\/wp\/v2\/media\/822"}],"wp:attachment":[{"href":"https:\/\/promocaododia.com.br\/site\/wp-json\/wp\/v2\/media?parent=821"}],"wp:term":[{"taxonomy":"product_brand","embeddable":true,"href":"https:\/\/promocaododia.com.br\/site\/wp-json\/wp\/v2\/product_brand?post=821"},{"taxonomy":"product_cat","embeddable":true,"href":"https:\/\/promocaododia.com.br\/site\/wp-json\/wp\/v2\/product_cat?post=821"},{"taxonomy":"product_tag","embeddable":true,"href":"https:\/\/promocaododia.com.br\/site\/wp-json\/wp\/v2\/product_tag?post=821"}],"curies":[{"name":"wp","href":"https:\/\/api.w.org\/{rel}","templated":true}]}}