{"id":825,"date":"2022-10-27T19:34:43","date_gmt":"2022-10-27T22:34:43","guid":{"rendered":"https:\/\/promocaododia.com.br\/site\/?post_type=product&#038;p=825"},"modified":"2022-10-27T19:34:43","modified_gmt":"2022-10-27T22:34:43","slug":"kit-azeite-de-oliva-gallo-3-unidades-tipo-unico-500ml-classico-500ml-reserva-500ml","status":"publish","type":"product","link":"https:\/\/promocaododia.com.br\/site\/produto\/kit-azeite-de-oliva-gallo-3-unidades-tipo-unico-500ml-classico-500ml-reserva-500ml\/","title":{"rendered":"Kit Azeite de Oliva Gallo 3 Unidades &#8211; Tipo \u00danico 500ml + Cl\u00e1ssico 500ml + Reserva 500ml"},"content":{"rendered":"<p>Seus pratos e receitas do dia a dia ficar\u00e3o muito mais saborosos com o Azeite de Oliva Gallo Tipo \u00danico 500ml. Produzido com ingredientes selecionados e de alta qualidade, ele possui um sabor suave ligeiramente adocicado, com uma s\u00fatil presen\u00e7a de notas amargas e picantes. Perfeito para fritar, temperar e usar em todo o tipo de refogados e cozidos. Al\u00e9m disso, tamb\u00e9m contribui para uma alimenta\u00e7\u00e3o mais saud\u00e1vel pois substitui as gorduras saturadas e auxilia na manuten\u00e7\u00e3o de n\u00edveis normais de colesterol.<\/p>\n","protected":false},"excerpt":{"rendered":"<p>Seus pratos e receitas do dia a dia ficar\u00e3o muito mais saborosos com o Azeite de Oliva Gallo Tipo \u00danico 500ml. Produzido com ingredientes selecionados e de alta qualidade, ele possui um sabor suave ligeiramente adocicado, com uma s\u00fatil presen\u00e7a de notas amargas e picantes. Perfeito para fritar, temperar e usar em todo o tipo de refogados e cozidos. Al\u00e9m disso, tamb\u00e9m contribui para uma alimenta\u00e7\u00e3o mais saud\u00e1vel pois substitui as gorduras saturadas e auxilia na manuten\u00e7\u00e3o de n\u00edveis normais de colesterol.<\/p>\n","protected":false},"featured_media":826,"template":"","meta":{"_uag_custom_page_level_css":"","site-sidebar-layout":"default","site-content-layout":"default","ast-site-content-layout":"default","site-content-style":"default","site-sidebar-style":"default","ast-global-header-display":"","ast-banner-title-visibility":"","ast-main-header-display":"","ast-hfb-above-header-display":"","ast-hfb-below-header-display":"","ast-hfb-mobile-header-display":"","site-post-title":"","ast-breadcrumbs-content":"","ast-featured-img":"","footer-sml-layout":"","theme-transparent-header-meta":"default","adv-header-id-meta":"","stick-header-meta":"","header-above-stick-meta":"","header-main-stick-meta":"","header-below-stick-meta":"","astra-migrate-meta-layouts":"default","ast-page-background-enabled":"default","ast-page-background-meta":{"desktop":{"background-color":"","background-image":"","background-repeat":"repeat","background-position":"center center","background-size":"auto","background-attachment":"scroll","background-type":"","background-media":"","overlay-type":"","overlay-color":"","overlay-opacity":"","overlay-gradient":""},"tablet":{"background-color":"","background-image":"","background-repeat":"repeat","background-position":"center center","background-size":"auto","background-attachment":"scroll","background-type":"","background-media":"","overlay-type":"","overlay-color":"","overlay-opacity":"","overlay-gradient":""},"mobile":{"background-color":"","background-image":"","background-repeat":"repeat","background-position":"center center","background-size":"auto","background-attachment":"scroll","background-type":"","background-media":"","overlay-type":"","overlay-color":"","overlay-opacity":"","overlay-gradient":""}},"ast-content-background-meta":{"desktop":{"background-color":"var(--ast-global-color-5)","background-image":"","background-repeat":"repeat","background-position":"center center","background-size":"auto","background-attachment":"scroll","background-type":"","background-media":"","overlay-type":"","overlay-color":"","overlay-opacity":"","overlay-gradient":""},"tablet":{"background-color":"var(--ast-global-color-5)","background-image":"","background-repeat":"repeat","background-position":"center center","background-size":"auto","background-attachment":"scroll","background-type":"","background-media":"","overlay-type":"","overlay-color":"","overlay-opacity":"","overlay-gradient":""},"mobile":{"background-color":"var(--ast-global-color-5)","background-image":"","background-repeat":"repeat","background-position":"center center","background-size":"auto","background-attachment":"scroll","background-type":"","background-media":"","overlay-type":"","overlay-color":"","overlay-opacity":"","overlay-gradient":""}}},"product_brand":[],"product_cat":[84],"product_tag":[310,308,312,309,119,85,313,311],"class_list":{"0":"post-825","1":"product","2":"type-product","3":"status-publish","4":"has-post-thumbnail","6":"product_cat-mercado","7":"product_tag-500ml","8":"product_tag-azeite","9":"product_tag-classico","10":"product_tag-gallo","11":"product_tag-kit","12":"product_tag-mercado","13":"product_tag-reserva","14":"product_tag-unico","15":"desktop-align-center","16":"tablet-align-left","17":"mobile-align-center","19":"first","20":"instock","21":"shipping-taxable","22":"product-type-external"},"uagb_featured_image_src":{"full":["https:\/\/promocaododia.com.br\/site\/wp-content\/uploads\/2022\/10\/Kit-Azeite-de-Oliva-Gallo-3-Unidades-Tipo-Unico-500ml-Classico-500ml-Reserva-500ml.jpg",600,600,false],"thumbnail":["https:\/\/promocaododia.com.br\/site\/wp-content\/uploads\/2022\/10\/Kit-Azeite-de-Oliva-Gallo-3-Unidades-Tipo-Unico-500ml-Classico-500ml-Reserva-500ml-150x150.jpg",150,150,true],"medium":["https:\/\/promocaododia.com.br\/site\/wp-content\/uploads\/2022\/10\/Kit-Azeite-de-Oliva-Gallo-3-Unidades-Tipo-Unico-500ml-Classico-500ml-Reserva-500ml-300x300.jpg",300,300,true],"medium_large":["https:\/\/promocaododia.com.br\/site\/wp-content\/uploads\/2022\/10\/Kit-Azeite-de-Oliva-Gallo-3-Unidades-Tipo-Unico-500ml-Classico-500ml-Reserva-500ml.jpg",600,600,false],"large":["https:\/\/promocaododia.com.br\/site\/wp-content\/uploads\/2022\/10\/Kit-Azeite-de-Oliva-Gallo-3-Unidades-Tipo-Unico-500ml-Classico-500ml-Reserva-500ml.jpg",600,600,false],"1536x1536":["https:\/\/promocaododia.com.br\/site\/wp-content\/uploads\/2022\/10\/Kit-Azeite-de-Oliva-Gallo-3-Unidades-Tipo-Unico-500ml-Classico-500ml-Reserva-500ml.jpg",600,600,false],"2048x2048":["https:\/\/promocaododia.com.br\/site\/wp-content\/uploads\/2022\/10\/Kit-Azeite-de-Oliva-Gallo-3-Unidades-Tipo-Unico-500ml-Classico-500ml-Reserva-500ml.jpg",600,600,false],"woocommerce_thumbnail":["https:\/\/promocaododia.com.br\/site\/wp-content\/uploads\/2022\/10\/Kit-Azeite-de-Oliva-Gallo-3-Unidades-Tipo-Unico-500ml-Classico-500ml-Reserva-500ml-250x250.jpg",250,250,true],"woocommerce_single":["https:\/\/promocaododia.com.br\/site\/wp-content\/uploads\/2022\/10\/Kit-Azeite-de-Oliva-Gallo-3-Unidades-Tipo-Unico-500ml-Classico-500ml-Reserva-500ml-250x250.jpg",250,250,true],"woocommerce_gallery_thumbnail":["https:\/\/promocaododia.com.br\/site\/wp-content\/uploads\/2022\/10\/Kit-Azeite-de-Oliva-Gallo-3-Unidades-Tipo-Unico-500ml-Classico-500ml-Reserva-500ml-100x100.jpg",100,100,true]},"uagb_author_info":{"display_name":"danilo.gbr","author_link":"https:\/\/promocaododia.com.br\/site\/author\/"},"uagb_comment_info":0,"uagb_excerpt":"Seus pratos e receitas do dia a dia ficar\u00e3o muito mais saborosos com o Azeite de Oliva Gallo Tipo \u00danico 500ml. Produzido com ingredientes selecionados e de alta qualidade, ele possui um sabor suave ligeiramente adocicado, com uma s\u00fatil presen\u00e7a de notas amargas e picantes. Perfeito para fritar, temperar e usar em todo o tipo&hellip;","_links":{"self":[{"href":"https:\/\/promocaododia.com.br\/site\/wp-json\/wp\/v2\/product\/825","targetHints":{"allow":["GET"]}}],"collection":[{"href":"https:\/\/promocaododia.com.br\/site\/wp-json\/wp\/v2\/product"}],"about":[{"href":"https:\/\/promocaododia.com.br\/site\/wp-json\/wp\/v2\/types\/product"}],"wp:featuredmedia":[{"embeddable":true,"href":"https:\/\/promocaododia.com.br\/site\/wp-json\/wp\/v2\/media\/826"}],"wp:attachment":[{"href":"https:\/\/promocaododia.com.br\/site\/wp-json\/wp\/v2\/media?parent=825"}],"wp:term":[{"taxonomy":"product_brand","embeddable":true,"href":"https:\/\/promocaododia.com.br\/site\/wp-json\/wp\/v2\/product_brand?post=825"},{"taxonomy":"product_cat","embeddable":true,"href":"https:\/\/promocaododia.com.br\/site\/wp-json\/wp\/v2\/product_cat?post=825"},{"taxonomy":"product_tag","embeddable":true,"href":"https:\/\/promocaododia.com.br\/site\/wp-json\/wp\/v2\/product_tag?post=825"}],"curies":[{"name":"wp","href":"https:\/\/api.w.org\/{rel}","templated":true}]}}