{"id":827,"date":"2022-10-27T19:43:41","date_gmt":"2022-10-27T22:43:41","guid":{"rendered":"https:\/\/promocaododia.com.br\/site\/?post_type=product&#038;p=827"},"modified":"2022-10-27T19:43:41","modified_gmt":"2022-10-27T22:43:41","slug":"notebook-gamer-lenovo-ideapad-gaming-3i-intel-core-i5-10300h-geforce-gtx-1650-8gb-ram-ssd-256gb-tela-15-6-fhd-linux-azul","status":"publish","type":"product","link":"https:\/\/promocaododia.com.br\/site\/produto\/notebook-gamer-lenovo-ideapad-gaming-3i-intel-core-i5-10300h-geforce-gtx-1650-8gb-ram-ssd-256gb-tela-15-6-fhd-linux-azul\/","title":{"rendered":"Notebook Gamer Lenovo IdeaPad Gaming 3i Intel Core i5-10300H, GeForce GTX 1650, 8GB RAM, SSD 256GB, Tela 15.6 FHD, Linux, Azul"},"content":{"rendered":"<p>Notebook Gamer Lenovo Gaming 3i Intel Core i5-10300H O Notebook Gamer com melhor performance Notebook Gamer Lenovo Gaming 3i novo design com 10 Gera\u00e7\u00e3o de Processadores Intel Core i5-10300H e placa de v\u00eddeo NVIDIA GeForce GTX 1650 4GB, ideal para gamers e usu\u00e1rios que tamb\u00e9m precisam de alta performance Com tela de 15.6&#8221; Full HD WVA Antirreflexo para melhor defini\u00e7\u00e3o de imagem e cores. O armazenamento SSD PCIe NVMe \u00e9 10x mais r\u00e1pido que um HDD 2.5\u201d SATA, voc\u00ea ter\u00e1 mais seguran\u00e7a ao armazenar seus dados. Design eficiente para melhor desempenho O teclado retroiluminado em LED azul, deixa o computador mais atraente e tamb\u00e9m favorece a performance para jogos em lugares com pouca ilumina\u00e7\u00e3o. Silencioso e n\u00e3o esquenta: projetado com um sistema de resfriamento otimizado composto por 2 coolers e 4 sa\u00eddas de ar para suportar o alto desempenho do notebook. Sua privacidade pessoal \u00e9 muito importante. \u00c9 por isso que o Ideapad Gaming 3i est\u00e1 equipado com pr\u00e1tica porta de privacidade da webcam. Quando n\u00e3o estiver em uma chamada de v\u00eddeo ou gravando algo, basta desliz\u00e1-la. Ideapad bateria que dura e te permite jogar mais Com at\u00e9 9.6 horas de dura\u00e7\u00e3o de bateria o Ideapad Gaming 3i permite que voc\u00ea jogue por muito mais tempo. Al\u00e9m de possuir a tecnologia de carregamento r\u00e1pido: quinze minutos de carregamento garante at\u00e9 duas horas de uso. A Lenovo coloca o Ideapad Gaming 3i \u00e0 prova em testes de resist\u00eancia altamente estressantes como: altas e baixas temperaturas, choque t\u00e9rmico, quebra e vibra\u00e7\u00e3o, certificando a preocupa\u00e7\u00e3o com a seguran\u00e7a e qualidade. Atrav\u00e9s de testes militares, mant\u00e9m a convic\u00e7\u00e3o da melhor escolha sempre.<\/p>\n","protected":false},"excerpt":{"rendered":"<p>Notebook Gamer Lenovo Gaming 3i Intel Core i5-10300H O Notebook Gamer com melhor performance Notebook Gamer Lenovo Gaming 3i novo design com 10 Gera\u00e7\u00e3o de Processadores Intel Core i5-10300H e placa de v\u00eddeo NVIDIA GeForce GTX 1650 4GB, ideal para gamers e usu\u00e1rios que tamb\u00e9m precisam de alta performance Com tela de 15.6&#8221; Full HD WVA Antirreflexo para melhor defini\u00e7\u00e3o de imagem e cores. O armazenamento SSD PCIe NVMe \u00e9 10x mais r\u00e1pido que um HDD 2.5\u201d SATA, voc\u00ea ter\u00e1 mais seguran\u00e7a ao armazenar seus dados. Design eficiente para melhor desempenho O teclado retroiluminado em LED azul, deixa o computador mais atraente e tamb\u00e9m favorece a performance para jogos em lugares com pouca ilumina\u00e7\u00e3o. Silencioso e n\u00e3o esquenta: projetado com um sistema de resfriamento otimizado composto por 2 coolers e 4 sa\u00eddas de ar para suportar o alto desempenho do notebook. Sua privacidade pessoal \u00e9 muito importante. \u00c9 por isso que o Ideapad Gaming 3i est\u00e1 equipado com pr\u00e1tica porta de privacidade da webcam. Quando n\u00e3o estiver em uma chamada de v\u00eddeo ou gravando algo, basta desliz\u00e1-la. Ideapad bateria que dura e te permite jogar mais Com at\u00e9 9.6 horas de dura\u00e7\u00e3o de bateria o Ideapad Gaming 3i permite que voc\u00ea jogue por muito mais tempo. Al\u00e9m de possuir a tecnologia de carregamento r\u00e1pido: quinze minutos de carregamento garante at\u00e9 duas horas de uso. A Lenovo coloca o Ideapad Gaming 3i \u00e0 prova em testes de resist\u00eancia altamente estressantes como: altas e baixas temperaturas, choque t\u00e9rmico, quebra e vibra\u00e7\u00e3o, certificando a preocupa\u00e7\u00e3o com a seguran\u00e7a e qualidade. Atrav\u00e9s de testes militares, mant\u00e9m a convic\u00e7\u00e3o da melhor escolha sempre.<\/p>\n","protected":false},"featured_media":828,"template":"","meta":{"_uag_custom_page_level_css":"","site-sidebar-layout":"default","site-content-layout":"default","ast-site-content-layout":"default","site-content-style":"default","site-sidebar-style":"default","ast-global-header-display":"","ast-banner-title-visibility":"","ast-main-header-display":"","ast-hfb-above-header-display":"","ast-hfb-below-header-display":"","ast-hfb-mobile-header-display":"","site-post-title":"","ast-breadcrumbs-content":"","ast-featured-img":"","footer-sml-layout":"","theme-transparent-header-meta":"default","adv-header-id-meta":"","stick-header-meta":"","header-above-stick-meta":"","header-main-stick-meta":"","header-below-stick-meta":"","astra-migrate-meta-layouts":"default","ast-page-background-enabled":"default","ast-page-background-meta":{"desktop":{"background-color":"","background-image":"","background-repeat":"repeat","background-position":"center center","background-size":"auto","background-attachment":"scroll","background-type":"","background-media":"","overlay-type":"","overlay-color":"","overlay-opacity":"","overlay-gradient":""},"tablet":{"background-color":"","background-image":"","background-repeat":"repeat","background-position":"center center","background-size":"auto","background-attachment":"scroll","background-type":"","background-media":"","overlay-type":"","overlay-color":"","overlay-opacity":"","overlay-gradient":""},"mobile":{"background-color":"","background-image":"","background-repeat":"repeat","background-position":"center center","background-size":"auto","background-attachment":"scroll","background-type":"","background-media":"","overlay-type":"","overlay-color":"","overlay-opacity":"","overlay-gradient":""}},"ast-content-background-meta":{"desktop":{"background-color":"var(--ast-global-color-5)","background-image":"","background-repeat":"repeat","background-position":"center center","background-size":"auto","background-attachment":"scroll","background-type":"","background-media":"","overlay-type":"","overlay-color":"","overlay-opacity":"","overlay-gradient":""},"tablet":{"background-color":"var(--ast-global-color-5)","background-image":"","background-repeat":"repeat","background-position":"center center","background-size":"auto","background-attachment":"scroll","background-type":"","background-media":"","overlay-type":"","overlay-color":"","overlay-opacity":"","overlay-gradient":""},"mobile":{"background-color":"var(--ast-global-color-5)","background-image":"","background-repeat":"repeat","background-position":"center center","background-size":"auto","background-attachment":"scroll","background-type":"","background-media":"","overlay-type":"","overlay-color":"","overlay-opacity":"","overlay-gradient":""}}},"product_brand":[],"product_cat":[75,62],"product_tag":[319,316,81,317,318,315,160,314,321,82,320],"class_list":{"0":"post-827","1":"product","2":"type-product","3":"status-publish","4":"has-post-thumbnail","6":"product_cat-informatica-e-acessorios","7":"product_cat-notebook","8":"product_tag-8g-ram","9":"product_tag-core-i5","10":"product_tag-gamer","11":"product_tag-geforce","12":"product_tag-gtx-1650","13":"product_tag-ideapad-gaming-3i","14":"product_tag-intel","15":"product_tag-lenovo","16":"product_tag-linux","17":"product_tag-notebook","18":"product_tag-ssd-256gb","19":"desktop-align-center","20":"tablet-align-left","21":"mobile-align-center","23":"first","24":"instock","25":"sale","26":"shipping-taxable","27":"product-type-external"},"uagb_featured_image_src":{"full":["https:\/\/promocaododia.com.br\/site\/wp-content\/uploads\/2022\/10\/Notebook-Gamer-Lenovo-IdeaPad-Gaming-3i-Intel-Core-i5-10300H-GeForce-GTX-1650-8GB-RAM-SSD-256GB-Tela-15.6-FHD-Linux-Azul-.jpg",600,600,false],"thumbnail":["https:\/\/promocaododia.com.br\/site\/wp-content\/uploads\/2022\/10\/Notebook-Gamer-Lenovo-IdeaPad-Gaming-3i-Intel-Core-i5-10300H-GeForce-GTX-1650-8GB-RAM-SSD-256GB-Tela-15.6-FHD-Linux-Azul--150x150.jpg",150,150,true],"medium":["https:\/\/promocaododia.com.br\/site\/wp-content\/uploads\/2022\/10\/Notebook-Gamer-Lenovo-IdeaPad-Gaming-3i-Intel-Core-i5-10300H-GeForce-GTX-1650-8GB-RAM-SSD-256GB-Tela-15.6-FHD-Linux-Azul--300x300.jpg",300,300,true],"medium_large":["https:\/\/promocaododia.com.br\/site\/wp-content\/uploads\/2022\/10\/Notebook-Gamer-Lenovo-IdeaPad-Gaming-3i-Intel-Core-i5-10300H-GeForce-GTX-1650-8GB-RAM-SSD-256GB-Tela-15.6-FHD-Linux-Azul-.jpg",600,600,false],"large":["https:\/\/promocaododia.com.br\/site\/wp-content\/uploads\/2022\/10\/Notebook-Gamer-Lenovo-IdeaPad-Gaming-3i-Intel-Core-i5-10300H-GeForce-GTX-1650-8GB-RAM-SSD-256GB-Tela-15.6-FHD-Linux-Azul-.jpg",600,600,false],"1536x1536":["https:\/\/promocaododia.com.br\/site\/wp-content\/uploads\/2022\/10\/Notebook-Gamer-Lenovo-IdeaPad-Gaming-3i-Intel-Core-i5-10300H-GeForce-GTX-1650-8GB-RAM-SSD-256GB-Tela-15.6-FHD-Linux-Azul-.jpg",600,600,false],"2048x2048":["https:\/\/promocaododia.com.br\/site\/wp-content\/uploads\/2022\/10\/Notebook-Gamer-Lenovo-IdeaPad-Gaming-3i-Intel-Core-i5-10300H-GeForce-GTX-1650-8GB-RAM-SSD-256GB-Tela-15.6-FHD-Linux-Azul-.jpg",600,600,false],"woocommerce_thumbnail":["https:\/\/promocaododia.com.br\/site\/wp-content\/uploads\/2022\/10\/Notebook-Gamer-Lenovo-IdeaPad-Gaming-3i-Intel-Core-i5-10300H-GeForce-GTX-1650-8GB-RAM-SSD-256GB-Tela-15.6-FHD-Linux-Azul--250x250.jpg",250,250,true],"woocommerce_single":["https:\/\/promocaododia.com.br\/site\/wp-content\/uploads\/2022\/10\/Notebook-Gamer-Lenovo-IdeaPad-Gaming-3i-Intel-Core-i5-10300H-GeForce-GTX-1650-8GB-RAM-SSD-256GB-Tela-15.6-FHD-Linux-Azul--250x250.jpg",250,250,true],"woocommerce_gallery_thumbnail":["https:\/\/promocaododia.com.br\/site\/wp-content\/uploads\/2022\/10\/Notebook-Gamer-Lenovo-IdeaPad-Gaming-3i-Intel-Core-i5-10300H-GeForce-GTX-1650-8GB-RAM-SSD-256GB-Tela-15.6-FHD-Linux-Azul--100x100.jpg",100,100,true]},"uagb_author_info":{"display_name":"danilo.gbr","author_link":"https:\/\/promocaododia.com.br\/site\/author\/"},"uagb_comment_info":0,"uagb_excerpt":"Notebook Gamer Lenovo Gaming 3i Intel Core i5-10300H O Notebook Gamer com melhor performance Notebook Gamer Lenovo Gaming 3i novo design com 10 Gera\u00e7\u00e3o de Processadores Intel Core i5-10300H e placa de v\u00eddeo NVIDIA GeForce GTX 1650 4GB, ideal para gamers e usu\u00e1rios que tamb\u00e9m precisam de alta performance Com tela de 15.6&#8221; Full HD&hellip;","_links":{"self":[{"href":"https:\/\/promocaododia.com.br\/site\/wp-json\/wp\/v2\/product\/827","targetHints":{"allow":["GET"]}}],"collection":[{"href":"https:\/\/promocaododia.com.br\/site\/wp-json\/wp\/v2\/product"}],"about":[{"href":"https:\/\/promocaododia.com.br\/site\/wp-json\/wp\/v2\/types\/product"}],"wp:featuredmedia":[{"embeddable":true,"href":"https:\/\/promocaododia.com.br\/site\/wp-json\/wp\/v2\/media\/828"}],"wp:attachment":[{"href":"https:\/\/promocaododia.com.br\/site\/wp-json\/wp\/v2\/media?parent=827"}],"wp:term":[{"taxonomy":"product_brand","embeddable":true,"href":"https:\/\/promocaododia.com.br\/site\/wp-json\/wp\/v2\/product_brand?post=827"},{"taxonomy":"product_cat","embeddable":true,"href":"https:\/\/promocaododia.com.br\/site\/wp-json\/wp\/v2\/product_cat?post=827"},{"taxonomy":"product_tag","embeddable":true,"href":"https:\/\/promocaododia.com.br\/site\/wp-json\/wp\/v2\/product_tag?post=827"}],"curies":[{"name":"wp","href":"https:\/\/api.w.org\/{rel}","templated":true}]}}