{"id":830,"date":"2022-10-28T19:02:11","date_gmt":"2022-10-28T22:02:11","guid":{"rendered":"https:\/\/promocaododia.com.br\/site\/?post_type=product&#038;p=830"},"modified":"2022-10-28T19:02:11","modified_gmt":"2022-10-28T22:02:11","slug":"playstation-5-com-825-gb-e-01-controle-dualsense-sem-fio","status":"publish","type":"product","link":"https:\/\/promocaododia.com.br\/site\/produto\/playstation-5-com-825-gb-e-01-controle-dualsense-sem-fio\/","title":{"rendered":"Playstation 5 com 825 GB e 01 Controle DualSense sem Fio"},"content":{"rendered":"<p>Playstation 5 com jogo pr\u00e9-instalado<\/p>\n<p>O console PS5\u2122 oferece novas possibilidades de jogabilidade que voc\u00ea nunca imaginou.<\/p>\n<p>Experimente o carregamento extremamente r\u00e1pido do SSD de ultra-velocidade, uma imers\u00e3o mais profunda com suporte \u00e0 resposta t\u00e1til, gatilhos adapt\u00e1veis e \u00e1udio 3D. Al\u00e9m de uma gera\u00e7\u00e3o totalmente nova de jogos incr\u00edveis PlayStation\u00ae.<\/p>\n<p><b>Destaques<\/b><\/p>\n<blockquote dir=\"ltr\"><p><b>Na velocidade da luz<\/b><br \/>\nDomine o poder das CPU e GPU personalizadas e do SSD com E\/S integradas que redefinem as regras do que o console PlayStation\u00ae pode fazer.<\/p>\n<p><b>Jogos deslumbrantes<\/b><br \/>\nMaravilhe-se com os gr\u00e1ficos incr\u00edveis e experimente os recursos do novo PS5\u2122.<\/p>\n<p><b>Imers\u00e3o de tirar o f\u00f4lego<\/b><br \/>\nDescubra uma experi\u00eancia de jogos ainda mais profunda com a ajuda da resposta t\u00e1til, dos gatilhos adapt\u00e1veis e da tecnologia de \u00e1udio 3D.<\/p>\n<p><b>SSD ultrarr\u00e1pido<\/b><br \/>\nMaximize suas sess\u00f5es de jogo com tempo de carregamento praticamente instant\u00e2neo para jogos do PS5\u2122 instalados.<\/p>\n<p><b>E\/S integrada\u00a0<\/b><br \/>\nA integra\u00e7\u00e3o personalizada dos sistemas de console PS5\u2122 permite que os criadores extraiam dados do SSD t\u00e3o r\u00e1pido que eles podem desenvolver jogos de formas que antes seriam imposs\u00edveis.<\/p>\n<p><b>Ray Tracing (Rastreamento de raios)\u00a0\u00a0<\/b><br \/>\nMergulhe em mundos com um n\u00edvel in\u00e9dito de realismo enquanto os raios de luz s\u00e3o simulados individualmente, criando sombras e reflexos realistas em jogos compat\u00edveis com PS5\u2122.<\/p>\n<p><b>Jogos para TVs 4K<\/b><br \/>\nCurta seus jogos favoritos do PS5\u2122 na sua incr\u00edvel TV 4K.<\/p>\n<p><b>At\u00e9 120 qps com sa\u00edda em 120 Hz\u00a0\u00a0<\/b><br \/>\nDesfrute da fluidez e taxa de quadros de at\u00e9 120 qps em jogos compat\u00edveis, com suporte a sa\u00edda de 120 Hz em telas 4K.<\/p>\n<p><b>Tecnologia HDR<br \/>\n<\/b>Com uma TV HDR, os jogos compat\u00edveis do PS5\u2122 exibem uma variedade de cores inacreditavelmente vibrantes e realistas.<\/p>\n<p><b>Sa\u00edda em 8K<\/b><br \/>\nOs consoles PS5\u2122 oferecem suporte \u00e0 sa\u00edda 8K, para que voc\u00ea possa jogar na sua tela com resolu\u00e7\u00e3o de 4320p.<\/p>\n<p><b>Tempest 3D AudioTech<\/b><br \/>\nMergulhe em palcos sonoros que far\u00e3o voc\u00ea acreditar que os sons est\u00e3o vindo de todas as dire\u00e7\u00f5es. Seja com seus fones de ouvido ou os alto-falantes de sua TV, seu ambiente ganhar\u00e1 vida com o Tempest 3D AudioTech em jogos compat\u00edveis.<\/p>\n<p><b>Resposta t\u00e1til<\/b><br \/>\nExperimente a resposta t\u00e1til com o controle sem fio DualSense em jogos selecionados do PS5 e sinta o impacto de suas a\u00e7\u00f5es no jogo atrav\u00e9s da resposta sensorial din\u00e2mica.<\/p>\n<p><b>Gatilhos adapt\u00e1veis\u00a0<\/b><br \/>\nAssuma o controle com os imersivos gatilhos adapt\u00e1veis, agora com n\u00edveis din\u00e2micos de resist\u00eancia que simulam o impacto f\u00edsico das atividades em jogos selecionados do PS5.<\/p><\/blockquote>\n<p><b>Caracter\u00edsticas<\/b><br \/>\nConex\u00e3o Wireless<br \/>\nEntrada USB<br \/>\nEntrada HDMI<br \/>\nControles Inclusos: 01<br \/>\nJogos Inclusos: Astro\u2019s Playroom<br \/>\nM\u00eddias Compat\u00edveis: Blu-ray<br \/>\nIdiomas: Portugu\u00eas-BR<br \/>\nArmazenamento: 825GB SSD<\/p>\n<p><b>Especifica\u00e7\u00f5es T\u00e9cnicas<\/b><br \/>\nModelo: 3006656<br \/>\nVoltagem: Bivolt<br \/>\nCor: Branco<br \/>\nEAN: 711719548645<br \/>\nGarantia: 12 meses<\/p>\n<p><b>Dimens\u00f5es e Peso<\/b><br \/>\nDimens\u00f5es do produto sem embalagem (AxLxP): 390x104x260 mm<br \/>\nDimens\u00f5es do produto com embalagem (AxLxP): 469x429x176 mm<br \/>\nPeso do produto sem embalagem: 9,20 kg<br \/>\nPeso do produto com embalagem: 18,4 kg<\/p>\n<p><b>Itens Inclusos<\/b><br \/>\n01 Console PlayStation\u00ae5<br \/>\n01 Controle sem fio DualSense\u2122<br \/>\n01 Base<br \/>\n01 Cabo HDMI\u00ae<br \/>\n01 Cabo de energia AC<br \/>\n01 Cabo USB<br \/>\n01 Jogo pr\u00e9-instalado<br \/>\nMateriais impressos<\/p>\n","protected":false},"excerpt":{"rendered":"<p>Playstation 5 com jogo pr\u00e9-instalado O console PS5\u2122 oferece novas possibilidades de jogabilidade que voc\u00ea nunca imaginou. Experimente o carregamento extremamente r\u00e1pido do SSD de ultra-velocidade, uma imers\u00e3o mais profunda com suporte \u00e0 resposta t\u00e1til, gatilhos adapt\u00e1veis e \u00e1udio 3D. Al\u00e9m de uma gera\u00e7\u00e3o totalmente nova de jogos incr\u00edveis PlayStation\u00ae. Destaques Na velocidade da luz Domine o poder das CPU e GPU personalizadas e do SSD com E\/S integradas que redefinem as regras do que o console PlayStation\u00ae pode fazer. Jogos deslumbrantes Maravilhe-se com os gr\u00e1ficos incr\u00edveis e experimente os recursos do novo PS5\u2122. Imers\u00e3o de tirar o f\u00f4lego Descubra uma experi\u00eancia de jogos ainda mais profunda com a ajuda da resposta t\u00e1til, dos gatilhos adapt\u00e1veis e da tecnologia de \u00e1udio 3D. SSD ultrarr\u00e1pido Maximize suas sess\u00f5es de jogo com tempo de carregamento praticamente instant\u00e2neo para jogos do PS5\u2122 instalados. E\/S integrada\u00a0 A integra\u00e7\u00e3o personalizada dos sistemas de console PS5\u2122 permite que os criadores extraiam dados do SSD t\u00e3o r\u00e1pido que eles podem desenvolver jogos de formas que antes seriam imposs\u00edveis. Ray Tracing (Rastreamento de raios)\u00a0\u00a0 Mergulhe em mundos com um n\u00edvel in\u00e9dito de realismo enquanto os raios de luz s\u00e3o simulados individualmente, criando sombras e reflexos realistas em jogos compat\u00edveis com PS5\u2122. Jogos para TVs 4K Curta seus jogos favoritos do PS5\u2122 na sua incr\u00edvel TV 4K. At\u00e9 120 qps com sa\u00edda em 120 Hz\u00a0\u00a0 Desfrute da fluidez e taxa de quadros de at\u00e9 120 qps em jogos compat\u00edveis, com suporte a sa\u00edda de 120 Hz em telas 4K. Tecnologia HDR Com uma TV HDR, os jogos compat\u00edveis do PS5\u2122 exibem uma variedade de cores inacreditavelmente vibrantes e realistas. Sa\u00edda em 8K Os consoles PS5\u2122 oferecem suporte \u00e0 sa\u00edda 8K, para que voc\u00ea possa jogar na sua tela com resolu\u00e7\u00e3o de 4320p. Tempest 3D AudioTech Mergulhe em palcos sonoros que far\u00e3o voc\u00ea acreditar que os sons est\u00e3o vindo de todas as dire\u00e7\u00f5es. Seja com seus fones de ouvido ou os alto-falantes de sua TV, seu ambiente ganhar\u00e1 vida com o Tempest 3D AudioTech em jogos compat\u00edveis. Resposta t\u00e1til Experimente a resposta t\u00e1til com o controle sem fio DualSense em jogos selecionados do PS5 e sinta o impacto de suas a\u00e7\u00f5es no jogo atrav\u00e9s da resposta sensorial din\u00e2mica. Gatilhos adapt\u00e1veis\u00a0 Assuma o controle com os imersivos gatilhos adapt\u00e1veis, agora com n\u00edveis din\u00e2micos de resist\u00eancia que simulam o impacto f\u00edsico das atividades em jogos selecionados do PS5. Caracter\u00edsticas Conex\u00e3o Wireless Entrada USB Entrada HDMI Controles Inclusos: 01 Jogos Inclusos: Astro\u2019s Playroom M\u00eddias Compat\u00edveis: Blu-ray Idiomas: Portugu\u00eas-BR Armazenamento: 825GB SSD Especifica\u00e7\u00f5es T\u00e9cnicas Modelo: 3006656 Voltagem: Bivolt Cor: Branco EAN: 711719548645 Garantia: 12 meses Dimens\u00f5es e Peso Dimens\u00f5es do produto sem embalagem (AxLxP): 390x104x260 mm Dimens\u00f5es do produto com embalagem (AxLxP): 469x429x176 mm Peso do produto sem embalagem: 9,20 kg Peso do produto com embalagem: 18,4 kg Itens Inclusos 01 Console PlayStation\u00ae5 01 Controle sem fio DualSense\u2122 01 Base 01 Cabo HDMI\u00ae 01 Cabo de energia AC 01 Cabo USB 01 Jogo pr\u00e9-instalado Materiais impressos<\/p>\n","protected":false},"featured_media":831,"template":"","meta":{"_uag_custom_page_level_css":"","site-sidebar-layout":"default","site-content-layout":"default","ast-site-content-layout":"default","site-content-style":"default","site-sidebar-style":"default","ast-global-header-display":"","ast-banner-title-visibility":"","ast-main-header-display":"","ast-hfb-above-header-display":"","ast-hfb-below-header-display":"","ast-hfb-mobile-header-display":"","site-post-title":"","ast-breadcrumbs-content":"","ast-featured-img":"","footer-sml-layout":"","theme-transparent-header-meta":"default","adv-header-id-meta":"","stick-header-meta":"","header-above-stick-meta":"","header-main-stick-meta":"","header-below-stick-meta":"","astra-migrate-meta-layouts":"default","ast-page-background-enabled":"default","ast-page-background-meta":{"desktop":{"background-color":"","background-image":"","background-repeat":"repeat","background-position":"center center","background-size":"auto","background-attachment":"scroll","background-type":"","background-media":"","overlay-type":"","overlay-color":"","overlay-opacity":"","overlay-gradient":""},"tablet":{"background-color":"","background-image":"","background-repeat":"repeat","background-position":"center center","background-size":"auto","background-attachment":"scroll","background-type":"","background-media":"","overlay-type":"","overlay-color":"","overlay-opacity":"","overlay-gradient":""},"mobile":{"background-color":"","background-image":"","background-repeat":"repeat","background-position":"center center","background-size":"auto","background-attachment":"scroll","background-type":"","background-media":"","overlay-type":"","overlay-color":"","overlay-opacity":"","overlay-gradient":""}},"ast-content-background-meta":{"desktop":{"background-color":"var(--ast-global-color-5)","background-image":"","background-repeat":"repeat","background-position":"center center","background-size":"auto","background-attachment":"scroll","background-type":"","background-media":"","overlay-type":"","overlay-color":"","overlay-opacity":"","overlay-gradient":""},"tablet":{"background-color":"var(--ast-global-color-5)","background-image":"","background-repeat":"repeat","background-position":"center center","background-size":"auto","background-attachment":"scroll","background-type":"","background-media":"","overlay-type":"","overlay-color":"","overlay-opacity":"","overlay-gradient":""},"mobile":{"background-color":"var(--ast-global-color-5)","background-image":"","background-repeat":"repeat","background-position":"center center","background-size":"auto","background-attachment":"scroll","background-type":"","background-media":"","overlay-type":"","overlay-color":"","overlay-opacity":"","overlay-gradient":""}}},"product_brand":[],"product_cat":[38,244,251],"product_tag":[257,252,253,255,254],"class_list":{"0":"post-830","1":"product","2":"type-product","3":"status-publish","4":"has-post-thumbnail","6":"product_cat-eletronicos","7":"product_cat-games","8":"product_cat-playstation","9":"product_tag-825gb","10":"product_tag-playstation","11":"product_tag-playstation-5","12":"product_tag-sony","13":"product_tag-video-game","14":"desktop-align-center","15":"tablet-align-left","16":"mobile-align-center","18":"first","19":"instock","20":"sale","21":"shipping-taxable","22":"product-type-external"},"uagb_featured_image_src":{"full":["https:\/\/promocaododia.com.br\/site\/wp-content\/uploads\/2022\/10\/Playstation\u00ae-5-com-825-GB-e-01-Controle-DualSense-sem-Fio.jpg",600,600,false],"thumbnail":["https:\/\/promocaododia.com.br\/site\/wp-content\/uploads\/2022\/10\/Playstation\u00ae-5-com-825-GB-e-01-Controle-DualSense-sem-Fio-150x150.jpg",150,150,true],"medium":["https:\/\/promocaododia.com.br\/site\/wp-content\/uploads\/2022\/10\/Playstation\u00ae-5-com-825-GB-e-01-Controle-DualSense-sem-Fio-300x300.jpg",300,300,true],"medium_large":["https:\/\/promocaododia.com.br\/site\/wp-content\/uploads\/2022\/10\/Playstation\u00ae-5-com-825-GB-e-01-Controle-DualSense-sem-Fio.jpg",600,600,false],"large":["https:\/\/promocaododia.com.br\/site\/wp-content\/uploads\/2022\/10\/Playstation\u00ae-5-com-825-GB-e-01-Controle-DualSense-sem-Fio.jpg",600,600,false],"1536x1536":["https:\/\/promocaododia.com.br\/site\/wp-content\/uploads\/2022\/10\/Playstation\u00ae-5-com-825-GB-e-01-Controle-DualSense-sem-Fio.jpg",600,600,false],"2048x2048":["https:\/\/promocaododia.com.br\/site\/wp-content\/uploads\/2022\/10\/Playstation\u00ae-5-com-825-GB-e-01-Controle-DualSense-sem-Fio.jpg",600,600,false],"woocommerce_thumbnail":["https:\/\/promocaododia.com.br\/site\/wp-content\/uploads\/2022\/10\/Playstation\u00ae-5-com-825-GB-e-01-Controle-DualSense-sem-Fio-250x250.jpg",250,250,true],"woocommerce_single":["https:\/\/promocaododia.com.br\/site\/wp-content\/uploads\/2022\/10\/Playstation\u00ae-5-com-825-GB-e-01-Controle-DualSense-sem-Fio-250x250.jpg",250,250,true],"woocommerce_gallery_thumbnail":["https:\/\/promocaododia.com.br\/site\/wp-content\/uploads\/2022\/10\/Playstation\u00ae-5-com-825-GB-e-01-Controle-DualSense-sem-Fio-100x100.jpg",100,100,true]},"uagb_author_info":{"display_name":"danilo.gbr","author_link":"https:\/\/promocaododia.com.br\/site\/author\/"},"uagb_comment_info":0,"uagb_excerpt":"Playstation 5 com jogo pr\u00e9-instalado O console PS5\u2122 oferece novas possibilidades de jogabilidade que voc\u00ea nunca imaginou. Experimente o carregamento extremamente r\u00e1pido do SSD de ultra-velocidade, uma imers\u00e3o mais profunda com suporte \u00e0 resposta t\u00e1til, gatilhos adapt\u00e1veis e \u00e1udio 3D. Al\u00e9m de uma gera\u00e7\u00e3o totalmente nova de jogos incr\u00edveis PlayStation\u00ae. Destaques Na velocidade da luz&hellip;","_links":{"self":[{"href":"https:\/\/promocaododia.com.br\/site\/wp-json\/wp\/v2\/product\/830","targetHints":{"allow":["GET"]}}],"collection":[{"href":"https:\/\/promocaododia.com.br\/site\/wp-json\/wp\/v2\/product"}],"about":[{"href":"https:\/\/promocaododia.com.br\/site\/wp-json\/wp\/v2\/types\/product"}],"wp:featuredmedia":[{"embeddable":true,"href":"https:\/\/promocaododia.com.br\/site\/wp-json\/wp\/v2\/media\/831"}],"wp:attachment":[{"href":"https:\/\/promocaododia.com.br\/site\/wp-json\/wp\/v2\/media?parent=830"}],"wp:term":[{"taxonomy":"product_brand","embeddable":true,"href":"https:\/\/promocaododia.com.br\/site\/wp-json\/wp\/v2\/product_brand?post=830"},{"taxonomy":"product_cat","embeddable":true,"href":"https:\/\/promocaododia.com.br\/site\/wp-json\/wp\/v2\/product_cat?post=830"},{"taxonomy":"product_tag","embeddable":true,"href":"https:\/\/promocaododia.com.br\/site\/wp-json\/wp\/v2\/product_tag?post=830"}],"curies":[{"name":"wp","href":"https:\/\/api.w.org\/{rel}","templated":true}]}}