{"id":834,"date":"2022-10-28T19:54:59","date_gmt":"2022-10-28T22:54:59","guid":{"rendered":"https:\/\/promocaododia.com.br\/site\/?post_type=product&#038;p=834"},"modified":"2022-10-28T19:55:00","modified_gmt":"2022-10-28T22:55:00","slug":"sanduicheira-e-grill-britania-bgr01p-750w-toast-preto","status":"publish","type":"product","link":"https:\/\/promocaododia.com.br\/site\/produto\/sanduicheira-e-grill-britania-bgr01p-750w-toast-preto\/","title":{"rendered":"Sanduicheira e Grill Brit\u00e2nia BGR01P 750W Toast Preto"},"content":{"rendered":"<div class=\"css-1tv6bwe ekyoabl1\">\n<section id=\"product-description-title\" class=\"accordion css-1pzlr85 e1uc2v351\">\n<div class=\"css-1j0qyxp e1uc2v350\">\n<div class=\"content css-9th5i ekyoabl0\">\n<div>\n<div id=\"product-description\">DADOS T\u00c9CNICOS:- Voltagem: 110v- Pot\u00eancia: 750W- Consumo: 0,75 kW\/h- Capacidade para sandu\u00edches: 2- Trava de fechamento: Sim- Formato da chapa: Ondulada- Composi\u00e7\u00e3o: Pl\u00e1stico e Alum\u00ednio- Medidas (LxAxP): 25,20x12x25,20cm- Peso: 0,99 kg- Garantia: 12 meses CONTE\u00daDO DA EMBALAGEM:- Sanduicheira e Grill Brit\u00e2nia Toast BGR01P- Manual de Instru\u00e7\u00f5es<\/div>\n<\/div>\n<\/div>\n<\/div>\n<\/section>\n<\/div>\n<div class=\"css-8dk3vg e1uoxrcw0\">\n<section id=\"product-detail-accordion-0\" class=\"accordion css-1pzlr85 e1uc2v351\">\n<h2 class=\"name\"><\/h2>\n<div class=\"css-1705oe6 eym5xli0\"><\/div>\n<\/section>\n<\/div>\n<div class=\"css-m2248y eym5xli0\"><\/div>\n","protected":false},"excerpt":{"rendered":"<p>DADOS T\u00c9CNICOS:- Voltagem: 110v- Pot\u00eancia: 750W- Consumo: 0,75 kW\/h- Capacidade para sandu\u00edches: 2- Trava de fechamento: Sim- Formato da chapa: Ondulada- Composi\u00e7\u00e3o: Pl\u00e1stico e Alum\u00ednio- Medidas (LxAxP): 25,20x12x25,20cm- Peso: 0,99 kg- Garantia: 12 meses CONTE\u00daDO DA EMBALAGEM:- Sanduicheira e Grill Brit\u00e2nia Toast BGR01P- Manual de Instru\u00e7\u00f5es<\/p>\n","protected":false},"featured_media":837,"template":"","meta":{"_uag_custom_page_level_css":"","site-sidebar-layout":"default","site-content-layout":"default","ast-site-content-layout":"default","site-content-style":"default","site-sidebar-style":"default","ast-global-header-display":"","ast-banner-title-visibility":"","ast-main-header-display":"","ast-hfb-above-header-display":"","ast-hfb-below-header-display":"","ast-hfb-mobile-header-display":"","site-post-title":"","ast-breadcrumbs-content":"","ast-featured-img":"","footer-sml-layout":"","theme-transparent-header-meta":"default","adv-header-id-meta":"","stick-header-meta":"","header-above-stick-meta":"","header-main-stick-meta":"","header-below-stick-meta":"","astra-migrate-meta-layouts":"default","ast-page-background-enabled":"default","ast-page-background-meta":{"desktop":{"background-color":"","background-image":"","background-repeat":"repeat","background-position":"center center","background-size":"auto","background-attachment":"scroll","background-type":"","background-media":"","overlay-type":"","overlay-color":"","overlay-opacity":"","overlay-gradient":""},"tablet":{"background-color":"","background-image":"","background-repeat":"repeat","background-position":"center center","background-size":"auto","background-attachment":"scroll","background-type":"","background-media":"","overlay-type":"","overlay-color":"","overlay-opacity":"","overlay-gradient":""},"mobile":{"background-color":"","background-image":"","background-repeat":"repeat","background-position":"center center","background-size":"auto","background-attachment":"scroll","background-type":"","background-media":"","overlay-type":"","overlay-color":"","overlay-opacity":"","overlay-gradient":""}},"ast-content-background-meta":{"desktop":{"background-color":"var(--ast-global-color-5)","background-image":"","background-repeat":"repeat","background-position":"center center","background-size":"auto","background-attachment":"scroll","background-type":"","background-media":"","overlay-type":"","overlay-color":"","overlay-opacity":"","overlay-gradient":""},"tablet":{"background-color":"var(--ast-global-color-5)","background-image":"","background-repeat":"repeat","background-position":"center center","background-size":"auto","background-attachment":"scroll","background-type":"","background-media":"","overlay-type":"","overlay-color":"","overlay-opacity":"","overlay-gradient":""},"mobile":{"background-color":"var(--ast-global-color-5)","background-image":"","background-repeat":"repeat","background-position":"center center","background-size":"auto","background-attachment":"scroll","background-type":"","background-media":"","overlay-type":"","overlay-color":"","overlay-opacity":"","overlay-gradient":""}}},"product_brand":[],"product_cat":[28,329],"product_tag":[333,332,331,330],"class_list":{"0":"post-834","1":"product","2":"type-product","3":"status-publish","4":"has-post-thumbnail","6":"product_cat-eletrodomesticos","7":"product_cat-grill","8":"product_tag-750w","9":"product_tag-britania","10":"product_tag-grill","11":"product_tag-sanduicheira","12":"desktop-align-center","13":"tablet-align-left","14":"mobile-align-center","16":"first","17":"instock","18":"sale","19":"shipping-taxable","20":"product-type-external"},"uagb_featured_image_src":{"full":["https:\/\/promocaododia.com.br\/site\/wp-content\/uploads\/2022\/10\/Sanduicheira-e-Grill-Britania-BGR01P-750W-Toast-Preto.jpg",600,600,false],"thumbnail":["https:\/\/promocaododia.com.br\/site\/wp-content\/uploads\/2022\/10\/Sanduicheira-e-Grill-Britania-BGR01P-750W-Toast-Preto-150x150.jpg",150,150,true],"medium":["https:\/\/promocaododia.com.br\/site\/wp-content\/uploads\/2022\/10\/Sanduicheira-e-Grill-Britania-BGR01P-750W-Toast-Preto-300x300.jpg",300,300,true],"medium_large":["https:\/\/promocaododia.com.br\/site\/wp-content\/uploads\/2022\/10\/Sanduicheira-e-Grill-Britania-BGR01P-750W-Toast-Preto.jpg",600,600,false],"large":["https:\/\/promocaododia.com.br\/site\/wp-content\/uploads\/2022\/10\/Sanduicheira-e-Grill-Britania-BGR01P-750W-Toast-Preto.jpg",600,600,false],"1536x1536":["https:\/\/promocaododia.com.br\/site\/wp-content\/uploads\/2022\/10\/Sanduicheira-e-Grill-Britania-BGR01P-750W-Toast-Preto.jpg",600,600,false],"2048x2048":["https:\/\/promocaododia.com.br\/site\/wp-content\/uploads\/2022\/10\/Sanduicheira-e-Grill-Britania-BGR01P-750W-Toast-Preto.jpg",600,600,false],"woocommerce_thumbnail":["https:\/\/promocaododia.com.br\/site\/wp-content\/uploads\/2022\/10\/Sanduicheira-e-Grill-Britania-BGR01P-750W-Toast-Preto-250x250.jpg",250,250,true],"woocommerce_single":["https:\/\/promocaododia.com.br\/site\/wp-content\/uploads\/2022\/10\/Sanduicheira-e-Grill-Britania-BGR01P-750W-Toast-Preto-250x250.jpg",250,250,true],"woocommerce_gallery_thumbnail":["https:\/\/promocaododia.com.br\/site\/wp-content\/uploads\/2022\/10\/Sanduicheira-e-Grill-Britania-BGR01P-750W-Toast-Preto-100x100.jpg",100,100,true]},"uagb_author_info":{"display_name":"danilo.gbr","author_link":"https:\/\/promocaododia.com.br\/site\/author\/"},"uagb_comment_info":0,"uagb_excerpt":"DADOS T\u00c9CNICOS:- Voltagem: 110v- Pot\u00eancia: 750W- Consumo: 0,75 kW\/h- Capacidade para sandu\u00edches: 2- Trava de fechamento: Sim- Formato da chapa: Ondulada- Composi\u00e7\u00e3o: Pl\u00e1stico e Alum\u00ednio- Medidas (LxAxP): 25,20x12x25,20cm- Peso: 0,99 kg- Garantia: 12 meses CONTE\u00daDO DA EMBALAGEM:- Sanduicheira e Grill Brit\u00e2nia Toast BGR01P- Manual de Instru\u00e7\u00f5es","_links":{"self":[{"href":"https:\/\/promocaododia.com.br\/site\/wp-json\/wp\/v2\/product\/834","targetHints":{"allow":["GET"]}}],"collection":[{"href":"https:\/\/promocaododia.com.br\/site\/wp-json\/wp\/v2\/product"}],"about":[{"href":"https:\/\/promocaododia.com.br\/site\/wp-json\/wp\/v2\/types\/product"}],"wp:featuredmedia":[{"embeddable":true,"href":"https:\/\/promocaododia.com.br\/site\/wp-json\/wp\/v2\/media\/837"}],"wp:attachment":[{"href":"https:\/\/promocaododia.com.br\/site\/wp-json\/wp\/v2\/media?parent=834"}],"wp:term":[{"taxonomy":"product_brand","embeddable":true,"href":"https:\/\/promocaododia.com.br\/site\/wp-json\/wp\/v2\/product_brand?post=834"},{"taxonomy":"product_cat","embeddable":true,"href":"https:\/\/promocaododia.com.br\/site\/wp-json\/wp\/v2\/product_cat?post=834"},{"taxonomy":"product_tag","embeddable":true,"href":"https:\/\/promocaododia.com.br\/site\/wp-json\/wp\/v2\/product_tag?post=834"}],"curies":[{"name":"wp","href":"https:\/\/api.w.org\/{rel}","templated":true}]}}