{"id":835,"date":"2022-10-28T19:46:44","date_gmt":"2022-10-28T22:46:44","guid":{"rendered":"https:\/\/promocaododia.com.br\/site\/?post_type=product&#038;p=835"},"modified":"2022-10-28T19:46:44","modified_gmt":"2022-10-28T22:46:44","slug":"conjunto-de-utensilios-inox-brinox-preparo-top-pratic-13-pecas","status":"publish","type":"product","link":"https:\/\/promocaododia.com.br\/site\/produto\/conjunto-de-utensilios-inox-brinox-preparo-top-pratic-13-pecas\/","title":{"rendered":"Conjunto de Utens\u00edlios Inox Brinox &#8211; Preparo Top Pratic 13 Pe\u00e7as"},"content":{"rendered":"<p>A cozinha \u00e9 o espa\u00e7o mais frequentado em uma casa, seja pelos especialistas na arte de cozinhar ou aqueles que apenas se deliciam com as receitas. Por isso, al\u00e9m de contar com um ambiente que represente a personalidade dos moradores da casa, \u00e9 importante que o espa\u00e7o contenha os utens\u00edlios corretos para colocar a m\u00e3o na massa. O conjunto de utens\u00edlios Preparo Top Pratic da Brinox \u00e9 o que faltava para deixar a sua cozinha completa. S\u00e3o 13 pe\u00e7as fabricadas em inox de uma beleza inigual\u00e1vel que v\u00e3o te ajudar na prepara\u00e7\u00e3o de saborosas receitas.<\/p>\n","protected":false},"excerpt":{"rendered":"<p>A cozinha \u00e9 o espa\u00e7o mais frequentado em uma casa, seja pelos especialistas na arte de cozinhar ou aqueles que apenas se deliciam com as receitas. Por isso, al\u00e9m de contar com um ambiente que represente a personalidade dos moradores da casa, \u00e9 importante que o espa\u00e7o contenha os utens\u00edlios corretos para colocar a m\u00e3o na massa. O conjunto de utens\u00edlios Preparo Top Pratic da Brinox \u00e9 o que faltava para deixar a sua cozinha completa. S\u00e3o 13 pe\u00e7as fabricadas em inox de uma beleza inigual\u00e1vel que v\u00e3o te ajudar na prepara\u00e7\u00e3o de saborosas receitas.<\/p>\n","protected":false},"featured_media":836,"template":"","meta":{"_uag_custom_page_level_css":"","site-sidebar-layout":"default","site-content-layout":"default","ast-site-content-layout":"default","site-content-style":"default","site-sidebar-style":"default","ast-global-header-display":"","ast-banner-title-visibility":"","ast-main-header-display":"","ast-hfb-above-header-display":"","ast-hfb-below-header-display":"","ast-hfb-mobile-header-display":"","site-post-title":"","ast-breadcrumbs-content":"","ast-featured-img":"","footer-sml-layout":"","theme-transparent-header-meta":"default","adv-header-id-meta":"","stick-header-meta":"","header-above-stick-meta":"","header-main-stick-meta":"","header-below-stick-meta":"","astra-migrate-meta-layouts":"default","ast-page-background-enabled":"default","ast-page-background-meta":{"desktop":{"background-color":"","background-image":"","background-repeat":"repeat","background-position":"center center","background-size":"auto","background-attachment":"scroll","background-type":"","background-media":"","overlay-type":"","overlay-color":"","overlay-opacity":"","overlay-gradient":""},"tablet":{"background-color":"","background-image":"","background-repeat":"repeat","background-position":"center center","background-size":"auto","background-attachment":"scroll","background-type":"","background-media":"","overlay-type":"","overlay-color":"","overlay-opacity":"","overlay-gradient":""},"mobile":{"background-color":"","background-image":"","background-repeat":"repeat","background-position":"center center","background-size":"auto","background-attachment":"scroll","background-type":"","background-media":"","overlay-type":"","overlay-color":"","overlay-opacity":"","overlay-gradient":""}},"ast-content-background-meta":{"desktop":{"background-color":"var(--ast-global-color-5)","background-image":"","background-repeat":"repeat","background-position":"center center","background-size":"auto","background-attachment":"scroll","background-type":"","background-media":"","overlay-type":"","overlay-color":"","overlay-opacity":"","overlay-gradient":""},"tablet":{"background-color":"var(--ast-global-color-5)","background-image":"","background-repeat":"repeat","background-position":"center center","background-size":"auto","background-attachment":"scroll","background-type":"","background-media":"","overlay-type":"","overlay-color":"","overlay-opacity":"","overlay-gradient":""},"mobile":{"background-color":"var(--ast-global-color-5)","background-image":"","background-repeat":"repeat","background-position":"center center","background-size":"auto","background-attachment":"scroll","background-type":"","background-media":"","overlay-type":"","overlay-color":"","overlay-opacity":"","overlay-gradient":""}}},"product_brand":[],"product_cat":[64,18],"product_tag":[328,327,324,326,325],"class_list":{"0":"post-835","1":"product","2":"type-product","3":"status-publish","4":"has-post-thumbnail","6":"product_cat-recipientes-e-potes","7":"product_cat-utensilios-para-cozinhar","8":"product_tag-13-pecas","9":"product_tag-brinox","10":"product_tag-conjunto","11":"product_tag-inox","12":"product_tag-utencilios","13":"desktop-align-center","14":"tablet-align-left","15":"mobile-align-center","17":"first","18":"instock","19":"shipping-taxable","20":"product-type-external"},"uagb_featured_image_src":{"full":["https:\/\/promocaododia.com.br\/site\/wp-content\/uploads\/2022\/10\/Conjunto-de-Utensilios-Inox-Brinox-Preparo-Top-Pratic-13-Pecas.jpg",600,600,false],"thumbnail":["https:\/\/promocaododia.com.br\/site\/wp-content\/uploads\/2022\/10\/Conjunto-de-Utensilios-Inox-Brinox-Preparo-Top-Pratic-13-Pecas-150x150.jpg",150,150,true],"medium":["https:\/\/promocaododia.com.br\/site\/wp-content\/uploads\/2022\/10\/Conjunto-de-Utensilios-Inox-Brinox-Preparo-Top-Pratic-13-Pecas-300x300.jpg",300,300,true],"medium_large":["https:\/\/promocaododia.com.br\/site\/wp-content\/uploads\/2022\/10\/Conjunto-de-Utensilios-Inox-Brinox-Preparo-Top-Pratic-13-Pecas.jpg",600,600,false],"large":["https:\/\/promocaododia.com.br\/site\/wp-content\/uploads\/2022\/10\/Conjunto-de-Utensilios-Inox-Brinox-Preparo-Top-Pratic-13-Pecas.jpg",600,600,false],"1536x1536":["https:\/\/promocaododia.com.br\/site\/wp-content\/uploads\/2022\/10\/Conjunto-de-Utensilios-Inox-Brinox-Preparo-Top-Pratic-13-Pecas.jpg",600,600,false],"2048x2048":["https:\/\/promocaododia.com.br\/site\/wp-content\/uploads\/2022\/10\/Conjunto-de-Utensilios-Inox-Brinox-Preparo-Top-Pratic-13-Pecas.jpg",600,600,false],"woocommerce_thumbnail":["https:\/\/promocaododia.com.br\/site\/wp-content\/uploads\/2022\/10\/Conjunto-de-Utensilios-Inox-Brinox-Preparo-Top-Pratic-13-Pecas-250x250.jpg",250,250,true],"woocommerce_single":["https:\/\/promocaododia.com.br\/site\/wp-content\/uploads\/2022\/10\/Conjunto-de-Utensilios-Inox-Brinox-Preparo-Top-Pratic-13-Pecas-250x250.jpg",250,250,true],"woocommerce_gallery_thumbnail":["https:\/\/promocaododia.com.br\/site\/wp-content\/uploads\/2022\/10\/Conjunto-de-Utensilios-Inox-Brinox-Preparo-Top-Pratic-13-Pecas-100x100.jpg",100,100,true]},"uagb_author_info":{"display_name":"danilo.gbr","author_link":"https:\/\/promocaododia.com.br\/site\/author\/"},"uagb_comment_info":0,"uagb_excerpt":"A cozinha \u00e9 o espa\u00e7o mais frequentado em uma casa, seja pelos especialistas na arte de cozinhar ou aqueles que apenas se deliciam com as receitas. Por isso, al\u00e9m de contar com um ambiente que represente a personalidade dos moradores da casa, \u00e9 importante que o espa\u00e7o contenha os utens\u00edlios corretos para colocar a m\u00e3o&hellip;","_links":{"self":[{"href":"https:\/\/promocaododia.com.br\/site\/wp-json\/wp\/v2\/product\/835","targetHints":{"allow":["GET"]}}],"collection":[{"href":"https:\/\/promocaododia.com.br\/site\/wp-json\/wp\/v2\/product"}],"about":[{"href":"https:\/\/promocaododia.com.br\/site\/wp-json\/wp\/v2\/types\/product"}],"wp:featuredmedia":[{"embeddable":true,"href":"https:\/\/promocaododia.com.br\/site\/wp-json\/wp\/v2\/media\/836"}],"wp:attachment":[{"href":"https:\/\/promocaododia.com.br\/site\/wp-json\/wp\/v2\/media?parent=835"}],"wp:term":[{"taxonomy":"product_brand","embeddable":true,"href":"https:\/\/promocaododia.com.br\/site\/wp-json\/wp\/v2\/product_brand?post=835"},{"taxonomy":"product_cat","embeddable":true,"href":"https:\/\/promocaododia.com.br\/site\/wp-json\/wp\/v2\/product_cat?post=835"},{"taxonomy":"product_tag","embeddable":true,"href":"https:\/\/promocaododia.com.br\/site\/wp-json\/wp\/v2\/product_tag?post=835"}],"curies":[{"name":"wp","href":"https:\/\/api.w.org\/{rel}","templated":true}]}}