{"id":838,"date":"2022-10-28T19:59:51","date_gmt":"2022-10-28T22:59:51","guid":{"rendered":"https:\/\/promocaododia.com.br\/site\/?post_type=product&#038;p=838"},"modified":"2022-10-28T19:59:51","modified_gmt":"2022-10-28T22:59:51","slug":"kit-roupa-de-cama-casal-3-pecas-400-fios-toque-de-cetim-enxoval-na-web","status":"publish","type":"product","link":"https:\/\/promocaododia.com.br\/site\/produto\/kit-roupa-de-cama-casal-3-pecas-400-fios-toque-de-cetim-enxoval-na-web\/","title":{"rendered":"Kit Roupa de Cama Casal 3 Pe\u00e7as 400 Fios Toque de Cetim &#8211; Enxoval na Web"},"content":{"rendered":"<p>Nosso len\u00e7ol Casal 3 pe\u00e7as, composto de percal 400 fios, trar\u00e1 para suas noites de sono conforto e maciez. Nosso produto possui um toque acetinado que traz al\u00e9m da maciez um toque a mais de sofistica\u00e7\u00e3o para o seu quarto. O len\u00e7ol possui el\u00e1stico em toda volta e as fronhas um lindo acabamento em PONTO PALITO!<\/p>\n<p>Produto de \u00f3tima qualidade com fabrica\u00e7\u00e3o pr\u00f3pria.<\/p>\n<p>Nosso produto CONT\u00c9M 03 PE\u00c7AS, sendo:<br \/>\n01 Len\u00e7ol com el\u00e1stico medindo 1,88m x 1,38mx25cm<br \/>\n02 fronhas com medidas: 70cm x 50cm (acabamento em ponto palito).<\/p>\n<p>A fabrica\u00e7\u00e3o \u00e9 PR\u00d3PRIA visando sempre qualidade e satisfa\u00e7\u00e3o do cliente.<\/p>\n<p>Composi\u00e7\u00e3o: Percal 400 fios<\/p>\n","protected":false},"excerpt":{"rendered":"<p>Nosso len\u00e7ol Casal 3 pe\u00e7as, composto de percal 400 fios, trar\u00e1 para suas noites de sono conforto e maciez. Nosso produto possui um toque acetinado que traz al\u00e9m da maciez um toque a mais de sofistica\u00e7\u00e3o para o seu quarto. O len\u00e7ol possui el\u00e1stico em toda volta e as fronhas um lindo acabamento em PONTO PALITO! Produto de \u00f3tima qualidade com fabrica\u00e7\u00e3o pr\u00f3pria. Nosso produto CONT\u00c9M 03 PE\u00c7AS, sendo: 01 Len\u00e7ol com el\u00e1stico medindo 1,88m x 1,38mx25cm 02 fronhas com medidas: 70cm x 50cm (acabamento em ponto palito). A fabrica\u00e7\u00e3o \u00e9 PR\u00d3PRIA visando sempre qualidade e satisfa\u00e7\u00e3o do cliente. Composi\u00e7\u00e3o: Percal 400 fios<\/p>\n","protected":false},"featured_media":839,"template":"","meta":{"_uag_custom_page_level_css":"","site-sidebar-layout":"default","site-content-layout":"default","ast-site-content-layout":"default","site-content-style":"default","site-sidebar-style":"default","ast-global-header-display":"","ast-banner-title-visibility":"","ast-main-header-display":"","ast-hfb-above-header-display":"","ast-hfb-below-header-display":"","ast-hfb-mobile-header-display":"","site-post-title":"","ast-breadcrumbs-content":"","ast-featured-img":"","footer-sml-layout":"","theme-transparent-header-meta":"default","adv-header-id-meta":"","stick-header-meta":"","header-above-stick-meta":"","header-main-stick-meta":"","header-below-stick-meta":"","astra-migrate-meta-layouts":"default","ast-page-background-enabled":"default","ast-page-background-meta":{"desktop":{"background-color":"","background-image":"","background-repeat":"repeat","background-position":"center center","background-size":"auto","background-attachment":"scroll","background-type":"","background-media":"","overlay-type":"","overlay-color":"","overlay-opacity":"","overlay-gradient":""},"tablet":{"background-color":"","background-image":"","background-repeat":"repeat","background-position":"center center","background-size":"auto","background-attachment":"scroll","background-type":"","background-media":"","overlay-type":"","overlay-color":"","overlay-opacity":"","overlay-gradient":""},"mobile":{"background-color":"","background-image":"","background-repeat":"repeat","background-position":"center center","background-size":"auto","background-attachment":"scroll","background-type":"","background-media":"","overlay-type":"","overlay-color":"","overlay-opacity":"","overlay-gradient":""}},"ast-content-background-meta":{"desktop":{"background-color":"var(--ast-global-color-5)","background-image":"","background-repeat":"repeat","background-position":"center center","background-size":"auto","background-attachment":"scroll","background-type":"","background-media":"","overlay-type":"","overlay-color":"","overlay-opacity":"","overlay-gradient":""},"tablet":{"background-color":"var(--ast-global-color-5)","background-image":"","background-repeat":"repeat","background-position":"center center","background-size":"auto","background-attachment":"scroll","background-type":"","background-media":"","overlay-type":"","overlay-color":"","overlay-opacity":"","overlay-gradient":""},"mobile":{"background-color":"var(--ast-global-color-5)","background-image":"","background-repeat":"repeat","background-position":"center center","background-size":"auto","background-attachment":"scroll","background-type":"","background-media":"","overlay-type":"","overlay-color":"","overlay-opacity":"","overlay-gradient":""}}},"product_brand":[],"product_cat":[36],"product_tag":[336,337,335,119,334,338],"class_list":{"0":"post-838","1":"product","2":"type-product","3":"status-publish","4":"has-post-thumbnail","6":"product_cat-cama-mesa-banho","7":"product_tag-3-pecas","8":"product_tag-400-fios","9":"product_tag-casal","10":"product_tag-kit","11":"product_tag-roupa-de-cama","12":"product_tag-toque-de-cetim","13":"desktop-align-center","14":"tablet-align-left","15":"mobile-align-center","17":"first","18":"instock","19":"sale","20":"shipping-taxable","21":"product-type-external"},"uagb_featured_image_src":{"full":["https:\/\/promocaododia.com.br\/site\/wp-content\/uploads\/2022\/10\/Kit-Roupa-de-Cama-Casal-3-Pecas-400-Fios-Toque-de-Cetim-Enxoval-na-Web.jpg",600,600,false],"thumbnail":["https:\/\/promocaododia.com.br\/site\/wp-content\/uploads\/2022\/10\/Kit-Roupa-de-Cama-Casal-3-Pecas-400-Fios-Toque-de-Cetim-Enxoval-na-Web-150x150.jpg",150,150,true],"medium":["https:\/\/promocaododia.com.br\/site\/wp-content\/uploads\/2022\/10\/Kit-Roupa-de-Cama-Casal-3-Pecas-400-Fios-Toque-de-Cetim-Enxoval-na-Web-300x300.jpg",300,300,true],"medium_large":["https:\/\/promocaododia.com.br\/site\/wp-content\/uploads\/2022\/10\/Kit-Roupa-de-Cama-Casal-3-Pecas-400-Fios-Toque-de-Cetim-Enxoval-na-Web.jpg",600,600,false],"large":["https:\/\/promocaododia.com.br\/site\/wp-content\/uploads\/2022\/10\/Kit-Roupa-de-Cama-Casal-3-Pecas-400-Fios-Toque-de-Cetim-Enxoval-na-Web.jpg",600,600,false],"1536x1536":["https:\/\/promocaododia.com.br\/site\/wp-content\/uploads\/2022\/10\/Kit-Roupa-de-Cama-Casal-3-Pecas-400-Fios-Toque-de-Cetim-Enxoval-na-Web.jpg",600,600,false],"2048x2048":["https:\/\/promocaododia.com.br\/site\/wp-content\/uploads\/2022\/10\/Kit-Roupa-de-Cama-Casal-3-Pecas-400-Fios-Toque-de-Cetim-Enxoval-na-Web.jpg",600,600,false],"woocommerce_thumbnail":["https:\/\/promocaododia.com.br\/site\/wp-content\/uploads\/2022\/10\/Kit-Roupa-de-Cama-Casal-3-Pecas-400-Fios-Toque-de-Cetim-Enxoval-na-Web-250x250.jpg",250,250,true],"woocommerce_single":["https:\/\/promocaododia.com.br\/site\/wp-content\/uploads\/2022\/10\/Kit-Roupa-de-Cama-Casal-3-Pecas-400-Fios-Toque-de-Cetim-Enxoval-na-Web-250x250.jpg",250,250,true],"woocommerce_gallery_thumbnail":["https:\/\/promocaododia.com.br\/site\/wp-content\/uploads\/2022\/10\/Kit-Roupa-de-Cama-Casal-3-Pecas-400-Fios-Toque-de-Cetim-Enxoval-na-Web-100x100.jpg",100,100,true]},"uagb_author_info":{"display_name":"danilo.gbr","author_link":"https:\/\/promocaododia.com.br\/site\/author\/"},"uagb_comment_info":0,"uagb_excerpt":"Nosso len\u00e7ol Casal 3 pe\u00e7as, composto de percal 400 fios, trar\u00e1 para suas noites de sono conforto e maciez. Nosso produto possui um toque acetinado que traz al\u00e9m da maciez um toque a mais de sofistica\u00e7\u00e3o para o seu quarto. O len\u00e7ol possui el\u00e1stico em toda volta e as fronhas um lindo acabamento em PONTO&hellip;","_links":{"self":[{"href":"https:\/\/promocaododia.com.br\/site\/wp-json\/wp\/v2\/product\/838","targetHints":{"allow":["GET"]}}],"collection":[{"href":"https:\/\/promocaododia.com.br\/site\/wp-json\/wp\/v2\/product"}],"about":[{"href":"https:\/\/promocaododia.com.br\/site\/wp-json\/wp\/v2\/types\/product"}],"wp:featuredmedia":[{"embeddable":true,"href":"https:\/\/promocaododia.com.br\/site\/wp-json\/wp\/v2\/media\/839"}],"wp:attachment":[{"href":"https:\/\/promocaododia.com.br\/site\/wp-json\/wp\/v2\/media?parent=838"}],"wp:term":[{"taxonomy":"product_brand","embeddable":true,"href":"https:\/\/promocaododia.com.br\/site\/wp-json\/wp\/v2\/product_brand?post=838"},{"taxonomy":"product_cat","embeddable":true,"href":"https:\/\/promocaododia.com.br\/site\/wp-json\/wp\/v2\/product_cat?post=838"},{"taxonomy":"product_tag","embeddable":true,"href":"https:\/\/promocaododia.com.br\/site\/wp-json\/wp\/v2\/product_tag?post=838"}],"curies":[{"name":"wp","href":"https:\/\/api.w.org\/{rel}","templated":true}]}}