{"id":840,"date":"2022-10-28T20:10:28","date_gmt":"2022-10-28T23:10:28","guid":{"rendered":"https:\/\/promocaododia.com.br\/site\/?post_type=product&#038;p=840"},"modified":"2022-10-28T20:10:28","modified_gmt":"2022-10-28T23:10:28","slug":"toalha-lyra-de-banho-62x130-azul-r7022-camesa","status":"publish","type":"product","link":"https:\/\/promocaododia.com.br\/site\/produto\/toalha-lyra-de-banho-62x130-azul-r7022-camesa\/","title":{"rendered":"Toalha Lyra de Banho 62X130 Azul R7022 &#8211; Camesa"},"content":{"rendered":"<p>DESCRI\u00c7\u00c3O DO PRODUTO As Toalhas de Rosto s\u00e3o de alt\u00edssima qualidade, super felpudas e macias, ainda mais quando falamos dos produtos da nossa parceira Camesa. Linda Toalha Felpuda, gramatura 300 g\/m2, tecido 98% Algod\u00e3o e 2% Poli\u00e9ster, acompanha as tend\u00eancias modernas de cores e design para deixar seu banheiro um encanto. Especifica\u00e7\u00f5es CONTE\u00daDO E MEDIDAS: 1 Toalha 130cm x 62cm COMPOSI\u00c7\u00c3O DO MATERIAL: Tecido 98% Algod\u00e3o e 2% Poli\u00e9sterGRAMATURA: 300 g\/m2ACABAMENTO: BarramentoFELPUDA: SimBORDADA: N\u00e3oMARCA: Camesa * Todos os nossos produtos s\u00e3o novos, originais e com garantia do fabricante. * Imagens meramente ilustrativas. Selos, ilustra\u00e7\u00f5es ou informa\u00e7\u00f5es que constam na embalagem podem ser diferentes do produto dispon\u00edvel* O Fabricante pode alterar alguns detalhes de cor, acess\u00f3rios, etc&#8230; sem pr\u00e9vio aviso.* Todas as informa\u00e7\u00f5es divulgadas, bem como os benef\u00edcios e resultados do produto s\u00e3o de responsabilidade do Fornecedor.<\/p>\n","protected":false},"excerpt":{"rendered":"<p>DESCRI\u00c7\u00c3O DO PRODUTO As Toalhas de Rosto s\u00e3o de alt\u00edssima qualidade, super felpudas e macias, ainda mais quando falamos dos produtos da nossa parceira Camesa. Linda Toalha Felpuda, gramatura 300 g\/m2, tecido 98% Algod\u00e3o e 2% Poli\u00e9ster, acompanha as tend\u00eancias modernas de cores e design para deixar seu banheiro um encanto. Especifica\u00e7\u00f5es CONTE\u00daDO E MEDIDAS: 1 Toalha 130cm x 62cm COMPOSI\u00c7\u00c3O DO MATERIAL: Tecido 98% Algod\u00e3o e 2% Poli\u00e9sterGRAMATURA: 300 g\/m2ACABAMENTO: BarramentoFELPUDA: SimBORDADA: N\u00e3oMARCA: Camesa * Todos os nossos produtos s\u00e3o novos, originais e com garantia do fabricante. * Imagens meramente ilustrativas. Selos, ilustra\u00e7\u00f5es ou informa\u00e7\u00f5es que constam na embalagem podem ser diferentes do produto dispon\u00edvel* O Fabricante pode alterar alguns detalhes de cor, acess\u00f3rios, etc&#8230; sem pr\u00e9vio aviso.* Todas as informa\u00e7\u00f5es divulgadas, bem como os benef\u00edcios e resultados do produto s\u00e3o de responsabilidade do Fornecedor.<\/p>\n","protected":false},"featured_media":841,"template":"","meta":{"_uag_custom_page_level_css":"","site-sidebar-layout":"default","site-content-layout":"default","ast-site-content-layout":"default","site-content-style":"default","site-sidebar-style":"default","ast-global-header-display":"","ast-banner-title-visibility":"","ast-main-header-display":"","ast-hfb-above-header-display":"","ast-hfb-below-header-display":"","ast-hfb-mobile-header-display":"","site-post-title":"","ast-breadcrumbs-content":"","ast-featured-img":"","footer-sml-layout":"","theme-transparent-header-meta":"default","adv-header-id-meta":"","stick-header-meta":"","header-above-stick-meta":"","header-main-stick-meta":"","header-below-stick-meta":"","astra-migrate-meta-layouts":"default","ast-page-background-enabled":"default","ast-page-background-meta":{"desktop":{"background-color":"","background-image":"","background-repeat":"repeat","background-position":"center center","background-size":"auto","background-attachment":"scroll","background-type":"","background-media":"","overlay-type":"","overlay-color":"","overlay-opacity":"","overlay-gradient":""},"tablet":{"background-color":"","background-image":"","background-repeat":"repeat","background-position":"center center","background-size":"auto","background-attachment":"scroll","background-type":"","background-media":"","overlay-type":"","overlay-color":"","overlay-opacity":"","overlay-gradient":""},"mobile":{"background-color":"","background-image":"","background-repeat":"repeat","background-position":"center center","background-size":"auto","background-attachment":"scroll","background-type":"","background-media":"","overlay-type":"","overlay-color":"","overlay-opacity":"","overlay-gradient":""}},"ast-content-background-meta":{"desktop":{"background-color":"var(--ast-global-color-5)","background-image":"","background-repeat":"repeat","background-position":"center center","background-size":"auto","background-attachment":"scroll","background-type":"","background-media":"","overlay-type":"","overlay-color":"","overlay-opacity":"","overlay-gradient":""},"tablet":{"background-color":"var(--ast-global-color-5)","background-image":"","background-repeat":"repeat","background-position":"center center","background-size":"auto","background-attachment":"scroll","background-type":"","background-media":"","overlay-type":"","overlay-color":"","overlay-opacity":"","overlay-gradient":""},"mobile":{"background-color":"var(--ast-global-color-5)","background-image":"","background-repeat":"repeat","background-position":"center center","background-size":"auto","background-attachment":"scroll","background-type":"","background-media":"","overlay-type":"","overlay-color":"","overlay-opacity":"","overlay-gradient":""}}},"product_brand":[],"product_cat":[36],"product_tag":[339],"class_list":{"0":"post-840","1":"product","2":"type-product","3":"status-publish","4":"has-post-thumbnail","6":"product_cat-cama-mesa-banho","7":"product_tag-tolha-de-banho","8":"desktop-align-center","9":"tablet-align-left","10":"mobile-align-center","12":"first","13":"instock","14":"shipping-taxable","15":"product-type-external"},"uagb_featured_image_src":{"full":["https:\/\/promocaododia.com.br\/site\/wp-content\/uploads\/2022\/10\/Toalha-Lyra-de-Banho-62X130-Azul-R7022-Camesa.jpg",600,600,false],"thumbnail":["https:\/\/promocaododia.com.br\/site\/wp-content\/uploads\/2022\/10\/Toalha-Lyra-de-Banho-62X130-Azul-R7022-Camesa-150x150.jpg",150,150,true],"medium":["https:\/\/promocaododia.com.br\/site\/wp-content\/uploads\/2022\/10\/Toalha-Lyra-de-Banho-62X130-Azul-R7022-Camesa-300x300.jpg",300,300,true],"medium_large":["https:\/\/promocaododia.com.br\/site\/wp-content\/uploads\/2022\/10\/Toalha-Lyra-de-Banho-62X130-Azul-R7022-Camesa.jpg",600,600,false],"large":["https:\/\/promocaododia.com.br\/site\/wp-content\/uploads\/2022\/10\/Toalha-Lyra-de-Banho-62X130-Azul-R7022-Camesa.jpg",600,600,false],"1536x1536":["https:\/\/promocaododia.com.br\/site\/wp-content\/uploads\/2022\/10\/Toalha-Lyra-de-Banho-62X130-Azul-R7022-Camesa.jpg",600,600,false],"2048x2048":["https:\/\/promocaododia.com.br\/site\/wp-content\/uploads\/2022\/10\/Toalha-Lyra-de-Banho-62X130-Azul-R7022-Camesa.jpg",600,600,false],"woocommerce_thumbnail":["https:\/\/promocaododia.com.br\/site\/wp-content\/uploads\/2022\/10\/Toalha-Lyra-de-Banho-62X130-Azul-R7022-Camesa-250x250.jpg",250,250,true],"woocommerce_single":["https:\/\/promocaododia.com.br\/site\/wp-content\/uploads\/2022\/10\/Toalha-Lyra-de-Banho-62X130-Azul-R7022-Camesa-250x250.jpg",250,250,true],"woocommerce_gallery_thumbnail":["https:\/\/promocaododia.com.br\/site\/wp-content\/uploads\/2022\/10\/Toalha-Lyra-de-Banho-62X130-Azul-R7022-Camesa-100x100.jpg",100,100,true]},"uagb_author_info":{"display_name":"danilo.gbr","author_link":"https:\/\/promocaododia.com.br\/site\/author\/"},"uagb_comment_info":0,"uagb_excerpt":"DESCRI\u00c7\u00c3O DO PRODUTO As Toalhas de Rosto s\u00e3o de alt\u00edssima qualidade, super felpudas e macias, ainda mais quando falamos dos produtos da nossa parceira Camesa. Linda Toalha Felpuda, gramatura 300 g\/m2, tecido 98% Algod\u00e3o e 2% Poli\u00e9ster, acompanha as tend\u00eancias modernas de cores e design para deixar seu banheiro um encanto. Especifica\u00e7\u00f5es CONTE\u00daDO E MEDIDAS:&hellip;","_links":{"self":[{"href":"https:\/\/promocaododia.com.br\/site\/wp-json\/wp\/v2\/product\/840","targetHints":{"allow":["GET"]}}],"collection":[{"href":"https:\/\/promocaododia.com.br\/site\/wp-json\/wp\/v2\/product"}],"about":[{"href":"https:\/\/promocaododia.com.br\/site\/wp-json\/wp\/v2\/types\/product"}],"wp:featuredmedia":[{"embeddable":true,"href":"https:\/\/promocaododia.com.br\/site\/wp-json\/wp\/v2\/media\/841"}],"wp:attachment":[{"href":"https:\/\/promocaododia.com.br\/site\/wp-json\/wp\/v2\/media?parent=840"}],"wp:term":[{"taxonomy":"product_brand","embeddable":true,"href":"https:\/\/promocaododia.com.br\/site\/wp-json\/wp\/v2\/product_brand?post=840"},{"taxonomy":"product_cat","embeddable":true,"href":"https:\/\/promocaododia.com.br\/site\/wp-json\/wp\/v2\/product_cat?post=840"},{"taxonomy":"product_tag","embeddable":true,"href":"https:\/\/promocaododia.com.br\/site\/wp-json\/wp\/v2\/product_tag?post=840"}],"curies":[{"name":"wp","href":"https:\/\/api.w.org\/{rel}","templated":true}]}}