{"id":842,"date":"2022-10-28T20:15:31","date_gmt":"2022-10-28T23:15:31","guid":{"rendered":"https:\/\/promocaododia.com.br\/site\/?post_type=product&#038;p=842"},"modified":"2022-10-28T20:15:31","modified_gmt":"2022-10-28T23:15:31","slug":"jogo-cama-casal-queen-preto-6-pecas-poliester-cobertor-ibitinga-borda","status":"publish","type":"product","link":"https:\/\/promocaododia.com.br\/site\/produto\/jogo-cama-casal-queen-preto-6-pecas-poliester-cobertor-ibitinga-borda\/","title":{"rendered":"Jogo Cama Casal Queen Preto 6 Pecas Poliester Cobertor &#8211; Ibitinga Borda"},"content":{"rendered":"<p>Edredom Casal Com Jogo de Len\u00e7ol 06 Pe\u00e7as 100% Poli\u00e9ster<\/p>\n<p>O kit Ibitinga Borda \u00e9 um produto desenvolvido pensando especialmente<br \/>\npara pessoas que desejam mudar o ambiente de seu quanto com um custo minimo<\/p>\n<p>Descri\u00e7\u00e3o:<\/p>\n<p>Cont\u00e9m:<br \/>\n1 edredom 2,00m x 2,20m<br \/>\n2 porta travesseiro 0,75m x 0,50m<br \/>\n2 fronhas de almofadas Lesie 0,50m x 0,50m,<br \/>\n1 len\u00e7ol de baixo 2,00m x 2,20m x 0,20m.<\/p>\n<p>As cores podem variar um pouco conforme o lote de Tecido, ou monitor utilizado para escolha do produto<\/p>\n<p>Imagem meramente ilustrativa. Utilizamos mat\u00e9rias-primas de excelente qualidade que resistem a processos de lavagem, mantendo sempre a durabilidade do produto.<\/p>\n<p>Composi\u00e7\u00e3o: Microfibra, 100% poli\u00e9ster<\/p>\n","protected":false},"excerpt":{"rendered":"<p>Edredom Casal Com Jogo de Len\u00e7ol 06 Pe\u00e7as 100% Poli\u00e9ster O kit Ibitinga Borda \u00e9 um produto desenvolvido pensando especialmente para pessoas que desejam mudar o ambiente de seu quanto com um custo minimo Descri\u00e7\u00e3o: Cont\u00e9m: 1 edredom 2,00m x 2,20m 2 porta travesseiro 0,75m x 0,50m 2 fronhas de almofadas Lesie 0,50m x 0,50m, 1 len\u00e7ol de baixo 2,00m x 2,20m x 0,20m. As cores podem variar um pouco conforme o lote de Tecido, ou monitor utilizado para escolha do produto Imagem meramente ilustrativa. Utilizamos mat\u00e9rias-primas de excelente qualidade que resistem a processos de lavagem, mantendo sempre a durabilidade do produto. Composi\u00e7\u00e3o: Microfibra, 100% poli\u00e9ster<\/p>\n","protected":false},"featured_media":843,"template":"","meta":{"_uag_custom_page_level_css":"","site-sidebar-layout":"default","site-content-layout":"default","ast-site-content-layout":"default","site-content-style":"default","site-sidebar-style":"default","ast-global-header-display":"","ast-banner-title-visibility":"","ast-main-header-display":"","ast-hfb-above-header-display":"","ast-hfb-below-header-display":"","ast-hfb-mobile-header-display":"","site-post-title":"","ast-breadcrumbs-content":"","ast-featured-img":"","footer-sml-layout":"","theme-transparent-header-meta":"default","adv-header-id-meta":"","stick-header-meta":"","header-above-stick-meta":"","header-main-stick-meta":"","header-below-stick-meta":"","astra-migrate-meta-layouts":"default","ast-page-background-enabled":"default","ast-page-background-meta":{"desktop":{"background-color":"","background-image":"","background-repeat":"repeat","background-position":"center center","background-size":"auto","background-attachment":"scroll","background-type":"","background-media":"","overlay-type":"","overlay-color":"","overlay-opacity":"","overlay-gradient":""},"tablet":{"background-color":"","background-image":"","background-repeat":"repeat","background-position":"center center","background-size":"auto","background-attachment":"scroll","background-type":"","background-media":"","overlay-type":"","overlay-color":"","overlay-opacity":"","overlay-gradient":""},"mobile":{"background-color":"","background-image":"","background-repeat":"repeat","background-position":"center center","background-size":"auto","background-attachment":"scroll","background-type":"","background-media":"","overlay-type":"","overlay-color":"","overlay-opacity":"","overlay-gradient":""}},"ast-content-background-meta":{"desktop":{"background-color":"var(--ast-global-color-5)","background-image":"","background-repeat":"repeat","background-position":"center center","background-size":"auto","background-attachment":"scroll","background-type":"","background-media":"","overlay-type":"","overlay-color":"","overlay-opacity":"","overlay-gradient":""},"tablet":{"background-color":"var(--ast-global-color-5)","background-image":"","background-repeat":"repeat","background-position":"center center","background-size":"auto","background-attachment":"scroll","background-type":"","background-media":"","overlay-type":"","overlay-color":"","overlay-opacity":"","overlay-gradient":""},"mobile":{"background-color":"var(--ast-global-color-5)","background-image":"","background-repeat":"repeat","background-position":"center center","background-size":"auto","background-attachment":"scroll","background-type":"","background-media":"","overlay-type":"","overlay-color":"","overlay-opacity":"","overlay-gradient":""}}},"product_brand":[],"product_cat":[36],"product_tag":[342,343,340,341],"class_list":{"0":"post-842","1":"product","2":"type-product","3":"status-publish","4":"has-post-thumbnail","6":"product_cat-cama-mesa-banho","7":"product_tag-6-pecas","8":"product_tag-cama","9":"product_tag-jogo-de-cama-casal","10":"product_tag-queen","11":"desktop-align-center","12":"tablet-align-left","13":"mobile-align-center","15":"first","16":"instock","17":"sale","18":"shipping-taxable","19":"product-type-external"},"uagb_featured_image_src":{"full":["https:\/\/promocaododia.com.br\/site\/wp-content\/uploads\/2022\/10\/Jogo-Cama-Casal-Queen-Preto-6-Pecas-Poliester-Cobertor-Ibitinga-Borda.jpg",600,600,false],"thumbnail":["https:\/\/promocaododia.com.br\/site\/wp-content\/uploads\/2022\/10\/Jogo-Cama-Casal-Queen-Preto-6-Pecas-Poliester-Cobertor-Ibitinga-Borda-150x150.jpg",150,150,true],"medium":["https:\/\/promocaododia.com.br\/site\/wp-content\/uploads\/2022\/10\/Jogo-Cama-Casal-Queen-Preto-6-Pecas-Poliester-Cobertor-Ibitinga-Borda-300x300.jpg",300,300,true],"medium_large":["https:\/\/promocaododia.com.br\/site\/wp-content\/uploads\/2022\/10\/Jogo-Cama-Casal-Queen-Preto-6-Pecas-Poliester-Cobertor-Ibitinga-Borda.jpg",600,600,false],"large":["https:\/\/promocaododia.com.br\/site\/wp-content\/uploads\/2022\/10\/Jogo-Cama-Casal-Queen-Preto-6-Pecas-Poliester-Cobertor-Ibitinga-Borda.jpg",600,600,false],"1536x1536":["https:\/\/promocaododia.com.br\/site\/wp-content\/uploads\/2022\/10\/Jogo-Cama-Casal-Queen-Preto-6-Pecas-Poliester-Cobertor-Ibitinga-Borda.jpg",600,600,false],"2048x2048":["https:\/\/promocaododia.com.br\/site\/wp-content\/uploads\/2022\/10\/Jogo-Cama-Casal-Queen-Preto-6-Pecas-Poliester-Cobertor-Ibitinga-Borda.jpg",600,600,false],"woocommerce_thumbnail":["https:\/\/promocaododia.com.br\/site\/wp-content\/uploads\/2022\/10\/Jogo-Cama-Casal-Queen-Preto-6-Pecas-Poliester-Cobertor-Ibitinga-Borda-250x250.jpg",250,250,true],"woocommerce_single":["https:\/\/promocaododia.com.br\/site\/wp-content\/uploads\/2022\/10\/Jogo-Cama-Casal-Queen-Preto-6-Pecas-Poliester-Cobertor-Ibitinga-Borda-250x250.jpg",250,250,true],"woocommerce_gallery_thumbnail":["https:\/\/promocaododia.com.br\/site\/wp-content\/uploads\/2022\/10\/Jogo-Cama-Casal-Queen-Preto-6-Pecas-Poliester-Cobertor-Ibitinga-Borda-100x100.jpg",100,100,true]},"uagb_author_info":{"display_name":"danilo.gbr","author_link":"https:\/\/promocaododia.com.br\/site\/author\/"},"uagb_comment_info":0,"uagb_excerpt":"Edredom Casal Com Jogo de Len\u00e7ol 06 Pe\u00e7as 100% Poli\u00e9ster O kit Ibitinga Borda \u00e9 um produto desenvolvido pensando especialmente para pessoas que desejam mudar o ambiente de seu quanto com um custo minimo Descri\u00e7\u00e3o: Cont\u00e9m: 1 edredom 2,00m x 2,20m 2 porta travesseiro 0,75m x 0,50m 2 fronhas de almofadas Lesie 0,50m x 0,50m,&hellip;","_links":{"self":[{"href":"https:\/\/promocaododia.com.br\/site\/wp-json\/wp\/v2\/product\/842","targetHints":{"allow":["GET"]}}],"collection":[{"href":"https:\/\/promocaododia.com.br\/site\/wp-json\/wp\/v2\/product"}],"about":[{"href":"https:\/\/promocaododia.com.br\/site\/wp-json\/wp\/v2\/types\/product"}],"wp:featuredmedia":[{"embeddable":true,"href":"https:\/\/promocaododia.com.br\/site\/wp-json\/wp\/v2\/media\/843"}],"wp:attachment":[{"href":"https:\/\/promocaododia.com.br\/site\/wp-json\/wp\/v2\/media?parent=842"}],"wp:term":[{"taxonomy":"product_brand","embeddable":true,"href":"https:\/\/promocaododia.com.br\/site\/wp-json\/wp\/v2\/product_brand?post=842"},{"taxonomy":"product_cat","embeddable":true,"href":"https:\/\/promocaododia.com.br\/site\/wp-json\/wp\/v2\/product_cat?post=842"},{"taxonomy":"product_tag","embeddable":true,"href":"https:\/\/promocaododia.com.br\/site\/wp-json\/wp\/v2\/product_tag?post=842"}],"curies":[{"name":"wp","href":"https:\/\/api.w.org\/{rel}","templated":true}]}}