{"id":846,"date":"2022-10-28T20:31:54","date_gmt":"2022-10-28T23:31:54","guid":{"rendered":"https:\/\/promocaododia.com.br\/site\/?post_type=product&#038;p=846"},"modified":"2022-10-28T20:32:13","modified_gmt":"2022-10-28T23:32:13","slug":"mochila-maternidade-bolsa-bebe-multifuncao-unissex-centrao","status":"publish","type":"product","link":"https:\/\/promocaododia.com.br\/site\/produto\/mochila-maternidade-bolsa-bebe-multifuncao-unissex-centrao\/","title":{"rendered":"Mochila Maternidade Bolsa Beb\u00ea Multifun\u00e7\u00e3o Unissex &#8211; Centr\u00e3o"},"content":{"rendered":"<p>Mochila Maternidade Bolsa Beb\u00ea Multifun\u00e7\u00e3o Menino Menina PRATICIDADE, FACILIDADE E AGILIDADE NO CUIDADO COM O SEU BEB\u00ca! Com nossa Mochila Maternidade Bolsa Beb\u00ea Multifun\u00e7\u00e3o Menino Menina, voc\u00ea poder\u00e1 sair com o seu beb\u00ea para diversos lugares e ter a praticidade de levar diversos itens essenciais de maneira pr\u00e1tica, f\u00e1cil e \u00e1gil, gra\u00e7as aos diversos bolsos internos, laterais e externos, voc\u00ea poder\u00e1 armazenar mamadeiras, pomadas, fraldas e muito mais, al\u00e9m de possuir um bolso exclusivo para roupas molhadas e len\u00e7os umedecidos. Caracter\u00edsticas Gerais:- Imperme\u00e1vel- Largura: 16cm \/ Altura: 40cm \/ Comprimento: 25cm- Peso: 600g- Tipo de Fecho: Ziper- Capacidade: 20 a 35 Litros- Produto de alta qualidade, lav\u00e1vel- Pode ser usada como bolsa de m\u00e3o ou pendurada nas costas.- N\u00e3o acompanha trocador.- Bolso exclusivo para roupas molhadas.- Bolso exclusivo porta len\u00e7os umedecidos.- Tratamento interno antibacteriano.- Compartimento com revestimento t\u00e9rmico para 3 mamadeiras de at\u00e9 240ml.- Dimens\u00f5es: 40x25x16.Multi-Bolsos \u2013 Esta mochila possuiu in\u00fameros bolsos internos e externos:4 x bolsos de armazenamento (interior)3 x bolsos para mamadeira (frontal)1 x bolso porta len\u00e7o umedecido (lateral)1 x bolso para garrafa de \u00e1gua (lateral)Tecido Oxford dur\u00e1vel de alta qualidade resistente \u00e0 derramamento de l\u00edquidos externos e f\u00e1cil de limpar Al\u00e7as acolchoadas tornando a mochila confort\u00e1vel e pr\u00e1tica. Multi Fun\u00e7\u00e3o &#8211; Voc\u00ea pode usar o produto como mochila e bolsa. \u00c9 muito elegante e adequado para muitas ocasi\u00f5es, como fazer compras, viajar, etc.<\/p>\n","protected":false},"excerpt":{"rendered":"<p>Mochila Maternidade Bolsa Beb\u00ea Multifun\u00e7\u00e3o Menino Menina PRATICIDADE, FACILIDADE E AGILIDADE NO CUIDADO COM O SEU BEB\u00ca! Com nossa Mochila Maternidade Bolsa Beb\u00ea Multifun\u00e7\u00e3o Menino Menina, voc\u00ea poder\u00e1 sair com o seu beb\u00ea para diversos lugares e ter a praticidade de levar diversos itens essenciais de maneira pr\u00e1tica, f\u00e1cil e \u00e1gil, gra\u00e7as aos diversos bolsos internos, laterais e externos, voc\u00ea poder\u00e1 armazenar mamadeiras, pomadas, fraldas e muito mais, al\u00e9m de possuir um bolso exclusivo para roupas molhadas e len\u00e7os umedecidos. Caracter\u00edsticas Gerais:- Imperme\u00e1vel- Largura: 16cm \/ Altura: 40cm \/ Comprimento: 25cm- Peso: 600g- Tipo de Fecho: Ziper- Capacidade: 20 a 35 Litros- Produto de alta qualidade, lav\u00e1vel- Pode ser usada como bolsa de m\u00e3o ou pendurada nas costas.- N\u00e3o acompanha trocador.- Bolso exclusivo para roupas molhadas.- Bolso exclusivo porta len\u00e7os umedecidos.- Tratamento interno antibacteriano.- Compartimento com revestimento t\u00e9rmico para 3 mamadeiras de at\u00e9 240ml.- Dimens\u00f5es: 40x25x16.Multi-Bolsos \u2013 Esta mochila possuiu in\u00fameros bolsos internos e externos:4 x bolsos de armazenamento (interior)3 x bolsos para mamadeira (frontal)1 x bolso porta len\u00e7o umedecido (lateral)1 x bolso para garrafa de \u00e1gua (lateral)Tecido Oxford dur\u00e1vel de alta qualidade resistente \u00e0 derramamento de l\u00edquidos externos e f\u00e1cil de limpar Al\u00e7as acolchoadas tornando a mochila confort\u00e1vel e pr\u00e1tica. Multi Fun\u00e7\u00e3o &#8211; Voc\u00ea pode usar o produto como mochila e bolsa. \u00c9 muito elegante e adequado para muitas ocasi\u00f5es, como fazer compras, viajar, etc.<\/p>\n","protected":false},"featured_media":847,"template":"","meta":{"_uag_custom_page_level_css":"","site-sidebar-layout":"default","site-content-layout":"default","ast-site-content-layout":"default","site-content-style":"default","site-sidebar-style":"default","ast-global-header-display":"","ast-banner-title-visibility":"","ast-main-header-display":"","ast-hfb-above-header-display":"","ast-hfb-below-header-display":"","ast-hfb-mobile-header-display":"","site-post-title":"","ast-breadcrumbs-content":"","ast-featured-img":"","footer-sml-layout":"","theme-transparent-header-meta":"default","adv-header-id-meta":"","stick-header-meta":"","header-above-stick-meta":"","header-main-stick-meta":"","header-below-stick-meta":"","astra-migrate-meta-layouts":"default","ast-page-background-enabled":"default","ast-page-background-meta":{"desktop":{"background-color":"","background-image":"","background-repeat":"repeat","background-position":"center center","background-size":"auto","background-attachment":"scroll","background-type":"","background-media":"","overlay-type":"","overlay-color":"","overlay-opacity":"","overlay-gradient":""},"tablet":{"background-color":"","background-image":"","background-repeat":"repeat","background-position":"center center","background-size":"auto","background-attachment":"scroll","background-type":"","background-media":"","overlay-type":"","overlay-color":"","overlay-opacity":"","overlay-gradient":""},"mobile":{"background-color":"","background-image":"","background-repeat":"repeat","background-position":"center center","background-size":"auto","background-attachment":"scroll","background-type":"","background-media":"","overlay-type":"","overlay-color":"","overlay-opacity":"","overlay-gradient":""}},"ast-content-background-meta":{"desktop":{"background-color":"var(--ast-global-color-5)","background-image":"","background-repeat":"repeat","background-position":"center center","background-size":"auto","background-attachment":"scroll","background-type":"","background-media":"","overlay-type":"","overlay-color":"","overlay-opacity":"","overlay-gradient":""},"tablet":{"background-color":"var(--ast-global-color-5)","background-image":"","background-repeat":"repeat","background-position":"center center","background-size":"auto","background-attachment":"scroll","background-type":"","background-media":"","overlay-type":"","overlay-color":"","overlay-opacity":"","overlay-gradient":""},"mobile":{"background-color":"var(--ast-global-color-5)","background-image":"","background-repeat":"repeat","background-position":"center center","background-size":"auto","background-attachment":"scroll","background-type":"","background-media":"","overlay-type":"","overlay-color":"","overlay-opacity":"","overlay-gradient":""}}},"product_brand":[],"product_cat":[54,42,30],"product_tag":[348,347,346],"class_list":{"0":"post-846","1":"product","2":"type-product","3":"status-publish","4":"has-post-thumbnail","6":"product_cat-bebe","7":"product_cat-bolsas","8":"product_cat-moda","9":"product_tag-bolsa-bebe","10":"product_tag-maternidade","11":"product_tag-mochila","12":"desktop-align-center","13":"tablet-align-left","14":"mobile-align-center","16":"first","17":"instock","18":"sale","19":"shipping-taxable","20":"product-type-external"},"uagb_featured_image_src":{"full":["https:\/\/promocaododia.com.br\/site\/wp-content\/uploads\/2022\/10\/Mochila-Maternidade-Bolsa-Bebe-Multifuncao-Unissex-Centrao.jpg",600,600,false],"thumbnail":["https:\/\/promocaododia.com.br\/site\/wp-content\/uploads\/2022\/10\/Mochila-Maternidade-Bolsa-Bebe-Multifuncao-Unissex-Centrao-150x150.jpg",150,150,true],"medium":["https:\/\/promocaododia.com.br\/site\/wp-content\/uploads\/2022\/10\/Mochila-Maternidade-Bolsa-Bebe-Multifuncao-Unissex-Centrao-300x300.jpg",300,300,true],"medium_large":["https:\/\/promocaododia.com.br\/site\/wp-content\/uploads\/2022\/10\/Mochila-Maternidade-Bolsa-Bebe-Multifuncao-Unissex-Centrao.jpg",600,600,false],"large":["https:\/\/promocaododia.com.br\/site\/wp-content\/uploads\/2022\/10\/Mochila-Maternidade-Bolsa-Bebe-Multifuncao-Unissex-Centrao.jpg",600,600,false],"1536x1536":["https:\/\/promocaododia.com.br\/site\/wp-content\/uploads\/2022\/10\/Mochila-Maternidade-Bolsa-Bebe-Multifuncao-Unissex-Centrao.jpg",600,600,false],"2048x2048":["https:\/\/promocaododia.com.br\/site\/wp-content\/uploads\/2022\/10\/Mochila-Maternidade-Bolsa-Bebe-Multifuncao-Unissex-Centrao.jpg",600,600,false],"woocommerce_thumbnail":["https:\/\/promocaododia.com.br\/site\/wp-content\/uploads\/2022\/10\/Mochila-Maternidade-Bolsa-Bebe-Multifuncao-Unissex-Centrao-250x250.jpg",250,250,true],"woocommerce_single":["https:\/\/promocaododia.com.br\/site\/wp-content\/uploads\/2022\/10\/Mochila-Maternidade-Bolsa-Bebe-Multifuncao-Unissex-Centrao-250x250.jpg",250,250,true],"woocommerce_gallery_thumbnail":["https:\/\/promocaododia.com.br\/site\/wp-content\/uploads\/2022\/10\/Mochila-Maternidade-Bolsa-Bebe-Multifuncao-Unissex-Centrao-100x100.jpg",100,100,true]},"uagb_author_info":{"display_name":"danilo.gbr","author_link":"https:\/\/promocaododia.com.br\/site\/author\/"},"uagb_comment_info":0,"uagb_excerpt":"Mochila Maternidade Bolsa Beb\u00ea Multifun\u00e7\u00e3o Menino Menina PRATICIDADE, FACILIDADE E AGILIDADE NO CUIDADO COM O SEU BEB\u00ca! Com nossa Mochila Maternidade Bolsa Beb\u00ea Multifun\u00e7\u00e3o Menino Menina, voc\u00ea poder\u00e1 sair com o seu beb\u00ea para diversos lugares e ter a praticidade de levar diversos itens essenciais de maneira pr\u00e1tica, f\u00e1cil e \u00e1gil, gra\u00e7as aos diversos bolsos&hellip;","_links":{"self":[{"href":"https:\/\/promocaododia.com.br\/site\/wp-json\/wp\/v2\/product\/846","targetHints":{"allow":["GET"]}}],"collection":[{"href":"https:\/\/promocaododia.com.br\/site\/wp-json\/wp\/v2\/product"}],"about":[{"href":"https:\/\/promocaododia.com.br\/site\/wp-json\/wp\/v2\/types\/product"}],"wp:featuredmedia":[{"embeddable":true,"href":"https:\/\/promocaododia.com.br\/site\/wp-json\/wp\/v2\/media\/847"}],"wp:attachment":[{"href":"https:\/\/promocaododia.com.br\/site\/wp-json\/wp\/v2\/media?parent=846"}],"wp:term":[{"taxonomy":"product_brand","embeddable":true,"href":"https:\/\/promocaododia.com.br\/site\/wp-json\/wp\/v2\/product_brand?post=846"},{"taxonomy":"product_cat","embeddable":true,"href":"https:\/\/promocaododia.com.br\/site\/wp-json\/wp\/v2\/product_cat?post=846"},{"taxonomy":"product_tag","embeddable":true,"href":"https:\/\/promocaododia.com.br\/site\/wp-json\/wp\/v2\/product_tag?post=846"}],"curies":[{"name":"wp","href":"https:\/\/api.w.org\/{rel}","templated":true}]}}