{"id":849,"date":"2022-10-29T10:05:31","date_gmt":"2022-10-29T13:05:31","guid":{"rendered":"https:\/\/promocaododia.com.br\/site\/?post_type=product&#038;p=849"},"modified":"2022-10-29T10:45:09","modified_gmt":"2022-10-29T13:45:09","slug":"bolsa-feminina-kit-4-pecas-sacola-media-e-necessaire-duchico","status":"publish","type":"product","link":"https:\/\/promocaododia.com.br\/site\/produto\/bolsa-feminina-kit-4-pecas-sacola-media-e-necessaire-duchico\/","title":{"rendered":"Bolsa Feminina Kit 4 Pe\u00e7as Sacola M\u00e9dia e N\u00e9cessaire &#8211; DuChico"},"content":{"rendered":"<p>Trazemos o que h\u00e1 de mais atual e moderno no mundo da moda, priorizando sempre a qualidade e o conforto. Procuramos n\u00e3o apenas atender \u00e0s suas necessidades, mas superar expectativas em nossos produtos.<\/p>\n<p>O kit de Bolsa Mariana Brasil \u00e9 ideal para o uso em seu dia-a-dia, possui al\u00e7a de ombro e cord\u00e3o ajust\u00e1vel.<br \/>\nO kit e composto por quatro pe\u00e7as, bolsa grande, bolsa m\u00e9dia, bolsa pequena e a N\u00e9cessaire.<\/p>\n<p>Medidas Bolsa Grande:<br \/>\nLargura: 33 cm<br \/>\nAltura: 35 cm<br \/>\nProfundidade: 13 cm<\/p>\n<p>Medidas Bolsa Media:<br \/>\nLargura: 22 cm<br \/>\nAltura: 20 cm<br \/>\nProfundidade: 13 cm<\/p>\n<p>Medidas N\u00e9cessaire:<br \/>\nLargura: 16 cm<br \/>\nAltura: 13 cm<\/p>\n","protected":false},"excerpt":{"rendered":"<p>Trazemos o que h\u00e1 de mais atual e moderno no mundo da moda, priorizando sempre a qualidade e o conforto. Procuramos n\u00e3o apenas atender \u00e0s suas necessidades, mas superar expectativas em nossos produtos. O kit de Bolsa Mariana Brasil \u00e9 ideal para o uso em seu dia-a-dia, possui al\u00e7a de ombro e cord\u00e3o ajust\u00e1vel. O kit e composto por quatro pe\u00e7as, bolsa grande, bolsa m\u00e9dia, bolsa pequena e a N\u00e9cessaire. Medidas Bolsa Grande: Largura: 33 cm Altura: 35 cm Profundidade: 13 cm Medidas Bolsa Media: Largura: 22 cm Altura: 20 cm Profundidade: 13 cm Medidas N\u00e9cessaire: Largura: 16 cm Altura: 13 cm<\/p>\n","protected":false},"featured_media":856,"template":"","meta":{"_uag_custom_page_level_css":"","site-sidebar-layout":"default","site-content-layout":"default","ast-site-content-layout":"default","site-content-style":"default","site-sidebar-style":"default","ast-global-header-display":"","ast-banner-title-visibility":"","ast-main-header-display":"","ast-hfb-above-header-display":"","ast-hfb-below-header-display":"","ast-hfb-mobile-header-display":"","site-post-title":"","ast-breadcrumbs-content":"","ast-featured-img":"","footer-sml-layout":"","theme-transparent-header-meta":"default","adv-header-id-meta":"","stick-header-meta":"","header-above-stick-meta":"","header-main-stick-meta":"","header-below-stick-meta":"","astra-migrate-meta-layouts":"default","ast-page-background-enabled":"default","ast-page-background-meta":{"desktop":{"background-color":"","background-image":"","background-repeat":"repeat","background-position":"center center","background-size":"auto","background-attachment":"scroll","background-type":"","background-media":"","overlay-type":"","overlay-color":"","overlay-opacity":"","overlay-gradient":""},"tablet":{"background-color":"","background-image":"","background-repeat":"repeat","background-position":"center center","background-size":"auto","background-attachment":"scroll","background-type":"","background-media":"","overlay-type":"","overlay-color":"","overlay-opacity":"","overlay-gradient":""},"mobile":{"background-color":"","background-image":"","background-repeat":"repeat","background-position":"center center","background-size":"auto","background-attachment":"scroll","background-type":"","background-media":"","overlay-type":"","overlay-color":"","overlay-opacity":"","overlay-gradient":""}},"ast-content-background-meta":{"desktop":{"background-color":"var(--ast-global-color-5)","background-image":"","background-repeat":"repeat","background-position":"center center","background-size":"auto","background-attachment":"scroll","background-type":"","background-media":"","overlay-type":"","overlay-color":"","overlay-opacity":"","overlay-gradient":""},"tablet":{"background-color":"var(--ast-global-color-5)","background-image":"","background-repeat":"repeat","background-position":"center center","background-size":"auto","background-attachment":"scroll","background-type":"","background-media":"","overlay-type":"","overlay-color":"","overlay-opacity":"","overlay-gradient":""},"mobile":{"background-color":"var(--ast-global-color-5)","background-image":"","background-repeat":"repeat","background-position":"center center","background-size":"auto","background-attachment":"scroll","background-type":"","background-media":"","overlay-type":"","overlay-color":"","overlay-opacity":"","overlay-gradient":""}}},"product_brand":[],"product_cat":[42,30],"product_tag":[350,349,351,182,119,184],"class_list":{"0":"post-849","1":"product","2":"type-product","3":"status-publish","4":"has-post-thumbnail","6":"product_cat-bolsas","7":"product_cat-moda","8":"product_tag-4-pecas","9":"product_tag-bolsa","10":"product_tag-duchico","11":"product_tag-feminina","12":"product_tag-kit","13":"product_tag-moda","14":"desktop-align-center","15":"tablet-align-left","16":"mobile-align-center","18":"first","19":"instock","20":"shipping-taxable","21":"product-type-external"},"uagb_featured_image_src":{"full":["https:\/\/promocaododia.com.br\/site\/wp-content\/uploads\/2022\/10\/Bolsa-Feminina-Kit-4-Pecas-Sacola-Media-e-Necessaire-DuChico-1.jpg",600,600,false],"thumbnail":["https:\/\/promocaododia.com.br\/site\/wp-content\/uploads\/2022\/10\/Bolsa-Feminina-Kit-4-Pecas-Sacola-Media-e-Necessaire-DuChico-1-150x150.jpg",150,150,true],"medium":["https:\/\/promocaododia.com.br\/site\/wp-content\/uploads\/2022\/10\/Bolsa-Feminina-Kit-4-Pecas-Sacola-Media-e-Necessaire-DuChico-1-300x300.jpg",300,300,true],"medium_large":["https:\/\/promocaododia.com.br\/site\/wp-content\/uploads\/2022\/10\/Bolsa-Feminina-Kit-4-Pecas-Sacola-Media-e-Necessaire-DuChico-1.jpg",600,600,false],"large":["https:\/\/promocaododia.com.br\/site\/wp-content\/uploads\/2022\/10\/Bolsa-Feminina-Kit-4-Pecas-Sacola-Media-e-Necessaire-DuChico-1.jpg",600,600,false],"1536x1536":["https:\/\/promocaododia.com.br\/site\/wp-content\/uploads\/2022\/10\/Bolsa-Feminina-Kit-4-Pecas-Sacola-Media-e-Necessaire-DuChico-1.jpg",600,600,false],"2048x2048":["https:\/\/promocaododia.com.br\/site\/wp-content\/uploads\/2022\/10\/Bolsa-Feminina-Kit-4-Pecas-Sacola-Media-e-Necessaire-DuChico-1.jpg",600,600,false],"woocommerce_thumbnail":["https:\/\/promocaododia.com.br\/site\/wp-content\/uploads\/2022\/10\/Bolsa-Feminina-Kit-4-Pecas-Sacola-Media-e-Necessaire-DuChico-1-250x250.jpg",250,250,true],"woocommerce_single":["https:\/\/promocaododia.com.br\/site\/wp-content\/uploads\/2022\/10\/Bolsa-Feminina-Kit-4-Pecas-Sacola-Media-e-Necessaire-DuChico-1-250x250.jpg",250,250,true],"woocommerce_gallery_thumbnail":["https:\/\/promocaododia.com.br\/site\/wp-content\/uploads\/2022\/10\/Bolsa-Feminina-Kit-4-Pecas-Sacola-Media-e-Necessaire-DuChico-1-100x100.jpg",100,100,true]},"uagb_author_info":{"display_name":"danilo.gbr","author_link":"https:\/\/promocaododia.com.br\/site\/author\/"},"uagb_comment_info":0,"uagb_excerpt":"Trazemos o que h\u00e1 de mais atual e moderno no mundo da moda, priorizando sempre a qualidade e o conforto. Procuramos n\u00e3o apenas atender \u00e0s suas necessidades, mas superar expectativas em nossos produtos. O kit de Bolsa Mariana Brasil \u00e9 ideal para o uso em seu dia-a-dia, possui al\u00e7a de ombro e cord\u00e3o ajust\u00e1vel. O&hellip;","_links":{"self":[{"href":"https:\/\/promocaododia.com.br\/site\/wp-json\/wp\/v2\/product\/849","targetHints":{"allow":["GET"]}}],"collection":[{"href":"https:\/\/promocaododia.com.br\/site\/wp-json\/wp\/v2\/product"}],"about":[{"href":"https:\/\/promocaododia.com.br\/site\/wp-json\/wp\/v2\/types\/product"}],"wp:featuredmedia":[{"embeddable":true,"href":"https:\/\/promocaododia.com.br\/site\/wp-json\/wp\/v2\/media\/856"}],"wp:attachment":[{"href":"https:\/\/promocaododia.com.br\/site\/wp-json\/wp\/v2\/media?parent=849"}],"wp:term":[{"taxonomy":"product_brand","embeddable":true,"href":"https:\/\/promocaododia.com.br\/site\/wp-json\/wp\/v2\/product_brand?post=849"},{"taxonomy":"product_cat","embeddable":true,"href":"https:\/\/promocaododia.com.br\/site\/wp-json\/wp\/v2\/product_cat?post=849"},{"taxonomy":"product_tag","embeddable":true,"href":"https:\/\/promocaododia.com.br\/site\/wp-json\/wp\/v2\/product_tag?post=849"}],"curies":[{"name":"wp","href":"https:\/\/api.w.org\/{rel}","templated":true}]}}