{"id":851,"date":"2022-10-29T10:18:53","date_gmt":"2022-10-29T13:18:53","guid":{"rendered":"https:\/\/promocaododia.com.br\/site\/?post_type=product&#038;p=851"},"modified":"2022-10-29T10:21:25","modified_gmt":"2022-10-29T13:21:25","slug":"notebook-gamer-acer-nvidia-geforce-gtx-1650-core-i5-11400h-8gb-256gb-ssd-tela-full-hd-15-6-windows-11-nitro-5-an515-57-579b","status":"publish","type":"product","link":"https:\/\/promocaododia.com.br\/site\/produto\/notebook-gamer-acer-nvidia-geforce-gtx-1650-core-i5-11400h-8gb-256gb-ssd-tela-full-hd-15-6-windows-11-nitro-5-an515-57-579b\/","title":{"rendered":"Notebook Gamer Acer NVIDIA GeForce GTX 1650 Core i5-11400H 8GB 256GB SSD Tela Full HD 15.6\u201d Windows 11 Nitro 5 AN515-57-579B"},"content":{"rendered":"<p>O Acer Nitro 5 \u00e9 um Notebook perfeito para quem deseja aprimorar sua experi\u00eancia em jogos. Esteja preparado para o desafio, o Aspire Nitro 5 faz voc\u00ea mergulhar de cabe\u00e7a na a\u00e7\u00e3o.<\/p>\n<p>Pra come\u00e7ar ele vem com a placa de v\u00eddeo NVIDIA GeForce GTX 1650 com 4 GB de mem\u00f3ria dedicada GDDR6, pensa no desempenho! Al\u00e9m de deixar os gr\u00e1ficos n\u00edtidos e precisos. E tudo rodando em sua tela de 15,6 polegadas IPS de 144Hz com resolu\u00e7\u00e3o Full HD e tecnologia antirreflexo.<\/p>\n<p>Seu processador Intel Core i5 da 11\u00aa gera\u00e7\u00e3o e mem\u00f3ria de 8GB RAM garante uma jogabilidade mais r\u00e1pida e din\u00e2mica, que vai te levar aos n\u00edveis mais avan\u00e7ados dos jogos. E voc\u00ea pode jogar \u00e0 vontade, o Acer Nitro 5 tem um sistema de resfriamento duplo para garantir que sua m\u00e1quina n\u00e3o esquente, mesmo nos momentos mais intensos*<\/p>\n<p>A placa de v\u00eddeo NVIDIA GeForce GTX 1650 torna a sua experi\u00eancia mais imersiva, ainda mais aliada a tecnologia de \u00e1udio DTS X:Ultra \u00c1udio, a cada a\u00e7\u00e3o da jogada voc\u00ea sente seu alto n\u00edvel de realismo. \u00c9 pura emo\u00e7\u00e3o.<\/p>\n<p>O Acer Nitro 5 vem equipado com 256GB SSD. \u00c9 muito espa\u00e7o para armazenar todos os seus arquivos e velocidade de leitura e grava\u00e7\u00e3o superior a um HD tradicional. Com o SSD, todos os seus jogos abrir\u00e3o em poucos segundos!<\/p>\n","protected":false},"excerpt":{"rendered":"<p>O Acer Nitro 5 \u00e9 um Notebook perfeito para quem deseja aprimorar sua experi\u00eancia em jogos. Esteja preparado para o desafio, o Aspire Nitro 5 faz voc\u00ea mergulhar de cabe\u00e7a na a\u00e7\u00e3o. Pra come\u00e7ar ele vem com a placa de v\u00eddeo NVIDIA GeForce GTX 1650 com 4 GB de mem\u00f3ria dedicada GDDR6, pensa no desempenho! Al\u00e9m de deixar os gr\u00e1ficos n\u00edtidos e precisos. E tudo rodando em sua tela de 15,6 polegadas IPS de 144Hz com resolu\u00e7\u00e3o Full HD e tecnologia antirreflexo. Seu processador Intel Core i5 da 11\u00aa gera\u00e7\u00e3o e mem\u00f3ria de 8GB RAM garante uma jogabilidade mais r\u00e1pida e din\u00e2mica, que vai te levar aos n\u00edveis mais avan\u00e7ados dos jogos. E voc\u00ea pode jogar \u00e0 vontade, o Acer Nitro 5 tem um sistema de resfriamento duplo para garantir que sua m\u00e1quina n\u00e3o esquente, mesmo nos momentos mais intensos* A placa de v\u00eddeo NVIDIA GeForce GTX 1650 torna a sua experi\u00eancia mais imersiva, ainda mais aliada a tecnologia de \u00e1udio DTS X:Ultra \u00c1udio, a cada a\u00e7\u00e3o da jogada voc\u00ea sente seu alto n\u00edvel de realismo. \u00c9 pura emo\u00e7\u00e3o. O Acer Nitro 5 vem equipado com 256GB SSD. \u00c9 muito espa\u00e7o para armazenar todos os seus arquivos e velocidade de leitura e grava\u00e7\u00e3o superior a um HD tradicional. Com o SSD, todos os seus jogos abrir\u00e3o em poucos segundos!<\/p>\n","protected":false},"featured_media":852,"template":"","meta":{"_uag_custom_page_level_css":"","site-sidebar-layout":"default","site-content-layout":"default","ast-site-content-layout":"default","site-content-style":"default","site-sidebar-style":"default","ast-global-header-display":"","ast-banner-title-visibility":"","ast-main-header-display":"","ast-hfb-above-header-display":"","ast-hfb-below-header-display":"","ast-hfb-mobile-header-display":"","site-post-title":"","ast-breadcrumbs-content":"","ast-featured-img":"","footer-sml-layout":"","theme-transparent-header-meta":"default","adv-header-id-meta":"","stick-header-meta":"","header-above-stick-meta":"","header-main-stick-meta":"","header-below-stick-meta":"","astra-migrate-meta-layouts":"default","ast-page-background-enabled":"default","ast-page-background-meta":{"desktop":{"background-color":"","background-image":"","background-repeat":"repeat","background-position":"center center","background-size":"auto","background-attachment":"scroll","background-type":"","background-media":"","overlay-type":"","overlay-color":"","overlay-opacity":"","overlay-gradient":""},"tablet":{"background-color":"","background-image":"","background-repeat":"repeat","background-position":"center center","background-size":"auto","background-attachment":"scroll","background-type":"","background-media":"","overlay-type":"","overlay-color":"","overlay-opacity":"","overlay-gradient":""},"mobile":{"background-color":"","background-image":"","background-repeat":"repeat","background-position":"center center","background-size":"auto","background-attachment":"scroll","background-type":"","background-media":"","overlay-type":"","overlay-color":"","overlay-opacity":"","overlay-gradient":""}},"ast-content-background-meta":{"desktop":{"background-color":"var(--ast-global-color-5)","background-image":"","background-repeat":"repeat","background-position":"center center","background-size":"auto","background-attachment":"scroll","background-type":"","background-media":"","overlay-type":"","overlay-color":"","overlay-opacity":"","overlay-gradient":""},"tablet":{"background-color":"var(--ast-global-color-5)","background-image":"","background-repeat":"repeat","background-position":"center center","background-size":"auto","background-attachment":"scroll","background-type":"","background-media":"","overlay-type":"","overlay-color":"","overlay-opacity":"","overlay-gradient":""},"mobile":{"background-color":"var(--ast-global-color-5)","background-image":"","background-repeat":"repeat","background-position":"center center","background-size":"auto","background-attachment":"scroll","background-type":"","background-media":"","overlay-type":"","overlay-color":"","overlay-opacity":"","overlay-gradient":""}}},"product_brand":[],"product_cat":[75,62],"product_tag":[352,316,81,318,83,160,82,353,163],"class_list":{"0":"post-851","1":"product","2":"type-product","3":"status-publish","4":"has-post-thumbnail","6":"product_cat-informatica-e-acessorios","7":"product_cat-notebook","8":"product_tag-acer-nitro","9":"product_tag-core-i5","10":"product_tag-gamer","11":"product_tag-gtx-1650","12":"product_tag-informatica","13":"product_tag-intel","14":"product_tag-notebook","15":"product_tag-ssd","16":"product_tag-windows-11","17":"desktop-align-center","18":"tablet-align-left","19":"mobile-align-center","21":"first","22":"instock","23":"sale","24":"shipping-taxable","25":"product-type-external"},"uagb_featured_image_src":{"full":["https:\/\/promocaododia.com.br\/site\/wp-content\/uploads\/2022\/10\/Notebook-Gamer-Acer-NVIDIA-GeForce-GTX-1650-Core-i5-11400H-8GB-256GB-SSD-Tela-Full-HD-15.6-Windows-11-Nitro-5-AN515-57-579B.jpg",600,600,false],"thumbnail":["https:\/\/promocaododia.com.br\/site\/wp-content\/uploads\/2022\/10\/Notebook-Gamer-Acer-NVIDIA-GeForce-GTX-1650-Core-i5-11400H-8GB-256GB-SSD-Tela-Full-HD-15.6-Windows-11-Nitro-5-AN515-57-579B-150x150.jpg",150,150,true],"medium":["https:\/\/promocaododia.com.br\/site\/wp-content\/uploads\/2022\/10\/Notebook-Gamer-Acer-NVIDIA-GeForce-GTX-1650-Core-i5-11400H-8GB-256GB-SSD-Tela-Full-HD-15.6-Windows-11-Nitro-5-AN515-57-579B-300x300.jpg",300,300,true],"medium_large":["https:\/\/promocaododia.com.br\/site\/wp-content\/uploads\/2022\/10\/Notebook-Gamer-Acer-NVIDIA-GeForce-GTX-1650-Core-i5-11400H-8GB-256GB-SSD-Tela-Full-HD-15.6-Windows-11-Nitro-5-AN515-57-579B.jpg",600,600,false],"large":["https:\/\/promocaododia.com.br\/site\/wp-content\/uploads\/2022\/10\/Notebook-Gamer-Acer-NVIDIA-GeForce-GTX-1650-Core-i5-11400H-8GB-256GB-SSD-Tela-Full-HD-15.6-Windows-11-Nitro-5-AN515-57-579B.jpg",600,600,false],"1536x1536":["https:\/\/promocaododia.com.br\/site\/wp-content\/uploads\/2022\/10\/Notebook-Gamer-Acer-NVIDIA-GeForce-GTX-1650-Core-i5-11400H-8GB-256GB-SSD-Tela-Full-HD-15.6-Windows-11-Nitro-5-AN515-57-579B.jpg",600,600,false],"2048x2048":["https:\/\/promocaododia.com.br\/site\/wp-content\/uploads\/2022\/10\/Notebook-Gamer-Acer-NVIDIA-GeForce-GTX-1650-Core-i5-11400H-8GB-256GB-SSD-Tela-Full-HD-15.6-Windows-11-Nitro-5-AN515-57-579B.jpg",600,600,false],"woocommerce_thumbnail":["https:\/\/promocaododia.com.br\/site\/wp-content\/uploads\/2022\/10\/Notebook-Gamer-Acer-NVIDIA-GeForce-GTX-1650-Core-i5-11400H-8GB-256GB-SSD-Tela-Full-HD-15.6-Windows-11-Nitro-5-AN515-57-579B-250x250.jpg",250,250,true],"woocommerce_single":["https:\/\/promocaododia.com.br\/site\/wp-content\/uploads\/2022\/10\/Notebook-Gamer-Acer-NVIDIA-GeForce-GTX-1650-Core-i5-11400H-8GB-256GB-SSD-Tela-Full-HD-15.6-Windows-11-Nitro-5-AN515-57-579B-250x250.jpg",250,250,true],"woocommerce_gallery_thumbnail":["https:\/\/promocaododia.com.br\/site\/wp-content\/uploads\/2022\/10\/Notebook-Gamer-Acer-NVIDIA-GeForce-GTX-1650-Core-i5-11400H-8GB-256GB-SSD-Tela-Full-HD-15.6-Windows-11-Nitro-5-AN515-57-579B-100x100.jpg",100,100,true]},"uagb_author_info":{"display_name":"danilo.gbr","author_link":"https:\/\/promocaododia.com.br\/site\/author\/"},"uagb_comment_info":0,"uagb_excerpt":"O Acer Nitro 5 \u00e9 um Notebook perfeito para quem deseja aprimorar sua experi\u00eancia em jogos. Esteja preparado para o desafio, o Aspire Nitro 5 faz voc\u00ea mergulhar de cabe\u00e7a na a\u00e7\u00e3o. Pra come\u00e7ar ele vem com a placa de v\u00eddeo NVIDIA GeForce GTX 1650 com 4 GB de mem\u00f3ria dedicada GDDR6, pensa no desempenho!&hellip;","_links":{"self":[{"href":"https:\/\/promocaododia.com.br\/site\/wp-json\/wp\/v2\/product\/851","targetHints":{"allow":["GET"]}}],"collection":[{"href":"https:\/\/promocaododia.com.br\/site\/wp-json\/wp\/v2\/product"}],"about":[{"href":"https:\/\/promocaododia.com.br\/site\/wp-json\/wp\/v2\/types\/product"}],"wp:featuredmedia":[{"embeddable":true,"href":"https:\/\/promocaododia.com.br\/site\/wp-json\/wp\/v2\/media\/852"}],"wp:attachment":[{"href":"https:\/\/promocaododia.com.br\/site\/wp-json\/wp\/v2\/media?parent=851"}],"wp:term":[{"taxonomy":"product_brand","embeddable":true,"href":"https:\/\/promocaododia.com.br\/site\/wp-json\/wp\/v2\/product_brand?post=851"},{"taxonomy":"product_cat","embeddable":true,"href":"https:\/\/promocaododia.com.br\/site\/wp-json\/wp\/v2\/product_cat?post=851"},{"taxonomy":"product_tag","embeddable":true,"href":"https:\/\/promocaododia.com.br\/site\/wp-json\/wp\/v2\/product_tag?post=851"}],"curies":[{"name":"wp","href":"https:\/\/api.w.org\/{rel}","templated":true}]}}