{"id":853,"date":"2022-10-29T10:36:29","date_gmt":"2022-10-29T13:36:29","guid":{"rendered":"https:\/\/promocaododia.com.br\/site\/?post_type=product&#038;p=853"},"modified":"2022-10-29T10:36:49","modified_gmt":"2022-10-29T13:36:49","slug":"airwrap-styler-5-em-1-secador-de-cabelo-escova-de-ar-quente","status":"publish","type":"product","link":"https:\/\/promocaododia.com.br\/site\/produto\/airwrap-styler-5-em-1-secador-de-cabelo-escova-de-ar-quente\/","title":{"rendered":"Airwrap Styler 5 em 1 secador de cabelo escova de ar quente"},"content":{"rendered":"<ul class=\"a-unordered-list a-vertical a-spacing-mini\">\n<li><span class=\"a-list-item\">\u3010Airwrap Styler 5 em 1\u3011 O secador de escova de ar quente para mulheres vem com cinco acess\u00f3rios de escova intercambi\u00e1veis \u200b\u200bque tornam o alisamento, ondula\u00e7\u00e3o, volumiza\u00e7\u00e3o e massagem no couro cabeludo uma brisa. Combinando o secador com escovas de modelagem, pode caber em diferentes comprimentos de cabelo e criar diferentes estilos.<\/span><\/li>\n<li><span class=\"a-list-item\">\u3010Secador de cabelo de \u00edons negativos\u3011 Nosso alisador de cabelo de ar quente usa tecnologia avan\u00e7ada de \u00edons negativos e revestimento cer\u00e2mico para evitar frizz e est\u00e1tica. Gra\u00e7as \u00e0 combina\u00e7\u00e3o de pino de nylon e cerdas tufadas, nossa escova para secador de cabelo minimiza o emaranhamento e a quebra, al\u00e9m de ajudar a proporcionar massagens confort\u00e1veis \u200b\u200bno couro cabeludo.<\/span><\/li>\n<li><span class=\"a-list-item\">\u3010Configura\u00e7\u00f5es de calor ajust\u00e1veis\u3011 O volumizador do secador de cabelo ocupa 1000W\/110v e oferece 3 controles de temperatura para lhe dar mais controle ao modelar o cabelo. Tamb\u00e9m \u00e9 perfeito para usar em diferentes esta\u00e7\u00f5es para todos os tipos de cabelo para ajud\u00e1-lo a obter facilmente o penteado que sempre desejou.<\/span><\/li>\n<li><span class=\"a-list-item\">\u3010Conveniente e Port\u00e1til\u3011 Esta escova de cabelo \u00e9 leve, facilitando o transporte em qualquer lugar e f\u00e1cil de manobrar, o que \u00e9 \u00f3timo para seus pulsos. Deixe voc\u00ea criar resultados dignos de sal\u00e3o.<\/span><\/li>\n<li><span class=\"a-list-item\">\u3010Secador de cabelo e modelador 5 em 1 fun\u00e7\u00e3o\u3011 Nossa escova de ar quente combina perfeitamente as fun\u00e7\u00f5es de um secador de cabelo tradicional, alisamento, chapinha e pente de cabelo. Pode fornecer variedade de estilo e excelentes resultados para todos os tipos de cabelo. Este \u00e9 um grande presente para mulheres e meninas.<\/span><\/li>\n<\/ul>\n","protected":false},"excerpt":{"rendered":"<p>\u3010Airwrap Styler 5 em 1\u3011 O secador de escova de ar quente para mulheres vem com cinco acess\u00f3rios de escova intercambi\u00e1veis \u200b\u200bque tornam o alisamento, ondula\u00e7\u00e3o, volumiza\u00e7\u00e3o e massagem no couro cabeludo uma brisa. Combinando o secador com escovas de modelagem, pode caber em diferentes comprimentos de cabelo e criar diferentes estilos. \u3010Secador de cabelo de \u00edons negativos\u3011 Nosso alisador de cabelo de ar quente usa tecnologia avan\u00e7ada de \u00edons negativos e revestimento cer\u00e2mico para evitar frizz e est\u00e1tica. Gra\u00e7as \u00e0 combina\u00e7\u00e3o de pino de nylon e cerdas tufadas, nossa escova para secador de cabelo minimiza o emaranhamento e a quebra, al\u00e9m de ajudar a proporcionar massagens confort\u00e1veis \u200b\u200bno couro cabeludo. \u3010Configura\u00e7\u00f5es de calor ajust\u00e1veis\u3011 O volumizador do secador de cabelo ocupa 1000W\/110v e oferece 3 controles de temperatura para lhe dar mais controle ao modelar o cabelo. Tamb\u00e9m \u00e9 perfeito para usar em diferentes esta\u00e7\u00f5es para todos os tipos de cabelo para ajud\u00e1-lo a obter facilmente o penteado que sempre desejou. \u3010Conveniente e Port\u00e1til\u3011 Esta escova de cabelo \u00e9 leve, facilitando o transporte em qualquer lugar e f\u00e1cil de manobrar, o que \u00e9 \u00f3timo para seus pulsos. Deixe voc\u00ea criar resultados dignos de sal\u00e3o. \u3010Secador de cabelo e modelador 5 em 1 fun\u00e7\u00e3o\u3011 Nossa escova de ar quente combina perfeitamente as fun\u00e7\u00f5es de um secador de cabelo tradicional, alisamento, chapinha e pente de cabelo. Pode fornecer variedade de estilo e excelentes resultados para todos os tipos de cabelo. Este \u00e9 um grande presente para mulheres e meninas.<\/p>\n","protected":false},"featured_media":854,"template":"","meta":{"_uag_custom_page_level_css":"","site-sidebar-layout":"default","site-content-layout":"default","ast-site-content-layout":"default","site-content-style":"default","site-sidebar-style":"default","ast-global-header-display":"","ast-banner-title-visibility":"","ast-main-header-display":"","ast-hfb-above-header-display":"","ast-hfb-below-header-display":"","ast-hfb-mobile-header-display":"","site-post-title":"","ast-breadcrumbs-content":"","ast-featured-img":"","footer-sml-layout":"","theme-transparent-header-meta":"default","adv-header-id-meta":"","stick-header-meta":"","header-above-stick-meta":"","header-main-stick-meta":"","header-below-stick-meta":"","astra-migrate-meta-layouts":"default","ast-page-background-enabled":"default","ast-page-background-meta":{"desktop":{"background-color":"","background-image":"","background-repeat":"repeat","background-position":"center center","background-size":"auto","background-attachment":"scroll","background-type":"","background-media":"","overlay-type":"","overlay-color":"","overlay-opacity":"","overlay-gradient":""},"tablet":{"background-color":"","background-image":"","background-repeat":"repeat","background-position":"center center","background-size":"auto","background-attachment":"scroll","background-type":"","background-media":"","overlay-type":"","overlay-color":"","overlay-opacity":"","overlay-gradient":""},"mobile":{"background-color":"","background-image":"","background-repeat":"repeat","background-position":"center center","background-size":"auto","background-attachment":"scroll","background-type":"","background-media":"","overlay-type":"","overlay-color":"","overlay-opacity":"","overlay-gradient":""}},"ast-content-background-meta":{"desktop":{"background-color":"var(--ast-global-color-5)","background-image":"","background-repeat":"repeat","background-position":"center center","background-size":"auto","background-attachment":"scroll","background-type":"","background-media":"","overlay-type":"","overlay-color":"","overlay-opacity":"","overlay-gradient":""},"tablet":{"background-color":"var(--ast-global-color-5)","background-image":"","background-repeat":"repeat","background-position":"center center","background-size":"auto","background-attachment":"scroll","background-type":"","background-media":"","overlay-type":"","overlay-color":"","overlay-opacity":"","overlay-gradient":""},"mobile":{"background-color":"var(--ast-global-color-5)","background-image":"","background-repeat":"repeat","background-position":"center center","background-size":"auto","background-attachment":"scroll","background-type":"","background-media":"","overlay-type":"","overlay-color":"","overlay-opacity":"","overlay-gradient":""}}},"product_brand":[],"product_cat":[33,34],"product_tag":[354,100,356,357,355],"class_list":{"0":"post-853","1":"product","2":"type-product","3":"status-publish","4":"has-post-thumbnail","6":"product_cat-beleza-e-perfumaria","7":"product_cat-secador","8":"product_tag-airwrap","9":"product_tag-beleza","10":"product_tag-escova-de-ar-quente","11":"product_tag-ions-negativos","12":"product_tag-secador","13":"desktop-align-center","14":"tablet-align-left","15":"mobile-align-center","17":"first","18":"instock","19":"shipping-taxable","20":"product-type-external"},"uagb_featured_image_src":{"full":["https:\/\/promocaododia.com.br\/site\/wp-content\/uploads\/2022\/10\/Airwrap-Styler-5-em-1-secador-de-cabelo-escova-de-ar-quente-.jpg",600,600,false],"thumbnail":["https:\/\/promocaododia.com.br\/site\/wp-content\/uploads\/2022\/10\/Airwrap-Styler-5-em-1-secador-de-cabelo-escova-de-ar-quente--150x150.jpg",150,150,true],"medium":["https:\/\/promocaododia.com.br\/site\/wp-content\/uploads\/2022\/10\/Airwrap-Styler-5-em-1-secador-de-cabelo-escova-de-ar-quente--300x300.jpg",300,300,true],"medium_large":["https:\/\/promocaododia.com.br\/site\/wp-content\/uploads\/2022\/10\/Airwrap-Styler-5-em-1-secador-de-cabelo-escova-de-ar-quente-.jpg",600,600,false],"large":["https:\/\/promocaododia.com.br\/site\/wp-content\/uploads\/2022\/10\/Airwrap-Styler-5-em-1-secador-de-cabelo-escova-de-ar-quente-.jpg",600,600,false],"1536x1536":["https:\/\/promocaododia.com.br\/site\/wp-content\/uploads\/2022\/10\/Airwrap-Styler-5-em-1-secador-de-cabelo-escova-de-ar-quente-.jpg",600,600,false],"2048x2048":["https:\/\/promocaododia.com.br\/site\/wp-content\/uploads\/2022\/10\/Airwrap-Styler-5-em-1-secador-de-cabelo-escova-de-ar-quente-.jpg",600,600,false],"woocommerce_thumbnail":["https:\/\/promocaododia.com.br\/site\/wp-content\/uploads\/2022\/10\/Airwrap-Styler-5-em-1-secador-de-cabelo-escova-de-ar-quente--250x250.jpg",250,250,true],"woocommerce_single":["https:\/\/promocaododia.com.br\/site\/wp-content\/uploads\/2022\/10\/Airwrap-Styler-5-em-1-secador-de-cabelo-escova-de-ar-quente--250x250.jpg",250,250,true],"woocommerce_gallery_thumbnail":["https:\/\/promocaododia.com.br\/site\/wp-content\/uploads\/2022\/10\/Airwrap-Styler-5-em-1-secador-de-cabelo-escova-de-ar-quente--100x100.jpg",100,100,true]},"uagb_author_info":{"display_name":"danilo.gbr","author_link":"https:\/\/promocaododia.com.br\/site\/author\/"},"uagb_comment_info":0,"uagb_excerpt":"\u3010Airwrap Styler 5 em 1\u3011 O secador de escova de ar quente para mulheres vem com cinco acess\u00f3rios de escova intercambi\u00e1veis \u200b\u200bque tornam o alisamento, ondula\u00e7\u00e3o, volumiza\u00e7\u00e3o e massagem no couro cabeludo uma brisa. Combinando o secador com escovas de modelagem, pode caber em diferentes comprimentos de cabelo e criar diferentes estilos. \u3010Secador de cabelo&hellip;","_links":{"self":[{"href":"https:\/\/promocaododia.com.br\/site\/wp-json\/wp\/v2\/product\/853","targetHints":{"allow":["GET"]}}],"collection":[{"href":"https:\/\/promocaododia.com.br\/site\/wp-json\/wp\/v2\/product"}],"about":[{"href":"https:\/\/promocaododia.com.br\/site\/wp-json\/wp\/v2\/types\/product"}],"wp:featuredmedia":[{"embeddable":true,"href":"https:\/\/promocaododia.com.br\/site\/wp-json\/wp\/v2\/media\/854"}],"wp:attachment":[{"href":"https:\/\/promocaododia.com.br\/site\/wp-json\/wp\/v2\/media?parent=853"}],"wp:term":[{"taxonomy":"product_brand","embeddable":true,"href":"https:\/\/promocaododia.com.br\/site\/wp-json\/wp\/v2\/product_brand?post=853"},{"taxonomy":"product_cat","embeddable":true,"href":"https:\/\/promocaododia.com.br\/site\/wp-json\/wp\/v2\/product_cat?post=853"},{"taxonomy":"product_tag","embeddable":true,"href":"https:\/\/promocaododia.com.br\/site\/wp-json\/wp\/v2\/product_tag?post=853"}],"curies":[{"name":"wp","href":"https:\/\/api.w.org\/{rel}","templated":true}]}}