{"id":857,"date":"2022-10-30T07:44:25","date_gmt":"2022-10-30T10:44:25","guid":{"rendered":"https:\/\/promocaododia.com.br\/site\/?post_type=product&#038;p=857"},"modified":"2022-10-30T08:15:23","modified_gmt":"2022-10-30T11:15:23","slug":"smartphone-motorola-moto-g22-128gb-4gb-ram-camera-quadrupla-selfie-16mp-tela-6-5-azul","status":"publish","type":"product","link":"https:\/\/promocaododia.com.br\/site\/produto\/smartphone-motorola-moto-g22-128gb-4gb-ram-camera-quadrupla-selfie-16mp-tela-6-5-azul\/","title":{"rendered":"Smartphone Motorola Moto G22 128GB 4GB RAM C\u00e2mera Qu\u00e1drupla + Selfie 16MP Tela 6.5 Azul"},"content":{"rendered":"<p>Modelo: Moto G22<br \/>\nMarca: Motorola<br \/>\nCor: Preto<br \/>\nTipo de Tela: Max Vision<br \/>\nTamanho da Tela: 6,5&#8243;<br \/>\nResolu\u00e7\u00e3o da Tela: HD+ (720 x 1600)<br \/>\nCaracter\u00edstica da Tela: | IPS | 90 Hz<br \/>\nPropor\u00e7\u00e3o da Tela: 20:9<br \/>\nDensidade de Pixels da Tela: 296 ppi<br \/>\nN\u00famero de cores da Tela: 16 M<br \/>\nSistema Operacional: Android 12<br \/>\nProcessador: MediaTek G37 (2,3 GHz Octa-Core)<br \/>\nGPU:GE8320<br \/>\nArmazenamento Total: 128 GB<br \/>\nArmazenamento Dispon\u00edvel: 114 GB<br \/>\nMem\u00f3ria RAM: 4 GB<br \/>\nModelo SIM Card (Chip): Nano SIM (4FF)<br \/>\nMem\u00f3ria Externa*: Micro SD | At\u00e9 1 TB<br \/>\nEntrada do Chip: Dual Chip + SD Card<br \/>\nC\u00e2mera Frontal: 16 MP<br \/>\nC\u00e2mera Principal Frontal: 16 MP | Lente 78 | Abertura f\/2,0<br \/>\nFlash Frontal: Na Tela<br \/>\nFormato de Grava\u00e7\u00e3o de V\u00eddeo: .mp4<br \/>\nResolu\u00e7\u00e3o de Grava\u00e7\u00e3o de V\u00eddeo: Full HD (30 fps)<br \/>\nC\u00e2meras Traseira: 50 MP + 8 MP + 2 MP + 2 MP<br \/>\nC\u00e2mera Traseira Principal: 50 MP | Lente 74 | Abertura f\/1,8<br \/>\nC\u00e2mera Traseira Ultrawide: 8 MP | Lente 118 | Abertura f\/2,2<br \/>\nC\u00e3mera Traseira Macro: 2 MP | Lente 78 | Abertura f\/2,4<br \/>\nSensor de Profundidade: 2 MP | Lente 80 | Abertura f\/2,4<br \/>\nZoom Digital: 8x<br \/>\nZoom \u00d3ptico: N\u00e3o<br \/>\nZoom Combinado: N\u00e3o<br \/>\nFlash: Sim | LED<br \/>\nFoco: Auto Foco | AF<br \/>\nFormato de Grava\u00e7\u00e3o de V\u00eddeo: .mp4<br \/>\nResolu\u00e7\u00e3o de Grava\u00e7\u00e3o de V\u00eddeo: Full HD (30 fps)<br \/>\nBluetooth: Bluetooth 5.0<br \/>\nWi-Fi: 802.11 a\/b\/g\/n\/ac | 2,4 GHz e 5 GHz<br \/>\nGPS: GPS, AGPS, GLONASS, Galileo<br \/>\nNFC: N\u00e3o<br \/>\nR\u00e1dio FM: Sim<br \/>\nTV Digital: N\u00e3o<br \/>\nEntrada P2 Fone de Ouvido: Sim<br \/>\nMicrofone: 2 Microfones<br \/>\nAlto-falante: 1 Alto-falante<br \/>\n&#8220;Bandas*: 2G &#8211; GSM 850\/900\/1800\/1900 MHz<br \/>\n3G &#8211; WCDMA 850\/900\/1700\/1900\/2100 MHz<br \/>\n4G &#8211; LTE B1\/B2\/B3\/B4\/B5\/B7\/B8\/B13\/B26\/B28\/B38\/B40\/B66<br \/>\nBateria: 5000 mAh<br \/>\nTipo de Conector: USB-C<br \/>\nTipo de Carregador: TurboPower 33 W<br \/>\nSensores: Aceler\u00f4metro | Proximidade | Luz Ambiente | Girosc\u00f3pio | B\u00fassola | Impress\u00e3o Digital<br \/>\nGestos: C\u00e2mera instant\u00e2nea | Lanterna r\u00e1pida | Captura de tela com tr\u00eas dedos<br \/>\nDimens\u00f5es: Altura (cm) 16,4 Largura (cm) 7,5 Profundidade (cm) 9 Peso (g)186<\/p>\n<p>Conte\u00fado da Embalagem:<br \/>\n01 TELEFONE<br \/>\n01 CAPA PROTETORA<br \/>\n01 KIT DE MANUAIS<br \/>\n01 FONE DE OUVIDO ESTEREO<br \/>\n01 CABO DE SINCRONIZA\u00c7\u00c3O<br \/>\n01 CARREGADOR TURBOPOWER<br \/>\n01 FERRAMENTA DE REMO\u00c7\u00c3O DO CHIP<\/p>\n","protected":false},"excerpt":{"rendered":"<p>Modelo: Moto G22 Marca: Motorola Cor: Preto Tipo de Tela: Max Vision Tamanho da Tela: 6,5&#8243; Resolu\u00e7\u00e3o da Tela: HD+ (720 x 1600) Caracter\u00edstica da Tela: | IPS | 90 Hz Propor\u00e7\u00e3o da Tela: 20:9 Densidade de Pixels da Tela: 296 ppi N\u00famero de cores da Tela: 16 M Sistema Operacional: Android 12 Processador: MediaTek G37 (2,3 GHz Octa-Core) GPU:GE8320 Armazenamento Total: 128 GB Armazenamento Dispon\u00edvel: 114 GB Mem\u00f3ria RAM: 4 GB Modelo SIM Card (Chip): Nano SIM (4FF) Mem\u00f3ria Externa*: Micro SD | At\u00e9 1 TB Entrada do Chip: Dual Chip + SD Card C\u00e2mera Frontal: 16 MP C\u00e2mera Principal Frontal: 16 MP | Lente 78 | Abertura f\/2,0 Flash Frontal: Na Tela Formato de Grava\u00e7\u00e3o de V\u00eddeo: .mp4 Resolu\u00e7\u00e3o de Grava\u00e7\u00e3o de V\u00eddeo: Full HD (30 fps) C\u00e2meras Traseira: 50 MP + 8 MP + 2 MP + 2 MP C\u00e2mera Traseira Principal: 50 MP | Lente 74 | Abertura f\/1,8 C\u00e2mera Traseira Ultrawide: 8 MP | Lente 118 | Abertura f\/2,2 C\u00e3mera Traseira Macro: 2 MP | Lente 78 | Abertura f\/2,4 Sensor de Profundidade: 2 MP | Lente 80 | Abertura f\/2,4 Zoom Digital: 8x Zoom \u00d3ptico: N\u00e3o Zoom Combinado: N\u00e3o Flash: Sim | LED Foco: Auto Foco | AF Formato de Grava\u00e7\u00e3o de V\u00eddeo: .mp4 Resolu\u00e7\u00e3o de Grava\u00e7\u00e3o de V\u00eddeo: Full HD (30 fps) Bluetooth: Bluetooth 5.0 Wi-Fi: 802.11 a\/b\/g\/n\/ac | 2,4 GHz e 5 GHz GPS: GPS, AGPS, GLONASS, Galileo NFC: N\u00e3o R\u00e1dio FM: Sim TV Digital: N\u00e3o Entrada P2 Fone de Ouvido: Sim Microfone: 2 Microfones Alto-falante: 1 Alto-falante &#8220;Bandas*: 2G &#8211; GSM 850\/900\/1800\/1900 MHz 3G &#8211; WCDMA 850\/900\/1700\/1900\/2100 MHz 4G &#8211; LTE B1\/B2\/B3\/B4\/B5\/B7\/B8\/B13\/B26\/B28\/B38\/B40\/B66 Bateria: 5000 mAh Tipo de Conector: USB-C Tipo de Carregador: TurboPower 33 W Sensores: Aceler\u00f4metro | Proximidade | Luz Ambiente | Girosc\u00f3pio | B\u00fassola | Impress\u00e3o Digital Gestos: C\u00e2mera instant\u00e2nea | Lanterna r\u00e1pida | Captura de tela com tr\u00eas dedos Dimens\u00f5es: Altura (cm) 16,4 Largura (cm) 7,5 Profundidade (cm) 9 Peso (g)186 Conte\u00fado da Embalagem: 01 TELEFONE 01 CAPA PROTETORA 01 KIT DE MANUAIS 01 FONE DE OUVIDO ESTEREO 01 CABO DE SINCRONIZA\u00c7\u00c3O 01 CARREGADOR TURBOPOWER 01 FERRAMENTA DE REMO\u00c7\u00c3O DO CHIP<\/p>\n","protected":false},"featured_media":858,"template":"","meta":{"_uag_custom_page_level_css":"","site-sidebar-layout":"default","site-content-layout":"default","ast-site-content-layout":"default","site-content-style":"default","site-sidebar-style":"default","ast-global-header-display":"","ast-banner-title-visibility":"","ast-main-header-display":"","ast-hfb-above-header-display":"","ast-hfb-below-header-display":"","ast-hfb-mobile-header-display":"","site-post-title":"","ast-breadcrumbs-content":"","ast-featured-img":"","footer-sml-layout":"","theme-transparent-header-meta":"default","adv-header-id-meta":"","stick-header-meta":"","header-above-stick-meta":"","header-main-stick-meta":"","header-below-stick-meta":"","astra-migrate-meta-layouts":"default","ast-page-background-enabled":"default","ast-page-background-meta":{"desktop":{"background-color":"","background-image":"","background-repeat":"repeat","background-position":"center center","background-size":"auto","background-attachment":"scroll","background-type":"","background-media":"","overlay-type":"","overlay-color":"","overlay-opacity":"","overlay-gradient":""},"tablet":{"background-color":"","background-image":"","background-repeat":"repeat","background-position":"center center","background-size":"auto","background-attachment":"scroll","background-type":"","background-media":"","overlay-type":"","overlay-color":"","overlay-opacity":"","overlay-gradient":""},"mobile":{"background-color":"","background-image":"","background-repeat":"repeat","background-position":"center center","background-size":"auto","background-attachment":"scroll","background-type":"","background-media":"","overlay-type":"","overlay-color":"","overlay-opacity":"","overlay-gradient":""}},"ast-content-background-meta":{"desktop":{"background-color":"var(--ast-global-color-5)","background-image":"","background-repeat":"repeat","background-position":"center center","background-size":"auto","background-attachment":"scroll","background-type":"","background-media":"","overlay-type":"","overlay-color":"","overlay-opacity":"","overlay-gradient":""},"tablet":{"background-color":"var(--ast-global-color-5)","background-image":"","background-repeat":"repeat","background-position":"center center","background-size":"auto","background-attachment":"scroll","background-type":"","background-media":"","overlay-type":"","overlay-color":"","overlay-opacity":"","overlay-gradient":""},"mobile":{"background-color":"var(--ast-global-color-5)","background-image":"","background-repeat":"repeat","background-position":"center center","background-size":"auto","background-attachment":"scroll","background-type":"","background-media":"","overlay-type":"","overlay-color":"","overlay-opacity":"","overlay-gradient":""}}},"product_brand":[],"product_cat":[23,35],"product_tag":[260,91,142,140,90],"class_list":{"0":"post-857","1":"product","2":"type-product","3":"status-publish","4":"has-post-thumbnail","6":"product_cat-celulares-e-tablets","7":"product_cat-smartphone","8":"product_tag-128gb","9":"product_tag-celular","10":"product_tag-moto-g22","11":"product_tag-motorola","12":"product_tag-smartphone","13":"desktop-align-center","14":"tablet-align-left","15":"mobile-align-center","17":"first","18":"instock","19":"sale","20":"shipping-taxable","21":"product-type-external"},"uagb_featured_image_src":{"full":["https:\/\/promocaododia.com.br\/site\/wp-content\/uploads\/2022\/10\/Smartphone-Motorola-Moto-G22-128GB-4GB-RAM-Camera-Quadrupla-Selfie-16MP-Tela-6.5-Preto.jpg",600,600,false],"thumbnail":["https:\/\/promocaododia.com.br\/site\/wp-content\/uploads\/2022\/10\/Smartphone-Motorola-Moto-G22-128GB-4GB-RAM-Camera-Quadrupla-Selfie-16MP-Tela-6.5-Preto-150x150.jpg",150,150,true],"medium":["https:\/\/promocaododia.com.br\/site\/wp-content\/uploads\/2022\/10\/Smartphone-Motorola-Moto-G22-128GB-4GB-RAM-Camera-Quadrupla-Selfie-16MP-Tela-6.5-Preto-300x300.jpg",300,300,true],"medium_large":["https:\/\/promocaododia.com.br\/site\/wp-content\/uploads\/2022\/10\/Smartphone-Motorola-Moto-G22-128GB-4GB-RAM-Camera-Quadrupla-Selfie-16MP-Tela-6.5-Preto.jpg",600,600,false],"large":["https:\/\/promocaododia.com.br\/site\/wp-content\/uploads\/2022\/10\/Smartphone-Motorola-Moto-G22-128GB-4GB-RAM-Camera-Quadrupla-Selfie-16MP-Tela-6.5-Preto.jpg",600,600,false],"1536x1536":["https:\/\/promocaododia.com.br\/site\/wp-content\/uploads\/2022\/10\/Smartphone-Motorola-Moto-G22-128GB-4GB-RAM-Camera-Quadrupla-Selfie-16MP-Tela-6.5-Preto.jpg",600,600,false],"2048x2048":["https:\/\/promocaododia.com.br\/site\/wp-content\/uploads\/2022\/10\/Smartphone-Motorola-Moto-G22-128GB-4GB-RAM-Camera-Quadrupla-Selfie-16MP-Tela-6.5-Preto.jpg",600,600,false],"woocommerce_thumbnail":["https:\/\/promocaododia.com.br\/site\/wp-content\/uploads\/2022\/10\/Smartphone-Motorola-Moto-G22-128GB-4GB-RAM-Camera-Quadrupla-Selfie-16MP-Tela-6.5-Preto-250x250.jpg",250,250,true],"woocommerce_single":["https:\/\/promocaododia.com.br\/site\/wp-content\/uploads\/2022\/10\/Smartphone-Motorola-Moto-G22-128GB-4GB-RAM-Camera-Quadrupla-Selfie-16MP-Tela-6.5-Preto-250x250.jpg",250,250,true],"woocommerce_gallery_thumbnail":["https:\/\/promocaododia.com.br\/site\/wp-content\/uploads\/2022\/10\/Smartphone-Motorola-Moto-G22-128GB-4GB-RAM-Camera-Quadrupla-Selfie-16MP-Tela-6.5-Preto-100x100.jpg",100,100,true]},"uagb_author_info":{"display_name":"danilo.gbr","author_link":"https:\/\/promocaododia.com.br\/site\/author\/"},"uagb_comment_info":0,"uagb_excerpt":"Modelo: Moto G22 Marca: Motorola Cor: Preto Tipo de Tela: Max Vision Tamanho da Tela: 6,5&#8243; Resolu\u00e7\u00e3o da Tela: HD+ (720 x 1600) Caracter\u00edstica da Tela: | IPS | 90 Hz Propor\u00e7\u00e3o da Tela: 20:9 Densidade de Pixels da Tela: 296 ppi N\u00famero de cores da Tela: 16 M Sistema Operacional: Android 12 Processador: MediaTek&hellip;","_links":{"self":[{"href":"https:\/\/promocaododia.com.br\/site\/wp-json\/wp\/v2\/product\/857","targetHints":{"allow":["GET"]}}],"collection":[{"href":"https:\/\/promocaododia.com.br\/site\/wp-json\/wp\/v2\/product"}],"about":[{"href":"https:\/\/promocaododia.com.br\/site\/wp-json\/wp\/v2\/types\/product"}],"wp:featuredmedia":[{"embeddable":true,"href":"https:\/\/promocaododia.com.br\/site\/wp-json\/wp\/v2\/media\/858"}],"wp:attachment":[{"href":"https:\/\/promocaododia.com.br\/site\/wp-json\/wp\/v2\/media?parent=857"}],"wp:term":[{"taxonomy":"product_brand","embeddable":true,"href":"https:\/\/promocaododia.com.br\/site\/wp-json\/wp\/v2\/product_brand?post=857"},{"taxonomy":"product_cat","embeddable":true,"href":"https:\/\/promocaododia.com.br\/site\/wp-json\/wp\/v2\/product_cat?post=857"},{"taxonomy":"product_tag","embeddable":true,"href":"https:\/\/promocaododia.com.br\/site\/wp-json\/wp\/v2\/product_tag?post=857"}],"curies":[{"name":"wp","href":"https:\/\/api.w.org\/{rel}","templated":true}]}}