{"id":859,"date":"2022-10-30T08:12:44","date_gmt":"2022-10-30T11:12:44","guid":{"rendered":"https:\/\/promocaododia.com.br\/site\/?post_type=product&#038;p=859"},"modified":"2022-10-30T08:12:45","modified_gmt":"2022-10-30T11:12:45","slug":"batedeira-planetaria-mondial-bp-03-com-12-velocidades-e-700w-preto","status":"publish","type":"product","link":"https:\/\/promocaododia.com.br\/site\/produto\/batedeira-planetaria-mondial-bp-03-com-12-velocidades-e-700w-preto\/","title":{"rendered":"Batedeira Planet\u00e1ria Mondial BP-03 com 12 Velocidades e 700W \u2013 Preto"},"content":{"rendered":"<div class=\"content\"><span class=\"content--name\">Tigela: <\/span><span class=\"content--value\">Pl\u00e1stico<\/span><\/div>\n<div class=\"content\"><span class=\"content--name\">Modelo: <\/span><span class=\"content--value\">Fixa<\/span><\/div>\n<div class=\"content\"><span class=\"content--name\">N\u00ba de velocidades: <\/span><span class=\"content--value\">12<\/span><\/div>\n<div class=\"content\"><span class=\"content--name\">Fun\u00e7\u00e3o Pulsar: <\/span><span class=\"content--value\">N\u00e3o<\/span><\/div>\n<div class=\"content\"><span class=\"content--name\">Base c\/ sistema girat\u00f3rio: <\/span><span class=\"content--value\">N\u00e3o<\/span><\/div>\n<div class=\"content\"><span class=\"content--name\">Batedores p\/ massas leves: <\/span><span class=\"content--value\">Sim<\/span><\/div>\n<div class=\"content\"><span class=\"content--name\">Batedores p\/ massas pesadas: <\/span><span class=\"content--value\">Sim<\/span><\/div>\n<div class=\"content\"><span class=\"content--name\">Outros batedores: <\/span><span class=\"content--value\">Batedor para massas m\u00e9dias <\/span><\/div>\n<div class=\"content\"><span class=\"content--name\">Porta-fio: <\/span><span class=\"content--value\">N\u00e3o<\/span><\/div>\n<div class=\"content\"><span class=\"content--name\">Caracter\u00edsticas Gerais<\/span><span class=\"content--value\">&#8211; Design moderno cm detalhes em inox &#8211; F\u00e1cil de usar &#8211; Tigela pl\u00e1stica com capacidade total de 4,5 L: para receitas de todos os tamanhos &#8211; 12 velocidades: possibilita a escolha ideal da velocidade, conforme o tipo de receita a ser preparada &#8211; 3 tipos de batedores: permite o preparo de massas leves, m\u00e9dias e pesadas &#8211; Sistema de abertura: pr\u00e1tico manuseio e encaixe dos batedores &#8211; Tampa antirrespingos: perfeita para adicionar ingredientes durante o preparo, evitando respingos &#8211; 700W de pot\u00eancia: mais pot\u00eancia para preparar diversos tipos de massas, p\u00e3es, cremes, chantilly e claras em neve &#8211; P\u00e9s com ventosas: garantem a estabilidade durante os preparos<\/span><\/div>\n","protected":false},"excerpt":{"rendered":"<p>Tigela: Pl\u00e1stico Modelo: Fixa N\u00ba de velocidades: 12 Fun\u00e7\u00e3o Pulsar: N\u00e3o Base c\/ sistema girat\u00f3rio: N\u00e3o Batedores p\/ massas leves: Sim Batedores p\/ massas pesadas: Sim Outros batedores: Batedor para massas m\u00e9dias Porta-fio: N\u00e3o Caracter\u00edsticas Gerais&#8211; Design moderno cm detalhes em inox &#8211; F\u00e1cil de usar &#8211; Tigela pl\u00e1stica com capacidade total de 4,5 L: para receitas de todos os tamanhos &#8211; 12 velocidades: possibilita a escolha ideal da velocidade, conforme o tipo de receita a ser preparada &#8211; 3 tipos de batedores: permite o preparo de massas leves, m\u00e9dias e pesadas &#8211; Sistema de abertura: pr\u00e1tico manuseio e encaixe dos batedores &#8211; Tampa antirrespingos: perfeita para adicionar ingredientes durante o preparo, evitando respingos &#8211; 700W de pot\u00eancia: mais pot\u00eancia para preparar diversos tipos de massas, p\u00e3es, cremes, chantilly e claras em neve &#8211; P\u00e9s com ventosas: garantem a estabilidade durante os preparos<\/p>\n","protected":false},"featured_media":860,"template":"","meta":{"_uag_custom_page_level_css":"","site-sidebar-layout":"default","site-content-layout":"default","ast-site-content-layout":"default","site-content-style":"default","site-sidebar-style":"default","ast-global-header-display":"","ast-banner-title-visibility":"","ast-main-header-display":"","ast-hfb-above-header-display":"","ast-hfb-below-header-display":"","ast-hfb-mobile-header-display":"","site-post-title":"","ast-breadcrumbs-content":"","ast-featured-img":"","footer-sml-layout":"","theme-transparent-header-meta":"default","adv-header-id-meta":"","stick-header-meta":"","header-above-stick-meta":"","header-main-stick-meta":"","header-below-stick-meta":"","astra-migrate-meta-layouts":"default","ast-page-background-enabled":"default","ast-page-background-meta":{"desktop":{"background-color":"","background-image":"","background-repeat":"repeat","background-position":"center center","background-size":"auto","background-attachment":"scroll","background-type":"","background-media":"","overlay-type":"","overlay-color":"","overlay-opacity":"","overlay-gradient":""},"tablet":{"background-color":"","background-image":"","background-repeat":"repeat","background-position":"center center","background-size":"auto","background-attachment":"scroll","background-type":"","background-media":"","overlay-type":"","overlay-color":"","overlay-opacity":"","overlay-gradient":""},"mobile":{"background-color":"","background-image":"","background-repeat":"repeat","background-position":"center center","background-size":"auto","background-attachment":"scroll","background-type":"","background-media":"","overlay-type":"","overlay-color":"","overlay-opacity":"","overlay-gradient":""}},"ast-content-background-meta":{"desktop":{"background-color":"var(--ast-global-color-5)","background-image":"","background-repeat":"repeat","background-position":"center center","background-size":"auto","background-attachment":"scroll","background-type":"","background-media":"","overlay-type":"","overlay-color":"","overlay-opacity":"","overlay-gradient":""},"tablet":{"background-color":"var(--ast-global-color-5)","background-image":"","background-repeat":"repeat","background-position":"center center","background-size":"auto","background-attachment":"scroll","background-type":"","background-media":"","overlay-type":"","overlay-color":"","overlay-opacity":"","overlay-gradient":""},"mobile":{"background-color":"var(--ast-global-color-5)","background-image":"","background-repeat":"repeat","background-position":"center center","background-size":"auto","background-attachment":"scroll","background-type":"","background-media":"","overlay-type":"","overlay-color":"","overlay-opacity":"","overlay-gradient":""}}},"product_brand":[],"product_cat":[358,28],"product_tag":[361,359,138,360],"class_list":{"0":"post-859","1":"product","2":"type-product","3":"status-publish","4":"has-post-thumbnail","6":"product_cat-batedeira","7":"product_cat-eletrodomesticos","8":"product_tag-700w","9":"product_tag-batedeira","10":"product_tag-mondial","11":"product_tag-planetaria","12":"desktop-align-center","13":"tablet-align-left","14":"mobile-align-center","16":"first","17":"instock","18":"sale","19":"shipping-taxable","20":"product-type-external"},"uagb_featured_image_src":{"full":["https:\/\/promocaododia.com.br\/site\/wp-content\/uploads\/2022\/10\/Batedeira-Planetaria-Mondial-BP-03-com-12-Velocidades-e-700W-\u2013-Preto.jpg",600,600,false],"thumbnail":["https:\/\/promocaododia.com.br\/site\/wp-content\/uploads\/2022\/10\/Batedeira-Planetaria-Mondial-BP-03-com-12-Velocidades-e-700W-\u2013-Preto-150x150.jpg",150,150,true],"medium":["https:\/\/promocaododia.com.br\/site\/wp-content\/uploads\/2022\/10\/Batedeira-Planetaria-Mondial-BP-03-com-12-Velocidades-e-700W-\u2013-Preto-300x300.jpg",300,300,true],"medium_large":["https:\/\/promocaododia.com.br\/site\/wp-content\/uploads\/2022\/10\/Batedeira-Planetaria-Mondial-BP-03-com-12-Velocidades-e-700W-\u2013-Preto.jpg",600,600,false],"large":["https:\/\/promocaododia.com.br\/site\/wp-content\/uploads\/2022\/10\/Batedeira-Planetaria-Mondial-BP-03-com-12-Velocidades-e-700W-\u2013-Preto.jpg",600,600,false],"1536x1536":["https:\/\/promocaododia.com.br\/site\/wp-content\/uploads\/2022\/10\/Batedeira-Planetaria-Mondial-BP-03-com-12-Velocidades-e-700W-\u2013-Preto.jpg",600,600,false],"2048x2048":["https:\/\/promocaododia.com.br\/site\/wp-content\/uploads\/2022\/10\/Batedeira-Planetaria-Mondial-BP-03-com-12-Velocidades-e-700W-\u2013-Preto.jpg",600,600,false],"woocommerce_thumbnail":["https:\/\/promocaododia.com.br\/site\/wp-content\/uploads\/2022\/10\/Batedeira-Planetaria-Mondial-BP-03-com-12-Velocidades-e-700W-\u2013-Preto-250x250.jpg",250,250,true],"woocommerce_single":["https:\/\/promocaododia.com.br\/site\/wp-content\/uploads\/2022\/10\/Batedeira-Planetaria-Mondial-BP-03-com-12-Velocidades-e-700W-\u2013-Preto-250x250.jpg",250,250,true],"woocommerce_gallery_thumbnail":["https:\/\/promocaododia.com.br\/site\/wp-content\/uploads\/2022\/10\/Batedeira-Planetaria-Mondial-BP-03-com-12-Velocidades-e-700W-\u2013-Preto-100x100.jpg",100,100,true]},"uagb_author_info":{"display_name":"danilo.gbr","author_link":"https:\/\/promocaododia.com.br\/site\/author\/"},"uagb_comment_info":0,"uagb_excerpt":"Tigela: Pl\u00e1stico Modelo: Fixa N\u00ba de velocidades: 12 Fun\u00e7\u00e3o Pulsar: N\u00e3o Base c\/ sistema girat\u00f3rio: N\u00e3o Batedores p\/ massas leves: Sim Batedores p\/ massas pesadas: Sim Outros batedores: Batedor para massas m\u00e9dias Porta-fio: N\u00e3o Caracter\u00edsticas Gerais&#8211; Design moderno cm detalhes em inox &#8211; F\u00e1cil de usar &#8211; Tigela pl\u00e1stica com capacidade total de 4,5 L:&hellip;","_links":{"self":[{"href":"https:\/\/promocaododia.com.br\/site\/wp-json\/wp\/v2\/product\/859","targetHints":{"allow":["GET"]}}],"collection":[{"href":"https:\/\/promocaododia.com.br\/site\/wp-json\/wp\/v2\/product"}],"about":[{"href":"https:\/\/promocaododia.com.br\/site\/wp-json\/wp\/v2\/types\/product"}],"wp:featuredmedia":[{"embeddable":true,"href":"https:\/\/promocaododia.com.br\/site\/wp-json\/wp\/v2\/media\/860"}],"wp:attachment":[{"href":"https:\/\/promocaododia.com.br\/site\/wp-json\/wp\/v2\/media?parent=859"}],"wp:term":[{"taxonomy":"product_brand","embeddable":true,"href":"https:\/\/promocaododia.com.br\/site\/wp-json\/wp\/v2\/product_brand?post=859"},{"taxonomy":"product_cat","embeddable":true,"href":"https:\/\/promocaododia.com.br\/site\/wp-json\/wp\/v2\/product_cat?post=859"},{"taxonomy":"product_tag","embeddable":true,"href":"https:\/\/promocaododia.com.br\/site\/wp-json\/wp\/v2\/product_tag?post=859"}],"curies":[{"name":"wp","href":"https:\/\/api.w.org\/{rel}","templated":true}]}}