{"id":86,"date":"2021-06-07T09:10:57","date_gmt":"2021-06-07T12:10:57","guid":{"rendered":"https:\/\/promocaododia.com.br\/site\/?post_type=product&#038;p=86"},"modified":"2021-06-07T09:10:57","modified_gmt":"2021-06-07T12:10:57","slug":"smart-tv-crystal-uhd-4k-led-50-samsung-50tu8000-wi-fi-bluetooth-hdr-3-hdmi-2-usb","status":"publish","type":"product","link":"https:\/\/promocaododia.com.br\/site\/produto\/smart-tv-crystal-uhd-4k-led-50-samsung-50tu8000-wi-fi-bluetooth-hdr-3-hdmi-2-usb\/","title":{"rendered":"Smart TV Crystal UHD 4K LED 50\u201d Samsung &#8211; 50TU8000 Wi-Fi Bluetooth HDR 3 HDMI 2 USB"},"content":{"rendered":"<p>Postado 07\/06\/2021<\/p>\n<div class=\"product\">\n<div class=\"ptabs\">\n<div class=\"product-factsheet \" data-factsheet-id=\"225605700\">\n<div class=\"tab-content\">\n<div id=\"tab-descricao225605700\" class=\"tab-pane active\">\n<table class=\"tab descricao\">\n<tbody>\n<tr class=\"attribute level1\">\n<td>Tenha uma tela de cinema no conforto da sua sala com a Smart TV, modelo 50TU8000, da Samsung. Ela traz resolu\u00e7\u00e3o 4K, que oferece uma experi\u00eancia \u00fanica com imagens mais realistas para voc\u00ea n\u00e3o perder nenhum detalhe, al\u00e9m de frequ\u00eancia 60Hz e tecnologia Crystal UHD. Com o HDR 10+ ela oferece cores mais apuradas e vivas e design superior com cabos escondidos e a tela mais fina. Com a tecnologia da tela LED, com 50&#8243;, ela permite uma verdadeira imers\u00e3o, independente da onde se olhe e a borda ultrafina com o design sofisticado com 3 bordas proporciona eleg\u00e2ncia ao ambiente. Suas 3 entradas HDMI, 2 de USB, Wi-Fi e Bluetooth possibilitam entretenimento ilimitado por horas e horas. Ela possui, ainda, m\u00faltiplos assistentes pessoais com compatibilidade com Alexia e Bixby e controle remoto \u00fanico para controlar diversos aparelhos conectados \u00e0 TV. Ela tamb\u00e9m \u00e9 perfeita para voc\u00ea que gosta de jogar, pois como o modo game, oferece o melhor tempo de resposta poss\u00edvel!<\/td>\n<\/tr>\n<\/tbody>\n<\/table>\n<\/div>\n<\/div>\n<\/div>\n<\/div>\n<\/div>\n<div class=\"row recomm-white-box recomm-cross\">\n<div class=\"row-fluid recomm-content\">\n<div class=\"row-header\"><\/div>\n<\/div>\n<\/div>\n<p>A equipe Promo\u00e7\u00f5es do dia divulga produtos de nossos parceiros, sendo a venda e p\u00f3s venda de responsabilidade dos mesmos.<\/p>\n<p>Os valores anunciados obtidos\u00a0 no momento da publica\u00e7\u00e3o.<\/p>\n","protected":false},"excerpt":{"rendered":"<p>Postado 07\/06\/2021 Tenha uma tela de cinema no conforto da sua sala com a Smart TV, modelo 50TU8000, da Samsung. Ela traz resolu\u00e7\u00e3o 4K, que oferece uma experi\u00eancia \u00fanica com imagens mais realistas para voc\u00ea n\u00e3o perder nenhum detalhe, al\u00e9m de frequ\u00eancia 60Hz e tecnologia Crystal UHD. Com o HDR 10+ ela oferece cores mais apuradas e vivas e design superior com cabos escondidos e a tela mais fina. Com a tecnologia da tela LED, com 50&#8243;, ela permite uma verdadeira imers\u00e3o, independente da onde se olhe e a borda ultrafina com o design sofisticado com 3 bordas proporciona eleg\u00e2ncia ao ambiente. Suas 3 entradas HDMI, 2 de USB, Wi-Fi e Bluetooth possibilitam entretenimento ilimitado por horas e horas. Ela possui, ainda, m\u00faltiplos assistentes pessoais com compatibilidade com Alexia e Bixby e controle remoto \u00fanico para controlar diversos aparelhos conectados \u00e0 TV. Ela tamb\u00e9m \u00e9 perfeita para voc\u00ea que gosta de jogar, pois como o modo game, oferece o melhor tempo de resposta poss\u00edvel! A equipe Promo\u00e7\u00f5es do dia divulga produtos de nossos parceiros, sendo a venda e p\u00f3s venda de responsabilidade dos mesmos. Os valores anunciados obtidos\u00a0 no momento da publica\u00e7\u00e3o.<\/p>\n","protected":false},"featured_media":87,"template":"","meta":{"_uag_custom_page_level_css":"","site-sidebar-layout":"default","site-content-layout":"","ast-site-content-layout":"default","site-content-style":"default","site-sidebar-style":"default","ast-global-header-display":"","ast-banner-title-visibility":"","ast-main-header-display":"","ast-hfb-above-header-display":"","ast-hfb-below-header-display":"","ast-hfb-mobile-header-display":"","site-post-title":"","ast-breadcrumbs-content":"","ast-featured-img":"","footer-sml-layout":"","theme-transparent-header-meta":"","adv-header-id-meta":"","stick-header-meta":"","header-above-stick-meta":"","header-main-stick-meta":"","header-below-stick-meta":"","astra-migrate-meta-layouts":"default","ast-page-background-enabled":"default","ast-page-background-meta":{"desktop":{"background-color":"","background-image":"","background-repeat":"repeat","background-position":"center center","background-size":"auto","background-attachment":"scroll","background-type":"","background-media":"","overlay-type":"","overlay-color":"","overlay-opacity":"","overlay-gradient":""},"tablet":{"background-color":"","background-image":"","background-repeat":"repeat","background-position":"center center","background-size":"auto","background-attachment":"scroll","background-type":"","background-media":"","overlay-type":"","overlay-color":"","overlay-opacity":"","overlay-gradient":""},"mobile":{"background-color":"","background-image":"","background-repeat":"repeat","background-position":"center center","background-size":"auto","background-attachment":"scroll","background-type":"","background-media":"","overlay-type":"","overlay-color":"","overlay-opacity":"","overlay-gradient":""}},"ast-content-background-meta":{"desktop":{"background-color":"var(--ast-global-color-5)","background-image":"","background-repeat":"repeat","background-position":"center center","background-size":"auto","background-attachment":"scroll","background-type":"","background-media":"","overlay-type":"","overlay-color":"","overlay-opacity":"","overlay-gradient":""},"tablet":{"background-color":"var(--ast-global-color-5)","background-image":"","background-repeat":"repeat","background-position":"center center","background-size":"auto","background-attachment":"scroll","background-type":"","background-media":"","overlay-type":"","overlay-color":"","overlay-opacity":"","overlay-gradient":""},"mobile":{"background-color":"var(--ast-global-color-5)","background-image":"","background-repeat":"repeat","background-position":"center center","background-size":"auto","background-attachment":"scroll","background-type":"","background-media":"","overlay-type":"","overlay-color":"","overlay-opacity":"","overlay-gradient":""}}},"product_brand":[],"product_cat":[25],"product_tag":[],"class_list":{"0":"post-86","1":"product","2":"type-product","3":"status-publish","4":"has-post-thumbnail","6":"product_cat-smart-tv","7":"desktop-align-center","8":"tablet-align-left","9":"mobile-align-center","11":"first","12":"instock","13":"sale","14":"shipping-taxable","15":"product-type-external"},"uagb_featured_image_src":{"full":["https:\/\/promocaododia.com.br\/site\/wp-content\/uploads\/2021\/06\/smarttv.png",250,250,false],"thumbnail":["https:\/\/promocaododia.com.br\/site\/wp-content\/uploads\/2021\/06\/smarttv-150x150.png",150,150,true],"medium":["https:\/\/promocaododia.com.br\/site\/wp-content\/uploads\/2021\/06\/smarttv.png",250,250,false],"medium_large":["https:\/\/promocaododia.com.br\/site\/wp-content\/uploads\/2021\/06\/smarttv.png",250,250,false],"large":["https:\/\/promocaododia.com.br\/site\/wp-content\/uploads\/2021\/06\/smarttv.png",250,250,false],"1536x1536":["https:\/\/promocaododia.com.br\/site\/wp-content\/uploads\/2021\/06\/smarttv.png",250,250,false],"2048x2048":["https:\/\/promocaododia.com.br\/site\/wp-content\/uploads\/2021\/06\/smarttv.png",250,250,false],"woocommerce_thumbnail":["https:\/\/promocaododia.com.br\/site\/wp-content\/uploads\/2021\/06\/smarttv-250x250.png",250,250,true],"woocommerce_single":["https:\/\/promocaododia.com.br\/site\/wp-content\/uploads\/2021\/06\/smarttv.png",250,250,false],"woocommerce_gallery_thumbnail":["https:\/\/promocaododia.com.br\/site\/wp-content\/uploads\/2021\/06\/smarttv-100x100.png",100,100,true]},"uagb_author_info":{"display_name":"danilo.gbr","author_link":"https:\/\/promocaododia.com.br\/site\/author\/"},"uagb_comment_info":0,"uagb_excerpt":"Postado 07\/06\/2021 Tenha uma tela de cinema no conforto da sua sala com a Smart TV, modelo 50TU8000, da Samsung. Ela traz resolu\u00e7\u00e3o 4K, que oferece uma experi\u00eancia \u00fanica com imagens mais realistas para voc\u00ea n\u00e3o perder nenhum detalhe, al\u00e9m de frequ\u00eancia 60Hz e tecnologia Crystal UHD. Com o HDR 10+ ela oferece cores mais&hellip;","_links":{"self":[{"href":"https:\/\/promocaododia.com.br\/site\/wp-json\/wp\/v2\/product\/86","targetHints":{"allow":["GET"]}}],"collection":[{"href":"https:\/\/promocaododia.com.br\/site\/wp-json\/wp\/v2\/product"}],"about":[{"href":"https:\/\/promocaododia.com.br\/site\/wp-json\/wp\/v2\/types\/product"}],"wp:featuredmedia":[{"embeddable":true,"href":"https:\/\/promocaododia.com.br\/site\/wp-json\/wp\/v2\/media\/87"}],"wp:attachment":[{"href":"https:\/\/promocaododia.com.br\/site\/wp-json\/wp\/v2\/media?parent=86"}],"wp:term":[{"taxonomy":"product_brand","embeddable":true,"href":"https:\/\/promocaododia.com.br\/site\/wp-json\/wp\/v2\/product_brand?post=86"},{"taxonomy":"product_cat","embeddable":true,"href":"https:\/\/promocaododia.com.br\/site\/wp-json\/wp\/v2\/product_cat?post=86"},{"taxonomy":"product_tag","embeddable":true,"href":"https:\/\/promocaododia.com.br\/site\/wp-json\/wp\/v2\/product_tag?post=86"}],"curies":[{"name":"wp","href":"https:\/\/api.w.org\/{rel}","templated":true}]}}