{"id":863,"date":"2022-10-30T13:47:54","date_gmt":"2022-10-30T16:47:54","guid":{"rendered":"https:\/\/promocaododia.com.br\/site\/?post_type=product&#038;p=863"},"modified":"2022-10-30T13:52:07","modified_gmt":"2022-10-30T16:52:07","slug":"jogo-de-cama-lencol-duplo-queen-4-pecas-150-fios-beatrice-sonhare","status":"publish","type":"product","link":"https:\/\/promocaododia.com.br\/site\/produto\/jogo-de-cama-lencol-duplo-queen-4-pecas-150-fios-beatrice-sonhare\/","title":{"rendered":"Jogo de Cama Len\u00e7ol Duplo Queen 4 pe\u00e7as 150 Fios Beatrice Sonhare"},"content":{"rendered":"<p>Jogo de Cama Len\u00e7ol Duplo Queen 4 pe\u00e7as 150 Fios Beatrice Sonhare<\/p>\n<p>O Jogo de Cama Duplo confeccionado em tecido 100% poli\u00e9ster com toque de algod\u00e3o e com sua composi\u00e7\u00e3o em 150 fios, traz conforto, aconchego e sensa\u00e7\u00e3o de maciez proporcionando noites de sono mais tranquilas e confort\u00e1veis. Suas cores e estampas atraentes, deixam seu ambiente mais alegre com um toque de modernidade. Beleza e mais tempo de conserva\u00e7\u00e3o do produto com caimento perfeito.<\/p>\n<p>Cont\u00e9m:<\/p>\n<p>01 Len\u00e7ol de cima 2,40m x 2,30m<\/p>\n<p>01 Len\u00e7ol de baixo c\/ el\u00e1stico para colch\u00e3o de 2,00m x 1,60m x at\u00e9 40cm de altura<\/p>\n<p>02 Fronhas 70cm x 50cm<\/p>\n<p>Composi\u00e7\u00e3o:<\/p>\n<p>Tecido: 100% Poli\u00e9ster Toque de algod\u00e3o 150 fios<\/p>\n<p>N\u00e3o forma bolinhas<\/p>\n<p>Secagem r\u00e1pida<\/p>\n<p>N\u00e3o precisa passar<\/p>\n<p>F\u00e1cil de lavar<\/p>\n<p>N\u00e3o desbota<\/p>\n<p>Modelo: Sonhare<\/p>\n","protected":false},"excerpt":{"rendered":"<p>Jogo de Cama Len\u00e7ol Duplo Queen 4 pe\u00e7as 150 Fios Beatrice Sonhare O Jogo de Cama Duplo confeccionado em tecido 100% poli\u00e9ster com toque de algod\u00e3o e com sua composi\u00e7\u00e3o em 150 fios, traz conforto, aconchego e sensa\u00e7\u00e3o de maciez proporcionando noites de sono mais tranquilas e confort\u00e1veis. Suas cores e estampas atraentes, deixam seu ambiente mais alegre com um toque de modernidade. Beleza e mais tempo de conserva\u00e7\u00e3o do produto com caimento perfeito. Cont\u00e9m: 01 Len\u00e7ol de cima 2,40m x 2,30m 01 Len\u00e7ol de baixo c\/ el\u00e1stico para colch\u00e3o de 2,00m x 1,60m x at\u00e9 40cm de altura 02 Fronhas 70cm x 50cm Composi\u00e7\u00e3o: Tecido: 100% Poli\u00e9ster Toque de algod\u00e3o 150 fios N\u00e3o forma bolinhas Secagem r\u00e1pida N\u00e3o precisa passar F\u00e1cil de lavar N\u00e3o desbota Modelo: Sonhare<\/p>\n","protected":false},"featured_media":866,"template":"","meta":{"_uag_custom_page_level_css":"","site-sidebar-layout":"default","site-content-layout":"default","ast-site-content-layout":"default","site-content-style":"default","site-sidebar-style":"default","ast-global-header-display":"","ast-banner-title-visibility":"","ast-main-header-display":"","ast-hfb-above-header-display":"","ast-hfb-below-header-display":"","ast-hfb-mobile-header-display":"","site-post-title":"","ast-breadcrumbs-content":"","ast-featured-img":"","footer-sml-layout":"","theme-transparent-header-meta":"default","adv-header-id-meta":"","stick-header-meta":"","header-above-stick-meta":"","header-main-stick-meta":"","header-below-stick-meta":"","astra-migrate-meta-layouts":"default","ast-page-background-enabled":"default","ast-page-background-meta":{"desktop":{"background-color":"","background-image":"","background-repeat":"repeat","background-position":"center center","background-size":"auto","background-attachment":"scroll","background-type":"","background-media":"","overlay-type":"","overlay-color":"","overlay-opacity":"","overlay-gradient":""},"tablet":{"background-color":"","background-image":"","background-repeat":"repeat","background-position":"center center","background-size":"auto","background-attachment":"scroll","background-type":"","background-media":"","overlay-type":"","overlay-color":"","overlay-opacity":"","overlay-gradient":""},"mobile":{"background-color":"","background-image":"","background-repeat":"repeat","background-position":"center center","background-size":"auto","background-attachment":"scroll","background-type":"","background-media":"","overlay-type":"","overlay-color":"","overlay-opacity":"","overlay-gradient":""}},"ast-content-background-meta":{"desktop":{"background-color":"var(--ast-global-color-5)","background-image":"","background-repeat":"repeat","background-position":"center center","background-size":"auto","background-attachment":"scroll","background-type":"","background-media":"","overlay-type":"","overlay-color":"","overlay-opacity":"","overlay-gradient":""},"tablet":{"background-color":"var(--ast-global-color-5)","background-image":"","background-repeat":"repeat","background-position":"center center","background-size":"auto","background-attachment":"scroll","background-type":"","background-media":"","overlay-type":"","overlay-color":"","overlay-opacity":"","overlay-gradient":""},"mobile":{"background-color":"var(--ast-global-color-5)","background-image":"","background-repeat":"repeat","background-position":"center center","background-size":"auto","background-attachment":"scroll","background-type":"","background-media":"","overlay-type":"","overlay-color":"","overlay-opacity":"","overlay-gradient":""}}},"product_brand":[],"product_cat":[36],"product_tag":[367,350,365,366,341],"class_list":{"0":"post-863","1":"product","2":"type-product","3":"status-publish","4":"has-post-thumbnail","6":"product_cat-cama-mesa-banho","7":"product_tag-150-fios","8":"product_tag-4-pecas","9":"product_tag-jogo-de-cama","10":"product_tag-lencol-duplo","11":"product_tag-queen","12":"desktop-align-center","13":"tablet-align-left","14":"mobile-align-center","16":"first","17":"instock","18":"sale","19":"shipping-taxable","20":"product-type-external"},"uagb_featured_image_src":{"full":["https:\/\/promocaododia.com.br\/site\/wp-content\/uploads\/2022\/10\/Jogo-de-Cama-Lencol-Duplo-Queen-4-pecas-150-Fios-Beatrice-Sonhare-1.jpg",600,600,false],"thumbnail":["https:\/\/promocaododia.com.br\/site\/wp-content\/uploads\/2022\/10\/Jogo-de-Cama-Lencol-Duplo-Queen-4-pecas-150-Fios-Beatrice-Sonhare-1-150x150.jpg",150,150,true],"medium":["https:\/\/promocaododia.com.br\/site\/wp-content\/uploads\/2022\/10\/Jogo-de-Cama-Lencol-Duplo-Queen-4-pecas-150-Fios-Beatrice-Sonhare-1-300x300.jpg",300,300,true],"medium_large":["https:\/\/promocaododia.com.br\/site\/wp-content\/uploads\/2022\/10\/Jogo-de-Cama-Lencol-Duplo-Queen-4-pecas-150-Fios-Beatrice-Sonhare-1.jpg",600,600,false],"large":["https:\/\/promocaododia.com.br\/site\/wp-content\/uploads\/2022\/10\/Jogo-de-Cama-Lencol-Duplo-Queen-4-pecas-150-Fios-Beatrice-Sonhare-1.jpg",600,600,false],"1536x1536":["https:\/\/promocaododia.com.br\/site\/wp-content\/uploads\/2022\/10\/Jogo-de-Cama-Lencol-Duplo-Queen-4-pecas-150-Fios-Beatrice-Sonhare-1.jpg",600,600,false],"2048x2048":["https:\/\/promocaododia.com.br\/site\/wp-content\/uploads\/2022\/10\/Jogo-de-Cama-Lencol-Duplo-Queen-4-pecas-150-Fios-Beatrice-Sonhare-1.jpg",600,600,false],"woocommerce_thumbnail":["https:\/\/promocaododia.com.br\/site\/wp-content\/uploads\/2022\/10\/Jogo-de-Cama-Lencol-Duplo-Queen-4-pecas-150-Fios-Beatrice-Sonhare-1-250x250.jpg",250,250,true],"woocommerce_single":["https:\/\/promocaododia.com.br\/site\/wp-content\/uploads\/2022\/10\/Jogo-de-Cama-Lencol-Duplo-Queen-4-pecas-150-Fios-Beatrice-Sonhare-1-250x250.jpg",250,250,true],"woocommerce_gallery_thumbnail":["https:\/\/promocaododia.com.br\/site\/wp-content\/uploads\/2022\/10\/Jogo-de-Cama-Lencol-Duplo-Queen-4-pecas-150-Fios-Beatrice-Sonhare-1-100x100.jpg",100,100,true]},"uagb_author_info":{"display_name":"danilo.gbr","author_link":"https:\/\/promocaododia.com.br\/site\/author\/"},"uagb_comment_info":0,"uagb_excerpt":"Jogo de Cama Len\u00e7ol Duplo Queen 4 pe\u00e7as 150 Fios Beatrice Sonhare O Jogo de Cama Duplo confeccionado em tecido 100% poli\u00e9ster com toque de algod\u00e3o e com sua composi\u00e7\u00e3o em 150 fios, traz conforto, aconchego e sensa\u00e7\u00e3o de maciez proporcionando noites de sono mais tranquilas e confort\u00e1veis. Suas cores e estampas atraentes, deixam seu&hellip;","_links":{"self":[{"href":"https:\/\/promocaododia.com.br\/site\/wp-json\/wp\/v2\/product\/863","targetHints":{"allow":["GET"]}}],"collection":[{"href":"https:\/\/promocaododia.com.br\/site\/wp-json\/wp\/v2\/product"}],"about":[{"href":"https:\/\/promocaododia.com.br\/site\/wp-json\/wp\/v2\/types\/product"}],"wp:featuredmedia":[{"embeddable":true,"href":"https:\/\/promocaododia.com.br\/site\/wp-json\/wp\/v2\/media\/866"}],"wp:attachment":[{"href":"https:\/\/promocaododia.com.br\/site\/wp-json\/wp\/v2\/media?parent=863"}],"wp:term":[{"taxonomy":"product_brand","embeddable":true,"href":"https:\/\/promocaododia.com.br\/site\/wp-json\/wp\/v2\/product_brand?post=863"},{"taxonomy":"product_cat","embeddable":true,"href":"https:\/\/promocaododia.com.br\/site\/wp-json\/wp\/v2\/product_cat?post=863"},{"taxonomy":"product_tag","embeddable":true,"href":"https:\/\/promocaododia.com.br\/site\/wp-json\/wp\/v2\/product_tag?post=863"}],"curies":[{"name":"wp","href":"https:\/\/api.w.org\/{rel}","templated":true}]}}