{"id":865,"date":"2022-10-30T13:55:26","date_gmt":"2022-10-30T16:55:26","guid":{"rendered":"https:\/\/promocaododia.com.br\/site\/?post_type=product&#038;p=865"},"modified":"2022-10-30T13:55:26","modified_gmt":"2022-10-30T16:55:26","slug":"kit-5-toalhas-banhao-gigante-berlim-75x150cm-central-toalhas-variadas","status":"publish","type":"product","link":"https:\/\/promocaododia.com.br\/site\/produto\/kit-5-toalhas-banhao-gigante-berlim-75x150cm-central-toalhas-variadas\/","title":{"rendered":"Kit 5 Toalhas Banh\u00e3o Gigante Berlim &#8211; 75x150cm &#8211; Central Toalhas (Variadas)"},"content":{"rendered":"<div class=\"a-column a-span6\">\n<div class=\"a-row a-spacing-base\">\n<div class=\"a-row a-expander-container a-expander-extend-container\">\n<div class=\"a-row\">\n<div class=\"a-column a-span6\">\n<h1 class=\"a-size-medium a-spacing-small\">Detalhes t\u00e9cnicos<\/h1>\n<\/div>\n<\/div>\n<div class=\"a-expander-content a-expander-extend-content\" aria-expanded=\"true\">\n<div class=\"a-row a-expander-container a-expander-inline-container\">\n<div class=\"a-expander-content a-expander-section-content a-section-expander-inner\" aria-expanded=\"true\">\n<table id=\"productDetails_techSpec_section_1\" class=\"a-keyvalue prodDetTable\" role=\"presentation\">\n<tbody>\n<tr>\n<th class=\"a-color-secondary a-size-base prodDetSectionEntry\">Nome da marca<\/th>\n<td class=\"a-size-base prodDetAttrValue\">\u200eTecelagem LM<\/td>\n<\/tr>\n<tr>\n<th class=\"a-color-secondary a-size-base prodDetSectionEntry\">Tipo de material<\/th>\n<td class=\"a-size-base prodDetAttrValue\">\u200eAlgod\u00e3o<\/td>\n<\/tr>\n<tr>\n<th class=\"a-color-secondary a-size-base prodDetSectionEntry\">Dimens\u00f5es da embalagem<\/th>\n<td class=\"a-size-base prodDetAttrValue\">\u200e40 x 25 x 21 cm; 2.3 Quilogramas<\/td>\n<\/tr>\n<tr>\n<th class=\"a-color-secondary a-size-base prodDetSectionEntry\">ASIN<\/th>\n<td class=\"a-size-base prodDetAttrValue\">\u200eB091J9LNVN<\/td>\n<\/tr>\n<tr>\n<th class=\"a-color-secondary a-size-base prodDetSectionEntry\">EAN<\/th>\n<td class=\"a-size-base prodDetAttrValue\">\u200e7801809335040, 6015925163116<\/td>\n<\/tr>\n<tr>\n<th class=\"a-color-secondary a-size-base prodDetSectionEntry\">Tipo de material<\/th>\n<td class=\"a-size-base prodDetAttrValue\">\u200e100 % Algod\u00e3o<\/td>\n<\/tr>\n<\/tbody>\n<\/table>\n<\/div>\n<\/div>\n<\/div>\n<\/div>\n<\/div>\n<div class=\"a-row a-spacing-base\"><\/div>\n<\/div>\n<div class=\"a-column a-span6 a-span-last\">\n<div class=\"a-row a-spacing-base\">\n<div id=\"productDetails_db_sections\" class=\"a-section\">\n<h1 class=\"a-size-medium a-spacing-small secHeader\">Informa\u00e7\u00f5es adicionais<\/h1>\n<div class=\"a-section table-padding\">\n<table id=\"productDetails_detailBullets_sections1\" class=\"a-keyvalue prodDetTable\" role=\"presentation\">\n<tbody>\n<tr>\n<th class=\"a-color-secondary a-size-base prodDetSectionEntry\">Dimens\u00f5es do pacote<\/th>\n<td class=\"a-size-base prodDetAttrValue\">40 x 25 x 21 cent\u00edmetros<\/td>\n<\/tr>\n<tr>\n<th class=\"a-color-secondary a-size-base prodDetSectionEntry\">Dispon\u00edvel para compra desde<\/th>\n<td class=\"a-size-base prodDetAttrValue\">26 junho 2019<\/td>\n<\/tr>\n<tr>\n<th class=\"a-color-secondary a-size-base prodDetSectionEntry\">Avalia\u00e7\u00f5es de clientes<\/th>\n<td class=\"a-size-base\">\n<div id=\"averageCustomerReviews\" data-asin=\"B091J9LNVN\" data-ref=\"dpx_acr_pop_\"><span class=\"a-declarative\" data-action=\"acrStarsLink-click-metrics\" data-csa-c-type=\"widget\" data-csa-c-func-deps=\"aui-da-acrStarsLink-click-metrics\" data-acrstarslink-click-metrics=\"{}\" data-csa-c-id=\"oos4eq-txf6jr-2rxp4i-wqwx5b\"><span id=\"acrPopover\" class=\"reviewCountTextLinkedHistogram noUnderline\" title=\"4,1 de 5 estrelas\"><a class=\"a-popover-trigger a-declarative\" role=\"button\"><i class=\"a-icon a-icon-star a-star-4\"><span class=\"a-icon-alt\">4,1 de 5 estrelas<\/span><\/i>\u00a0<i class=\"a-icon a-icon-popover\"><\/i><\/a>\u00a0\u00a0<\/span><\/span>\u00a0<span class=\"a-declarative\" data-action=\"acrLink-click-metrics\" data-csa-c-type=\"widget\" data-csa-c-func-deps=\"aui-da-acrLink-click-metrics\" data-acrlink-click-metrics=\"{}\" data-csa-c-id=\"miqlk2-7esdvm-l42ho2-df5jjl\"><a id=\"acrCustomerReviewLink\" class=\"a-link-normal\" href=\"https:\/\/www.amazon.com.br\/Kit-Toalhas-Banh%C3%A3o-Gigante-Berlim\/dp\/B091J9LNVN\/ref=asc_df_B091J9LNVN\/?tag=googleshopp00-20&amp;linkCode=df0&amp;hvadid=379699013401&amp;hvpos=&amp;hvnetw=g&amp;hvrand=7829004948792810969&amp;hvpone=&amp;hvptwo=&amp;hvqmt=&amp;hvdev=c&amp;hvdvcmdl=&amp;hvlocint=&amp;hvlocphy=1031943&amp;hvtargid=pla-1251753626621&amp;psc=1#customerReviews\"><span id=\"acrCustomerReviewText\" class=\"a-size-base\">134 avalia\u00e7\u00f5es de clientes<\/span><\/a><\/span><\/div>\n<p>4,1 de 5 estrelas<\/td>\n<\/tr>\n<tr>\n<th class=\"a-color-secondary a-size-base prodDetSectionEntry\">Ranking dos mais vendidos<\/th>\n<td>N\u00ba 834 em Casa (<a href=\"https:\/\/www.amazon.com.br\/gp\/bestsellers\/home\/ref=pd_zg_ts_home\">Conhe\u00e7a o Top 100 na categoria Casa<\/a>)<br \/>\nN\u00ba 5 em\u00a0<a href=\"https:\/\/www.amazon.com.br\/gp\/bestsellers\/home\/17100884011\/ref=pd_zg_hrsr_home\">Toalhas de Banho<\/a><\/td>\n<\/tr>\n<\/tbody>\n<\/table>\n<\/div>\n<\/div>\n<\/div>\n<\/div>\n","protected":false},"excerpt":{"rendered":"<p>Detalhes t\u00e9cnicos Nome da marca \u200eTecelagem LM Tipo de material \u200eAlgod\u00e3o Dimens\u00f5es da embalagem \u200e40 x 25 x 21 cm; 2.3 Quilogramas ASIN \u200eB091J9LNVN EAN \u200e7801809335040, 6015925163116 Tipo de material \u200e100 % Algod\u00e3o Informa\u00e7\u00f5es adicionais Dimens\u00f5es do pacote 40 x 25 x 21 cent\u00edmetros Dispon\u00edvel para compra desde 26 junho 2019 Avalia\u00e7\u00f5es de clientes 4,1 de 5 estrelas\u00a0\u00a0\u00a0\u00a0134 avalia\u00e7\u00f5es de clientes 4,1 de 5 estrelas Ranking dos mais vendidos N\u00ba 834 em Casa (Conhe\u00e7a o Top 100 na categoria Casa) N\u00ba 5 em\u00a0Toalhas de Banho<\/p>\n","protected":false},"featured_media":867,"template":"","meta":{"_uag_custom_page_level_css":"","site-sidebar-layout":"default","site-content-layout":"default","ast-site-content-layout":"default","site-content-style":"default","site-sidebar-style":"default","ast-global-header-display":"","ast-banner-title-visibility":"","ast-main-header-display":"","ast-hfb-above-header-display":"","ast-hfb-below-header-display":"","ast-hfb-mobile-header-display":"","site-post-title":"","ast-breadcrumbs-content":"","ast-featured-img":"","footer-sml-layout":"","theme-transparent-header-meta":"default","adv-header-id-meta":"","stick-header-meta":"","header-above-stick-meta":"","header-main-stick-meta":"","header-below-stick-meta":"","astra-migrate-meta-layouts":"default","ast-page-background-enabled":"default","ast-page-background-meta":{"desktop":{"background-color":"","background-image":"","background-repeat":"repeat","background-position":"center center","background-size":"auto","background-attachment":"scroll","background-type":"","background-media":"","overlay-type":"","overlay-color":"","overlay-opacity":"","overlay-gradient":""},"tablet":{"background-color":"","background-image":"","background-repeat":"repeat","background-position":"center center","background-size":"auto","background-attachment":"scroll","background-type":"","background-media":"","overlay-type":"","overlay-color":"","overlay-opacity":"","overlay-gradient":""},"mobile":{"background-color":"","background-image":"","background-repeat":"repeat","background-position":"center center","background-size":"auto","background-attachment":"scroll","background-type":"","background-media":"","overlay-type":"","overlay-color":"","overlay-opacity":"","overlay-gradient":""}},"ast-content-background-meta":{"desktop":{"background-color":"var(--ast-global-color-5)","background-image":"","background-repeat":"repeat","background-position":"center center","background-size":"auto","background-attachment":"scroll","background-type":"","background-media":"","overlay-type":"","overlay-color":"","overlay-opacity":"","overlay-gradient":""},"tablet":{"background-color":"var(--ast-global-color-5)","background-image":"","background-repeat":"repeat","background-position":"center center","background-size":"auto","background-attachment":"scroll","background-type":"","background-media":"","overlay-type":"","overlay-color":"","overlay-opacity":"","overlay-gradient":""},"mobile":{"background-color":"var(--ast-global-color-5)","background-image":"","background-repeat":"repeat","background-position":"center center","background-size":"auto","background-attachment":"scroll","background-type":"","background-media":"","overlay-type":"","overlay-color":"","overlay-opacity":"","overlay-gradient":""}}},"product_brand":[],"product_cat":[36],"product_tag":[368,119,369,370],"class_list":{"0":"post-865","1":"product","2":"type-product","3":"status-publish","4":"has-post-thumbnail","6":"product_cat-cama-mesa-banho","7":"product_tag-5-toalhas","8":"product_tag-kit","9":"product_tag-toalha-banhao","10":"product_tag-toalha-gigante","11":"desktop-align-center","12":"tablet-align-left","13":"mobile-align-center","15":"first","16":"instock","17":"shipping-taxable","18":"product-type-external"},"uagb_featured_image_src":{"full":["https:\/\/promocaododia.com.br\/site\/wp-content\/uploads\/2022\/10\/Kit-5-Toalhas-Banhao-Gigante-Berlim-75x150cm-Central-Toalhas-Variadas.jpg",600,600,false],"thumbnail":["https:\/\/promocaododia.com.br\/site\/wp-content\/uploads\/2022\/10\/Kit-5-Toalhas-Banhao-Gigante-Berlim-75x150cm-Central-Toalhas-Variadas-150x150.jpg",150,150,true],"medium":["https:\/\/promocaododia.com.br\/site\/wp-content\/uploads\/2022\/10\/Kit-5-Toalhas-Banhao-Gigante-Berlim-75x150cm-Central-Toalhas-Variadas-300x300.jpg",300,300,true],"medium_large":["https:\/\/promocaododia.com.br\/site\/wp-content\/uploads\/2022\/10\/Kit-5-Toalhas-Banhao-Gigante-Berlim-75x150cm-Central-Toalhas-Variadas.jpg",600,600,false],"large":["https:\/\/promocaododia.com.br\/site\/wp-content\/uploads\/2022\/10\/Kit-5-Toalhas-Banhao-Gigante-Berlim-75x150cm-Central-Toalhas-Variadas.jpg",600,600,false],"1536x1536":["https:\/\/promocaododia.com.br\/site\/wp-content\/uploads\/2022\/10\/Kit-5-Toalhas-Banhao-Gigante-Berlim-75x150cm-Central-Toalhas-Variadas.jpg",600,600,false],"2048x2048":["https:\/\/promocaododia.com.br\/site\/wp-content\/uploads\/2022\/10\/Kit-5-Toalhas-Banhao-Gigante-Berlim-75x150cm-Central-Toalhas-Variadas.jpg",600,600,false],"woocommerce_thumbnail":["https:\/\/promocaododia.com.br\/site\/wp-content\/uploads\/2022\/10\/Kit-5-Toalhas-Banhao-Gigante-Berlim-75x150cm-Central-Toalhas-Variadas-250x250.jpg",250,250,true],"woocommerce_single":["https:\/\/promocaododia.com.br\/site\/wp-content\/uploads\/2022\/10\/Kit-5-Toalhas-Banhao-Gigante-Berlim-75x150cm-Central-Toalhas-Variadas-250x250.jpg",250,250,true],"woocommerce_gallery_thumbnail":["https:\/\/promocaododia.com.br\/site\/wp-content\/uploads\/2022\/10\/Kit-5-Toalhas-Banhao-Gigante-Berlim-75x150cm-Central-Toalhas-Variadas-100x100.jpg",100,100,true]},"uagb_author_info":{"display_name":"danilo.gbr","author_link":"https:\/\/promocaododia.com.br\/site\/author\/"},"uagb_comment_info":0,"uagb_excerpt":"Detalhes t\u00e9cnicos Nome da marca \u200eTecelagem LM Tipo de material \u200eAlgod\u00e3o Dimens\u00f5es da embalagem \u200e40 x 25 x 21 cm; 2.3 Quilogramas ASIN \u200eB091J9LNVN EAN \u200e7801809335040, 6015925163116 Tipo de material \u200e100 % Algod\u00e3o Informa\u00e7\u00f5es adicionais Dimens\u00f5es do pacote 40 x 25 x 21 cent\u00edmetros Dispon\u00edvel para compra desde 26 junho 2019 Avalia\u00e7\u00f5es de clientes 4,1&hellip;","_links":{"self":[{"href":"https:\/\/promocaododia.com.br\/site\/wp-json\/wp\/v2\/product\/865","targetHints":{"allow":["GET"]}}],"collection":[{"href":"https:\/\/promocaododia.com.br\/site\/wp-json\/wp\/v2\/product"}],"about":[{"href":"https:\/\/promocaododia.com.br\/site\/wp-json\/wp\/v2\/types\/product"}],"wp:featuredmedia":[{"embeddable":true,"href":"https:\/\/promocaododia.com.br\/site\/wp-json\/wp\/v2\/media\/867"}],"wp:attachment":[{"href":"https:\/\/promocaododia.com.br\/site\/wp-json\/wp\/v2\/media?parent=865"}],"wp:term":[{"taxonomy":"product_brand","embeddable":true,"href":"https:\/\/promocaododia.com.br\/site\/wp-json\/wp\/v2\/product_brand?post=865"},{"taxonomy":"product_cat","embeddable":true,"href":"https:\/\/promocaododia.com.br\/site\/wp-json\/wp\/v2\/product_cat?post=865"},{"taxonomy":"product_tag","embeddable":true,"href":"https:\/\/promocaododia.com.br\/site\/wp-json\/wp\/v2\/product_tag?post=865"}],"curies":[{"name":"wp","href":"https:\/\/api.w.org\/{rel}","templated":true}]}}