{"id":868,"date":"2022-10-30T14:04:30","date_gmt":"2022-10-30T17:04:30","guid":{"rendered":"https:\/\/promocaododia.com.br\/site\/?post_type=product&#038;p=868"},"modified":"2022-10-30T14:04:54","modified_gmt":"2022-10-30T17:04:54","slug":"tela-40-pol-full-hd-funcao-smart-e-wi-fi-integrado-hdmi-usb-rj45-av-multilaser-tl043","status":"publish","type":"product","link":"https:\/\/promocaododia.com.br\/site\/produto\/tela-40-pol-full-hd-funcao-smart-e-wi-fi-integrado-hdmi-usb-rj45-av-multilaser-tl043\/","title":{"rendered":"Tela 40 Pol. Full HD Fun\u00e7\u00e3o Smart e Wi-Fi Integrado HDMI USB RJ45 AV Multilaser &#8211; TL043"},"content":{"rendered":"<p>Tela 40 Pol. Full HD Fun\u00e7\u00e3o Smart e Wi-Fi Integrado HDMI USB RJ45 AV Multilaser &#8211; TL043<\/p>\n<p>Tela 40 Pol. Full HD Multilaser, a realidade al\u00e9m dos pixels.<\/p>\n<p>Desenvolvida para proporcionar alta defini\u00e7\u00e3o para voc\u00ea n\u00e3o perder nenhum detalhe do futebol, novela e programas preferidos.<\/p>\n<p>Possui Processador Quad Core que melhora a performance do produto e experi\u00eancia do usu\u00e1rio.<\/p>\n<p>Conta com Netflix, Youtube e Prime Video, j\u00e1 instalados.<\/p>\n<p>Ficha T\u00e9cnica<\/p>\n<p>Marca: Multilaser<br \/>\nModelo: TL043<br \/>\nSmart: Sim<br \/>\nStereo: Sim<br \/>\nHDR: HDR10<br \/>\nBrilho: 230cd\/m2<br \/>\nContraste: 5000:1<br \/>\nTempo de Resposta: 9.5ms<br \/>\n\u00c2ngulo De Vis\u00e3o:178\u00b0H X 178\u00b0V<br \/>\nPeso do produto:7450.00g<br \/>\nLargura do produto: 100.0cm<br \/>\nAltura do produto: 56.0cm<br \/>\nComprimento do produto:13.0cm<br \/>\nFrequ\u00eancia do Painel (Hz):60Hz<br \/>\nDimens\u00f5es com Suporte:905.3*558.5*237.2<br \/>\nDimens\u00f5es sem Suporte:905.3*514.8*74.7<br \/>\nModo de Som: Standard\/Music\/Sport\/Movie\/User<br \/>\nModo de Imagem: Standard\/Movie\/User\/Dynamic<br \/>\nCERTIFICADO ANATEL: 08468-19-12628<\/p>\n<p>ENTRADAS E SA\u00cdDAS: 3XHDMI; 2x USB; 1xRJ45, 1xAV<\/p>\n<p>* Imagens meramente ilustrativas. *<\/p>\n","protected":false},"excerpt":{"rendered":"<p>Tela 40 Pol. Full HD Fun\u00e7\u00e3o Smart e Wi-Fi Integrado HDMI USB RJ45 AV Multilaser &#8211; TL043 Tela 40 Pol. Full HD Multilaser, a realidade al\u00e9m dos pixels. Desenvolvida para proporcionar alta defini\u00e7\u00e3o para voc\u00ea n\u00e3o perder nenhum detalhe do futebol, novela e programas preferidos. Possui Processador Quad Core que melhora a performance do produto e experi\u00eancia do usu\u00e1rio. Conta com Netflix, Youtube e Prime Video, j\u00e1 instalados. Ficha T\u00e9cnica Marca: Multilaser Modelo: TL043 Smart: Sim Stereo: Sim HDR: HDR10 Brilho: 230cd\/m2 Contraste: 5000:1 Tempo de Resposta: 9.5ms \u00c2ngulo De Vis\u00e3o:178\u00b0H X 178\u00b0V Peso do produto:7450.00g Largura do produto: 100.0cm Altura do produto: 56.0cm Comprimento do produto:13.0cm Frequ\u00eancia do Painel (Hz):60Hz Dimens\u00f5es com Suporte:905.3*558.5*237.2 Dimens\u00f5es sem Suporte:905.3*514.8*74.7 Modo de Som: Standard\/Music\/Sport\/Movie\/User Modo de Imagem: Standard\/Movie\/User\/Dynamic CERTIFICADO ANATEL: 08468-19-12628 ENTRADAS E SA\u00cdDAS: 3XHDMI; 2x USB; 1xRJ45, 1xAV * Imagens meramente ilustrativas. *<\/p>\n","protected":false},"featured_media":869,"template":"","meta":{"_uag_custom_page_level_css":"","site-sidebar-layout":"default","site-content-layout":"default","ast-site-content-layout":"default","site-content-style":"default","site-sidebar-style":"default","ast-global-header-display":"","ast-banner-title-visibility":"","ast-main-header-display":"","ast-hfb-above-header-display":"","ast-hfb-below-header-display":"","ast-hfb-mobile-header-display":"","site-post-title":"","ast-breadcrumbs-content":"","ast-featured-img":"","footer-sml-layout":"","theme-transparent-header-meta":"default","adv-header-id-meta":"","stick-header-meta":"","header-above-stick-meta":"","header-main-stick-meta":"","header-below-stick-meta":"","astra-migrate-meta-layouts":"default","ast-page-background-enabled":"default","ast-page-background-meta":{"desktop":{"background-color":"","background-image":"","background-repeat":"repeat","background-position":"center center","background-size":"auto","background-attachment":"scroll","background-type":"","background-media":"","overlay-type":"","overlay-color":"","overlay-opacity":"","overlay-gradient":""},"tablet":{"background-color":"","background-image":"","background-repeat":"repeat","background-position":"center center","background-size":"auto","background-attachment":"scroll","background-type":"","background-media":"","overlay-type":"","overlay-color":"","overlay-opacity":"","overlay-gradient":""},"mobile":{"background-color":"","background-image":"","background-repeat":"repeat","background-position":"center center","background-size":"auto","background-attachment":"scroll","background-type":"","background-media":"","overlay-type":"","overlay-color":"","overlay-opacity":"","overlay-gradient":""}},"ast-content-background-meta":{"desktop":{"background-color":"var(--ast-global-color-5)","background-image":"","background-repeat":"repeat","background-position":"center center","background-size":"auto","background-attachment":"scroll","background-type":"","background-media":"","overlay-type":"","overlay-color":"","overlay-opacity":"","overlay-gradient":""},"tablet":{"background-color":"var(--ast-global-color-5)","background-image":"","background-repeat":"repeat","background-position":"center center","background-size":"auto","background-attachment":"scroll","background-type":"","background-media":"","overlay-type":"","overlay-color":"","overlay-opacity":"","overlay-gradient":""},"mobile":{"background-color":"var(--ast-global-color-5)","background-image":"","background-repeat":"repeat","background-position":"center center","background-size":"auto","background-attachment":"scroll","background-type":"","background-media":"","overlay-type":"","overlay-color":"","overlay-opacity":"","overlay-gradient":""}}},"product_brand":[],"product_cat":[38,25,76],"product_tag":[372,125,371,193],"class_list":{"0":"post-868","1":"product","2":"type-product","3":"status-publish","4":"has-post-thumbnail","6":"product_cat-eletronicos","7":"product_cat-smart-tv","8":"product_cat-tv-e-video","9":"product_tag-multilaser","10":"product_tag-smart-tv","11":"product_tag-tv-40","12":"product_tag-wi-fi","13":"desktop-align-center","14":"tablet-align-left","15":"mobile-align-center","17":"first","18":"instock","19":"sale","20":"shipping-taxable","21":"product-type-external"},"uagb_featured_image_src":{"full":["https:\/\/promocaododia.com.br\/site\/wp-content\/uploads\/2022\/10\/Tela-40-Pol.-Full-HD-Funcao-Smart-e-Wi-Fi-Integrado-HDMI-USB-RJ45-AV-Multilaser-TL043.jpg",600,600,false],"thumbnail":["https:\/\/promocaododia.com.br\/site\/wp-content\/uploads\/2022\/10\/Tela-40-Pol.-Full-HD-Funcao-Smart-e-Wi-Fi-Integrado-HDMI-USB-RJ45-AV-Multilaser-TL043-150x150.jpg",150,150,true],"medium":["https:\/\/promocaododia.com.br\/site\/wp-content\/uploads\/2022\/10\/Tela-40-Pol.-Full-HD-Funcao-Smart-e-Wi-Fi-Integrado-HDMI-USB-RJ45-AV-Multilaser-TL043-300x300.jpg",300,300,true],"medium_large":["https:\/\/promocaododia.com.br\/site\/wp-content\/uploads\/2022\/10\/Tela-40-Pol.-Full-HD-Funcao-Smart-e-Wi-Fi-Integrado-HDMI-USB-RJ45-AV-Multilaser-TL043.jpg",600,600,false],"large":["https:\/\/promocaododia.com.br\/site\/wp-content\/uploads\/2022\/10\/Tela-40-Pol.-Full-HD-Funcao-Smart-e-Wi-Fi-Integrado-HDMI-USB-RJ45-AV-Multilaser-TL043.jpg",600,600,false],"1536x1536":["https:\/\/promocaododia.com.br\/site\/wp-content\/uploads\/2022\/10\/Tela-40-Pol.-Full-HD-Funcao-Smart-e-Wi-Fi-Integrado-HDMI-USB-RJ45-AV-Multilaser-TL043.jpg",600,600,false],"2048x2048":["https:\/\/promocaododia.com.br\/site\/wp-content\/uploads\/2022\/10\/Tela-40-Pol.-Full-HD-Funcao-Smart-e-Wi-Fi-Integrado-HDMI-USB-RJ45-AV-Multilaser-TL043.jpg",600,600,false],"woocommerce_thumbnail":["https:\/\/promocaododia.com.br\/site\/wp-content\/uploads\/2022\/10\/Tela-40-Pol.-Full-HD-Funcao-Smart-e-Wi-Fi-Integrado-HDMI-USB-RJ45-AV-Multilaser-TL043-250x250.jpg",250,250,true],"woocommerce_single":["https:\/\/promocaododia.com.br\/site\/wp-content\/uploads\/2022\/10\/Tela-40-Pol.-Full-HD-Funcao-Smart-e-Wi-Fi-Integrado-HDMI-USB-RJ45-AV-Multilaser-TL043-250x250.jpg",250,250,true],"woocommerce_gallery_thumbnail":["https:\/\/promocaododia.com.br\/site\/wp-content\/uploads\/2022\/10\/Tela-40-Pol.-Full-HD-Funcao-Smart-e-Wi-Fi-Integrado-HDMI-USB-RJ45-AV-Multilaser-TL043-100x100.jpg",100,100,true]},"uagb_author_info":{"display_name":"danilo.gbr","author_link":"https:\/\/promocaododia.com.br\/site\/author\/"},"uagb_comment_info":0,"uagb_excerpt":"Tela 40 Pol. Full HD Fun\u00e7\u00e3o Smart e Wi-Fi Integrado HDMI USB RJ45 AV Multilaser &#8211; TL043 Tela 40 Pol. Full HD Multilaser, a realidade al\u00e9m dos pixels. Desenvolvida para proporcionar alta defini\u00e7\u00e3o para voc\u00ea n\u00e3o perder nenhum detalhe do futebol, novela e programas preferidos. Possui Processador Quad Core que melhora a performance do produto&hellip;","_links":{"self":[{"href":"https:\/\/promocaododia.com.br\/site\/wp-json\/wp\/v2\/product\/868","targetHints":{"allow":["GET"]}}],"collection":[{"href":"https:\/\/promocaododia.com.br\/site\/wp-json\/wp\/v2\/product"}],"about":[{"href":"https:\/\/promocaododia.com.br\/site\/wp-json\/wp\/v2\/types\/product"}],"wp:featuredmedia":[{"embeddable":true,"href":"https:\/\/promocaododia.com.br\/site\/wp-json\/wp\/v2\/media\/869"}],"wp:attachment":[{"href":"https:\/\/promocaododia.com.br\/site\/wp-json\/wp\/v2\/media?parent=868"}],"wp:term":[{"taxonomy":"product_brand","embeddable":true,"href":"https:\/\/promocaododia.com.br\/site\/wp-json\/wp\/v2\/product_brand?post=868"},{"taxonomy":"product_cat","embeddable":true,"href":"https:\/\/promocaododia.com.br\/site\/wp-json\/wp\/v2\/product_cat?post=868"},{"taxonomy":"product_tag","embeddable":true,"href":"https:\/\/promocaododia.com.br\/site\/wp-json\/wp\/v2\/product_tag?post=868"}],"curies":[{"name":"wp","href":"https:\/\/api.w.org\/{rel}","templated":true}]}}