{"id":872,"date":"2022-10-31T08:07:14","date_gmt":"2022-10-31T11:07:14","guid":{"rendered":"https:\/\/promocaododia.com.br\/site\/?post_type=product&#038;p=872"},"modified":"2022-10-31T08:07:14","modified_gmt":"2022-10-31T11:07:14","slug":"tablet-samsung-galaxy-tab-s6-lite-104-4g-wi-fi-64gb-android-10-octa-core-com-caneta-e-capa","status":"publish","type":"product","link":"https:\/\/promocaododia.com.br\/site\/produto\/tablet-samsung-galaxy-tab-s6-lite-104-4g-wi-fi-64gb-android-10-octa-core-com-caneta-e-capa\/","title":{"rendered":"Tablet Samsung Galaxy Tab S6 Lite 10,4\u201d 4G Wi-Fi &#8211; 64GB Android 10 Octa-Core com Caneta e Capa"},"content":{"rendered":"<p>Tenha criatividade sem limites com este produto da Samsung. O Galaxy Tab S6 Lite \u00e9 um tablet que o ajuda a se preparar para todos os desafios que a vida tem para lhe oferecer. Desfrute de uma imagem impressionante em sua tela de 10,4&#8243;, sendo ideal para voc\u00ea mergulhar nos seus conte\u00fados favoritos. Com um processador Octa-Core e 4GB de mem\u00f3ria RAM ele \u00e9 perfeito para multi tarefas! Fique sempre conectado nas redes sociais com a tecnologia Wi-Fi e 4G. Fa\u00e7a fotos criativas e compartilhe com seus amigos ou familiares, seja na c\u00e2mera frontal de 5MP ou na c\u00e2mera traseira de 8MP. Com 64GB de armazenamento interno, ele tem muito espa\u00e7o para guardar suas fotos, m\u00fasicas ou v\u00eddeos! Solte sua imagina\u00e7\u00e3o ao usar a caneta S-Pen, seja no trabalho ou no lazer. Na hora de sentar e assistir a v\u00eddeos, ajuste o \u00e2ngulo para uma posi\u00e7\u00e3o visual confort\u00e1vel com a capa protetora. Seu sistema operacional Android 10 oferece facilidade de uso, al\u00e9m de contar com o modo infantil Samsung Kids j\u00e1 embarcado. Gra\u00e7as a bateria de 7040mAh o tablet consegue te acompanhar o dia todinho, al\u00e9m de contar com carregamento r\u00e1pido.<\/p>\n","protected":false},"excerpt":{"rendered":"<p>Tenha criatividade sem limites com este produto da Samsung. O Galaxy Tab S6 Lite \u00e9 um tablet que o ajuda a se preparar para todos os desafios que a vida tem para lhe oferecer. Desfrute de uma imagem impressionante em sua tela de 10,4&#8243;, sendo ideal para voc\u00ea mergulhar nos seus conte\u00fados favoritos. Com um processador Octa-Core e 4GB de mem\u00f3ria RAM ele \u00e9 perfeito para multi tarefas! Fique sempre conectado nas redes sociais com a tecnologia Wi-Fi e 4G. Fa\u00e7a fotos criativas e compartilhe com seus amigos ou familiares, seja na c\u00e2mera frontal de 5MP ou na c\u00e2mera traseira de 8MP. Com 64GB de armazenamento interno, ele tem muito espa\u00e7o para guardar suas fotos, m\u00fasicas ou v\u00eddeos! Solte sua imagina\u00e7\u00e3o ao usar a caneta S-Pen, seja no trabalho ou no lazer. Na hora de sentar e assistir a v\u00eddeos, ajuste o \u00e2ngulo para uma posi\u00e7\u00e3o visual confort\u00e1vel com a capa protetora. Seu sistema operacional Android 10 oferece facilidade de uso, al\u00e9m de contar com o modo infantil Samsung Kids j\u00e1 embarcado. Gra\u00e7as a bateria de 7040mAh o tablet consegue te acompanhar o dia todinho, al\u00e9m de contar com carregamento r\u00e1pido.<\/p>\n","protected":false},"featured_media":873,"template":"","meta":{"_uag_custom_page_level_css":"","site-sidebar-layout":"default","site-content-layout":"default","ast-site-content-layout":"default","site-content-style":"default","site-sidebar-style":"default","ast-global-header-display":"","ast-banner-title-visibility":"","ast-main-header-display":"","ast-hfb-above-header-display":"","ast-hfb-below-header-display":"","ast-hfb-mobile-header-display":"","site-post-title":"","ast-breadcrumbs-content":"","ast-featured-img":"","footer-sml-layout":"","theme-transparent-header-meta":"default","adv-header-id-meta":"","stick-header-meta":"","header-above-stick-meta":"","header-main-stick-meta":"","header-below-stick-meta":"","astra-migrate-meta-layouts":"default","ast-page-background-enabled":"default","ast-page-background-meta":{"desktop":{"background-color":"","background-image":"","background-repeat":"repeat","background-position":"center center","background-size":"auto","background-attachment":"scroll","background-type":"","background-media":"","overlay-type":"","overlay-color":"","overlay-opacity":"","overlay-gradient":""},"tablet":{"background-color":"","background-image":"","background-repeat":"repeat","background-position":"center center","background-size":"auto","background-attachment":"scroll","background-type":"","background-media":"","overlay-type":"","overlay-color":"","overlay-opacity":"","overlay-gradient":""},"mobile":{"background-color":"","background-image":"","background-repeat":"repeat","background-position":"center center","background-size":"auto","background-attachment":"scroll","background-type":"","background-media":"","overlay-type":"","overlay-color":"","overlay-opacity":"","overlay-gradient":""}},"ast-content-background-meta":{"desktop":{"background-color":"var(--ast-global-color-5)","background-image":"","background-repeat":"repeat","background-position":"center center","background-size":"auto","background-attachment":"scroll","background-type":"","background-media":"","overlay-type":"","overlay-color":"","overlay-opacity":"","overlay-gradient":""},"tablet":{"background-color":"var(--ast-global-color-5)","background-image":"","background-repeat":"repeat","background-position":"center center","background-size":"auto","background-attachment":"scroll","background-type":"","background-media":"","overlay-type":"","overlay-color":"","overlay-opacity":"","overlay-gradient":""},"mobile":{"background-color":"var(--ast-global-color-5)","background-image":"","background-repeat":"repeat","background-position":"center center","background-size":"auto","background-attachment":"scroll","background-type":"","background-media":"","overlay-type":"","overlay-color":"","overlay-opacity":"","overlay-gradient":""}}},"product_brand":[],"product_cat":[23],"product_tag":[375,376,89,377],"class_list":{"0":"post-872","1":"product","2":"type-product","3":"status-publish","4":"has-post-thumbnail","6":"product_cat-celulares-e-tablets","7":"product_tag-galaxy-tab-s6","8":"product_tag-octa-core","9":"product_tag-samsung","10":"product_tag-tablet","11":"desktop-align-center","12":"tablet-align-left","13":"mobile-align-center","15":"first","16":"instock","17":"sale","18":"shipping-taxable","19":"product-type-external"},"uagb_featured_image_src":{"full":["https:\/\/promocaododia.com.br\/site\/wp-content\/uploads\/2022\/10\/Tablet-Samsung-Galaxy-Tab-S6-Lite-104-4G-Wi-Fi-64GB-Android-10-Octa-Core-com-Caneta-e-Capa.jpg",600,600,false],"thumbnail":["https:\/\/promocaododia.com.br\/site\/wp-content\/uploads\/2022\/10\/Tablet-Samsung-Galaxy-Tab-S6-Lite-104-4G-Wi-Fi-64GB-Android-10-Octa-Core-com-Caneta-e-Capa-150x150.jpg",150,150,true],"medium":["https:\/\/promocaododia.com.br\/site\/wp-content\/uploads\/2022\/10\/Tablet-Samsung-Galaxy-Tab-S6-Lite-104-4G-Wi-Fi-64GB-Android-10-Octa-Core-com-Caneta-e-Capa-300x300.jpg",300,300,true],"medium_large":["https:\/\/promocaododia.com.br\/site\/wp-content\/uploads\/2022\/10\/Tablet-Samsung-Galaxy-Tab-S6-Lite-104-4G-Wi-Fi-64GB-Android-10-Octa-Core-com-Caneta-e-Capa.jpg",600,600,false],"large":["https:\/\/promocaododia.com.br\/site\/wp-content\/uploads\/2022\/10\/Tablet-Samsung-Galaxy-Tab-S6-Lite-104-4G-Wi-Fi-64GB-Android-10-Octa-Core-com-Caneta-e-Capa.jpg",600,600,false],"1536x1536":["https:\/\/promocaododia.com.br\/site\/wp-content\/uploads\/2022\/10\/Tablet-Samsung-Galaxy-Tab-S6-Lite-104-4G-Wi-Fi-64GB-Android-10-Octa-Core-com-Caneta-e-Capa.jpg",600,600,false],"2048x2048":["https:\/\/promocaododia.com.br\/site\/wp-content\/uploads\/2022\/10\/Tablet-Samsung-Galaxy-Tab-S6-Lite-104-4G-Wi-Fi-64GB-Android-10-Octa-Core-com-Caneta-e-Capa.jpg",600,600,false],"woocommerce_thumbnail":["https:\/\/promocaododia.com.br\/site\/wp-content\/uploads\/2022\/10\/Tablet-Samsung-Galaxy-Tab-S6-Lite-104-4G-Wi-Fi-64GB-Android-10-Octa-Core-com-Caneta-e-Capa-250x250.jpg",250,250,true],"woocommerce_single":["https:\/\/promocaododia.com.br\/site\/wp-content\/uploads\/2022\/10\/Tablet-Samsung-Galaxy-Tab-S6-Lite-104-4G-Wi-Fi-64GB-Android-10-Octa-Core-com-Caneta-e-Capa-250x250.jpg",250,250,true],"woocommerce_gallery_thumbnail":["https:\/\/promocaododia.com.br\/site\/wp-content\/uploads\/2022\/10\/Tablet-Samsung-Galaxy-Tab-S6-Lite-104-4G-Wi-Fi-64GB-Android-10-Octa-Core-com-Caneta-e-Capa-100x100.jpg",100,100,true]},"uagb_author_info":{"display_name":"danilo.gbr","author_link":"https:\/\/promocaododia.com.br\/site\/author\/"},"uagb_comment_info":0,"uagb_excerpt":"Tenha criatividade sem limites com este produto da Samsung. O Galaxy Tab S6 Lite \u00e9 um tablet que o ajuda a se preparar para todos os desafios que a vida tem para lhe oferecer. Desfrute de uma imagem impressionante em sua tela de 10,4&#8243;, sendo ideal para voc\u00ea mergulhar nos seus conte\u00fados favoritos. Com um&hellip;","_links":{"self":[{"href":"https:\/\/promocaododia.com.br\/site\/wp-json\/wp\/v2\/product\/872","targetHints":{"allow":["GET"]}}],"collection":[{"href":"https:\/\/promocaododia.com.br\/site\/wp-json\/wp\/v2\/product"}],"about":[{"href":"https:\/\/promocaododia.com.br\/site\/wp-json\/wp\/v2\/types\/product"}],"wp:featuredmedia":[{"embeddable":true,"href":"https:\/\/promocaododia.com.br\/site\/wp-json\/wp\/v2\/media\/873"}],"wp:attachment":[{"href":"https:\/\/promocaododia.com.br\/site\/wp-json\/wp\/v2\/media?parent=872"}],"wp:term":[{"taxonomy":"product_brand","embeddable":true,"href":"https:\/\/promocaododia.com.br\/site\/wp-json\/wp\/v2\/product_brand?post=872"},{"taxonomy":"product_cat","embeddable":true,"href":"https:\/\/promocaododia.com.br\/site\/wp-json\/wp\/v2\/product_cat?post=872"},{"taxonomy":"product_tag","embeddable":true,"href":"https:\/\/promocaododia.com.br\/site\/wp-json\/wp\/v2\/product_tag?post=872"}],"curies":[{"name":"wp","href":"https:\/\/api.w.org\/{rel}","templated":true}]}}