{"id":877,"date":"2022-10-31T08:22:27","date_gmt":"2022-10-31T11:22:27","guid":{"rendered":"https:\/\/promocaododia.com.br\/site\/?post_type=product&#038;p=877"},"modified":"2022-10-31T08:28:22","modified_gmt":"2022-10-31T11:28:22","slug":"impressora-multifuncional-brother-dcp-t420w-jato-de-tinta","status":"publish","type":"product","link":"https:\/\/promocaododia.com.br\/site\/produto\/impressora-multifuncional-brother-dcp-t420w-jato-de-tinta\/","title":{"rendered":"Impressora Multifuncional Brother Dcp-t420w Jato De Tinta"},"content":{"rendered":"<p>Impressora Multifuncional Brother Dcp-t420w Jato De Tinta Caracter\u00edsticas Principais Velocidade De Impress\u00e3o De At\u00e9 28ppm Em Preto E 11ppm Em Cores Copie Facilmente Os Dois Lados De Um Documento De Identidade Em Uma \u00danica P\u00e1gina. Impress\u00e3o F\u00e1cil De Fotos E Documentos Em V\u00e1rios Tipos E Tamanhos De Papel. Conectividade Sem Fio, E Impress\u00e3o E Digitaliza\u00e7\u00e3o M\u00f3vel Para Funcionar Com Computadores, Laptops, Smartphones Ou Tablets. Conectividade E Compatibilidade Compatibilidade Com Dispositivos M\u00f3veis: Wireless Direct, Brother Iprint&amp;scan, Mopria Interface(s) Padr\u00e3o: Wireless 802.11 B\/g\/n, Hi-speed Usb 2.0 C\u00f3pia Capacidade De C\u00f3pia: Monocrom\u00e1tica, Colorida Resolu\u00e7\u00e3o De C\u00f3pia: 1200 X 600 Dpi Estilo De Desenhos: Flatbed (vidro De Exposi\u00e7\u00e3o) C\u00f3pia De Documentos De Identidade: Sim Velocidade M\u00e1xima De C\u00f3pia Em Preto (a4\/carta) Em Base Iso (ipm): 8 Velocidade M\u00e1xima De C\u00f3pia Em Cores (a4\/carta) Em Base Iso (ipm): 3 Fun\u00e7\u00f5es N Em 1: 2em1 \/ 4em1 Fun\u00e7\u00e3o P\u00f4ster: Sim Redu\u00e7\u00e3o\/amplia\u00e7\u00e3o: 25%-400% C\u00f3pia Aut\u00f4noma: Sim Tratamento De Docmentos Capacidade M\u00e1xima De Papel: 150 Tratamento De Papel Capacidade De Alimenta\u00e7\u00e3o Manual (p\u00e1g.): 1 Tipo De M\u00eddia: Comum, Papel Fotogr\u00e1fico, Papel Inkjet, Papel Reciclado Capacidade De Bandeja Multiuso: 1 Capacidade De Sa\u00edda De Papel (p\u00e1gs.): 50 Tamanho De Papel &#8211; Bandeja Multiuso: Carta, Of\u00edcio, Executivo, A4, A5, A6, Cart\u00e3o De \u00cdndice (13 X 20 Cm), Envelope (com-10), Envelope (c5), Envelope (dl), Envelope (monarch), Foto (9 X 13 Cm), Foto (10 X 15 Cm), Foto (13 X 18 Cm) Tamanho De Papel &#8211; Bandeja De Papel: Carta, Of\u00edcio, Executivo, A4, A5, A6, Cart\u00e3o De \u00cdndice (13 X 20 Cm), Envelope (com-10), Envelope (c5), Envelope (dl), Envelope (monarch), Foto (10 X 15 Cm), Foto 2l (13 X 18 Cm) Gramatura Da Folha &#8211; Bandeja Multiuso (m\u00edn.\/m\u00e1x.): 64-300 G\/m Gramatura Da Folha &#8211; Bandeja De Papel (m\u00edn.\/m\u00e1x.): 64-220 G\/m Capacidade Padr\u00e3o De Entrada De Papel (p\u00e1gs.): 150 Energia Desligamento Autom\u00e1tico: Sim Voltagem: Ca 110-127v, 50\/60hz Impress\u00e3o Velocidade De Impress\u00e3o Em Preto A4 (max. Ppm): 28 Velocidade M\u00e1xima De Impress\u00e3o Em Preto (a4\/carta) Em Base Iso (ipm): 16 Velocidade De Impress\u00e3o Em Preto Carta (max. Ppm): 28 Impress\u00e3o Sem Margens: Sim Velocidade De Impress\u00e3o Em Cores A4 (max. Ppm): 11 Velocidade M\u00e1xima De Impress\u00e3o Em Cores (a4\/carta) Em Base Iso (ipm): 9 Velocidade De Impress\u00e3o Em Cores Carta (max. Ppm): 11 Tipo De Consum\u00edvel: Jato De Tinta Com Tanque Velocidade Da Cpu (mhz): 576 Fun\u00e7\u00e3o Email Print: Sim Resolu\u00e7\u00e3o De Impress\u00e3o: 6000 X 1200 Dpi Tecnologia De Impress\u00e3o: Jato De Tinta Compatibilidade Com O Driver De Impressora: Windows, Mac Os Scan Resolu\u00e7\u00e3o De Varredura Interpolada (max. Dpi) : 19200 X 19200 Dpi Resolu\u00e7\u00e3o De Digitaliza\u00e7\u00e3o \u00d3ptica (dpi M\u00e1x.): 2.400 X 1.200 Dpi (flatbed) Recurso &#8220;digitalizar Para&#8221;: Email, Imagem, Ocr, Arquivo Caracter\u00edsticas De Pesquisa Tecnologia De Impress\u00e3o: Jato De Tinta Conte\u00fado Da Caixa Brother Dcp-t420w, 1 Refil De Tinta Preta Btd60bk De Alto Rendimento , 1 Conjunto De Refis De Tinta Ciano (1), Magenta (1) E Amarelo (1) De Rendimento Ultra-alto (bt5001c \/ M \/ Y) , Guia De Configura\u00e7\u00e3o R\u00e1pida, Guia De Seguran\u00e7a Do Produto, Cabo Usb Garantia 1 Ano<\/p>\n","protected":false},"excerpt":{"rendered":"<p>Impressora Multifuncional Brother Dcp-t420w Jato De Tinta Caracter\u00edsticas Principais Velocidade De Impress\u00e3o De At\u00e9 28ppm Em Preto E 11ppm Em Cores Copie Facilmente Os Dois Lados De Um Documento De Identidade Em Uma \u00danica P\u00e1gina. Impress\u00e3o F\u00e1cil De Fotos E Documentos Em V\u00e1rios Tipos E Tamanhos De Papel. Conectividade Sem Fio, E Impress\u00e3o E Digitaliza\u00e7\u00e3o M\u00f3vel Para Funcionar Com Computadores, Laptops, Smartphones Ou Tablets. Conectividade E Compatibilidade Compatibilidade Com Dispositivos M\u00f3veis: Wireless Direct, Brother Iprint&amp;scan, Mopria Interface(s) Padr\u00e3o: Wireless 802.11 B\/g\/n, Hi-speed Usb 2.0 C\u00f3pia Capacidade De C\u00f3pia: Monocrom\u00e1tica, Colorida Resolu\u00e7\u00e3o De C\u00f3pia: 1200 X 600 Dpi Estilo De Desenhos: Flatbed (vidro De Exposi\u00e7\u00e3o) C\u00f3pia De Documentos De Identidade: Sim Velocidade M\u00e1xima De C\u00f3pia Em Preto (a4\/carta) Em Base Iso (ipm): 8 Velocidade M\u00e1xima De C\u00f3pia Em Cores (a4\/carta) Em Base Iso (ipm): 3 Fun\u00e7\u00f5es N Em 1: 2em1 \/ 4em1 Fun\u00e7\u00e3o P\u00f4ster: Sim Redu\u00e7\u00e3o\/amplia\u00e7\u00e3o: 25%-400% C\u00f3pia Aut\u00f4noma: Sim Tratamento De Docmentos Capacidade M\u00e1xima De Papel: 150 Tratamento De Papel Capacidade De Alimenta\u00e7\u00e3o Manual (p\u00e1g.): 1 Tipo De M\u00eddia: Comum, Papel Fotogr\u00e1fico, Papel Inkjet, Papel Reciclado Capacidade De Bandeja Multiuso: 1 Capacidade De Sa\u00edda De Papel (p\u00e1gs.): 50 Tamanho De Papel &#8211; Bandeja Multiuso: Carta, Of\u00edcio, Executivo, A4, A5, A6, Cart\u00e3o De \u00cdndice (13 X 20 Cm), Envelope (com-10), Envelope (c5), Envelope (dl), Envelope (monarch), Foto (9 X 13 Cm), Foto (10 X 15 Cm), Foto (13 X 18 Cm) Tamanho De Papel &#8211; Bandeja De Papel: Carta, Of\u00edcio, Executivo, A4, A5, A6, Cart\u00e3o De \u00cdndice (13 X 20 Cm), Envelope (com-10), Envelope (c5), Envelope (dl), Envelope (monarch), Foto (10 X 15 Cm), Foto 2l (13 X 18 Cm) Gramatura Da Folha &#8211; Bandeja Multiuso (m\u00edn.\/m\u00e1x.): 64-300 G\/m Gramatura Da Folha &#8211; Bandeja De Papel (m\u00edn.\/m\u00e1x.): 64-220 G\/m Capacidade Padr\u00e3o De Entrada De Papel (p\u00e1gs.): 150 Energia Desligamento Autom\u00e1tico: Sim Voltagem: Ca 110-127v, 50\/60hz Impress\u00e3o Velocidade De Impress\u00e3o Em Preto A4 (max. Ppm): 28 Velocidade M\u00e1xima De Impress\u00e3o Em Preto (a4\/carta) Em Base Iso (ipm): 16 Velocidade De Impress\u00e3o Em Preto Carta (max. Ppm): 28 Impress\u00e3o Sem Margens: Sim Velocidade De Impress\u00e3o Em Cores A4 (max. Ppm): 11 Velocidade M\u00e1xima De Impress\u00e3o Em Cores (a4\/carta) Em Base Iso (ipm): 9 Velocidade De Impress\u00e3o Em Cores Carta (max. Ppm): 11 Tipo De Consum\u00edvel: Jato De Tinta Com Tanque Velocidade Da Cpu (mhz): 576 Fun\u00e7\u00e3o Email Print: Sim Resolu\u00e7\u00e3o De Impress\u00e3o: 6000 X 1200 Dpi Tecnologia De Impress\u00e3o: Jato De Tinta Compatibilidade Com O Driver De Impressora: Windows, Mac Os Scan Resolu\u00e7\u00e3o De Varredura Interpolada (max. Dpi) : 19200 X 19200 Dpi Resolu\u00e7\u00e3o De Digitaliza\u00e7\u00e3o \u00d3ptica (dpi M\u00e1x.): 2.400 X 1.200 Dpi (flatbed) Recurso &#8220;digitalizar Para&#8221;: Email, Imagem, Ocr, Arquivo Caracter\u00edsticas De Pesquisa Tecnologia De Impress\u00e3o: Jato De Tinta Conte\u00fado Da Caixa Brother Dcp-t420w, 1 Refil De Tinta Preta Btd60bk De Alto Rendimento , 1 Conjunto De Refis De Tinta Ciano (1), Magenta (1) E Amarelo (1) De Rendimento Ultra-alto (bt5001c \/ M \/ Y) , Guia De Configura\u00e7\u00e3o R\u00e1pida, Guia De Seguran\u00e7a Do Produto, Cabo Usb Garantia 1 Ano<\/p>\n","protected":false},"featured_media":878,"template":"","meta":{"_uag_custom_page_level_css":"","site-sidebar-layout":"default","site-content-layout":"default","ast-site-content-layout":"default","site-content-style":"default","site-sidebar-style":"default","ast-global-header-display":"","ast-banner-title-visibility":"","ast-main-header-display":"","ast-hfb-above-header-display":"","ast-hfb-below-header-display":"","ast-hfb-mobile-header-display":"","site-post-title":"","ast-breadcrumbs-content":"","ast-featured-img":"","footer-sml-layout":"","theme-transparent-header-meta":"default","adv-header-id-meta":"","stick-header-meta":"","header-above-stick-meta":"","header-main-stick-meta":"","header-below-stick-meta":"","astra-migrate-meta-layouts":"default","ast-page-background-enabled":"default","ast-page-background-meta":{"desktop":{"background-color":"","background-image":"","background-repeat":"repeat","background-position":"center center","background-size":"auto","background-attachment":"scroll","background-type":"","background-media":"","overlay-type":"","overlay-color":"","overlay-opacity":"","overlay-gradient":""},"tablet":{"background-color":"","background-image":"","background-repeat":"repeat","background-position":"center center","background-size":"auto","background-attachment":"scroll","background-type":"","background-media":"","overlay-type":"","overlay-color":"","overlay-opacity":"","overlay-gradient":""},"mobile":{"background-color":"","background-image":"","background-repeat":"repeat","background-position":"center center","background-size":"auto","background-attachment":"scroll","background-type":"","background-media":"","overlay-type":"","overlay-color":"","overlay-opacity":"","overlay-gradient":""}},"ast-content-background-meta":{"desktop":{"background-color":"var(--ast-global-color-5)","background-image":"","background-repeat":"repeat","background-position":"center center","background-size":"auto","background-attachment":"scroll","background-type":"","background-media":"","overlay-type":"","overlay-color":"","overlay-opacity":"","overlay-gradient":""},"tablet":{"background-color":"var(--ast-global-color-5)","background-image":"","background-repeat":"repeat","background-position":"center center","background-size":"auto","background-attachment":"scroll","background-type":"","background-media":"","overlay-type":"","overlay-color":"","overlay-opacity":"","overlay-gradient":""},"mobile":{"background-color":"var(--ast-global-color-5)","background-image":"","background-repeat":"repeat","background-position":"center center","background-size":"auto","background-attachment":"scroll","background-type":"","background-media":"","overlay-type":"","overlay-color":"","overlay-opacity":"","overlay-gradient":""}}},"product_brand":[],"product_cat":[186,75],"product_tag":[381,189,187,382,194],"class_list":{"0":"post-877","1":"product","2":"type-product","3":"status-publish","4":"has-post-thumbnail","6":"product_cat-impressoras","7":"product_cat-informatica-e-acessorios","8":"product_tag-brother","9":"product_tag-ecotank","10":"product_tag-impressora","11":"product_tag-jato-de-tinta","12":"product_tag-multifuncional","13":"desktop-align-center","14":"tablet-align-left","15":"mobile-align-center","17":"first","18":"instock","19":"shipping-taxable","20":"product-type-external"},"uagb_featured_image_src":{"full":["https:\/\/promocaododia.com.br\/site\/wp-content\/uploads\/2022\/10\/Impressora-Multifuncional-Brother-Dcp-t420w-Jato-De-Tinta.jpg",600,600,false],"thumbnail":["https:\/\/promocaododia.com.br\/site\/wp-content\/uploads\/2022\/10\/Impressora-Multifuncional-Brother-Dcp-t420w-Jato-De-Tinta-150x150.jpg",150,150,true],"medium":["https:\/\/promocaododia.com.br\/site\/wp-content\/uploads\/2022\/10\/Impressora-Multifuncional-Brother-Dcp-t420w-Jato-De-Tinta-300x300.jpg",300,300,true],"medium_large":["https:\/\/promocaododia.com.br\/site\/wp-content\/uploads\/2022\/10\/Impressora-Multifuncional-Brother-Dcp-t420w-Jato-De-Tinta.jpg",600,600,false],"large":["https:\/\/promocaododia.com.br\/site\/wp-content\/uploads\/2022\/10\/Impressora-Multifuncional-Brother-Dcp-t420w-Jato-De-Tinta.jpg",600,600,false],"1536x1536":["https:\/\/promocaododia.com.br\/site\/wp-content\/uploads\/2022\/10\/Impressora-Multifuncional-Brother-Dcp-t420w-Jato-De-Tinta.jpg",600,600,false],"2048x2048":["https:\/\/promocaododia.com.br\/site\/wp-content\/uploads\/2022\/10\/Impressora-Multifuncional-Brother-Dcp-t420w-Jato-De-Tinta.jpg",600,600,false],"woocommerce_thumbnail":["https:\/\/promocaododia.com.br\/site\/wp-content\/uploads\/2022\/10\/Impressora-Multifuncional-Brother-Dcp-t420w-Jato-De-Tinta-250x250.jpg",250,250,true],"woocommerce_single":["https:\/\/promocaododia.com.br\/site\/wp-content\/uploads\/2022\/10\/Impressora-Multifuncional-Brother-Dcp-t420w-Jato-De-Tinta-250x250.jpg",250,250,true],"woocommerce_gallery_thumbnail":["https:\/\/promocaododia.com.br\/site\/wp-content\/uploads\/2022\/10\/Impressora-Multifuncional-Brother-Dcp-t420w-Jato-De-Tinta-100x100.jpg",100,100,true]},"uagb_author_info":{"display_name":"danilo.gbr","author_link":"https:\/\/promocaododia.com.br\/site\/author\/"},"uagb_comment_info":0,"uagb_excerpt":"Impressora Multifuncional Brother Dcp-t420w Jato De Tinta Caracter\u00edsticas Principais Velocidade De Impress\u00e3o De At\u00e9 28ppm Em Preto E 11ppm Em Cores Copie Facilmente Os Dois Lados De Um Documento De Identidade Em Uma \u00danica P\u00e1gina. Impress\u00e3o F\u00e1cil De Fotos E Documentos Em V\u00e1rios Tipos E Tamanhos De Papel. Conectividade Sem Fio, E Impress\u00e3o E Digitaliza\u00e7\u00e3o&hellip;","_links":{"self":[{"href":"https:\/\/promocaododia.com.br\/site\/wp-json\/wp\/v2\/product\/877","targetHints":{"allow":["GET"]}}],"collection":[{"href":"https:\/\/promocaododia.com.br\/site\/wp-json\/wp\/v2\/product"}],"about":[{"href":"https:\/\/promocaododia.com.br\/site\/wp-json\/wp\/v2\/types\/product"}],"wp:featuredmedia":[{"embeddable":true,"href":"https:\/\/promocaododia.com.br\/site\/wp-json\/wp\/v2\/media\/878"}],"wp:attachment":[{"href":"https:\/\/promocaododia.com.br\/site\/wp-json\/wp\/v2\/media?parent=877"}],"wp:term":[{"taxonomy":"product_brand","embeddable":true,"href":"https:\/\/promocaododia.com.br\/site\/wp-json\/wp\/v2\/product_brand?post=877"},{"taxonomy":"product_cat","embeddable":true,"href":"https:\/\/promocaododia.com.br\/site\/wp-json\/wp\/v2\/product_cat?post=877"},{"taxonomy":"product_tag","embeddable":true,"href":"https:\/\/promocaododia.com.br\/site\/wp-json\/wp\/v2\/product_tag?post=877"}],"curies":[{"name":"wp","href":"https:\/\/api.w.org\/{rel}","templated":true}]}}