{"id":88,"date":"2021-06-07T10:19:35","date_gmt":"2021-06-07T13:19:35","guid":{"rendered":"https:\/\/promocaododia.com.br\/site\/?post_type=product&#038;p=88"},"modified":"2021-06-07T10:19:35","modified_gmt":"2021-06-07T13:19:35","slug":"philips-hue-go-white-and-color-luminaria-led-de-mesa-inteligente-e-portatil-bluetooth-zigbee-funciona-com-alexa","status":"publish","type":"product","link":"https:\/\/promocaododia.com.br\/site\/produto\/philips-hue-go-white-and-color-luminaria-led-de-mesa-inteligente-e-portatil-bluetooth-zigbee-funciona-com-alexa\/","title":{"rendered":"Philips Hue Go White and Color Lumin\u00e1ria LED de Mesa Inteligente e Port\u00e1til (Bluetooth &#038; Zigbee), funciona com Alexa"},"content":{"rendered":"<p>Postado 07\/06\/2021<\/p>\n<div class=\"product\">\n<div class=\"ptabs\">\n<div class=\"product-factsheet \" data-factsheet-id=\"225605700\">\n<div class=\"tab-content\">\n<div id=\"tab-descricao225605700\" class=\"tab-pane active\">\n<ul class=\"a-unordered-list a-vertical a-spacing-mini\">\n<li><span class=\"a-list-item\">Ilumina\u00e7\u00e3o inteligente port\u00e1til &#8211; com sua bateria recarreg\u00e1vel integrada, leve sua luz inteligente aonde quer que voc\u00ea v\u00e1. Use a Hue Go como pe\u00e7a central para um jantar rom\u00e2ntico ou leve ao ar livre para criar o ambiente de festa perfeito. Desfrute de 2,5 horas de ilumina\u00e7\u00e3o inteligente brilhante e at\u00e9 18 horas usando o efeito de luz &#8216;vela aconchegante&#8217;<\/span><\/li>\n<li><span class=\"a-list-item\">O que \u00e9 necess\u00e1rio para instala\u00e7\u00e3o? &#8211; Nada! Este produto funciona imediatamente com o aplicativo gratuito \u2018Philips Hue Bluetooth\u2019. Simplesmente instale sua nova Hue Go e conecte-se ao aplicativo Bluetooth para controlar a ilumina\u00e7\u00e3o inteligente no ambiente.<\/span><\/li>\n<li><span class=\"a-list-item\">Brinque com cores &#8211; Escolha entre 16 milh\u00f5es de cores, incluindo luz branca quente a fria para criar um ambiente que se adapta a qualquer estado de esp\u00edrito. Brinque com as cores para criar o ambiente perfeito para noites de cinema, festas, hist\u00f3rias para dormir ou apenas para sentar e relaxar.<\/span><\/li>\n<li><span class=\"a-list-item\">Controle sua ilumina\u00e7\u00e3o a partir do Hue Go &#8211; Pressione o bot\u00e3o na parte de tr\u00e1s dessa lumin\u00e1ria port\u00e1til inteligente para escolher entre sete efeitos de luz diferentes &#8211; Luz do dia energizante e relaxante, luz quente relaxante e os cinco efeitos de luz din\u00e2micos, ou toque e segure o bot\u00e3o para alternar rapidamente entre as cores.<\/span><\/li>\n<li><span class=\"a-list-item\">Controle as luzes com sua voz &#8211; Funciona com todos os speackers\/displays inteligentes Echo e dispositivos Google Nest para controle de voz (Philips Hue Bridge &#8211; vendida separadamente &#8211; \u00e9 necess\u00e1rio para Echo 1\u00aa gera\u00e7\u00e3o e Echo Dot 1\u00aa gera\u00e7\u00e3o).<\/span><\/li>\n<\/ul>\n<\/div>\n<\/div>\n<\/div>\n<\/div>\n<\/div>\n<p>A equipe Promo\u00e7\u00f5es do dia divulga produtos de nossos parceiros, sendo a venda e p\u00f3s venda de responsabilidade dos mesmos.<\/p>\n<p>Os valores anunciados obtidos\u00a0 no momento da publica\u00e7\u00e3o.<\/p>\n","protected":false},"excerpt":{"rendered":"<p>Postado 07\/06\/2021 Ilumina\u00e7\u00e3o inteligente port\u00e1til &#8211; com sua bateria recarreg\u00e1vel integrada, leve sua luz inteligente aonde quer que voc\u00ea v\u00e1. Use a Hue Go como pe\u00e7a central para um jantar rom\u00e2ntico ou leve ao ar livre para criar o ambiente de festa perfeito. Desfrute de 2,5 horas de ilumina\u00e7\u00e3o inteligente brilhante e at\u00e9 18 horas usando o efeito de luz &#8216;vela aconchegante&#8217; O que \u00e9 necess\u00e1rio para instala\u00e7\u00e3o? &#8211; Nada! Este produto funciona imediatamente com o aplicativo gratuito \u2018Philips Hue Bluetooth\u2019. Simplesmente instale sua nova Hue Go e conecte-se ao aplicativo Bluetooth para controlar a ilumina\u00e7\u00e3o inteligente no ambiente. Brinque com cores &#8211; Escolha entre 16 milh\u00f5es de cores, incluindo luz branca quente a fria para criar um ambiente que se adapta a qualquer estado de esp\u00edrito. Brinque com as cores para criar o ambiente perfeito para noites de cinema, festas, hist\u00f3rias para dormir ou apenas para sentar e relaxar. Controle sua ilumina\u00e7\u00e3o a partir do Hue Go &#8211; Pressione o bot\u00e3o na parte de tr\u00e1s dessa lumin\u00e1ria port\u00e1til inteligente para escolher entre sete efeitos de luz diferentes &#8211; Luz do dia energizante e relaxante, luz quente relaxante e os cinco efeitos de luz din\u00e2micos, ou toque e segure o bot\u00e3o para alternar rapidamente entre as cores. Controle as luzes com sua voz &#8211; Funciona com todos os speackers\/displays inteligentes Echo e dispositivos Google Nest para controle de voz (Philips Hue Bridge &#8211; vendida separadamente &#8211; \u00e9 necess\u00e1rio para Echo 1\u00aa gera\u00e7\u00e3o e Echo Dot 1\u00aa gera\u00e7\u00e3o). A equipe Promo\u00e7\u00f5es do dia divulga produtos de nossos parceiros, sendo a venda e p\u00f3s venda de responsabilidade dos mesmos. Os valores anunciados obtidos\u00a0 no momento da publica\u00e7\u00e3o.<\/p>\n","protected":false},"featured_media":89,"template":"","meta":{"_uag_custom_page_level_css":"","site-sidebar-layout":"default","site-content-layout":"","ast-site-content-layout":"default","site-content-style":"default","site-sidebar-style":"default","ast-global-header-display":"","ast-banner-title-visibility":"","ast-main-header-display":"","ast-hfb-above-header-display":"","ast-hfb-below-header-display":"","ast-hfb-mobile-header-display":"","site-post-title":"","ast-breadcrumbs-content":"","ast-featured-img":"","footer-sml-layout":"","theme-transparent-header-meta":"","adv-header-id-meta":"","stick-header-meta":"","header-above-stick-meta":"","header-main-stick-meta":"","header-below-stick-meta":"","astra-migrate-meta-layouts":"default","ast-page-background-enabled":"default","ast-page-background-meta":{"desktop":{"background-color":"","background-image":"","background-repeat":"repeat","background-position":"center center","background-size":"auto","background-attachment":"scroll","background-type":"","background-media":"","overlay-type":"","overlay-color":"","overlay-opacity":"","overlay-gradient":""},"tablet":{"background-color":"","background-image":"","background-repeat":"repeat","background-position":"center center","background-size":"auto","background-attachment":"scroll","background-type":"","background-media":"","overlay-type":"","overlay-color":"","overlay-opacity":"","overlay-gradient":""},"mobile":{"background-color":"","background-image":"","background-repeat":"repeat","background-position":"center center","background-size":"auto","background-attachment":"scroll","background-type":"","background-media":"","overlay-type":"","overlay-color":"","overlay-opacity":"","overlay-gradient":""}},"ast-content-background-meta":{"desktop":{"background-color":"var(--ast-global-color-5)","background-image":"","background-repeat":"repeat","background-position":"center center","background-size":"auto","background-attachment":"scroll","background-type":"","background-media":"","overlay-type":"","overlay-color":"","overlay-opacity":"","overlay-gradient":""},"tablet":{"background-color":"var(--ast-global-color-5)","background-image":"","background-repeat":"repeat","background-position":"center center","background-size":"auto","background-attachment":"scroll","background-type":"","background-media":"","overlay-type":"","overlay-color":"","overlay-opacity":"","overlay-gradient":""},"mobile":{"background-color":"var(--ast-global-color-5)","background-image":"","background-repeat":"repeat","background-position":"center center","background-size":"auto","background-attachment":"scroll","background-type":"","background-media":"","overlay-type":"","overlay-color":"","overlay-opacity":"","overlay-gradient":""}}},"product_brand":[],"product_cat":[26,27],"product_tag":[],"class_list":{"0":"post-88","1":"product","2":"type-product","3":"status-publish","4":"has-post-thumbnail","6":"product_cat-casa-inteligente","7":"product_cat-iluminacao","8":"desktop-align-center","9":"tablet-align-left","10":"mobile-align-center","12":"first","13":"instock","14":"sale","15":"shipping-taxable","16":"product-type-external"},"uagb_featured_image_src":{"full":["https:\/\/promocaododia.com.br\/site\/wp-content\/uploads\/2021\/06\/luminaria.png",250,250,false],"thumbnail":["https:\/\/promocaododia.com.br\/site\/wp-content\/uploads\/2021\/06\/luminaria-150x150.png",150,150,true],"medium":["https:\/\/promocaododia.com.br\/site\/wp-content\/uploads\/2021\/06\/luminaria.png",250,250,false],"medium_large":["https:\/\/promocaododia.com.br\/site\/wp-content\/uploads\/2021\/06\/luminaria.png",250,250,false],"large":["https:\/\/promocaododia.com.br\/site\/wp-content\/uploads\/2021\/06\/luminaria.png",250,250,false],"1536x1536":["https:\/\/promocaododia.com.br\/site\/wp-content\/uploads\/2021\/06\/luminaria.png",250,250,false],"2048x2048":["https:\/\/promocaododia.com.br\/site\/wp-content\/uploads\/2021\/06\/luminaria.png",250,250,false],"woocommerce_thumbnail":["https:\/\/promocaododia.com.br\/site\/wp-content\/uploads\/2021\/06\/luminaria-250x250.png",250,250,true],"woocommerce_single":["https:\/\/promocaododia.com.br\/site\/wp-content\/uploads\/2021\/06\/luminaria.png",250,250,false],"woocommerce_gallery_thumbnail":["https:\/\/promocaododia.com.br\/site\/wp-content\/uploads\/2021\/06\/luminaria-100x100.png",100,100,true]},"uagb_author_info":{"display_name":"danilo.gbr","author_link":"https:\/\/promocaododia.com.br\/site\/author\/"},"uagb_comment_info":0,"uagb_excerpt":"Postado 07\/06\/2021 Ilumina\u00e7\u00e3o inteligente port\u00e1til &#8211; com sua bateria recarreg\u00e1vel integrada, leve sua luz inteligente aonde quer que voc\u00ea v\u00e1. Use a Hue Go como pe\u00e7a central para um jantar rom\u00e2ntico ou leve ao ar livre para criar o ambiente de festa perfeito. Desfrute de 2,5 horas de ilumina\u00e7\u00e3o inteligente brilhante e at\u00e9 18 horas&hellip;","_links":{"self":[{"href":"https:\/\/promocaododia.com.br\/site\/wp-json\/wp\/v2\/product\/88","targetHints":{"allow":["GET"]}}],"collection":[{"href":"https:\/\/promocaododia.com.br\/site\/wp-json\/wp\/v2\/product"}],"about":[{"href":"https:\/\/promocaododia.com.br\/site\/wp-json\/wp\/v2\/types\/product"}],"wp:featuredmedia":[{"embeddable":true,"href":"https:\/\/promocaododia.com.br\/site\/wp-json\/wp\/v2\/media\/89"}],"wp:attachment":[{"href":"https:\/\/promocaododia.com.br\/site\/wp-json\/wp\/v2\/media?parent=88"}],"wp:term":[{"taxonomy":"product_brand","embeddable":true,"href":"https:\/\/promocaododia.com.br\/site\/wp-json\/wp\/v2\/product_brand?post=88"},{"taxonomy":"product_cat","embeddable":true,"href":"https:\/\/promocaododia.com.br\/site\/wp-json\/wp\/v2\/product_cat?post=88"},{"taxonomy":"product_tag","embeddable":true,"href":"https:\/\/promocaododia.com.br\/site\/wp-json\/wp\/v2\/product_tag?post=88"}],"curies":[{"name":"wp","href":"https:\/\/api.w.org\/{rel}","templated":true}]}}