{"id":881,"date":"2022-10-31T19:59:40","date_gmt":"2022-10-31T22:59:40","guid":{"rendered":"https:\/\/promocaododia.com.br\/site\/?post_type=product&#038;p=881"},"modified":"2022-10-31T19:59:40","modified_gmt":"2022-10-31T22:59:40","slug":"bicicleta-aro-26-dropp-sport-aco-freio-v-brake-18-marchas","status":"publish","type":"product","link":"https:\/\/promocaododia.com.br\/site\/produto\/bicicleta-aro-26-dropp-sport-aco-freio-v-brake-18-marchas\/","title":{"rendered":"Bicicleta Aro 26 Dropp Sport A\u00e7o Freio V-brake &#8211; 18 Marchas"},"content":{"rendered":"<p>Um esporte que vem ganhando adeptos ao longo do tempo \u00e9 o ciclismo. No entanto, tamb\u00e9m n\u00e3o \u00e9 raro vermos pessoas ir para o trabalho de bicicleta. Seja para trabalhar, para esporte ou lazer, n\u00e3o importa como voc\u00ea a usa, fundamental \u00e9 escolher a bike certa e evitar problemas futuros. A bicicleta Dropp Sport aro 26 possui 18 marchas com trocadores Revoshift que facilitam as trocas para os iniciantes e chega com um novo quadro com design moderno. \u00c9 a Mountain Bike com quadro em a\u00e7o carbono que al\u00e9m de ter um \u00f3timo custo benef\u00edcio o quadro \u00e9 super resistente. Al\u00e9m disso, ela vem equipada com suspens\u00e3o Garfo R\u00edgido, aros de alum\u00ednio e fechando o conjunto, freios V-brake.<\/p>\n","protected":false},"excerpt":{"rendered":"<p>Um esporte que vem ganhando adeptos ao longo do tempo \u00e9 o ciclismo. No entanto, tamb\u00e9m n\u00e3o \u00e9 raro vermos pessoas ir para o trabalho de bicicleta. Seja para trabalhar, para esporte ou lazer, n\u00e3o importa como voc\u00ea a usa, fundamental \u00e9 escolher a bike certa e evitar problemas futuros. A bicicleta Dropp Sport aro 26 possui 18 marchas com trocadores Revoshift que facilitam as trocas para os iniciantes e chega com um novo quadro com design moderno. \u00c9 a Mountain Bike com quadro em a\u00e7o carbono que al\u00e9m de ter um \u00f3timo custo benef\u00edcio o quadro \u00e9 super resistente. Al\u00e9m disso, ela vem equipada com suspens\u00e3o Garfo R\u00edgido, aros de alum\u00ednio e fechando o conjunto, freios V-brake.<\/p>\n","protected":false},"featured_media":882,"template":"","meta":{"_uag_custom_page_level_css":"","site-sidebar-layout":"default","site-content-layout":"default","ast-site-content-layout":"default","site-content-style":"default","site-sidebar-style":"default","ast-global-header-display":"","ast-banner-title-visibility":"","ast-main-header-display":"","ast-hfb-above-header-display":"","ast-hfb-below-header-display":"","ast-hfb-mobile-header-display":"","site-post-title":"","ast-breadcrumbs-content":"","ast-featured-img":"","footer-sml-layout":"","theme-transparent-header-meta":"default","adv-header-id-meta":"","stick-header-meta":"","header-above-stick-meta":"","header-main-stick-meta":"","header-below-stick-meta":"","astra-migrate-meta-layouts":"default","ast-page-background-enabled":"default","ast-page-background-meta":{"desktop":{"background-color":"","background-image":"","background-repeat":"repeat","background-position":"center center","background-size":"auto","background-attachment":"scroll","background-type":"","background-media":"","overlay-type":"","overlay-color":"","overlay-opacity":"","overlay-gradient":""},"tablet":{"background-color":"","background-image":"","background-repeat":"repeat","background-position":"center center","background-size":"auto","background-attachment":"scroll","background-type":"","background-media":"","overlay-type":"","overlay-color":"","overlay-opacity":"","overlay-gradient":""},"mobile":{"background-color":"","background-image":"","background-repeat":"repeat","background-position":"center center","background-size":"auto","background-attachment":"scroll","background-type":"","background-media":"","overlay-type":"","overlay-color":"","overlay-opacity":"","overlay-gradient":""}},"ast-content-background-meta":{"desktop":{"background-color":"var(--ast-global-color-5)","background-image":"","background-repeat":"repeat","background-position":"center center","background-size":"auto","background-attachment":"scroll","background-type":"","background-media":"","overlay-type":"","overlay-color":"","overlay-opacity":"","overlay-gradient":""},"tablet":{"background-color":"var(--ast-global-color-5)","background-image":"","background-repeat":"repeat","background-position":"center center","background-size":"auto","background-attachment":"scroll","background-type":"","background-media":"","overlay-type":"","overlay-color":"","overlay-opacity":"","overlay-gradient":""},"mobile":{"background-color":"var(--ast-global-color-5)","background-image":"","background-repeat":"repeat","background-position":"center center","background-size":"auto","background-attachment":"scroll","background-type":"","background-media":"","overlay-type":"","overlay-color":"","overlay-opacity":"","overlay-gradient":""}}},"product_brand":[],"product_cat":[50,196,51],"product_tag":[385,384,197,386],"class_list":{"0":"post-881","1":"product","2":"type-product","3":"status-publish","4":"has-post-thumbnail","6":"product_cat-aventura-e-lazer","7":"product_cat-bicicletas","8":"product_cat-esporte-e-lazer","9":"product_tag-18-marchas","10":"product_tag-aro-26","11":"product_tag-bicicleta","12":"product_tag-dropp","13":"desktop-align-center","14":"tablet-align-left","15":"mobile-align-center","17":"first","18":"instock","19":"sale","20":"shipping-taxable","21":"product-type-external"},"uagb_featured_image_src":{"full":["https:\/\/promocaododia.com.br\/site\/wp-content\/uploads\/2022\/10\/Bicicleta-Aro-26-Dropp-Sport-Aco-Freio-V-brake-18-Marchas.jpg",600,600,false],"thumbnail":["https:\/\/promocaododia.com.br\/site\/wp-content\/uploads\/2022\/10\/Bicicleta-Aro-26-Dropp-Sport-Aco-Freio-V-brake-18-Marchas-150x150.jpg",150,150,true],"medium":["https:\/\/promocaododia.com.br\/site\/wp-content\/uploads\/2022\/10\/Bicicleta-Aro-26-Dropp-Sport-Aco-Freio-V-brake-18-Marchas-300x300.jpg",300,300,true],"medium_large":["https:\/\/promocaododia.com.br\/site\/wp-content\/uploads\/2022\/10\/Bicicleta-Aro-26-Dropp-Sport-Aco-Freio-V-brake-18-Marchas.jpg",600,600,false],"large":["https:\/\/promocaododia.com.br\/site\/wp-content\/uploads\/2022\/10\/Bicicleta-Aro-26-Dropp-Sport-Aco-Freio-V-brake-18-Marchas.jpg",600,600,false],"1536x1536":["https:\/\/promocaododia.com.br\/site\/wp-content\/uploads\/2022\/10\/Bicicleta-Aro-26-Dropp-Sport-Aco-Freio-V-brake-18-Marchas.jpg",600,600,false],"2048x2048":["https:\/\/promocaododia.com.br\/site\/wp-content\/uploads\/2022\/10\/Bicicleta-Aro-26-Dropp-Sport-Aco-Freio-V-brake-18-Marchas.jpg",600,600,false],"woocommerce_thumbnail":["https:\/\/promocaododia.com.br\/site\/wp-content\/uploads\/2022\/10\/Bicicleta-Aro-26-Dropp-Sport-Aco-Freio-V-brake-18-Marchas-250x250.jpg",250,250,true],"woocommerce_single":["https:\/\/promocaododia.com.br\/site\/wp-content\/uploads\/2022\/10\/Bicicleta-Aro-26-Dropp-Sport-Aco-Freio-V-brake-18-Marchas-250x250.jpg",250,250,true],"woocommerce_gallery_thumbnail":["https:\/\/promocaododia.com.br\/site\/wp-content\/uploads\/2022\/10\/Bicicleta-Aro-26-Dropp-Sport-Aco-Freio-V-brake-18-Marchas-100x100.jpg",100,100,true]},"uagb_author_info":{"display_name":"danilo.gbr","author_link":"https:\/\/promocaododia.com.br\/site\/author\/"},"uagb_comment_info":0,"uagb_excerpt":"Um esporte que vem ganhando adeptos ao longo do tempo \u00e9 o ciclismo. No entanto, tamb\u00e9m n\u00e3o \u00e9 raro vermos pessoas ir para o trabalho de bicicleta. Seja para trabalhar, para esporte ou lazer, n\u00e3o importa como voc\u00ea a usa, fundamental \u00e9 escolher a bike certa e evitar problemas futuros. A bicicleta Dropp Sport aro&hellip;","_links":{"self":[{"href":"https:\/\/promocaododia.com.br\/site\/wp-json\/wp\/v2\/product\/881","targetHints":{"allow":["GET"]}}],"collection":[{"href":"https:\/\/promocaododia.com.br\/site\/wp-json\/wp\/v2\/product"}],"about":[{"href":"https:\/\/promocaododia.com.br\/site\/wp-json\/wp\/v2\/types\/product"}],"wp:featuredmedia":[{"embeddable":true,"href":"https:\/\/promocaododia.com.br\/site\/wp-json\/wp\/v2\/media\/882"}],"wp:attachment":[{"href":"https:\/\/promocaododia.com.br\/site\/wp-json\/wp\/v2\/media?parent=881"}],"wp:term":[{"taxonomy":"product_brand","embeddable":true,"href":"https:\/\/promocaododia.com.br\/site\/wp-json\/wp\/v2\/product_brand?post=881"},{"taxonomy":"product_cat","embeddable":true,"href":"https:\/\/promocaododia.com.br\/site\/wp-json\/wp\/v2\/product_cat?post=881"},{"taxonomy":"product_tag","embeddable":true,"href":"https:\/\/promocaododia.com.br\/site\/wp-json\/wp\/v2\/product_tag?post=881"}],"curies":[{"name":"wp","href":"https:\/\/api.w.org\/{rel}","templated":true}]}}